{"id":665,"date":"2025-01-29T05:16:18","date_gmt":"2025-01-29T05:16:18","guid":{"rendered":"https:\/\/janusai.pro\/?page_id=665"},"modified":"2025-02-02T00:05:16","modified_gmt":"2025-02-02T00:05:16","slug":"flux-image-generator","status":"publish","type":"page","link":"https:\/\/janusai.pro\/cs\/flux-image-generator\/","title":{"rendered":"Gener\u00e1tor obr\u00e1zk\u016f Flux"},"content":{"rendered":"<p><\/p>\n\n\n<style>.kb-row-layout-id665_9af544-6e > .kt-row-column-wrap{align-content:start;}:where(.kb-row-layout-id665_9af544-6e > .kt-row-column-wrap) > .wp-block-kadence-column{justify-content:start;}.kb-row-layout-id665_9af544-6e > .kt-row-column-wrap{column-gap:var(--global-kb-gap-md, 2rem);row-gap:var(--global-kb-gap-md, 2rem);max-width:860px;margin-left:auto;margin-right:auto;padding-top:var(--global-kb-spacing-sm, 1.5rem);padding-bottom:var(--global-kb-spacing-sm, 1.5rem);grid-template-columns:minmax(0, 1fr);}.kb-row-layout-id665_9af544-6e > .kt-row-layout-overlay{opacity:0.30;}@media all and (max-width: 1024px){.kb-row-layout-id665_9af544-6e > .kt-row-column-wrap{grid-template-columns:minmax(0, 1fr);}}@media all and (max-width: 767px){.kb-row-layout-id665_9af544-6e > .kt-row-column-wrap{grid-template-columns:minmax(0, 1fr);}}<\/style><div class=\"kb-row-layout-wrap kb-row-layout-id665_9af544-6e alignnone wp-block-kadence-rowlayout\"><div class=\"kt-row-column-wrap kt-has-1-columns kt-row-layout-equal kt-tab-layout-inherit kt-mobile-layout-row kt-row-valign-top\">\n<style>.kadence-column665_e8d3e6-7b > .kt-inside-inner-col,.kadence-column665_e8d3e6-7b > .kt-inside-inner-col:before{border-top-left-radius:0px;border-top-right-radius:0px;border-bottom-right-radius:0px;border-bottom-left-radius:0px;}.kadence-column665_e8d3e6-7b > .kt-inside-inner-col{column-gap:var(--global-kb-gap-sm, 1rem);}.kadence-column665_e8d3e6-7b > .kt-inside-inner-col{flex-direction:column;}.kadence-column665_e8d3e6-7b > .kt-inside-inner-col > .aligncenter{width:100%;}.kadence-column665_e8d3e6-7b > .kt-inside-inner-col:before{opacity:0.3;}.kadence-column665_e8d3e6-7b{position:relative;}@media all and (max-width: 1024px){.kadence-column665_e8d3e6-7b > .kt-inside-inner-col{flex-direction:column;justify-content:center;}}@media all and (max-width: 767px){.kadence-column665_e8d3e6-7b > .kt-inside-inner-col{flex-direction:column;justify-content:center;}}<\/style>\n<div class=\"wp-block-kadence-column kadence-column665_e8d3e6-7b\"><div class=\"kt-inside-inner-col\">\n<p>Kvalita obrazu model\u016f Flux je lep\u0161\u00ed ne\u017e u Janus Pro, ale nem\u00e1 pochopen\u00ed pro multimodely.FLux Dev m\u016f\u017eete vyzkou\u0161et zde:<\/p>\n\n\n\n<iframe\n\tsrc=\"https:\/\/black-forest-labs-flux-1-dev.hf.space\"\n\tframeborder=\"0\"\n\twidth=\"850\"\n\theight=\"700\"\n><\/iframe>\n\n\n<style>.kadence-column665_8f213c-33 > .kt-inside-inner-col{display:flex;}.kadence-column665_8f213c-33 > .kt-inside-inner-col,.kadence-column665_8f213c-33 > .kt-inside-inner-col:before{border-top-left-radius:0px;border-top-right-radius:0px;border-bottom-right-radius:0px;border-bottom-left-radius:0px;}.kadence-column665_8f213c-33 > .kt-inside-inner-col{column-gap:var(--global-kb-gap-sm, 1rem);}.kadence-column665_8f213c-33 > .kt-inside-inner-col{flex-direction:column;align-items:center;}.kadence-column665_8f213c-33 > .kt-inside-inner-col > .kb-image-is-ratio-size{align-self:stretch;}.kadence-column665_8f213c-33 > .kt-inside-inner-col > .wp-block-kadence-advancedgallery{align-self:stretch;}.kadence-column665_8f213c-33 > .kt-inside-inner-col > .aligncenter{width:100%;}.kadence-column665_8f213c-33 > .kt-inside-inner-col:before{opacity:0.3;}.kadence-column665_8f213c-33{position:relative;}@media all and (max-width: 1024px){.kadence-column665_8f213c-33 > .kt-inside-inner-col{flex-direction:column;justify-content:center;align-items:center;}}@media all and (max-width: 767px){.kadence-column665_8f213c-33 > .kt-inside-inner-col{flex-direction:column;justify-content:center;align-items:center;}}<\/style>\n<div class=\"wp-block-kadence-column kadence-column665_8f213c-33\"><div class=\"kt-inside-inner-col\">\n<div class=\"wp-block-stackable-button-group stk-block-button-group stk-block stk-121459c\" data-block-id=\"121459c\"><style>.stk-121459c .stk-button-group{flex-direction:row !important;}.stk-121459c {border-top-left-radius:50px !important;border-top-right-radius:50px !important;border-bottom-right-radius:50px !important;border-bottom-left-radius:50px !important;overflow:hidden !important;}@media screen and (max-width: 1023px){.stk-121459c .stk-button-group{flex-direction:row !important;}}@media screen and (max-width: 767px){.stk-121459c .stk-button-group{flex-direction:row !important;}}<\/style><div class=\"stk-row stk-inner-blocks stk-block-content stk-button-group\">\n<div class=\"wp-block-stackable-button stk-block-button has-text-align-center stk-block stk-72efa7e\" data-block-id=\"72efa7e\"><a class=\"stk-link stk-button stk--hover-effect-darken\" href=\"https:\/\/vividhubs.ai\/ai-image-generator?utm_source=janusaiproflux\" target=\"_blank\" rel=\"noreferrer noopener\"><span class=\"stk--svg-wrapper\"><div class=\"stk--inner-svg\"><svg xmlns=\"http:\/\/www.w3.org\/2000\/svg\" viewbox=\"0 0 448 512\" aria-hidden=\"true\" width=\"32\" height=\"32\"><path d=\"M349.4 44.6c5.9-13.7 1.5-29.7-10.6-38.5s-28.6-8-39.9 1.8l-256 224c-10 8.8-13.6 22.9-8.9 35.3S50.7 288 64 288H175.5L98.6 467.4c-5.9 13.7-1.5 29.7 10.6 38.5s28.6 8 39.9-1.8l256-224c10-8.8 13.6-22.9 8.9-35.3s-16.6-20.7-30-20.7H272.5L349.4 44.6z\"><\/path><\/svg><\/div><\/span><span class=\"stk-button__inner-text\">Gener\u00e1tor obrazu Flux s pln\u00fdm v\u00fdkonem a FAST  <\/span><\/a><\/div>\n<\/div><\/div>\n<\/div><\/div>\n<\/div><\/div>\n\n\n<style>.kadence-column665_f8cb8d-67 > .kt-inside-inner-col,.kadence-column665_f8cb8d-67 > .kt-inside-inner-col:before{border-top-left-radius:0px;border-top-right-radius:0px;border-bottom-right-radius:0px;border-bottom-left-radius:0px;}.kadence-column665_f8cb8d-67 > .kt-inside-inner-col{column-gap:var(--global-kb-gap-sm, 1rem);}.kadence-column665_f8cb8d-67 > .kt-inside-inner-col{flex-direction:column;}.kadence-column665_f8cb8d-67 > .kt-inside-inner-col > .aligncenter{width:100%;}.kadence-column665_f8cb8d-67 > .kt-inside-inner-col:before{opacity:0.3;}.kadence-column665_f8cb8d-67{position:relative;}@media all and (max-width: 1024px){.kadence-column665_f8cb8d-67 > .kt-inside-inner-col{flex-direction:column;justify-content:center;}}@media all and (max-width: 767px){.kadence-column665_f8cb8d-67 > .kt-inside-inner-col{flex-direction:column;justify-content:center;}}<\/style>\n<div class=\"wp-block-kadence-column kadence-column665_f8cb8d-67\"><div class=\"kt-inside-inner-col\">\n<h2 class=\"wp-block-heading\">Janus Pro vs Flux: srovn\u00e1n\u00ed<\/h2>\n\n\n\n<p><strong>Janus Pro<\/strong>&nbsp;a&nbsp;<strong>Flux<\/strong>&nbsp;jsou oba modely um\u011bl\u00e9 inteligence pou\u017e\u00edvan\u00e9 pro generov\u00e1n\u00ed obr\u00e1zk\u016f, ale maj\u00ed odli\u0161n\u00e9 zam\u011b\u0159en\u00ed a schopnosti.<\/p>\n\n\n\n<h2 class=\"wp-block-heading\">Janus Pro<\/h2>\n\n\n\n<ul class=\"wp-block-list\">\n<li><strong>Multimod\u00e1ln\u00ed schopnosti<\/strong>: Janus Pro je multimod\u00e1ln\u00ed model, kter\u00fd um\u00ed zpracov\u00e1vat text i obr\u00e1zky. Vynik\u00e1 v \u00faloh\u00e1ch, jako je p\u0159evod obr\u00e1zk\u016f matematick\u00fdch rovnic do k\u00f3du LaTeXu a generov\u00e1n\u00ed obr\u00e1zk\u016f na z\u00e1klad\u011b podrobn\u00fdch textov\u00fdch pokyn\u016f.<\/li>\n\n\n\n<li><strong>V\u00fdkon<\/strong>: Verze Janus Pro se 7B parametry vykazuje ve srovn\u00e1vac\u00edch testech vysokou v\u00fdkonnost a v n\u011bkter\u00fdch \u00faloh\u00e1ch p\u0159ekon\u00e1v\u00e1 modely jako DALL-E 3 a Stable Diffusion.<\/li>\n\n\n\n<li><strong>N\u00e1klady na \u0161kolen\u00ed<\/strong>: Janus Pro byl vycvi\u010den s relativn\u011b n\u00edzk\u00fdm rozpo\u010dtem ve srovn\u00e1n\u00ed s ostatn\u00edmi modely a s pou\u017eit\u00edm star\u0161\u00edch \u010dip\u016f AI. Tr\u00e9nov\u00e1n\u00ed modelu s 7B parametry trvalo 14 dn\u00ed na clusteru o 32 uzlech s grafick\u00fdmi procesory Nvidia A1001.<\/li>\n\n\n\n<li><strong>Kvalita a rozli\u0161en\u00ed obrazu<\/strong>: A\u010dkoli Janus Pro dok\u00e1\u017ee generovat obr\u00e1zky, jeho hlavn\u00ed zam\u011b\u0159en\u00ed nen\u00ed pouze na kvalitu obrazu. Model je omezen na vstupn\u00ed rozli\u0161en\u00ed 384 x 384 pixel\u016f, a\u010dkoli v n\u011bkter\u00fdch uk\u00e1zk\u00e1ch dok\u00e1\u017ee vytv\u00e1\u0159et v\u00fdstupn\u00ed obr\u00e1zky a\u017e do rozli\u0161en\u00ed 768 x 768 pixel\u016f.<\/li>\n<\/ul>\n\n\n\n<h2 class=\"wp-block-heading\">Flux<\/h2>\n\n\n\n<ul class=\"wp-block-list\">\n<li><strong>Kvalita a rychlost obrazu<\/strong>: Flux je zn\u00e1m\u00fd svou vysokou kvalitou generov\u00e1n\u00ed sn\u00edmk\u016f a rychl\u00fdm zpracov\u00e1n\u00edm. Dok\u00e1\u017ee rychle vytv\u00e1\u0159et obr\u00e1zky 1024 x 1024, zejm\u00e9na p\u0159i optimalizaci pomoc\u00ed technik, jako je kvantizace.<\/li>\n\n\n\n<li><strong>Zam\u011b\u0159en\u00ed<\/strong>: Flux je prim\u00e1rn\u011b ur\u010den k vytv\u00e1\u0159en\u00ed vysoce kvalitn\u00edch sn\u00edmk\u016f, kter\u00e9 \u010dasto p\u0159ed\u010d\u00ed jin\u00e9 modely, pokud jde o vizu\u00e1ln\u00ed v\u011brnost a emocion\u00e1ln\u00ed hloubku.<\/li>\n\n\n\n<li><strong>Spole\u010denstv\u00ed a rozvoj<\/strong>: Flux m\u00e1 silnou podporu komunity a k dispozici jsou r\u016fzn\u00e9 optimalizace, nap\u0159\u00edklad verze FP8, kter\u00e9 zvy\u0161uj\u00ed jeho v\u00fdkon na hardwaru ni\u017e\u0161\u00ed t\u0159\u00eddy.<\/li>\n<\/ul>\n\n\n\n<h2 class=\"wp-block-heading\">Srovn\u00e1vac\u00ed body<\/h2>\n\n\n\n<figure class=\"wp-block-table\"><table class=\"has-fixed-layout\"><thead><tr><th>Funkce<\/th><th>Janus Pro<\/th><th>Flux<\/th><\/tr><\/thead><tbody><tr><td><strong>Prim\u00e1rn\u00ed zam\u011b\u0159en\u00ed<\/strong><\/td><td>Multimod\u00e1ln\u00ed \u00falohy, interakce textu a obrazu<\/td><td>Vysoce kvalitn\u00ed generov\u00e1n\u00ed obrazu<\/td><\/tr><tr><td><strong>V\u00fdkon<\/strong><\/td><td>Vynik\u00e1 v pln\u011bn\u00ed instrukc\u00ed a multimod\u00e1ln\u00edch \u00fakol\u016f<\/td><td>Vysoce kvalitn\u00ed sn\u00edmky s rychlou dobou generov\u00e1n\u00ed<\/td><\/tr><tr><td><strong>N\u00e1klady na \u0161kolen\u00ed<\/strong><\/td><td>Relativn\u011b n\u00edzk\u00fd rozpo\u010det<\/td><td>Nen\u00ed v\u00fdslovn\u011b uvedeno, pravd\u011bpodobn\u011b vy\u0161\u0161\u00ed<\/td><\/tr><tr><td><strong>Rozli\u0161en\u00ed obrazu<\/strong><\/td><td>Vstupn\u00ed \u00fadaje: V\u00fdstup: 384 x 384 pixel\u016f, v\u00fdstup: a\u017e 768 x 768<\/td><td>Mo\u017enost generov\u00e1n\u00ed a\u017e 1024 x 1024 pixel\u016f<\/td><\/tr><tr><td><strong>Podpora Spole\u010denstv\u00ed<\/strong><\/td><td>Open-source, k dispozici na str\u00e1nk\u00e1ch Hugging Face<\/td><td>Siln\u00e1 podpora komunity s optimalizacemi<\/td><\/tr><\/tbody><\/table><\/figure>\n\n\n\n<p>Lze shrnout, \u017ee Janus Pro je ide\u00e1ln\u00ed pro \u00falohy vy\u017eaduj\u00edc\u00ed interakci mezi textem a obr\u00e1zky, zat\u00edmco Flux vynik\u00e1 rychl\u00fdm generov\u00e1n\u00edm vysoce kvalitn\u00edch obr\u00e1zk\u016f. Volba mezi nimi z\u00e1vis\u00ed na konkr\u00e9tn\u00edch pot\u0159eb\u00e1ch u\u017eivatele.<\/p>\n<\/div><\/div>\n\n<\/div><\/div>\n\n\n<p><\/p>","protected":false},"excerpt":{"rendered":"<p>Kvalita obrazu model\u016f Flux je lep\u0161\u00ed ne\u017e u Janus Pro, ale nem\u00e1 porozum\u011bn\u00ed pro multimodely.FLux Dev m\u016f\u017eete vyzkou\u0161et zde: Janus Pro vs Flux: Srovn\u00e1n\u00ed Janus Pro a Flux jsou oba modely um\u011bl\u00e9 inteligence pou\u017e\u00edvan\u00e9 pro generov\u00e1n\u00ed obr\u00e1zk\u016f, ale maj\u00ed odli\u0161n\u00e9 zam\u011b\u0159en\u00ed a schopnosti. Janus Pro Srovn\u00e1n\u00ed Flux...<\/p>","protected":false},"author":1,"featured_media":0,"parent":0,"menu_order":0,"comment_status":"closed","ping_status":"closed","template":"","meta":{"_kadence_starter_templates_imported_post":false,"_kad_post_transparent":"","_kad_post_title":"","_kad_post_layout":"","_kad_post_sidebar_id":"","_kad_post_content_style":"","_kad_post_vertical_padding":"","_kad_post_feature":"","_kad_post_feature_position":"","_kad_post_header":false,"_kad_post_footer":false,"footnotes":""},"class_list":["post-665","page","type-page","status-publish","hentry"],"_links":{"self":[{"href":"https:\/\/janusai.pro\/cs\/wp-json\/wp\/v2\/pages\/665","targetHints":{"allow":["GET"]}}],"collection":[{"href":"https:\/\/janusai.pro\/cs\/wp-json\/wp\/v2\/pages"}],"about":[{"href":"https:\/\/janusai.pro\/cs\/wp-json\/wp\/v2\/types\/page"}],"author":[{"embeddable":true,"href":"https:\/\/janusai.pro\/cs\/wp-json\/wp\/v2\/users\/1"}],"replies":[{"embeddable":true,"href":"https:\/\/janusai.pro\/cs\/wp-json\/wp\/v2\/comments?post=665"}],"version-history":[{"count":10,"href":"https:\/\/janusai.pro\/cs\/wp-json\/wp\/v2\/pages\/665\/revisions"}],"predecessor-version":[{"id":825,"href":"https:\/\/janusai.pro\/cs\/wp-json\/wp\/v2\/pages\/665\/revisions\/825"}],"wp:attachment":[{"href":"https:\/\/janusai.pro\/cs\/wp-json\/wp\/v2\/media?parent=665"}],"curies":[{"name":"wp","href":"https:\/\/api.w.org\/{rel}","templated":true}]}}