{"id":774,"date":"2025-01-31T05:07:51","date_gmt":"2025-01-31T05:07:51","guid":{"rendered":"https:\/\/janusai.pro\/?page_id=774"},"modified":"2025-01-31T05:09:56","modified_gmt":"2025-01-31T05:09:56","slug":"deepseek-r1-chat-freenologin","status":"publish","type":"page","link":"https:\/\/janusai.pro\/cs\/deepseek-r1-chat-freenologin\/","title":{"rendered":"Deepseek R1 chat zdarma|Nologin"},"content":{"rendered":"<style>.kb-row-layout-id774_9f18a4-48 > .kt-row-column-wrap{align-content:start;}:where(.kb-row-layout-id774_9f18a4-48 > .kt-row-column-wrap) > .wp-block-kadence-column{justify-content:start;}.kb-row-layout-id774_9f18a4-48 > .kt-row-column-wrap{column-gap:var(--global-kb-gap-md, 2rem);row-gap:var(--global-kb-gap-md, 2rem);max-width:1080px;margin-left:auto;margin-right:auto;padding-top:var(--global-kb-spacing-sm, 1.5rem);padding-bottom:var(--global-kb-spacing-sm, 1.5rem);grid-template-columns:minmax(0, 1fr);}.kb-row-layout-id774_9f18a4-48 > .kt-row-layout-overlay{opacity:0.30;}@media all and (max-width: 1024px){.kb-row-layout-id774_9f18a4-48 > .kt-row-column-wrap{grid-template-columns:minmax(0, 1fr);}}@media all and (max-width: 767px){.kb-row-layout-id774_9f18a4-48 > .kt-row-column-wrap{grid-template-columns:minmax(0, 1fr);}}<\/style><div class=\"kb-row-layout-wrap kb-row-layout-id774_9f18a4-48 alignnone wp-block-kadence-rowlayout\"><div class=\"kt-row-column-wrap kt-has-1-columns kt-row-layout-equal kt-tab-layout-inherit kt-mobile-layout-row kt-row-valign-top\">\n<style>.kadence-column774_8ac99d-ae > .kt-inside-inner-col,.kadence-column774_8ac99d-ae > .kt-inside-inner-col:before{border-top-left-radius:0px;border-top-right-radius:0px;border-bottom-right-radius:0px;border-bottom-left-radius:0px;}.kadence-column774_8ac99d-ae > .kt-inside-inner-col{column-gap:var(--global-kb-gap-sm, 1rem);}.kadence-column774_8ac99d-ae > .kt-inside-inner-col{flex-direction:column;}.kadence-column774_8ac99d-ae > .kt-inside-inner-col > .aligncenter{width:100%;}.kadence-column774_8ac99d-ae > .kt-inside-inner-col:before{opacity:0.3;}.kadence-column774_8ac99d-ae{position:relative;}@media all and (max-width: 1024px){.kadence-column774_8ac99d-ae > .kt-inside-inner-col{flex-direction:column;justify-content:center;}}@media all and (max-width: 767px){.kadence-column774_8ac99d-ae > .kt-inside-inner-col{flex-direction:column;justify-content:center;}}<\/style>\n<div class=\"wp-block-kadence-column kadence-column774_8ac99d-ae\"><div class=\"kt-inside-inner-col\">\n<h2 class=\"wp-block-heading\">Co je Deepseek R1 \uff1f<\/h2>\n\n\n\n<p><strong>DeepSeek-R1<\/strong>&nbsp;je jazykov\u00fd model s otev\u0159en\u00fdm zdrojov\u00fdm k\u00f3dem vyvinut\u00fd \u010d\u00ednsk\u00fdm startupem DeepSeek. Je ur\u010den k prov\u00e1d\u011bn\u00ed \u0161irok\u00e9 \u0161k\u00e1ly textov\u00fdch \u00faloh, v\u010detn\u011b tv\u016fr\u010d\u00edho psan\u00ed, obecn\u00fdch odpov\u011bd\u00ed na ot\u00e1zky, \u00faprav a shrnut\u00ed. Model je obzvl\u00e1\u0161t\u011b zdatn\u00fd v \u00faloh\u00e1ch n\u00e1ro\u010dn\u00fdch na uva\u017eov\u00e1n\u00ed, jako je generov\u00e1n\u00ed a lad\u011bn\u00ed k\u00f3du, prov\u00e1d\u011bn\u00ed matematick\u00fdch v\u00fdpo\u010dt\u016f a vysv\u011btlov\u00e1n\u00ed slo\u017eit\u00fdch v\u011bdeck\u00fdch koncept\u016f.<\/p>\n<\/div><\/div>\n\n<\/div><\/div>\n\n<style>.kb-row-layout-id774_e4cb27-c4 > .kt-row-column-wrap{align-content:start;}:where(.kb-row-layout-id774_e4cb27-c4 > .kt-row-column-wrap) > .wp-block-kadence-column{justify-content:start;}.kb-row-layout-id774_e4cb27-c4 > .kt-row-column-wrap{column-gap:var(--global-kb-gap-md, 2rem);row-gap:var(--global-kb-gap-md, 2rem);max-width:1080px;margin-left:auto;margin-right:auto;padding-top:var(--global-kb-spacing-sm, 1.5rem);padding-bottom:var(--global-kb-spacing-sm, 1.5rem);grid-template-columns:minmax(0, 1fr);}.kb-row-layout-id774_e4cb27-c4 > .kt-row-layout-overlay{opacity:0.30;}@media all and (max-width: 1024px){.kb-row-layout-id774_e4cb27-c4 > .kt-row-column-wrap{grid-template-columns:minmax(0, 1fr);}}@media all and (max-width: 767px){.kb-row-layout-id774_e4cb27-c4 > .kt-row-column-wrap{grid-template-columns:minmax(0, 1fr);}}<\/style><div class=\"kb-row-layout-wrap kb-row-layout-id774_e4cb27-c4 alignnone wp-block-kadence-rowlayout\"><div class=\"kt-row-column-wrap kt-has-1-columns kt-row-layout-equal kt-tab-layout-inherit kt-mobile-layout-row kt-row-valign-top\">\n<style>.kadence-column774_d74bd5-de > .kt-inside-inner-col{display:flex;}.kadence-column774_d74bd5-de > .kt-inside-inner-col,.kadence-column774_d74bd5-de > .kt-inside-inner-col:before{border-top-left-radius:0px;border-top-right-radius:0px;border-bottom-right-radius:0px;border-bottom-left-radius:0px;}.kadence-column774_d74bd5-de > .kt-inside-inner-col{column-gap:var(--global-kb-gap-sm, 1rem);}.kadence-column774_d74bd5-de > .kt-inside-inner-col{flex-direction:column;align-items:stretch;}.kadence-column774_d74bd5-de > .kt-inside-inner-col > .kb-image-is-ratio-size{align-self:stretch;}.kadence-column774_d74bd5-de > .kt-inside-inner-col > .wp-block-kadence-advancedgallery{align-self:stretch;}.kadence-column774_d74bd5-de > .kt-inside-inner-col > .aligncenter{width:100%;}.kadence-column774_d74bd5-de > .kt-inside-inner-col:before{opacity:0.3;}.kadence-column774_d74bd5-de{position:relative;}@media all and (max-width: 1024px){.kadence-column774_d74bd5-de > .kt-inside-inner-col{flex-direction:column;justify-content:center;align-items:stretch;}}@media all and (max-width: 767px){.kadence-column774_d74bd5-de > .kt-inside-inner-col{flex-direction:column;justify-content:center;align-items:stretch;}}<\/style>\n<div class=\"wp-block-kadence-column kadence-column774_d74bd5-de\"><div class=\"kt-inside-inner-col\"><style>.kadence-column774_016e62-c2 > .kt-inside-inner-col{display:flex;}.kadence-column774_016e62-c2 > .kt-inside-inner-col,.kadence-column774_016e62-c2 > .kt-inside-inner-col:before{border-top-left-radius:0px;border-top-right-radius:0px;border-bottom-right-radius:0px;border-bottom-left-radius:0px;}.kadence-column774_016e62-c2 > .kt-inside-inner-col{column-gap:var(--global-kb-gap-sm, 1rem);}.kadence-column774_016e62-c2 > .kt-inside-inner-col{flex-direction:column;align-items:stretch;}.kadence-column774_016e62-c2 > .kt-inside-inner-col > .kb-image-is-ratio-size{align-self:stretch;}.kadence-column774_016e62-c2 > .kt-inside-inner-col > .wp-block-kadence-advancedgallery{align-self:stretch;}.kadence-column774_016e62-c2 > .kt-inside-inner-col > .aligncenter{width:100%;}.kadence-column774_016e62-c2 > .kt-inside-inner-col:before{opacity:0.3;}.kadence-column774_016e62-c2{position:relative;}@media all and (max-width: 1024px){.kadence-column774_016e62-c2 > .kt-inside-inner-col{flex-direction:column;justify-content:center;align-items:stretch;}}@media all and (max-width: 767px){.kadence-column774_016e62-c2 > .kt-inside-inner-col{flex-direction:column;justify-content:center;align-items:stretch;}}<\/style>\n<div class=\"wp-block-kadence-column kadence-column774_016e62-c2\"><div class=\"kt-inside-inner-col\">\n<iframe\n\tsrc=\"https:\/\/llmhacker-deepseek-ai-deepseek-r1-distill-qwen-1-5b-v2.hf.space\"\n\tframeborder=\"0\"\n\twidth=\"90%\"\n\theight=\"650\"\n><\/iframe>\n<\/div><\/div>\n<\/div><\/div>\n\n<\/div><\/div>\n\n<style>.kb-row-layout-id774_73ac37-6e > .kt-row-column-wrap{align-content:start;}:where(.kb-row-layout-id774_73ac37-6e > .kt-row-column-wrap) > .wp-block-kadence-column{justify-content:start;}.kb-row-layout-id774_73ac37-6e > .kt-row-column-wrap{column-gap:var(--global-kb-gap-md, 2rem);row-gap:var(--global-kb-gap-md, 2rem);max-width:1080px;margin-left:auto;margin-right:auto;padding-top:var(--global-kb-spacing-sm, 1.5rem);padding-bottom:var(--global-kb-spacing-sm, 1.5rem);grid-template-columns:minmax(0, 1fr);}.kb-row-layout-id774_73ac37-6e > .kt-row-layout-overlay{opacity:0.30;}@media all and (max-width: 1024px){.kb-row-layout-id774_73ac37-6e > .kt-row-column-wrap{grid-template-columns:minmax(0, 1fr);}}@media all and (max-width: 767px){.kb-row-layout-id774_73ac37-6e > .kt-row-column-wrap{grid-template-columns:minmax(0, 1fr);}}<\/style><div class=\"kb-row-layout-wrap kb-row-layout-id774_73ac37-6e alignnone wp-block-kadence-rowlayout\"><div class=\"kt-row-column-wrap kt-has-1-columns kt-row-layout-equal kt-tab-layout-inherit kt-mobile-layout-row kt-row-valign-top\">\n<style>.kadence-column774_0fd989-3d > .kt-inside-inner-col,.kadence-column774_0fd989-3d > .kt-inside-inner-col:before{border-top-left-radius:0px;border-top-right-radius:0px;border-bottom-right-radius:0px;border-bottom-left-radius:0px;}.kadence-column774_0fd989-3d > .kt-inside-inner-col{column-gap:var(--global-kb-gap-sm, 1rem);}.kadence-column774_0fd989-3d > .kt-inside-inner-col{flex-direction:column;}.kadence-column774_0fd989-3d > .kt-inside-inner-col > .aligncenter{width:100%;}.kadence-column774_0fd989-3d > .kt-inside-inner-col:before{opacity:0.3;}.kadence-column774_0fd989-3d{position:relative;}@media all and (max-width: 1024px){.kadence-column774_0fd989-3d > .kt-inside-inner-col{flex-direction:column;justify-content:center;}}@media all and (max-width: 767px){.kadence-column774_0fd989-3d > .kt-inside-inner-col{flex-direction:column;justify-content:center;}}<\/style>\n<div class=\"wp-block-kadence-column kadence-column774_0fd989-3d\"><div class=\"kt-inside-inner-col\">\n<h2 class=\"wp-block-heading\">Jak\u00e1 je hlavn\u00ed funkce aplikace Deepseek R1?<\/h2>\n\n\n\n<ul class=\"wp-block-list\">\n<li><strong>Konverza\u010dn\u00ed inteligence<\/strong>: DeepSeek R1 vyu\u017e\u00edv\u00e1 strojov\u00e9 u\u010den\u00ed a zpracov\u00e1n\u00ed p\u0159irozen\u00e9ho jazyka (NLP), co\u017e mu umo\u017e\u0148uje porozum\u011bt p\u0159\u00edkaz\u016fm lidsk\u00e9ho jazyka a reagovat na n\u011b, podobn\u011b jako ostatn\u00ed chatboti s um\u011blou inteligenc\u00ed, nap\u0159\u00edklad ChatGPT.<\/li>\n\n\n\n<li><strong>Matematika, logika a \u0159e\u0161en\u00ed probl\u00e9m\u016f<\/strong>: Je speci\u00e1ln\u011b vycvi\u010den pro slo\u017eit\u00e9 logick\u00e9 \u00falohy, tak\u017ee je ide\u00e1ln\u00ed pro odv\u011btv\u00ed, jako je pr\u00e1vn\u00ed technika, anal\u00fdza dat a finan\u010dn\u00ed poradenstv\u00ed.<\/li>\n\n\n\n<li><strong>Dostupnost otev\u0159en\u00fdch zdroj\u016f<\/strong>: Otev\u0159en\u00fd zdrojov\u00fd k\u00f3d umo\u017e\u0148uje v\u00fdvoj\u00e1\u0159\u016fm p\u0159izp\u016fsobit model konkr\u00e9tn\u00edm aplikac\u00edm, co\u017e zvy\u0161uje transparentnost a podporuje vylep\u0161en\u00ed \u0159\u00edzen\u00e1 komunitou.<\/li>\n\n\n\n<li><strong>Vysok\u00e1 p\u0159esnost pro slo\u017eit\u00e9 \u00falohy<\/strong>: DeepSeek R1 nab\u00edz\u00ed vysokou p\u0159esnost p\u0159i \u0159e\u0161en\u00ed slo\u017eit\u00fdch probl\u00e9m\u016f, srovnatelnou s vlastn\u00edmi modely, jako je o-1 od OpenAI.<\/li>\n\n\n\n<li><strong>Multimod\u00e1ln\u00ed schopnosti<\/strong>: Dok\u00e1\u017ee zpracov\u00e1vat text a p\u0159\u00edpadn\u011b i obr\u00e1zky a zvuk, tak\u017ee je vhodn\u00fd pro r\u016fzn\u00e9 aplikace.<\/li>\n\n\n\n<li><strong>Efektivita a v\u00fdkon<\/strong>: Model vyu\u017e\u00edv\u00e1 r\u00e1mec Mixture of Experts (MoE), kter\u00fd zaji\u0161\u0165uje vysokou \u00fa\u010dinnost a \u0161k\u00e1lovatelnost bez v\u00fdrazn\u00e9ho zv\u00fd\u0161en\u00ed v\u00fdpo\u010detn\u00edch n\u00e1klad\u016f.<\/li>\n\n\n\n<li><strong>P\u0159izp\u016fsoben\u00ed a dolad\u011bn\u00ed<\/strong>: V\u00fdvoj\u00e1\u0159i mohou DeepSeek R1 p\u0159izp\u016fsobit konkr\u00e9tn\u00edm pot\u0159eb\u00e1m a bezprobl\u00e9mov\u011b jej integrovat do r\u016fzn\u00fdch projekt\u016f.<\/li>\n\n\n\n<li><strong>Efektivita n\u00e1klad\u016f<\/strong>: Provozn\u00ed n\u00e1klady jsou ve srovn\u00e1n\u00ed s jin\u00fdmi modely v\u00fdrazn\u011b ni\u017e\u0161\u00ed, tak\u017ee je p\u0159\u00edstupn\u011bj\u0161\u00ed pro za\u010d\u00ednaj\u00edc\u00ed podniky a akademick\u00e9 laborato\u0159e.<\/li>\n<\/ul>\n\n\n\n<h2 class=\"wp-block-heading\">P\u0159\u00edpady pou\u017eit\u00ed deepseek r1<\/h2>\n\n\n\n<p>DeepSeek R1 nab\u00edz\u00ed \u0161irokou \u0161k\u00e1lu p\u0159\u00edpad\u016f pou\u017eit\u00ed v r\u016fzn\u00fdch pr\u016fmyslov\u00fdch odv\u011btv\u00edch d\u00edky sv\u00fdm pokro\u010dil\u00fdm schopnostem uva\u017eov\u00e1n\u00ed a open-source povaze. Zde jsou n\u011bkter\u00e9 z kl\u00ed\u010dov\u00fdch p\u0159\u00edpad\u016f pou\u017eit\u00ed DeepSeek R1:<\/p>\n\n\n\n<meta charset=\"UTF-8\">\n    <meta name=\"viewport\" content=\"width=device-width, initial-scale=1.0\">\n    <title>P\u0159\u00edpady pou\u017eit\u00ed DeepSeek R1<\/title>\n    <style>\n        * {\n            box-sizing: border-box;\n            margin: 0;\n            padding: 0;\n        }\n        \n        body {\n            font-family: Arial, sans-serif;\n            line-height: 1.6;\n            padding: 2rem;\n            background-color: #f5f5f5;\n        }\n        \n        .container {\n            max-width: 1200px;\n            margin: 0 auto;\n        }\n        \n        h1 {\n            text-align: center;\n            margin-bottom: 2rem;\n            color: #333;\n        }\n        \n        .grid-container {\n            display: grid;\n            grid-template-columns: repeat(auto-fit, minmax(300px, 1fr));\n            gap: 1.5rem;\n        }\n        \n        .card {\n            background: white;\n            border-radius: 8px;\n            padding: 1.5rem;\n            box-shadow: 0 2px 4px rgba(0,0,0,0.1);\n        }\n        \n        .card h2 {\n            color: #2c5282;\n            margin-bottom: 1rem;\n            font-size: 1.25rem;\n        }\n        \n        .card ul {\n            list-style-position: inside;\n            padding-left: 0.5rem;\n        }\n        \n        .card li {\n            margin-bottom: 0.5rem;\n            color: #4a5568;\n        }\n    <\/style>\n\n\n    <div class=\"container\">\n        <h1>P\u0159\u00edpady pou\u017eit\u00ed DeepSeek R1<\/h1>\n        <div class=\"grid-container\">\n            <div class=\"card\">\n                <h2>Tvorba obsahu a marketing<\/h2>\n                <ul>\n                    <li>P\u0159\u00edsp\u011bvky na blogu poh\u00e1n\u011bn\u00e9 um\u011blou inteligenc\u00ed: Generuje vysoce kvalitn\u00ed psan\u00fd obsah<\/li>\n                    <li>Tvorba reklamn\u00ed kopie: Vytv\u00e1\u0159\u00ed p\u0159esv\u011bd\u010div\u00e9 reklamn\u00ed texty<\/li>\n                    <li>Obsah soci\u00e1ln\u00edch m\u00e9di\u00ed: Vytv\u00e1\u0159\u00ed poutav\u00e9 p\u0159\u00edsp\u011bvky na soci\u00e1ln\u00edch s\u00edt\u00edch<\/li>\n                    <li>Optimalizace SEO: Pom\u00e1h\u00e1 strukturovat obsah na z\u00e1klad\u011b kl\u00ed\u010dov\u00fdch slov<\/li>\n                <\/ul>\n            <\/div>\n            \n            <div class=\"card\">\n                <h2>Z\u00e1kaznick\u00e1 podpora a chatboti s um\u011blou inteligenc\u00ed<\/h2>\n                <ul>\n                    <li>Automatizovan\u00e9 odpov\u011bdi: Zvy\u0161uje efektivitu z\u00e1kaznick\u00e9 podpory<\/li>\n                    <li>Personalizovan\u00e9 interakce: Nab\u00edz\u00ed personalizovan\u011bj\u0161\u00ed a p\u0159esn\u011bj\u0161\u00ed odpov\u011bdi<\/li>\n                <\/ul>\n            <\/div>\n            \n            <div class=\"card\">\n                <h2>V\u00fdvoj softwaru a generov\u00e1n\u00ed k\u00f3du<\/h2>\n                <ul>\n                    <li>Vylep\u0161en\u00ed k\u00f3du: Pom\u00e1h\u00e1 p\u0159i navrhov\u00e1n\u00ed vylep\u0161en\u00ed k\u00f3du<\/li>\n                    <li>N\u00e1pov\u011bda pro lad\u011bn\u00ed: Poskytuje pomoc p\u0159i lad\u011bn\u00ed<\/li>\n                    <li>Automatizovan\u00e1 dokumentace: Generuje technick\u00e1 vysv\u011btlen\u00ed<\/li>\n                <\/ul>\n            <\/div>\n            \n            <div class=\"card\">\n                <h2>Zdravotnictv\u00ed a l\u00e9ka\u0159sk\u00fd v\u00fdzkum<\/h2>\n                <ul>\n                    <li>Anal\u00fdza l\u00e9ka\u0159sk\u00fdch dat: Pom\u00e1h\u00e1 p\u0159i anal\u00fdze l\u00e9ka\u0159sk\u00fdch dat<\/li>\n                    <li>P\u0159ehled v\u00fdzkumn\u00fdch prac\u00ed: Recenze v\u00fdzkumn\u00fdch prac\u00ed<\/li>\n                    <li>Diagnostika \u0159\u00edzen\u00e1 um\u011blou inteligenc\u00ed: Poskytuje diagnostiku a doporu\u010den\u00ed k l\u00e9\u010db\u011b<\/li>\n                <\/ul>\n            <\/div>\n            \n            <div class=\"card\">\n                <h2>Finance a anal\u00fdza dat<\/h2>\n                <ul>\n                    <li>Prediktivn\u00ed anal\u00fdza: Nab\u00edz\u00ed prediktivn\u00ed anal\u00fdzu pro investice<\/li>\n                    <li>Hodnocen\u00ed rizik: P\u0159isp\u00edv\u00e1 k hodnocen\u00ed rizik a odhalov\u00e1n\u00ed podvod\u016f<\/li>\n                <\/ul>\n            <\/div>\n            \n            <div class=\"card\">\n                <h2>Vzd\u011bl\u00e1v\u00e1n\u00ed a dou\u010dov\u00e1n\u00ed<\/h2>\n                <ul>\n                    <li>Matematika a p\u0159\u00edrodn\u00ed v\u011bdy: \u0158e\u0161\u00ed slo\u017eit\u00e9 matematick\u00e9 probl\u00e9my<\/li>\n                    <li>Personalizovan\u00e9 u\u010den\u00ed: Funguje jako digit\u00e1ln\u00ed u\u010ditel<\/li>\n                <\/ul>\n            <\/div>\n            \n            <div class=\"card\">\n                <h2>Hry a z\u00e1bava<\/h2>\n                <ul>\n                    <li>V\u00fdvoj hry: Lze pou\u017e\u00edt k vytv\u00e1\u0159en\u00ed her v r\u016fzn\u00fdch jazyc\u00edch<\/li>\n                <\/ul>\n            <\/div>\n        <\/div>\n    <\/div>\n\n\n\n<p>D\u00edky sv\u00e9 v\u0161estrannosti a cenov\u00e9 v\u00fdhodnosti je DeepSeek R1 cenn\u00fdm n\u00e1strojem pro tyto r\u016fzn\u00e9 aplikace a nab\u00edz\u00ed konkurenceschopnou alternativu k propriet\u00e1rn\u00edm model\u016fm, jako je GPT-4o[2][6] spole\u010dnosti OpenAI.<\/p>\n\n\n\n<p>Citace:<br>[1] https:\/\/fastbots.ai\/blog\/deepseek-r1-explained-features-benefits-and-use-cases<br>[2] https:\/\/fireworks.ai\/blog\/deepseek-r1-deepdive<br>[3] https:\/\/www.vellum.ai\/blog\/the-training-of-deepseek-r1-and-ways-to-use-it<br>[4] https:\/\/builtin.com\/sites\/www.builtin.com\/files\/2025-01\/what-is-deepseek-r1.jpg?sa=X&amp;ved=2ahUKEwizxtnXl5-LAxUapZUCHcbYMNoQ_B16BAgBEAI<br>[5] https:\/\/www.youtube.com\/watch?v=i9kTrcf-gDQ<br>[6] https:\/\/www.datacamp.com\/blog\/deepseek-r1<br>[7] https:\/\/arstechnica.com\/ai\/2025\/01\/how-does-deepseek-r1-really-fare-against-openais-best-reasoning-models\/<br>[8] https:\/\/zapier.com\/blog\/what-is-deepseek\/<\/p>\n\n\n\n<hr class=\"wp-block-separator has-alpha-channel-opacity\"\/>\n\n\n\n<p><\/p>\n<\/div><\/div>\n\n<\/div><\/div>","protected":false},"excerpt":{"rendered":"<p>Co je Deepseek R1? DeepSeek-R1 je model jazyka s otev\u0159en\u00fdm zdrojov\u00fdm k\u00f3dem vyvinut\u00fd \u010d\u00ednsk\u00fdm startupem DeepSeek s um\u011blou inteligenc\u00ed. Je navr\u017een tak, aby vykon\u00e1val \u0161irokou \u0161k\u00e1lu textov\u00fdch \u00fakol\u016f, v\u010detn\u011b kreativn\u00edho psan\u00ed, odpov\u011bd\u00ed na obecn\u00e9 ot\u00e1zky, \u00faprav a shrnut\u00ed. Model je zvl\u00e1\u0161t\u011b zb\u011bhl\u00fd v \u00faloh\u00e1ch n\u00e1ro\u010dn\u00fdch na uva\u017eov\u00e1n\u00ed, jako je generov\u00e1n\u00ed a lad\u011bn\u00ed k\u00f3du, prov\u00e1d\u011bn\u00ed matematick\u00fdch v\u00fdpo\u010dt\u016f a vysv\u011btlov\u00e1n\u00ed slo\u017eit\u00fdch v\u011bdeck\u00fdch koncept\u016f. Co je hlavn\u00edm rysem Deepseek R1?\u2026<\/p>","protected":false},"author":1,"featured_media":0,"parent":0,"menu_order":0,"comment_status":"closed","ping_status":"closed","template":"","meta":{"_kadence_starter_templates_imported_post":false,"_kad_post_transparent":"","_kad_post_title":"","_kad_post_layout":"","_kad_post_sidebar_id":"","_kad_post_content_style":"","_kad_post_vertical_padding":"","_kad_post_feature":"","_kad_post_feature_position":"","_kad_post_header":false,"_kad_post_footer":false,"footnotes":""},"class_list":["post-774","page","type-page","status-publish","hentry"],"_links":{"self":[{"href":"https:\/\/janusai.pro\/cs\/wp-json\/wp\/v2\/pages\/774","targetHints":{"allow":["GET"]}}],"collection":[{"href":"https:\/\/janusai.pro\/cs\/wp-json\/wp\/v2\/pages"}],"about":[{"href":"https:\/\/janusai.pro\/cs\/wp-json\/wp\/v2\/types\/page"}],"author":[{"embeddable":true,"href":"https:\/\/janusai.pro\/cs\/wp-json\/wp\/v2\/users\/1"}],"replies":[{"embeddable":true,"href":"https:\/\/janusai.pro\/cs\/wp-json\/wp\/v2\/comments?post=774"}],"version-history":[{"count":2,"href":"https:\/\/janusai.pro\/cs\/wp-json\/wp\/v2\/pages\/774\/revisions"}],"predecessor-version":[{"id":777,"href":"https:\/\/janusai.pro\/cs\/wp-json\/wp\/v2\/pages\/774\/revisions\/777"}],"wp:attachment":[{"href":"https:\/\/janusai.pro\/cs\/wp-json\/wp\/v2\/media?parent=774"}],"curies":[{"name":"wp","href":"https:\/\/api.w.org\/{rel}","templated":true}]}}