{"id":813,"date":"2025-02-01T03:48:57","date_gmt":"2025-02-01T03:48:57","guid":{"rendered":"https:\/\/janusai.pro\/?page_id=813"},"modified":"2025-02-01T03:49:32","modified_gmt":"2025-02-01T03:49:32","slug":"813-2","status":"publish","type":"page","link":"https:\/\/janusai.pro\/cs\/813-2\/","title":{"rendered":"Odm\u00edtnut\u00ed odpov\u011bdnosti"},"content":{"rendered":"<h1 class=\"wp-block-heading\">Odm\u00edtnut\u00ed odpov\u011bdnosti<\/h1>\n\n\n\n<p>By janusai.pro \u00danor 1, 2025<\/p>\n\n\n\n<p>Pokud pot\u0159ebujete dal\u0161\u00ed informace nebo m\u00e1te dotazy ohledn\u011b prohl\u00e1\u0161en\u00ed o vylou\u010den\u00ed odpov\u011bdnosti na na\u0161ich str\u00e1nk\u00e1ch, nev\u00e1hejte n\u00e1s kontaktovat e-mailem na adrese wd.gstar@gmail.com.<\/p>\n\n\n\n<h2 class=\"wp-block-heading\">Odm\u00edtnut\u00ed odpov\u011bdnosti pro test raads-r<\/h2>\n\n\n\n<p>Ve\u0161ker\u00e9 informace na t\u011bchto webov\u00fdch str\u00e1nk\u00e1ch -janusai.pro - jsou zve\u0159ejn\u011bny v dobr\u00e9 v\u00ed\u0159e a slou\u017e\u00ed pouze pro v\u0161eobecn\u00e9 informa\u010dn\u00ed \u00fa\u010dely. raads-r test neposkytuje \u017e\u00e1dn\u00e9 z\u00e1ruky ohledn\u011b \u00faplnosti, spolehlivosti a p\u0159esnosti t\u011bchto informac\u00ed. Jak\u00e9koli kroky, kter\u00e9 podniknete na z\u00e1klad\u011b informac\u00ed nalezen\u00fdch na t\u011bchto webov\u00fdch str\u00e1nk\u00e1ch (raads-r test), jsou v\u00fdhradn\u011b na va\u0161e vlastn\u00ed riziko. raads-r test nenese odpov\u011bdnost za jak\u00e9koli ztr\u00e1ty a\/nebo \u0161kody v souvislosti s pou\u017e\u00edv\u00e1n\u00edm na\u0161ich webov\u00fdch str\u00e1nek. Na\u0161e prohl\u00e1\u0161en\u00ed o vylou\u010den\u00ed odpov\u011bdnosti bylo vytvo\u0159eno s pomoc\u00ed\u00a0<a href=\"https:\/\/www.privacypolicyonline.com\/disclaimer-generator\/\" target=\"_blank\" rel=\"noreferrer noopener\">Gener\u00e1tor prohl\u00e1\u0161en\u00ed o vylou\u010den\u00ed odpov\u011bdnosti<\/a>.<\/p>\n\n\n\n<p>Z na\u0161ich webov\u00fdch str\u00e1nek m\u016f\u017eete nav\u0161t\u00edvit jin\u00e9 webov\u00e9 str\u00e1nky pomoc\u00ed hypertextov\u00fdch odkaz\u016f na tyto extern\u00ed str\u00e1nky. P\u0159esto\u017ee se sna\u017e\u00edme poskytovat pouze kvalitn\u00ed odkazy na u\u017eite\u010dn\u00e9 a etick\u00e9 webov\u00e9 str\u00e1nky, nem\u00e1me kontrolu nad obsahem a povahou t\u011bchto str\u00e1nek. Tyto odkazy na jin\u00e9 webov\u00e9 str\u00e1nky neznamenaj\u00ed doporu\u010den\u00ed ve\u0161ker\u00e9ho obsahu, kter\u00fd se na t\u011bchto str\u00e1nk\u00e1ch nach\u00e1z\u00ed. Majitel\u00e9 str\u00e1nek a jejich obsah se mohou zm\u011bnit bez p\u0159edchoz\u00edho upozorn\u011bn\u00ed a m\u016f\u017ee k tomu doj\u00edt d\u0159\u00edve, ne\u017e budeme m\u00edt mo\u017enost odstranit odkaz, kter\u00fd se mohl \"pokazit\".<\/p>\n\n\n\n<p>Uv\u011bdomte si pros\u00edm, \u017ee kdy\u017e opust\u00edte na\u0161e webov\u00e9 str\u00e1nky, mohou m\u00edt jin\u00e9 str\u00e1nky odli\u0161n\u00e9 z\u00e1sady a podm\u00ednky ochrany osobn\u00edch \u00fadaj\u016f, kter\u00e9 nem\u016f\u017eeme ovlivnit. Ne\u017e se zapoj\u00edte do jak\u00e9hokoli obchodu nebo nahrajete jak\u00e9koliv informace, nezapome\u0148te si zkontrolovat z\u00e1sady ochrany osobn\u00edch \u00fadaj\u016f t\u011bchto str\u00e1nek a tak\u00e9 jejich \"Podm\u00ednky slu\u017eby\".<\/p>\n\n\n\n<h2 class=\"wp-block-heading\">Souhlas<\/h2>\n\n\n\n<p>Pou\u017e\u00edv\u00e1n\u00edm na\u0161ich webov\u00fdch str\u00e1nek vyjad\u0159ujete souhlas s na\u0161\u00edm prohl\u00e1\u0161en\u00edm o vylou\u010den\u00ed odpov\u011bdnosti a souhlas\u00edte s jeho podm\u00ednkami.<\/p>\n\n\n\n<h2 class=\"wp-block-heading\">Aktualizace<\/h2>\n\n\n\n<p>Pokud tento dokument aktualizujeme, dopl\u0148ujeme nebo m\u011bn\u00edme, budou tyto zm\u011bny viditeln\u011b zve\u0159ejn\u011bny zde.<\/p>","protected":false},"excerpt":{"rendered":"<p>Z\u0159eknut\u00ed se odpov\u011bdnosti Od janusai.pro 1. \u00fanora 2025 Pokud po\u017eadujete dal\u0161\u00ed informace nebo m\u00e1te jak\u00e9koli dotazy t\u00fdkaj\u00edc\u00ed se vylou\u010den\u00ed odpov\u011bdnosti na\u0161ich str\u00e1nek, nev\u00e1hejte n\u00e1s kontaktovat e-mailem na adrese wd.gstar@gmail.com Z\u0159eknut\u00ed se odpov\u011bdnosti pro raads-r test V\u0161echny informace na t\u00e9to webov\u00e9 str\u00e1nce \u2013janusai.pro \u2013 jsou publikov\u00e1ny v dobr\u00e9 v\u00ed\u0159e a pouze pro v\u0161eobecn\u00e9 informa\u010dn\u00ed \u00fa\u010dely. raads-r test d\u011bl\u00e1\u2026<\/p>","protected":false},"author":1,"featured_media":0,"parent":0,"menu_order":0,"comment_status":"closed","ping_status":"closed","template":"","meta":{"_kadence_starter_templates_imported_post":false,"_kad_post_transparent":"","_kad_post_title":"","_kad_post_layout":"","_kad_post_sidebar_id":"","_kad_post_content_style":"","_kad_post_vertical_padding":"","_kad_post_feature":"","_kad_post_feature_position":"","_kad_post_header":false,"_kad_post_footer":false,"footnotes":""},"class_list":["post-813","page","type-page","status-publish","hentry"],"_links":{"self":[{"href":"https:\/\/janusai.pro\/cs\/wp-json\/wp\/v2\/pages\/813","targetHints":{"allow":["GET"]}}],"collection":[{"href":"https:\/\/janusai.pro\/cs\/wp-json\/wp\/v2\/pages"}],"about":[{"href":"https:\/\/janusai.pro\/cs\/wp-json\/wp\/v2\/types\/page"}],"author":[{"embeddable":true,"href":"https:\/\/janusai.pro\/cs\/wp-json\/wp\/v2\/users\/1"}],"replies":[{"embeddable":true,"href":"https:\/\/janusai.pro\/cs\/wp-json\/wp\/v2\/comments?post=813"}],"version-history":[{"count":3,"href":"https:\/\/janusai.pro\/cs\/wp-json\/wp\/v2\/pages\/813\/revisions"}],"predecessor-version":[{"id":817,"href":"https:\/\/janusai.pro\/cs\/wp-json\/wp\/v2\/pages\/813\/revisions\/817"}],"wp:attachment":[{"href":"https:\/\/janusai.pro\/cs\/wp-json\/wp\/v2\/media?parent=813"}],"curies":[{"name":"wp","href":"https:\/\/api.w.org\/{rel}","templated":true}]}}