{"id":774,"date":"2025-01-31T05:07:51","date_gmt":"2025-01-31T05:07:51","guid":{"rendered":"https:\/\/janusai.pro\/?page_id=774"},"modified":"2025-01-31T05:09:56","modified_gmt":"2025-01-31T05:09:56","slug":"deepseek-r1-chat-freenologin","status":"publish","type":"page","link":"https:\/\/janusai.pro\/da\/deepseek-r1-chat-freenologin\/","title":{"rendered":"Deepseek R1 chat Gratis|Nologin"},"content":{"rendered":"<style>.kb-row-layout-id774_9f18a4-48 > .kt-row-column-wrap{align-content:start;}:where(.kb-row-layout-id774_9f18a4-48 > .kt-row-column-wrap) > .wp-block-kadence-column{justify-content:start;}.kb-row-layout-id774_9f18a4-48 > .kt-row-column-wrap{column-gap:var(--global-kb-gap-md, 2rem);row-gap:var(--global-kb-gap-md, 2rem);max-width:1080px;margin-left:auto;margin-right:auto;padding-top:var(--global-kb-spacing-sm, 1.5rem);padding-bottom:var(--global-kb-spacing-sm, 1.5rem);grid-template-columns:minmax(0, 1fr);}.kb-row-layout-id774_9f18a4-48 > .kt-row-layout-overlay{opacity:0.30;}@media all and (max-width: 1024px){.kb-row-layout-id774_9f18a4-48 > .kt-row-column-wrap{grid-template-columns:minmax(0, 1fr);}}@media all and (max-width: 767px){.kb-row-layout-id774_9f18a4-48 > .kt-row-column-wrap{grid-template-columns:minmax(0, 1fr);}}<\/style><div class=\"kb-row-layout-wrap kb-row-layout-id774_9f18a4-48 alignnone wp-block-kadence-rowlayout\"><div class=\"kt-row-column-wrap kt-has-1-columns kt-row-layout-equal kt-tab-layout-inherit kt-mobile-layout-row kt-row-valign-top\">\n<style>.kadence-column774_8ac99d-ae > .kt-inside-inner-col,.kadence-column774_8ac99d-ae > .kt-inside-inner-col:before{border-top-left-radius:0px;border-top-right-radius:0px;border-bottom-right-radius:0px;border-bottom-left-radius:0px;}.kadence-column774_8ac99d-ae > .kt-inside-inner-col{column-gap:var(--global-kb-gap-sm, 1rem);}.kadence-column774_8ac99d-ae > .kt-inside-inner-col{flex-direction:column;}.kadence-column774_8ac99d-ae > .kt-inside-inner-col > .aligncenter{width:100%;}.kadence-column774_8ac99d-ae > .kt-inside-inner-col:before{opacity:0.3;}.kadence-column774_8ac99d-ae{position:relative;}@media all and (max-width: 1024px){.kadence-column774_8ac99d-ae > .kt-inside-inner-col{flex-direction:column;justify-content:center;}}@media all and (max-width: 767px){.kadence-column774_8ac99d-ae > .kt-inside-inner-col{flex-direction:column;justify-content:center;}}<\/style>\n<div class=\"wp-block-kadence-column kadence-column774_8ac99d-ae\"><div class=\"kt-inside-inner-col\">\n<h2 class=\"wp-block-heading\">Hvad er Deepseek R1\uff1f<\/h2>\n\n\n\n<p><strong>DeepSeek-R1<\/strong>&nbsp;er en open source-sprogmodel, der er udviklet af den kinesiske AI-startup DeepSeek. Den er designet til at udf\u00f8re en bred vifte af tekstbaserede opgaver, herunder kreativ skrivning, besvarelse af generelle sp\u00f8rgsm\u00e5l, redigering og opsummering. Modellen er s\u00e6rligt dygtig til r\u00e6sonnementstunge opgaver som at generere og debugge kode, udf\u00f8re matematiske beregninger og forklare komplekse videnskabelige koncepter.<\/p>\n<\/div><\/div>\n\n<\/div><\/div>\n\n<style>.kb-row-layout-id774_e4cb27-c4 > .kt-row-column-wrap{align-content:start;}:where(.kb-row-layout-id774_e4cb27-c4 > .kt-row-column-wrap) > .wp-block-kadence-column{justify-content:start;}.kb-row-layout-id774_e4cb27-c4 > .kt-row-column-wrap{column-gap:var(--global-kb-gap-md, 2rem);row-gap:var(--global-kb-gap-md, 2rem);max-width:1080px;margin-left:auto;margin-right:auto;padding-top:var(--global-kb-spacing-sm, 1.5rem);padding-bottom:var(--global-kb-spacing-sm, 1.5rem);grid-template-columns:minmax(0, 1fr);}.kb-row-layout-id774_e4cb27-c4 > .kt-row-layout-overlay{opacity:0.30;}@media all and (max-width: 1024px){.kb-row-layout-id774_e4cb27-c4 > .kt-row-column-wrap{grid-template-columns:minmax(0, 1fr);}}@media all and (max-width: 767px){.kb-row-layout-id774_e4cb27-c4 > .kt-row-column-wrap{grid-template-columns:minmax(0, 1fr);}}<\/style><div class=\"kb-row-layout-wrap kb-row-layout-id774_e4cb27-c4 alignnone wp-block-kadence-rowlayout\"><div class=\"kt-row-column-wrap kt-has-1-columns kt-row-layout-equal kt-tab-layout-inherit kt-mobile-layout-row kt-row-valign-top\">\n<style>.kadence-column774_d74bd5-de > .kt-inside-inner-col{display:flex;}.kadence-column774_d74bd5-de > .kt-inside-inner-col,.kadence-column774_d74bd5-de > .kt-inside-inner-col:before{border-top-left-radius:0px;border-top-right-radius:0px;border-bottom-right-radius:0px;border-bottom-left-radius:0px;}.kadence-column774_d74bd5-de > .kt-inside-inner-col{column-gap:var(--global-kb-gap-sm, 1rem);}.kadence-column774_d74bd5-de > .kt-inside-inner-col{flex-direction:column;align-items:stretch;}.kadence-column774_d74bd5-de > .kt-inside-inner-col > .kb-image-is-ratio-size{align-self:stretch;}.kadence-column774_d74bd5-de > .kt-inside-inner-col > .wp-block-kadence-advancedgallery{align-self:stretch;}.kadence-column774_d74bd5-de > .kt-inside-inner-col > .aligncenter{width:100%;}.kadence-column774_d74bd5-de > .kt-inside-inner-col:before{opacity:0.3;}.kadence-column774_d74bd5-de{position:relative;}@media all and (max-width: 1024px){.kadence-column774_d74bd5-de > .kt-inside-inner-col{flex-direction:column;justify-content:center;align-items:stretch;}}@media all and (max-width: 767px){.kadence-column774_d74bd5-de > .kt-inside-inner-col{flex-direction:column;justify-content:center;align-items:stretch;}}<\/style>\n<div class=\"wp-block-kadence-column kadence-column774_d74bd5-de\"><div class=\"kt-inside-inner-col\"><style>.kadence-column774_016e62-c2 > .kt-inside-inner-col{display:flex;}.kadence-column774_016e62-c2 > .kt-inside-inner-col,.kadence-column774_016e62-c2 > .kt-inside-inner-col:before{border-top-left-radius:0px;border-top-right-radius:0px;border-bottom-right-radius:0px;border-bottom-left-radius:0px;}.kadence-column774_016e62-c2 > .kt-inside-inner-col{column-gap:var(--global-kb-gap-sm, 1rem);}.kadence-column774_016e62-c2 > .kt-inside-inner-col{flex-direction:column;align-items:stretch;}.kadence-column774_016e62-c2 > .kt-inside-inner-col > .kb-image-is-ratio-size{align-self:stretch;}.kadence-column774_016e62-c2 > .kt-inside-inner-col > .wp-block-kadence-advancedgallery{align-self:stretch;}.kadence-column774_016e62-c2 > .kt-inside-inner-col > .aligncenter{width:100%;}.kadence-column774_016e62-c2 > .kt-inside-inner-col:before{opacity:0.3;}.kadence-column774_016e62-c2{position:relative;}@media all and (max-width: 1024px){.kadence-column774_016e62-c2 > .kt-inside-inner-col{flex-direction:column;justify-content:center;align-items:stretch;}}@media all and (max-width: 767px){.kadence-column774_016e62-c2 > .kt-inside-inner-col{flex-direction:column;justify-content:center;align-items:stretch;}}<\/style>\n<div class=\"wp-block-kadence-column kadence-column774_016e62-c2\"><div class=\"kt-inside-inner-col\">\n<iframe\n\tsrc=\"https:\/\/llmhacker-deepseek-ai-deepseek-r1-distill-qwen-1-5b-v2.hf.space\"\n\tframeborder=\"0\"\n\twidth=\"90%\"\n\theight=\"650\"\n><\/iframe>\n<\/div><\/div>\n<\/div><\/div>\n\n<\/div><\/div>\n\n<style>.kb-row-layout-id774_73ac37-6e > .kt-row-column-wrap{align-content:start;}:where(.kb-row-layout-id774_73ac37-6e > .kt-row-column-wrap) > .wp-block-kadence-column{justify-content:start;}.kb-row-layout-id774_73ac37-6e > .kt-row-column-wrap{column-gap:var(--global-kb-gap-md, 2rem);row-gap:var(--global-kb-gap-md, 2rem);max-width:1080px;margin-left:auto;margin-right:auto;padding-top:var(--global-kb-spacing-sm, 1.5rem);padding-bottom:var(--global-kb-spacing-sm, 1.5rem);grid-template-columns:minmax(0, 1fr);}.kb-row-layout-id774_73ac37-6e > .kt-row-layout-overlay{opacity:0.30;}@media all and (max-width: 1024px){.kb-row-layout-id774_73ac37-6e > .kt-row-column-wrap{grid-template-columns:minmax(0, 1fr);}}@media all and (max-width: 767px){.kb-row-layout-id774_73ac37-6e > .kt-row-column-wrap{grid-template-columns:minmax(0, 1fr);}}<\/style><div class=\"kb-row-layout-wrap kb-row-layout-id774_73ac37-6e alignnone wp-block-kadence-rowlayout\"><div class=\"kt-row-column-wrap kt-has-1-columns kt-row-layout-equal kt-tab-layout-inherit kt-mobile-layout-row kt-row-valign-top\">\n<style>.kadence-column774_0fd989-3d > .kt-inside-inner-col,.kadence-column774_0fd989-3d > .kt-inside-inner-col:before{border-top-left-radius:0px;border-top-right-radius:0px;border-bottom-right-radius:0px;border-bottom-left-radius:0px;}.kadence-column774_0fd989-3d > .kt-inside-inner-col{column-gap:var(--global-kb-gap-sm, 1rem);}.kadence-column774_0fd989-3d > .kt-inside-inner-col{flex-direction:column;}.kadence-column774_0fd989-3d > .kt-inside-inner-col > .aligncenter{width:100%;}.kadence-column774_0fd989-3d > .kt-inside-inner-col:before{opacity:0.3;}.kadence-column774_0fd989-3d{position:relative;}@media all and (max-width: 1024px){.kadence-column774_0fd989-3d > .kt-inside-inner-col{flex-direction:column;justify-content:center;}}@media all and (max-width: 767px){.kadence-column774_0fd989-3d > .kt-inside-inner-col{flex-direction:column;justify-content:center;}}<\/style>\n<div class=\"wp-block-kadence-column kadence-column774_0fd989-3d\"><div class=\"kt-inside-inner-col\">\n<h2 class=\"wp-block-heading\">Hvad er den vigtigste funktion i Deepseek R1?<\/h2>\n\n\n\n<ul class=\"wp-block-list\">\n<li><strong>Samtale-intelligens<\/strong>: DeepSeek R1 er drevet af maskinl\u00e6ring og naturlig sprogbehandling (NLP), hvilket g\u00f8r den i stand til at forst\u00e5 og reagere p\u00e5 menneskelige sprogkommandoer i lighed med andre AI-chatbots som ChatGPT.<\/li>\n\n\n\n<li><strong>F\u00e6rdigheder i matematik, logik og probleml\u00f8sning<\/strong>: Den er specielt tr\u00e6net til komplekse logiske r\u00e6sonnementer, hvilket g\u00f8r den ideel til brancher som juridisk teknologi, dataanalyse og finansiel r\u00e5dgivning.<\/li>\n\n\n\n<li><strong>Tilg\u00e6ngelighed af open source<\/strong>: Open source g\u00f8r det muligt for udviklere at tilpasse modellen til specifikke anvendelser, hvilket \u00f8ger gennemsigtigheden og fremmer samfundsdrevne forbedringer.<\/li>\n\n\n\n<li><strong>H\u00f8j n\u00f8jagtighed til komplekse opgaver<\/strong>: DeepSeek R1 tilbyder h\u00f8j n\u00f8jagtighed i l\u00f8sningen af komplekse problemer, der kan sammenlignes med propriet\u00e6re modeller som OpenAI's o-1.<\/li>\n\n\n\n<li><strong>Multimodale kapaciteter<\/strong>: Den kan behandle tekst og potentielt billeder og lyd, hvilket g\u00f8r den velegnet til forskellige anvendelser.<\/li>\n\n\n\n<li><strong>Effektivitet og ydeevne<\/strong>: Modellen bruger en Mixture of Experts (MoE)-ramme, som sikrer h\u00f8j effektivitet og skalerbarhed uden v\u00e6sentlige stigninger i beregningsomkostningerne.<\/li>\n\n\n\n<li><strong>Tilpasning og finjustering<\/strong>: Udviklere kan tilpasse DeepSeek R1 til specifikke behov og integrere det problemfrit i forskellige projekter.<\/li>\n\n\n\n<li><strong>Omkostningseffektivitet<\/strong>: Driftsomkostningerne er betydeligt lavere sammenlignet med andre modeller, hvilket g\u00f8r den mere tilg\u00e6ngelig for nystartede virksomheder og akademiske laboratorier.<\/li>\n<\/ul>\n\n\n\n<h2 class=\"wp-block-heading\">Brug af deepseek r1<\/h2>\n\n\n\n<p>DeepSeek R1 tilbyder en bred vifte af brugsscenarier p\u00e5 tv\u00e6rs af forskellige brancher p\u00e5 grund af dens avancerede r\u00e6sonneringsfunktioner og open source-karakter. Her er nogle af de vigtigste brugsscenarier for DeepSeek R1:<\/p>\n\n\n\n<meta charset=\"UTF-8\">\n    <meta name=\"viewport\" content=\"width=device-width, initial-scale=1.0\">\n    <title>DeepSeek R1 brugsscenarier<\/title>\n    <style>\n        * {\n            box-sizing: border-box;\n            margin: 0;\n            padding: 0;\n        }\n        \n        body {\n            font-family: Arial, sans-serif;\n            line-height: 1.6;\n            padding: 2rem;\n            background-color: #f5f5f5;\n        }\n        \n        .container {\n            max-width: 1200px;\n            margin: 0 auto;\n        }\n        \n        h1 {\n            text-align: center;\n            margin-bottom: 2rem;\n            color: #333;\n        }\n        \n        .grid-container {\n            display: grid;\n            grid-template-columns: repeat(auto-fit, minmax(300px, 1fr));\n            gap: 1.5rem;\n        }\n        \n        .card {\n            background: white;\n            border-radius: 8px;\n            padding: 1.5rem;\n            box-shadow: 0 2px 4px rgba(0,0,0,0.1);\n        }\n        \n        .card h2 {\n            color: #2c5282;\n            margin-bottom: 1rem;\n            font-size: 1.25rem;\n        }\n        \n        .card ul {\n            list-style-position: inside;\n            padding-left: 0.5rem;\n        }\n        \n        .card li {\n            margin-bottom: 0.5rem;\n            color: #4a5568;\n        }\n    <\/style>\n\n\n    <div class=\"container\">\n        <h1>DeepSeek R1 brugsscenarier<\/h1>\n        <div class=\"grid-container\">\n            <div class=\"card\">\n                <h2>Generering af indhold og markedsf\u00f8ring<\/h2>\n                <ul>\n                    <li>AI-drevne blogindl\u00e6g: Genererer skriftligt indhold af h\u00f8j kvalitet<\/li>\n                    <li>Udarbejdelse af annoncetekster: Udarbejdelse af overbevisende annoncetekster<\/li>\n                    <li>Indhold til sociale medier: Producerer engagerende indl\u00e6g p\u00e5 sociale medier<\/li>\n                    <li>SEO-optimering: Hj\u00e6lper med at strukturere indhold baseret p\u00e5 s\u00f8geord<\/li>\n                <\/ul>\n            <\/div>\n            \n            <div class=\"card\">\n                <h2>Kundesupport og AI-chatbots<\/h2>\n                <ul>\n                    <li>Automatiserede svar: Forbedrer effektiviteten i kundesupporten<\/li>\n                    <li>Personlige interaktioner: Tilbyder mere personlige og pr\u00e6cise svar<\/li>\n                <\/ul>\n            <\/div>\n            \n            <div class=\"card\">\n                <h2>Softwareudvikling og kodegenerering<\/h2>\n                <ul>\n                    <li>Forbedringer af koden: Hj\u00e6lper med at foresl\u00e5 kodeforbedringer<\/li>\n                    <li>Hj\u00e6lp til fejlfinding: Giver hj\u00e6lp til fejlfinding<\/li>\n                    <li>Automatiseret dokumentation: Genererer tekniske forklaringer<\/li>\n                <\/ul>\n            <\/div>\n            \n            <div class=\"card\">\n                <h2>Sundhedspleje og medicinsk forskning<\/h2>\n                <ul>\n                    <li>Analyse af medicinske data: Hj\u00e6lper med at analysere medicinske data<\/li>\n                    <li>Anmeldelse af forskningsartikler: Gennemg\u00e5r forskningsartikler<\/li>\n                    <li>AI-drevet diagnostik: Giver diagnostik og behandlingsanbefalinger<\/li>\n                <\/ul>\n            <\/div>\n            \n            <div class=\"card\">\n                <h2>Finans og dataanalyse<\/h2>\n                <ul>\n                    <li>Forudsigende analyser: Tilbyder forudsigelige analyser til investeringer<\/li>\n                    <li>Risikovurdering: Bidrager til risikovurdering og afsl\u00f8ring af svindel<\/li>\n                <\/ul>\n            <\/div>\n            \n            <div class=\"card\">\n                <h2>Uddannelse og vejledning<\/h2>\n                <ul>\n                    <li>Matematik og videnskab: L\u00f8ser komplekse matematiske problemer<\/li>\n                    <li>Personlig l\u00e6ring: Fungerer som en digital vejleder<\/li>\n                <\/ul>\n            <\/div>\n            \n            <div class=\"card\">\n                <h2>Spil og underholdning<\/h2>\n                <ul>\n                    <li>Udvikling af spil: Kan bruges til at bygge spil p\u00e5 tv\u00e6rs af forskellige sprog<\/li>\n                <\/ul>\n            <\/div>\n        <\/div>\n    <\/div>\n\n\n\n<p>DeepSeek R1's alsidighed og omkostningseffektivitet g\u00f8r det til et v\u00e6rdifuldt v\u00e6rkt\u00f8j p\u00e5 tv\u00e6rs af disse forskellige anvendelser og tilbyder et konkurrencedygtigt alternativ til propriet\u00e6re modeller som OpenAI's GPT-4o[2][6].<\/p>\n\n\n\n<p>Citater:<br>[1] https:\/\/fastbots.ai\/blog\/deepseek-r1-explained-features-benefits-and-use-cases<br>[2] https:\/\/fireworks.ai\/blog\/deepseek-r1-deepdive<br>[3] https:\/\/www.vellum.ai\/blog\/the-training-of-deepseek-r1-and-ways-to-use-it<br>[4] https:\/\/builtin.com\/sites\/www.builtin.com\/files\/2025-01\/what-is-deepseek-r1.jpg?sa=X&amp;ved=2ahUKEwizxtnXl5-LAxUapZUCHcbYMNoQ_B16BAgBEAI<br>[5] https:\/\/www.youtube.com\/watch?v=i9kTrcf-gDQ<br>[6] https:\/\/www.datacamp.com\/blog\/deepseek-r1<br>[7] https:\/\/arstechnica.com\/ai\/2025\/01\/how-does-deepseek-r1-really-fare-against-openais-best-reasoning-models\/<br>[8] https:\/\/zapier.com\/blog\/what-is-deepseek\/<\/p>\n\n\n\n<hr class=\"wp-block-separator has-alpha-channel-opacity\"\/>\n\n\n\n<p><\/p>\n<\/div><\/div>\n\n<\/div><\/div>","protected":false},"excerpt":{"rendered":"<p>Hvad er Deepseek R1\uff1f DeepSeek-R1 er en open source-sprogmodel udviklet af den kinesiske AI-startup DeepSeek. Den er designet til at udf\u00f8re en bred vifte af tekstbaserede opgaver, herunder kreativ skrivning, generel besvarelse af sp\u00f8rgsm\u00e5l, redigering og opsummering. Modellen er s\u00e6rligt dygtig til r\u00e6sonnementstunge opgaver som at generere og debugge kode, udf\u00f8re matematiske beregninger og forklare komplekse videnskabelige koncepter Hvad er hovedfunktionen i Deepseek R1?...<\/p>","protected":false},"author":1,"featured_media":0,"parent":0,"menu_order":0,"comment_status":"closed","ping_status":"closed","template":"","meta":{"_kadence_starter_templates_imported_post":false,"_kad_post_transparent":"","_kad_post_title":"","_kad_post_layout":"","_kad_post_sidebar_id":"","_kad_post_content_style":"","_kad_post_vertical_padding":"","_kad_post_feature":"","_kad_post_feature_position":"","_kad_post_header":false,"_kad_post_footer":false,"footnotes":""},"class_list":["post-774","page","type-page","status-publish","hentry"],"_links":{"self":[{"href":"https:\/\/janusai.pro\/da\/wp-json\/wp\/v2\/pages\/774","targetHints":{"allow":["GET"]}}],"collection":[{"href":"https:\/\/janusai.pro\/da\/wp-json\/wp\/v2\/pages"}],"about":[{"href":"https:\/\/janusai.pro\/da\/wp-json\/wp\/v2\/types\/page"}],"author":[{"embeddable":true,"href":"https:\/\/janusai.pro\/da\/wp-json\/wp\/v2\/users\/1"}],"replies":[{"embeddable":true,"href":"https:\/\/janusai.pro\/da\/wp-json\/wp\/v2\/comments?post=774"}],"version-history":[{"count":2,"href":"https:\/\/janusai.pro\/da\/wp-json\/wp\/v2\/pages\/774\/revisions"}],"predecessor-version":[{"id":777,"href":"https:\/\/janusai.pro\/da\/wp-json\/wp\/v2\/pages\/774\/revisions\/777"}],"wp:attachment":[{"href":"https:\/\/janusai.pro\/da\/wp-json\/wp\/v2\/media?parent=774"}],"curies":[{"name":"wp","href":"https:\/\/api.w.org\/{rel}","templated":true}]}}