{"id":813,"date":"2025-02-01T03:48:57","date_gmt":"2025-02-01T03:48:57","guid":{"rendered":"https:\/\/janusai.pro\/?page_id=813"},"modified":"2025-02-01T03:49:32","modified_gmt":"2025-02-01T03:49:32","slug":"813-2","status":"publish","type":"page","link":"https:\/\/janusai.pro\/da\/813-2\/","title":{"rendered":"Ansvarsfraskrivelse"},"content":{"rendered":"<h1 class=\"wp-block-heading\">Ansvarsfraskrivelse<\/h1>\n\n\n\n<p>Af janusai.pro 1. februar 2025<\/p>\n\n\n\n<p>Hvis du har brug for flere oplysninger eller har sp\u00f8rgsm\u00e5l til vores websteds ansvarsfraskrivelse, er du velkommen til at kontakte os via e-mail p\u00e5 wd.gstar@gmail.com.<\/p>\n\n\n\n<h2 class=\"wp-block-heading\">Ansvarsfraskrivelse for raads-r-test<\/h2>\n\n\n\n<p>Alle oplysninger p\u00e5 dette websted -janusai.pro - offentligg\u00f8res i god tro og kun til generelle informationsform\u00e5l. raads-r test giver ingen garantier for fuldst\u00e6ndigheden, p\u00e5lideligheden og n\u00f8jagtigheden af disse oplysninger. Enhver handling, du foretager p\u00e5 baggrund af de oplysninger, du finder p\u00e5 dette websted (raads-r test), er strengt taget p\u00e5 egen risiko. raads-r test er ikke ansvarlig for tab og\/eller skader i forbindelse med brugen af vores websted. Vores ansvarsfraskrivelse blev genereret ved hj\u00e6lp af\u00a0<a href=\"https:\/\/www.privacypolicyonline.com\/disclaimer-generator\/\" target=\"_blank\" rel=\"noreferrer noopener\">Ansvarsfraskrivelsesgenerator<\/a>.<\/p>\n\n\n\n<p>Fra vores websted kan du bes\u00f8ge andre websteder ved at f\u00f8lge hyperlinks til s\u00e5danne eksterne websteder. Selv om vi bestr\u00e6ber os p\u00e5 kun at levere kvalitetslinks til nyttige og etiske hjemmesider, har vi ingen kontrol over indholdet og karakteren af disse sider. Disse links til andre websteder indeb\u00e6rer ikke en anbefaling af alt det indhold, der findes p\u00e5 disse websteder. Webstedsejere og indhold kan \u00e6ndre sig uden varsel, og det kan ske, f\u00f8r vi har mulighed for at fjerne et link, som m\u00e5ske er blevet \"d\u00e5rligt\".<\/p>\n\n\n\n<p>V\u00e6r ogs\u00e5 opm\u00e6rksom p\u00e5, at n\u00e5r du forlader vores websted, kan andre websteder have forskellige privatlivspolitikker og vilk\u00e5r, som er uden for vores kontrol. S\u00f8rg for at tjekke disse websteders privatlivspolitikker og deres \"servicevilk\u00e5r\", f\u00f8r du begynder at handle eller uploade oplysninger.<\/p>\n\n\n\n<h2 class=\"wp-block-heading\">Samtykke<\/h2>\n\n\n\n<p>Ved at bruge vores websted accepterer du hermed vores ansvarsfraskrivelse og accepterer dens vilk\u00e5r.<\/p>\n\n\n\n<h2 class=\"wp-block-heading\">Opdatering<\/h2>\n\n\n\n<p>Hvis vi opdaterer, supplerer eller foretager \u00e6ndringer i dette dokument, vil disse \u00e6ndringer blive offentliggjort tydeligt her.<\/p>","protected":false},"excerpt":{"rendered":"<p>Ansvarsfraskrivelse Af janusai.pro Feb 1, 2025 Hvis du har brug for flere oplysninger eller har sp\u00f8rgsm\u00e5l om vores websteds ansvarsfraskrivelse, er du velkommen til at kontakte os via e-mail p\u00e5 wd.gstar@gmail.com Ansvarsfraskrivelser for raads-r test Alle oplysninger p\u00e5 denne hjemmeside \u2013janusai.pro \u2013 er offentliggjort i god tro og kun til generelle informationsform\u00e5l. raads-r test g\u00f8r...<\/p>","protected":false},"author":1,"featured_media":0,"parent":0,"menu_order":0,"comment_status":"closed","ping_status":"closed","template":"","meta":{"_kadence_starter_templates_imported_post":false,"_kad_post_transparent":"","_kad_post_title":"","_kad_post_layout":"","_kad_post_sidebar_id":"","_kad_post_content_style":"","_kad_post_vertical_padding":"","_kad_post_feature":"","_kad_post_feature_position":"","_kad_post_header":false,"_kad_post_footer":false,"footnotes":""},"class_list":["post-813","page","type-page","status-publish","hentry"],"_links":{"self":[{"href":"https:\/\/janusai.pro\/da\/wp-json\/wp\/v2\/pages\/813","targetHints":{"allow":["GET"]}}],"collection":[{"href":"https:\/\/janusai.pro\/da\/wp-json\/wp\/v2\/pages"}],"about":[{"href":"https:\/\/janusai.pro\/da\/wp-json\/wp\/v2\/types\/page"}],"author":[{"embeddable":true,"href":"https:\/\/janusai.pro\/da\/wp-json\/wp\/v2\/users\/1"}],"replies":[{"embeddable":true,"href":"https:\/\/janusai.pro\/da\/wp-json\/wp\/v2\/comments?post=813"}],"version-history":[{"count":3,"href":"https:\/\/janusai.pro\/da\/wp-json\/wp\/v2\/pages\/813\/revisions"}],"predecessor-version":[{"id":817,"href":"https:\/\/janusai.pro\/da\/wp-json\/wp\/v2\/pages\/813\/revisions\/817"}],"wp:attachment":[{"href":"https:\/\/janusai.pro\/da\/wp-json\/wp\/v2\/media?parent=813"}],"curies":[{"name":"wp","href":"https:\/\/api.w.org\/{rel}","templated":true}]}}