{"id":665,"date":"2025-01-29T05:16:18","date_gmt":"2025-01-29T05:16:18","guid":{"rendered":"https:\/\/janusai.pro\/?page_id=665"},"modified":"2025-02-02T00:05:16","modified_gmt":"2025-02-02T00:05:16","slug":"flux-image-generator","status":"publish","type":"page","link":"https:\/\/janusai.pro\/de\/flux-image-generator\/","title":{"rendered":"Flux Image Generator"},"content":{"rendered":"<p><\/p>\n\n\n<style>.kb-row-layout-id665_9af544-6e > .kt-row-column-wrap{align-content:start;}:where(.kb-row-layout-id665_9af544-6e > .kt-row-column-wrap) > .wp-block-kadence-column{justify-content:start;}.kb-row-layout-id665_9af544-6e > .kt-row-column-wrap{column-gap:var(--global-kb-gap-md, 2rem);row-gap:var(--global-kb-gap-md, 2rem);max-width:860px;margin-left:auto;margin-right:auto;padding-top:var(--global-kb-spacing-sm, 1.5rem);padding-bottom:var(--global-kb-spacing-sm, 1.5rem);grid-template-columns:minmax(0, 1fr);}.kb-row-layout-id665_9af544-6e > .kt-row-layout-overlay{opacity:0.30;}@media all and (max-width: 1024px){.kb-row-layout-id665_9af544-6e > .kt-row-column-wrap{grid-template-columns:minmax(0, 1fr);}}@media all and (max-width: 767px){.kb-row-layout-id665_9af544-6e > .kt-row-column-wrap{grid-template-columns:minmax(0, 1fr);}}<\/style><div class=\"kb-row-layout-wrap kb-row-layout-id665_9af544-6e alignnone wp-block-kadence-rowlayout\"><div class=\"kt-row-column-wrap kt-has-1-columns kt-row-layout-equal kt-tab-layout-inherit kt-mobile-layout-row kt-row-valign-top\">\n<style>.kadence-column665_e8d3e6-7b > .kt-inside-inner-col,.kadence-column665_e8d3e6-7b > .kt-inside-inner-col:before{border-top-left-radius:0px;border-top-right-radius:0px;border-bottom-right-radius:0px;border-bottom-left-radius:0px;}.kadence-column665_e8d3e6-7b > .kt-inside-inner-col{column-gap:var(--global-kb-gap-sm, 1rem);}.kadence-column665_e8d3e6-7b > .kt-inside-inner-col{flex-direction:column;}.kadence-column665_e8d3e6-7b > .kt-inside-inner-col > .aligncenter{width:100%;}.kadence-column665_e8d3e6-7b > .kt-inside-inner-col:before{opacity:0.3;}.kadence-column665_e8d3e6-7b{position:relative;}@media all and (max-width: 1024px){.kadence-column665_e8d3e6-7b > .kt-inside-inner-col{flex-direction:column;justify-content:center;}}@media all and (max-width: 767px){.kadence-column665_e8d3e6-7b > .kt-inside-inner-col{flex-direction:column;justify-content:center;}}<\/style>\n<div class=\"wp-block-kadence-column kadence-column665_e8d3e6-7b\"><div class=\"kt-inside-inner-col\">\n<p>Flux Models Bildqualit\u00e4t ist besser als Janus Pro, aber es hat keine Multimodel Verst\u00e4ndnis. Sie k\u00f6nnen versuchen FLux Dev hier:<\/p>\n\n\n\n<iframe\n\tsrc=\"https:\/\/black-forest-labs-flux-1-dev.hf.space\"\n\tframeborder=\"0\"\n\twidth=\"850\"\n\theight=\"700\"\n><\/iframe>\n\n\n<style>.kadence-column665_8f213c-33 > .kt-inside-inner-col{display:flex;}.kadence-column665_8f213c-33 > .kt-inside-inner-col,.kadence-column665_8f213c-33 > .kt-inside-inner-col:before{border-top-left-radius:0px;border-top-right-radius:0px;border-bottom-right-radius:0px;border-bottom-left-radius:0px;}.kadence-column665_8f213c-33 > .kt-inside-inner-col{column-gap:var(--global-kb-gap-sm, 1rem);}.kadence-column665_8f213c-33 > .kt-inside-inner-col{flex-direction:column;align-items:center;}.kadence-column665_8f213c-33 > .kt-inside-inner-col > .kb-image-is-ratio-size{align-self:stretch;}.kadence-column665_8f213c-33 > .kt-inside-inner-col > .wp-block-kadence-advancedgallery{align-self:stretch;}.kadence-column665_8f213c-33 > .kt-inside-inner-col > .aligncenter{width:100%;}.kadence-column665_8f213c-33 > .kt-inside-inner-col:before{opacity:0.3;}.kadence-column665_8f213c-33{position:relative;}@media all and (max-width: 1024px){.kadence-column665_8f213c-33 > .kt-inside-inner-col{flex-direction:column;justify-content:center;align-items:center;}}@media all and (max-width: 767px){.kadence-column665_8f213c-33 > .kt-inside-inner-col{flex-direction:column;justify-content:center;align-items:center;}}<\/style>\n<div class=\"wp-block-kadence-column kadence-column665_8f213c-33\"><div class=\"kt-inside-inner-col\">\n<div class=\"wp-block-stackable-button-group stk-block-button-group stk-block stk-121459c\" data-block-id=\"121459c\"><style>.stk-121459c .stk-button-group{flex-direction:row !important;}.stk-121459c {border-top-left-radius:50px !important;border-top-right-radius:50px !important;border-bottom-right-radius:50px !important;border-bottom-left-radius:50px !important;overflow:hidden !important;}@media screen and (max-width: 1023px){.stk-121459c .stk-button-group{flex-direction:row !important;}}@media screen and (max-width: 767px){.stk-121459c .stk-button-group{flex-direction:row !important;}}<\/style><div class=\"stk-row stk-inner-blocks stk-block-content stk-button-group\">\n<div class=\"wp-block-stackable-button stk-block-button has-text-align-center stk-block stk-72efa7e\" data-block-id=\"72efa7e\"><a class=\"stk-link stk-button stk--hover-effect-darken\" href=\"https:\/\/vividhubs.ai\/ai-image-generator?utm_source=janusaiproflux\" target=\"_blank\" rel=\"noreferrer noopener\"><span class=\"stk--svg-wrapper\"><div class=\"stk--inner-svg\"><svg xmlns=\"http:\/\/www.w3.org\/2000\/svg\" viewbox=\"0 0 448 512\" aria-hidden=\"true\" width=\"32\" height=\"32\"><path d=\"M349.4 44.6c5.9-13.7 1.5-29.7-10.6-38.5s-28.6-8-39.9 1.8l-256 224c-10 8.8-13.6 22.9-8.9 35.3S50.7 288 64 288H175.5L98.6 467.4c-5.9 13.7-1.5 29.7 10.6 38.5s28.6 8 39.9-1.8l256-224c10-8.8 13.6-22.9 8.9-35.3s-16.6-20.7-30-20.7H272.5L349.4 44.6z\"><\/path><\/svg><\/div><\/span><span class=\"stk-button__inner-text\">Flux Image Generator mit voller Leistung &amp; FAST  <\/span><\/a><\/div>\n<\/div><\/div>\n<\/div><\/div>\n<\/div><\/div>\n\n\n<style>.kadence-column665_f8cb8d-67 > .kt-inside-inner-col,.kadence-column665_f8cb8d-67 > .kt-inside-inner-col:before{border-top-left-radius:0px;border-top-right-radius:0px;border-bottom-right-radius:0px;border-bottom-left-radius:0px;}.kadence-column665_f8cb8d-67 > .kt-inside-inner-col{column-gap:var(--global-kb-gap-sm, 1rem);}.kadence-column665_f8cb8d-67 > .kt-inside-inner-col{flex-direction:column;}.kadence-column665_f8cb8d-67 > .kt-inside-inner-col > .aligncenter{width:100%;}.kadence-column665_f8cb8d-67 > .kt-inside-inner-col:before{opacity:0.3;}.kadence-column665_f8cb8d-67{position:relative;}@media all and (max-width: 1024px){.kadence-column665_f8cb8d-67 > .kt-inside-inner-col{flex-direction:column;justify-content:center;}}@media all and (max-width: 767px){.kadence-column665_f8cb8d-67 > .kt-inside-inner-col{flex-direction:column;justify-content:center;}}<\/style>\n<div class=\"wp-block-kadence-column kadence-column665_f8cb8d-67\"><div class=\"kt-inside-inner-col\">\n<h2 class=\"wp-block-heading\">Janus Pro und Flux: Ein Vergleich<\/h2>\n\n\n\n<p><strong>Janus Pro<\/strong>&nbsp;und&nbsp;<strong>Flux<\/strong>&nbsp;sind beides KI-Modelle, die f\u00fcr die Bilderzeugung verwendet werden, aber sie haben unterschiedliche Schwerpunkte und F\u00e4higkeiten.<\/p>\n\n\n\n<h2 class=\"wp-block-heading\">Janus Pro<\/h2>\n\n\n\n<ul class=\"wp-block-list\">\n<li><strong>Multimodale F\u00e4higkeiten<\/strong>: Janus Pro ist ein multimodales Modell, das sowohl Text als auch Bilder verarbeiten kann. Es eignet sich hervorragend f\u00fcr Aufgaben wie die Umwandlung von Bildern mathematischer Gleichungen in LaTeX-Code und die Erzeugung von Bildern auf der Grundlage detaillierter Textanweisungen<\/li>\n\n\n\n<li><strong>Leistung<\/strong>: Die 7B-Parameter-Version von Janus Pro hat in Benchmark-Tests eine starke Leistung gezeigt und bei bestimmten Aufgaben Modelle wie DALL-E 3 und Stable Diffusion \u00fcbertroffen<\/li>\n\n\n\n<li><strong>Ausbildungskosten<\/strong>: Janus Pro wurde mit einem relativ geringen Budget im Vergleich zu anderen Modellen trainiert, wobei \u00e4ltere KI-Chips verwendet wurden. Das Modell mit 7B Parametern ben\u00f6tigte 14 Tage f\u00fcr das Training auf einem Cluster mit 32 Knoten und Nvidia A100 GPUs1.<\/li>\n\n\n\n<li><strong>Bildqualit\u00e4t und Aufl\u00f6sung<\/strong>: Der Janus Pro kann zwar Bilder erzeugen, aber sein Hauptaugenmerk liegt nicht nur auf der Bildqualit\u00e4t. Das Modell ist auf Eingabeaufl\u00f6sungen von 384 x 384 Pixeln beschr\u00e4nkt, obwohl es in einigen Demos Ausgabebilder mit bis zu 768 x 768 Pixeln erzeugen kann<\/li>\n<\/ul>\n\n\n\n<h2 class=\"wp-block-heading\">Flux<\/h2>\n\n\n\n<ul class=\"wp-block-list\">\n<li><strong>Bildqualit\u00e4t und Geschwindigkeit<\/strong>: Flux ist bekannt f\u00fcr seine qualitativ hochwertige Bilderzeugung und seine schnellen Verarbeitungszeiten. Es kann 1024 x 1024 Bilder schnell erzeugen, besonders wenn es mit Techniken wie Quantisierung optimiert wird.<\/li>\n\n\n\n<li><strong>Schwerpunkt<\/strong>: Flux ist in erster Linie f\u00fcr die Erstellung hochwertiger Bilder konzipiert, die andere Modelle in Bezug auf visuelle Wiedergabetreue und emotionale Tiefe oft \u00fcbertreffen<\/li>\n\n\n\n<li><strong>Gemeinschaft und Entwicklung<\/strong>: Flux hat eine starke Community-Unterst\u00fctzung mit verschiedenen Optimierungen, wie z.B. FP8-Versionen, die die Leistung auf weniger leistungsf\u00e4higer Hardware verbessern.<\/li>\n<\/ul>\n\n\n\n<h2 class=\"wp-block-heading\">Vergleichspunkte<\/h2>\n\n\n\n<figure class=\"wp-block-table\"><table class=\"has-fixed-layout\"><thead><tr><th>Merkmal<\/th><th>Janus Pro<\/th><th>Flux<\/th><\/tr><\/thead><tbody><tr><td><strong>Prim\u00e4rer Schwerpunkt<\/strong><\/td><td>Multimodale Aufgaben, Text-Bild-Interaktion<\/td><td>Hochwertige Bilderzeugung<\/td><\/tr><tr><td><strong>Leistung<\/strong><\/td><td>Hervorragende Leistungen bei der Befolgung von Anweisungen und bei multimodalen Aufgaben<\/td><td>Hochwertige Bilder mit schnellen Erstellungszeiten<\/td><\/tr><tr><td><strong>Ausbildungskosten<\/strong><\/td><td>Relativ niedriges Budget<\/td><td>Nicht ausdr\u00fccklich angegeben, wahrscheinlich h\u00f6her<\/td><\/tr><tr><td><strong>Bildaufl\u00f6sung<\/strong><\/td><td>Eingang: 384 x 384 Pixel, Ausgabe: Bis zu 768 x 768<\/td><td>Kann bis zu 1024 x 1024 Pixel erzeugen<\/td><\/tr><tr><td><strong>Unterst\u00fctzung der Gemeinschaft<\/strong><\/td><td>Open-Source, verf\u00fcgbar auf Hugging Face<\/td><td>Starke Unterst\u00fctzung der Community bei Optimierungen<\/td><\/tr><\/tbody><\/table><\/figure>\n\n\n\n<p>Zusammenfassend l\u00e4sst sich sagen, dass Janus Pro ideal f\u00fcr Aufgaben ist, die eine Interaktion zwischen Text und Bildern erfordern, w\u00e4hrend Flux sich durch die schnelle Erzeugung hochwertiger Bilder auszeichnet. Die Wahl zwischen den beiden Programmen h\u00e4ngt von den spezifischen Bed\u00fcrfnissen des Benutzers ab.<\/p>\n<\/div><\/div>\n\n<\/div><\/div>\n\n\n<p><\/p>","protected":false},"excerpt":{"rendered":"<p>Flux-Modelle Bildqualit\u00e4t ist besser als Janus Pro, aber es hat nicht Multimodel Verst\u00e4ndnis. Sie k\u00f6nnen FLux Dev hier versuchen: Flux Image Generator With Full Power &amp; FAST Janus Pro vs Flux: Ein Vergleich Janus Pro und Flux sind beides AI-Modelle, die zur Bilderzeugung verwendet werden, aber sie haben unterschiedliche Schwerpunkte und F\u00e4higkeiten. Janus Pro Flux Vergleich...<\/p>","protected":false},"author":1,"featured_media":0,"parent":0,"menu_order":0,"comment_status":"closed","ping_status":"closed","template":"","meta":{"_kadence_starter_templates_imported_post":false,"_kad_post_transparent":"","_kad_post_title":"","_kad_post_layout":"","_kad_post_sidebar_id":"","_kad_post_content_style":"","_kad_post_vertical_padding":"","_kad_post_feature":"","_kad_post_feature_position":"","_kad_post_header":false,"_kad_post_footer":false,"footnotes":""},"class_list":["post-665","page","type-page","status-publish","hentry"],"_links":{"self":[{"href":"https:\/\/janusai.pro\/de\/wp-json\/wp\/v2\/pages\/665","targetHints":{"allow":["GET"]}}],"collection":[{"href":"https:\/\/janusai.pro\/de\/wp-json\/wp\/v2\/pages"}],"about":[{"href":"https:\/\/janusai.pro\/de\/wp-json\/wp\/v2\/types\/page"}],"author":[{"embeddable":true,"href":"https:\/\/janusai.pro\/de\/wp-json\/wp\/v2\/users\/1"}],"replies":[{"embeddable":true,"href":"https:\/\/janusai.pro\/de\/wp-json\/wp\/v2\/comments?post=665"}],"version-history":[{"count":10,"href":"https:\/\/janusai.pro\/de\/wp-json\/wp\/v2\/pages\/665\/revisions"}],"predecessor-version":[{"id":825,"href":"https:\/\/janusai.pro\/de\/wp-json\/wp\/v2\/pages\/665\/revisions\/825"}],"wp:attachment":[{"href":"https:\/\/janusai.pro\/de\/wp-json\/wp\/v2\/media?parent=665"}],"curies":[{"name":"wp","href":"https:\/\/api.w.org\/{rel}","templated":true}]}}