{"id":813,"date":"2025-02-01T03:48:57","date_gmt":"2025-02-01T03:48:57","guid":{"rendered":"https:\/\/janusai.pro\/?page_id=813"},"modified":"2025-02-01T03:49:32","modified_gmt":"2025-02-01T03:49:32","slug":"813-2","status":"publish","type":"page","link":"https:\/\/janusai.pro\/de\/813-2\/","title":{"rendered":"Haftungsausschluss"},"content":{"rendered":"<h1 class=\"wp-block-heading\">Haftungsausschluss<\/h1>\n\n\n\n<p>Von janusai.pro 1. Februar 2025<\/p>\n\n\n\n<p>Wenn Sie weitere Informationen ben\u00f6tigen oder Fragen zum Haftungsausschluss unserer Website haben, k\u00f6nnen Sie uns gerne per E-Mail unter wd.gstar@gmail.com kontaktieren.<\/p>\n\n\n\n<h2 class=\"wp-block-heading\">Haftungsausschl\u00fcsse f\u00fcr den raads-r-Test<\/h2>\n\n\n\n<p>Alle Informationen auf dieser Website -janusai.pro- werden nach bestem Wissen und Gewissen und nur zu allgemeinen Informationszwecken ver\u00f6ffentlicht. raads-r test \u00fcbernimmt keine Gew\u00e4hr f\u00fcr die Vollst\u00e4ndigkeit, Zuverl\u00e4ssigkeit und Richtigkeit dieser Informationen. Jede Handlung, die Sie aufgrund der Informationen, die Sie auf dieser Website (raads-r test) finden, vornehmen, geschieht ausschlie\u00dflich auf Ihr eigenes Risiko. raads-r test haftet nicht f\u00fcr Verluste und\/oder Sch\u00e4den im Zusammenhang mit der Nutzung unserer Website. Unser Disclaimer wurde mit Hilfe des\u00a0<a href=\"https:\/\/www.privacypolicyonline.com\/disclaimer-generator\/\" target=\"_blank\" rel=\"noreferrer noopener\">Haftungsausschluss-Generator<\/a>.<\/p>\n\n\n\n<p>Von unserer Website aus k\u00f6nnen Sie andere Websites besuchen, indem Sie Hyperlinks zu solchen externen Websites folgen. Obwohl wir uns bem\u00fchen, nur qualitativ hochwertige Links zu n\u00fctzlichen und ethischen Websites anzubieten, haben wir keine Kontrolle \u00fcber den Inhalt und die Art dieser Websites. Diese Links zu anderen Websites stellen keine Empfehlung f\u00fcr den gesamten Inhalt dieser Websites dar. Die Eigent\u00fcmer und Inhalte der Websites k\u00f6nnen sich ohne Vorank\u00fcndigung \u00e4ndern und es kann vorkommen, dass wir einen Link, der m\u00f6glicherweise \"schlecht\" geworden ist, nicht entfernen k\u00f6nnen.<\/p>\n\n\n\n<p>Wenn Sie unsere Website verlassen, beachten Sie bitte auch, dass andere Websites m\u00f6glicherweise andere Datenschutzrichtlinien und -bedingungen haben, auf die wir keinen Einfluss haben. Bitte informieren Sie sich \u00fcber die Datenschutzrichtlinien dieser Websites sowie \u00fcber deren \"Nutzungsbedingungen\", bevor Sie Gesch\u00e4fte t\u00e4tigen oder Informationen hochladen.<\/p>\n\n\n\n<h2 class=\"wp-block-heading\">Zustimmung<\/h2>\n\n\n\n<p>Durch die Nutzung unserer Website erkl\u00e4ren Sie sich mit unserem Haftungsausschluss einverstanden und stimmen dessen Bedingungen zu.<\/p>\n\n\n\n<h2 class=\"wp-block-heading\">Update<\/h2>\n\n\n\n<p>Sollten wir dieses Dokument aktualisieren, erg\u00e4nzen oder \u00e4ndern, werden diese \u00c4nderungen an dieser Stelle deutlich sichtbar ver\u00f6ffentlicht.<\/p>","protected":false},"excerpt":{"rendered":"<p>Disclaimer By janusai.pro Feb 1, 2025 Wenn Sie weitere Informationen ben\u00f6tigen oder Fragen zum Haftungsausschluss unserer Website haben, k\u00f6nnen Sie uns gerne per E-Mail unter wd.gstar@gmail.com kontaktieren. Disclaimer f\u00fcr raads-r test Alle Informationen auf dieser Website -janusai.pro- werden in gutem Glauben und nur zu allgemeinen Informationszwecken ver\u00f6ffentlicht. raads-r test...<\/p>","protected":false},"author":1,"featured_media":0,"parent":0,"menu_order":0,"comment_status":"closed","ping_status":"closed","template":"","meta":{"_kadence_starter_templates_imported_post":false,"_kad_post_transparent":"","_kad_post_title":"","_kad_post_layout":"","_kad_post_sidebar_id":"","_kad_post_content_style":"","_kad_post_vertical_padding":"","_kad_post_feature":"","_kad_post_feature_position":"","_kad_post_header":false,"_kad_post_footer":false,"footnotes":""},"class_list":["post-813","page","type-page","status-publish","hentry"],"_links":{"self":[{"href":"https:\/\/janusai.pro\/de\/wp-json\/wp\/v2\/pages\/813","targetHints":{"allow":["GET"]}}],"collection":[{"href":"https:\/\/janusai.pro\/de\/wp-json\/wp\/v2\/pages"}],"about":[{"href":"https:\/\/janusai.pro\/de\/wp-json\/wp\/v2\/types\/page"}],"author":[{"embeddable":true,"href":"https:\/\/janusai.pro\/de\/wp-json\/wp\/v2\/users\/1"}],"replies":[{"embeddable":true,"href":"https:\/\/janusai.pro\/de\/wp-json\/wp\/v2\/comments?post=813"}],"version-history":[{"count":3,"href":"https:\/\/janusai.pro\/de\/wp-json\/wp\/v2\/pages\/813\/revisions"}],"predecessor-version":[{"id":817,"href":"https:\/\/janusai.pro\/de\/wp-json\/wp\/v2\/pages\/813\/revisions\/817"}],"wp:attachment":[{"href":"https:\/\/janusai.pro\/de\/wp-json\/wp\/v2\/media?parent=813"}],"curies":[{"name":"wp","href":"https:\/\/api.w.org\/{rel}","templated":true}]}}