{"id":842,"date":"2025-02-04T12:12:20","date_gmt":"2025-02-04T12:12:20","guid":{"rendered":"https:\/\/janusai.pro\/?page_id=842"},"modified":"2025-02-04T12:12:24","modified_gmt":"2025-02-04T12:12:24","slug":"janus-pro-1b-running-in-your-browser","status":"publish","type":"page","link":"https:\/\/janusai.pro\/de\/janus-pro-1b-running-in-your-browser\/","title":{"rendered":"Janus Pro 1B l\u00e4uft in Ihrem Browser"},"content":{"rendered":"<p><mark style=\"background-color:rgba(0, 0, 0, 0)\" class=\"has-inline-color has-theme-palette-9-color\">Safari wird noch nicht unterst\u00fctzt\u3002<\/mark><\/p>\n\n\n<style>.kb-row-layout-id842_d680fa-30 > .kt-row-column-wrap{align-content:start;}:where(.kb-row-layout-id842_d680fa-30 > .kt-row-column-wrap) > .wp-block-kadence-column{justify-content:start;}.kb-row-layout-id842_d680fa-30 > .kt-row-column-wrap{column-gap:var(--global-kb-gap-md, 2rem);row-gap:var(--global-kb-gap-md, 2rem);max-width:1080px;margin-left:auto;margin-right:auto;padding-top:var(--global-kb-spacing-sm, 1.5rem);padding-bottom:var(--global-kb-spacing-sm, 1.5rem);grid-template-columns:minmax(0, 1fr);}.kb-row-layout-id842_d680fa-30 > .kt-row-layout-overlay{opacity:0.30;}@media all and (max-width: 1024px){.kb-row-layout-id842_d680fa-30 > .kt-row-column-wrap{grid-template-columns:minmax(0, 1fr);}}@media all and (max-width: 767px){.kb-row-layout-id842_d680fa-30 > .kt-row-column-wrap{grid-template-columns:minmax(0, 1fr);}}<\/style><div class=\"kb-row-layout-wrap kb-row-layout-id842_d680fa-30 alignnone wp-block-kadence-rowlayout\"><div class=\"kt-row-column-wrap kt-has-1-columns kt-row-layout-equal kt-tab-layout-inherit kt-mobile-layout-row kt-row-valign-top\">\n<style>.kadence-column842_b238b3-a6 > .kt-inside-inner-col,.kadence-column842_b238b3-a6 > .kt-inside-inner-col:before{border-top-left-radius:0px;border-top-right-radius:0px;border-bottom-right-radius:0px;border-bottom-left-radius:0px;}.kadence-column842_b238b3-a6 > .kt-inside-inner-col{column-gap:var(--global-kb-gap-sm, 1rem);}.kadence-column842_b238b3-a6 > .kt-inside-inner-col{flex-direction:column;}.kadence-column842_b238b3-a6 > .kt-inside-inner-col > .aligncenter{width:100%;}.kadence-column842_b238b3-a6 > .kt-inside-inner-col:before{opacity:0.3;}.kadence-column842_b238b3-a6{position:relative;}@media all and (max-width: 1024px){.kadence-column842_b238b3-a6 > .kt-inside-inner-col{flex-direction:column;justify-content:center;}}@media all and (max-width: 767px){.kadence-column842_b238b3-a6 > .kt-inside-inner-col{flex-direction:column;justify-content:center;}}<\/style>\n<div class=\"wp-block-kadence-column kadence-column842_b238b3-a6\"><div class=\"kt-inside-inner-col\">\n<iframe\n\tsrc=\"https:\/\/llmhacker-janus-pro-webgpu.static.hf.space\"\n\tframeborder=\"0\"\n\twidth=\"1080px\"\n\theight=\"850\"\n><\/iframe>\n<\/div><\/div>\n\n<\/div><\/div>\n\n<style>.kb-row-layout-id842_5b506f-d0 > .kt-row-column-wrap{align-content:start;}:where(.kb-row-layout-id842_5b506f-d0 > .kt-row-column-wrap) > .wp-block-kadence-column{justify-content:start;}.kb-row-layout-id842_5b506f-d0 > .kt-row-column-wrap{column-gap:var(--global-kb-gap-md, 2rem);row-gap:var(--global-kb-gap-md, 2rem);max-width:1080px;margin-left:auto;margin-right:auto;padding-top:var(--global-kb-spacing-sm, 1.5rem);padding-bottom:var(--global-kb-spacing-sm, 1.5rem);grid-template-columns:minmax(0, 1fr);}.kb-row-layout-id842_5b506f-d0 > .kt-row-layout-overlay{opacity:0.30;}@media all and (max-width: 1024px){.kb-row-layout-id842_5b506f-d0 > .kt-row-column-wrap{grid-template-columns:minmax(0, 1fr);}}@media all and (max-width: 767px){.kb-row-layout-id842_5b506f-d0 > .kt-row-column-wrap{grid-template-columns:minmax(0, 1fr);}}<\/style><div class=\"kb-row-layout-wrap kb-row-layout-id842_5b506f-d0 alignnone wp-block-kadence-rowlayout\"><div class=\"kt-row-column-wrap kt-has-1-columns kt-row-layout-equal kt-tab-layout-inherit kt-mobile-layout-row kt-row-valign-top\">\n<style>.kadence-column842_3ece6d-66 > .kt-inside-inner-col,.kadence-column842_3ece6d-66 > .kt-inside-inner-col:before{border-top-left-radius:0px;border-top-right-radius:0px;border-bottom-right-radius:0px;border-bottom-left-radius:0px;}.kadence-column842_3ece6d-66 > .kt-inside-inner-col{column-gap:var(--global-kb-gap-sm, 1rem);}.kadence-column842_3ece6d-66 > .kt-inside-inner-col{flex-direction:column;}.kadence-column842_3ece6d-66 > .kt-inside-inner-col > .aligncenter{width:100%;}.kadence-column842_3ece6d-66 > .kt-inside-inner-col:before{opacity:0.3;}.kadence-column842_3ece6d-66{position:relative;}@media all and (max-width: 1024px){.kadence-column842_3ece6d-66 > .kt-inside-inner-col{flex-direction:column;justify-content:center;}}@media all and (max-width: 767px){.kadence-column842_3ece6d-66 > .kt-inside-inner-col{flex-direction:column;justify-content:center;}}<\/style>\n<div class=\"wp-block-kadence-column kadence-column842_3ece6d-66\"><div class=\"kt-inside-inner-col\"><style>.kadence-column842_4dc46a-6d > .kt-inside-inner-col,.kadence-column842_4dc46a-6d > .kt-inside-inner-col:before{border-top-left-radius:0px;border-top-right-radius:0px;border-bottom-right-radius:0px;border-bottom-left-radius:0px;}.kadence-column842_4dc46a-6d > .kt-inside-inner-col{column-gap:var(--global-kb-gap-sm, 1rem);}.kadence-column842_4dc46a-6d > .kt-inside-inner-col{flex-direction:column;}.kadence-column842_4dc46a-6d > .kt-inside-inner-col > .aligncenter{width:100%;}.kadence-column842_4dc46a-6d > .kt-inside-inner-col:before{opacity:0.3;}.kadence-column842_4dc46a-6d{position:relative;}@media all and (max-width: 1024px){.kadence-column842_4dc46a-6d > .kt-inside-inner-col{flex-direction:column;justify-content:center;}}@media all and (max-width: 767px){.kadence-column842_4dc46a-6d > .kt-inside-inner-col{flex-direction:column;justify-content:center;}}<\/style>\n<div class=\"wp-block-kadence-column kadence-column842_4dc46a-6d\"><div class=\"kt-inside-inner-col\">\n<p>Janus Pro WebGPU ist eine hochmoderne Anwendung, die f\u00fcr ein einheitliches multimodales Verst\u00e4ndnis und eine einheitliche Generierung im Browser entwickelt wurde. Sie nutzt das Janus-Pro-1B-Modell, ein autoregressives Framework, das entwickelt wurde, um sowohl Text- als auch Bildeingaben und -ausgaben zu verarbeiten, was es zu einem vielseitigen Werkzeug f\u00fcr verschiedene KI-Aufgaben macht.<\/p>\n\n\n\n<h2 class=\"wp-block-heading\">\u00dcberblick \u00fcber Janus Pro WebGPU<\/h2>\n\n\n\n<ul class=\"wp-block-list\">\n<li><strong>Rahmenwerk<\/strong>: Die Anwendung wurde mit React und Vite erstellt, wobei Transformers.js f\u00fcr die Modellintegration und WebGPU f\u00fcr die Hardwarebeschleunigung verwendet wurden.<\/li>\n\n\n\n<li><strong>Modell-F\u00e4higkeiten<\/strong>: Das Janus-Pro-1B zeichnet sich durch multimodale Aufgaben aus, bei denen der Benutzer Bilder eingeben und generierte Bilder oder textbasierte Antworten erhalten kann. Dieses Modell zeichnet sich besonders durch seine F\u00e4higkeit aus, Inhalte auf der Grundlage visueller Eingaben zu interpretieren und zu generieren, und zeigt damit fortgeschrittene F\u00e4higkeiten im Verstehen und Generieren visueller Daten.<\/li>\n\n\n\n<li><strong>Leistung<\/strong>: Das Modell funktioniert effizient in Webbrowsern, die WebGPU unterst\u00fctzen, wie z. B. Chrome. Die Benutzer haben \u00fcber erhebliche Leistungsvorteile berichtet, einschlie\u00dflich schnellerer Inferenzzeiten im Vergleich zu herk\u00f6mmlichen GPU-Konfigurationen.<\/li>\n<\/ul>\n\n\n\n<h2 class=\"wp-block-heading\">Erste Schritte mit Janus Pro WebGPU<\/h2>\n\n\n\n<p>F\u00fchren Sie die folgenden Schritte aus, um die Janus Pro WebGPU-Anwendung lokal einzurichten und auszuf\u00fchren:<\/p>\n\n\n\n<ol class=\"wp-block-list\">\n<li><strong>Klonen des Repositorys<\/strong>:bash<code>git clone https:\/\/github.com\/huggingface\/transformers.js-examples.git<\/code><\/li>\n\n\n\n<li><strong>Navigieren Sie zum Projektverzeichnis<\/strong>:bash<code>cd transformers.js-examples\/janus-webgpu<\/code><\/li>\n\n\n\n<li><strong>Abh\u00e4ngigkeiten installieren<\/strong>:bash<code>npm-Installation<\/code><\/li>\n\n\n\n<li><strong>Starten Sie den Entwicklungsserver<\/strong>:bash<code>npm run dev <\/code>Nachdem Sie diese Befehle ausgef\u00fchrt haben, \u00f6ffnen Sie Ihren Browser und navigieren Sie zu\u00a0<code>http:\/\/localhost:5173<\/code>\u00a0zur Interaktion mit der Anwendung<\/li>\n<\/ol>\n\n\n\n<h2 class=\"wp-block-heading\">Modell-Spezifikationen<\/h2>\n\n\n\n<ul class=\"wp-block-list\">\n<li><strong>Ausbildung<\/strong>: Janus-Pro-1B wird mit einem leichtgewichtigen, verteilten Trainingssystem trainiert, das in verschiedenen Benchmarks konkurrenzf\u00e4hige Leistungen erzielt. Es zeichnet sich durch eine einzigartige Architektur aus, die visuelle Kodierungspfade f\u00fcr Verstehens- und Generierungsaufgaben trennt, was sowohl die Stabilit\u00e4t als auch die Leistung verbessert.<\/li>\n\n\n\n<li><strong>Eingabebeschr\u00e4nkungen<\/strong>: Das Modell unterst\u00fctzt Bildeingaben von bis zu 384 \u00d7 384 Pixeln, was seine Leistung bei detaillierten Aufgaben wie der optischen Zeichenerkennung (OCR) beeintr\u00e4chtigen kann. Benutzer k\u00f6nnen feststellen, dass die erzeugten Bilder zwar semantisch reichhaltig sind, ihnen aber aufgrund dieser Aufl\u00f6sungsbeschr\u00e4nkung m\u00f6glicherweise feine Details fehlen<\/li>\n\n\n\n<li><strong>Offene Quelle<\/strong>: Janus Pro steht unter einer Open-Source-Lizenz zur Verf\u00fcgung, die es Entwicklern erm\u00f6glicht, die F\u00e4higkeiten des Systems unter Einhaltung ethischer Nutzungsrichtlinien frei zu erforschen.<\/li>\n<\/ul>\n<\/div><\/div>\n<\/div><\/div>\n\n<\/div><\/div>\n\n\n<p><\/p>","protected":false},"excerpt":{"rendered":"<p>Safari wird noch nicht unterst\u00fctzt\u3002 Janus Pro WebGPU ist eine hochmoderne Anwendung, die f\u00fcr ein einheitliches multimodales Verstehen und Generieren im Browser entwickelt wurde. Sie nutzt das Janus-Pro-1B-Modell, ein autoregressives Framework, das entwickelt wurde, um sowohl Text- als auch Bildeingaben und -ausgaben zu verarbeiten, was es zu einem vielseitigen Werkzeug f\u00fcr verschiedene KI-Aufgaben macht. \u00dcberblick \u00fcber Janus Pro WebGPU Getting...<\/p>","protected":false},"author":1,"featured_media":0,"parent":0,"menu_order":0,"comment_status":"closed","ping_status":"closed","template":"","meta":{"_kadence_starter_templates_imported_post":false,"_kad_post_transparent":"","_kad_post_title":"","_kad_post_layout":"","_kad_post_sidebar_id":"","_kad_post_content_style":"","_kad_post_vertical_padding":"","_kad_post_feature":"","_kad_post_feature_position":"","_kad_post_header":false,"_kad_post_footer":false,"footnotes":""},"class_list":["post-842","page","type-page","status-publish","hentry"],"_links":{"self":[{"href":"https:\/\/janusai.pro\/de\/wp-json\/wp\/v2\/pages\/842","targetHints":{"allow":["GET"]}}],"collection":[{"href":"https:\/\/janusai.pro\/de\/wp-json\/wp\/v2\/pages"}],"about":[{"href":"https:\/\/janusai.pro\/de\/wp-json\/wp\/v2\/types\/page"}],"author":[{"embeddable":true,"href":"https:\/\/janusai.pro\/de\/wp-json\/wp\/v2\/users\/1"}],"replies":[{"embeddable":true,"href":"https:\/\/janusai.pro\/de\/wp-json\/wp\/v2\/comments?post=842"}],"version-history":[{"count":1,"href":"https:\/\/janusai.pro\/de\/wp-json\/wp\/v2\/pages\/842\/revisions"}],"predecessor-version":[{"id":844,"href":"https:\/\/janusai.pro\/de\/wp-json\/wp\/v2\/pages\/842\/revisions\/844"}],"wp:attachment":[{"href":"https:\/\/janusai.pro\/de\/wp-json\/wp\/v2\/media?parent=842"}],"curies":[{"name":"wp","href":"https:\/\/api.w.org\/{rel}","templated":true}]}}