{"id":813,"date":"2025-02-01T03:48:57","date_gmt":"2025-02-01T03:48:57","guid":{"rendered":"https:\/\/janusai.pro\/?page_id=813"},"modified":"2025-02-01T03:49:32","modified_gmt":"2025-02-01T03:49:32","slug":"813-2","status":"publish","type":"page","link":"https:\/\/janusai.pro\/es\/813-2\/","title":{"rendered":"Descargo de responsabilidad"},"content":{"rendered":"<h1 class=\"wp-block-heading\">Descargo de responsabilidad<\/h1>\n\n\n\n<p>By janusai.pro 1 de febrero de 2025<\/p>\n\n\n\n<p>Si necesita m\u00e1s informaci\u00f3n o tiene alguna pregunta sobre la cl\u00e1usula de exenci\u00f3n de responsabilidad de nuestro sitio, no dude en ponerse en contacto con nosotros por correo electr\u00f3nico en wd.gstar@gmail.com.<\/p>\n\n\n\n<h2 class=\"wp-block-heading\">Descargo de responsabilidad para la prueba raads-r<\/h2>\n\n\n\n<p>Toda la informaci\u00f3n contenida en este sitio web -janusai.pro- se publica de buena fe y \u00fanicamente con fines de informaci\u00f3n general. raads-r test no garantiza la exhaustividad, fiabilidad y exactitud de esta informaci\u00f3n. Cualquier acci\u00f3n que usted tome sobre la informaci\u00f3n que encuentre en este sitio web (raads-r test), es estrictamente bajo su propio riesgo. raads-r test no ser\u00e1 responsable de ninguna p\u00e9rdida y\/o da\u00f1os en relaci\u00f3n con el uso de nuestro sitio web. Nuestro descargo de responsabilidad se ha generado con la ayuda del\u00a0<a href=\"https:\/\/www.privacypolicyonline.com\/disclaimer-generator\/\" target=\"_blank\" rel=\"noreferrer noopener\">Descargo de responsabilidad<\/a>.<\/p>\n\n\n\n<p>Desde nuestro sitio web, puede visitar otros sitios siguiendo los hiperv\u00ednculos a dichos sitios externos. Aunque nos esforzamos por ofrecer s\u00f3lo enlaces de calidad a sitios web \u00fatiles y \u00e9ticos, no tenemos ning\u00fan control sobre el contenido y la naturaleza de estos sitios. Estos enlaces a otros sitios web no implican una recomendaci\u00f3n de todos los contenidos que se encuentran en ellos. Los propietarios de los sitios y su contenido pueden cambiar sin previo aviso y puede ocurrir antes de que tengamos la oportunidad de eliminar un enlace que pueda haber salido \"malo\".<\/p>\n\n\n\n<p>Tenga en cuenta tambi\u00e9n que, cuando abandone nuestro sitio web, otros sitios pueden tener pol\u00edticas de privacidad y condiciones diferentes que escapan a nuestro control. Aseg\u00farese de consultar las pol\u00edticas de privacidad de estos sitios, as\u00ed como sus \"Condiciones de servicio\", antes de participar en cualquier negocio o cargar cualquier informaci\u00f3n.<\/p>\n\n\n\n<h2 class=\"wp-block-heading\">Consentimiento<\/h2>\n\n\n\n<p>Al utilizar nuestro sitio web, usted acepta nuestra cl\u00e1usula de exenci\u00f3n de responsabilidad y est\u00e1 de acuerdo con sus t\u00e9rminos.<\/p>\n\n\n\n<h2 class=\"wp-block-heading\">Actualizaci\u00f3n<\/h2>\n\n\n\n<p>En caso de que actualicemos, modifiquemos o introduzcamos cambios en este documento, dichos cambios se publicar\u00e1n aqu\u00ed de forma destacada.<\/p>","protected":false},"excerpt":{"rendered":"<p>Descargo de responsabilidad Por janusai.pro Feb 1, 2025 Si necesita m\u00e1s informaci\u00f3n o tiene alguna pregunta sobre el descargo de responsabilidad de nuestro sitio web, no dude en ponerse en contacto con nosotros por correo electr\u00f3nico en wd.gstar@gmail.com Descargo de responsabilidad para raads-r test Toda la informaci\u00f3n de este sitio web -janusai.pro- se publica de buena fe y s\u00f3lo con fines de informaci\u00f3n general. raads-r test no...<\/p>","protected":false},"author":1,"featured_media":0,"parent":0,"menu_order":0,"comment_status":"closed","ping_status":"closed","template":"","meta":{"_kadence_starter_templates_imported_post":false,"_kad_post_transparent":"","_kad_post_title":"","_kad_post_layout":"","_kad_post_sidebar_id":"","_kad_post_content_style":"","_kad_post_vertical_padding":"","_kad_post_feature":"","_kad_post_feature_position":"","_kad_post_header":false,"_kad_post_footer":false,"footnotes":""},"class_list":["post-813","page","type-page","status-publish","hentry"],"_links":{"self":[{"href":"https:\/\/janusai.pro\/es\/wp-json\/wp\/v2\/pages\/813","targetHints":{"allow":["GET"]}}],"collection":[{"href":"https:\/\/janusai.pro\/es\/wp-json\/wp\/v2\/pages"}],"about":[{"href":"https:\/\/janusai.pro\/es\/wp-json\/wp\/v2\/types\/page"}],"author":[{"embeddable":true,"href":"https:\/\/janusai.pro\/es\/wp-json\/wp\/v2\/users\/1"}],"replies":[{"embeddable":true,"href":"https:\/\/janusai.pro\/es\/wp-json\/wp\/v2\/comments?post=813"}],"version-history":[{"count":3,"href":"https:\/\/janusai.pro\/es\/wp-json\/wp\/v2\/pages\/813\/revisions"}],"predecessor-version":[{"id":817,"href":"https:\/\/janusai.pro\/es\/wp-json\/wp\/v2\/pages\/813\/revisions\/817"}],"wp:attachment":[{"href":"https:\/\/janusai.pro\/es\/wp-json\/wp\/v2\/media?parent=813"}],"curies":[{"name":"wp","href":"https:\/\/api.w.org\/{rel}","templated":true}]}}