{"id":665,"date":"2025-01-29T05:16:18","date_gmt":"2025-01-29T05:16:18","guid":{"rendered":"https:\/\/janusai.pro\/?page_id=665"},"modified":"2025-02-02T00:05:16","modified_gmt":"2025-02-02T00:05:16","slug":"flux-image-generator","status":"publish","type":"page","link":"https:\/\/janusai.pro\/fi\/flux-image-generator\/","title":{"rendered":"Flux Image generaattori"},"content":{"rendered":"<p><\/p>\n\n\n<style>.kb-row-layout-id665_9af544-6e > .kt-row-column-wrap{align-content:start;}:where(.kb-row-layout-id665_9af544-6e > .kt-row-column-wrap) > .wp-block-kadence-column{justify-content:start;}.kb-row-layout-id665_9af544-6e > .kt-row-column-wrap{column-gap:var(--global-kb-gap-md, 2rem);row-gap:var(--global-kb-gap-md, 2rem);max-width:860px;margin-left:auto;margin-right:auto;padding-top:var(--global-kb-spacing-sm, 1.5rem);padding-bottom:var(--global-kb-spacing-sm, 1.5rem);grid-template-columns:minmax(0, 1fr);}.kb-row-layout-id665_9af544-6e > .kt-row-layout-overlay{opacity:0.30;}@media all and (max-width: 1024px){.kb-row-layout-id665_9af544-6e > .kt-row-column-wrap{grid-template-columns:minmax(0, 1fr);}}@media all and (max-width: 767px){.kb-row-layout-id665_9af544-6e > .kt-row-column-wrap{grid-template-columns:minmax(0, 1fr);}}<\/style><div class=\"kb-row-layout-wrap kb-row-layout-id665_9af544-6e alignnone wp-block-kadence-rowlayout\"><div class=\"kt-row-column-wrap kt-has-1-columns kt-row-layout-equal kt-tab-layout-inherit kt-mobile-layout-row kt-row-valign-top\">\n<style>.kadence-column665_e8d3e6-7b > .kt-inside-inner-col,.kadence-column665_e8d3e6-7b > .kt-inside-inner-col:before{border-top-left-radius:0px;border-top-right-radius:0px;border-bottom-right-radius:0px;border-bottom-left-radius:0px;}.kadence-column665_e8d3e6-7b > .kt-inside-inner-col{column-gap:var(--global-kb-gap-sm, 1rem);}.kadence-column665_e8d3e6-7b > .kt-inside-inner-col{flex-direction:column;}.kadence-column665_e8d3e6-7b > .kt-inside-inner-col > .aligncenter{width:100%;}.kadence-column665_e8d3e6-7b > .kt-inside-inner-col:before{opacity:0.3;}.kadence-column665_e8d3e6-7b{position:relative;}@media all and (max-width: 1024px){.kadence-column665_e8d3e6-7b > .kt-inside-inner-col{flex-direction:column;justify-content:center;}}@media all and (max-width: 767px){.kadence-column665_e8d3e6-7b > .kt-inside-inner-col{flex-direction:column;justify-content:center;}}<\/style>\n<div class=\"wp-block-kadence-column kadence-column665_e8d3e6-7b\"><div class=\"kt-inside-inner-col\">\n<p>Flux-mallien kuvanlaatu on parempi kuin Janus Pro, mutta sill\u00e4 ei ole Multimodel-ymm\u00e4rryst\u00e4.Voit kokeilla FLux Devi\u00e4 t\u00e4\u00e4ll\u00e4:<\/p>\n\n\n\n<iframe\n\tsrc=\"https:\/\/black-forest-labs-flux-1-dev.hf.space\"\n\tframeborder=\"0\"\n\twidth=\"850\"\n\theight=\"700\"\n><\/iframe>\n\n\n<style>.kadence-column665_8f213c-33 > .kt-inside-inner-col{display:flex;}.kadence-column665_8f213c-33 > .kt-inside-inner-col,.kadence-column665_8f213c-33 > .kt-inside-inner-col:before{border-top-left-radius:0px;border-top-right-radius:0px;border-bottom-right-radius:0px;border-bottom-left-radius:0px;}.kadence-column665_8f213c-33 > .kt-inside-inner-col{column-gap:var(--global-kb-gap-sm, 1rem);}.kadence-column665_8f213c-33 > .kt-inside-inner-col{flex-direction:column;align-items:center;}.kadence-column665_8f213c-33 > .kt-inside-inner-col > .kb-image-is-ratio-size{align-self:stretch;}.kadence-column665_8f213c-33 > .kt-inside-inner-col > .wp-block-kadence-advancedgallery{align-self:stretch;}.kadence-column665_8f213c-33 > .kt-inside-inner-col > .aligncenter{width:100%;}.kadence-column665_8f213c-33 > .kt-inside-inner-col:before{opacity:0.3;}.kadence-column665_8f213c-33{position:relative;}@media all and (max-width: 1024px){.kadence-column665_8f213c-33 > .kt-inside-inner-col{flex-direction:column;justify-content:center;align-items:center;}}@media all and (max-width: 767px){.kadence-column665_8f213c-33 > .kt-inside-inner-col{flex-direction:column;justify-content:center;align-items:center;}}<\/style>\n<div class=\"wp-block-kadence-column kadence-column665_8f213c-33\"><div class=\"kt-inside-inner-col\">\n<div class=\"wp-block-stackable-button-group stk-block-button-group stk-block stk-121459c\" data-block-id=\"121459c\"><style>.stk-121459c .stk-button-group{flex-direction:row !important;}.stk-121459c {border-top-left-radius:50px !important;border-top-right-radius:50px !important;border-bottom-right-radius:50px !important;border-bottom-left-radius:50px !important;overflow:hidden !important;}@media screen and (max-width: 1023px){.stk-121459c .stk-button-group{flex-direction:row !important;}}@media screen and (max-width: 767px){.stk-121459c .stk-button-group{flex-direction:row !important;}}<\/style><div class=\"stk-row stk-inner-blocks stk-block-content stk-button-group\">\n<div class=\"wp-block-stackable-button stk-block-button has-text-align-center stk-block stk-72efa7e\" data-block-id=\"72efa7e\"><a class=\"stk-link stk-button stk--hover-effect-darken\" href=\"https:\/\/vividhubs.ai\/ai-image-generator?utm_source=janusaiproflux\" target=\"_blank\" rel=\"noreferrer noopener\"><span class=\"stk--svg-wrapper\"><div class=\"stk--inner-svg\"><svg xmlns=\"http:\/\/www.w3.org\/2000\/svg\" viewbox=\"0 0 448 512\" aria-hidden=\"true\" width=\"32\" height=\"32\"><path d=\"M349.4 44.6c5.9-13.7 1.5-29.7-10.6-38.5s-28.6-8-39.9 1.8l-256 224c-10 8.8-13.6 22.9-8.9 35.3S50.7 288 64 288H175.5L98.6 467.4c-5.9 13.7-1.5 29.7 10.6 38.5s28.6 8 39.9-1.8l256-224c10-8.8 13.6-22.9 8.9-35.3s-16.6-20.7-30-20.7H272.5L349.4 44.6z\"><\/path><\/svg><\/div><\/span><span class=\"stk-button__inner-text\">Flux Image Generator t\u00e4ydell\u00e4 teholla ja FASTilla  <\/span><\/a><\/div>\n<\/div><\/div>\n<\/div><\/div>\n<\/div><\/div>\n\n\n<style>.kadence-column665_f8cb8d-67 > .kt-inside-inner-col,.kadence-column665_f8cb8d-67 > .kt-inside-inner-col:before{border-top-left-radius:0px;border-top-right-radius:0px;border-bottom-right-radius:0px;border-bottom-left-radius:0px;}.kadence-column665_f8cb8d-67 > .kt-inside-inner-col{column-gap:var(--global-kb-gap-sm, 1rem);}.kadence-column665_f8cb8d-67 > .kt-inside-inner-col{flex-direction:column;}.kadence-column665_f8cb8d-67 > .kt-inside-inner-col > .aligncenter{width:100%;}.kadence-column665_f8cb8d-67 > .kt-inside-inner-col:before{opacity:0.3;}.kadence-column665_f8cb8d-67{position:relative;}@media all and (max-width: 1024px){.kadence-column665_f8cb8d-67 > .kt-inside-inner-col{flex-direction:column;justify-content:center;}}@media all and (max-width: 767px){.kadence-column665_f8cb8d-67 > .kt-inside-inner-col{flex-direction:column;justify-content:center;}}<\/style>\n<div class=\"wp-block-kadence-column kadence-column665_f8cb8d-67\"><div class=\"kt-inside-inner-col\">\n<h2 class=\"wp-block-heading\">Janus Pro vs Flux: Vertailu<\/h2>\n\n\n\n<p><strong>Janus Pro<\/strong>&nbsp;ja&nbsp;<strong>Flux<\/strong>&nbsp;ovat molemmat teko\u00e4lymalleja, joita k\u00e4ytet\u00e4\u00e4n kuvien luomiseen, mutta niiden painopisteet ja ominaisuudet ovat erilaiset.<\/p>\n\n\n\n<h2 class=\"wp-block-heading\">Janus Pro<\/h2>\n\n\n\n<ul class=\"wp-block-list\">\n<li><strong>Multimodaaliset valmiudet<\/strong>: Janus Pro on multimodaalinen malli, joka voi k\u00e4sitell\u00e4 sek\u00e4 teksti\u00e4 ett\u00e4 kuvia. Se on erinomainen esimerkiksi matemaattisten yht\u00e4l\u00f6iden kuvien muuntamisessa LaTeX-koodiksi ja kuvien luomisessa yksityiskohtaisten tekstikehotteiden perusteella.<\/li>\n\n\n\n<li><strong>Suorituskyky<\/strong>: Janus Pro:n 7B-parametrinen versio on osoittanut vahvaa suorituskyky\u00e4 vertailuanalyysitesteiss\u00e4, ja se on p\u00e4ihitt\u00e4nyt mallit kuten DALL-E 3 ja Stable Diffusion tietyiss\u00e4 teht\u00e4viss\u00e4.<\/li>\n\n\n\n<li><strong>Koulutuskustannukset<\/strong>: Janus Pro koulutettiin muihin malleihin verrattuna suhteellisen pienell\u00e4 budjetilla, ja siin\u00e4 k\u00e4ytettiin vanhempia teko\u00e4lysiruja. 7B-parametrin mallin kouluttaminen kesti 14 p\u00e4iv\u00e4\u00e4 32 solmun klusterissa, jossa oli Nvidia A100 GPU:t1.<\/li>\n\n\n\n<li><strong>Kuvan laatu ja tarkkuus<\/strong>: Vaikka Janus Pro pystyy tuottamaan kuvia, sen p\u00e4\u00e4paino ei ole pelk\u00e4st\u00e4\u00e4n kuvanlaadussa. Malli on rajoitettu 384 x 384 pikselin sy\u00f6tt\u00f6tarkkuuteen, vaikka se voi tuottaa jopa 768 x 768 pikselin kuvia joissakin demoissa.<\/li>\n<\/ul>\n\n\n\n<h2 class=\"wp-block-heading\">Flux<\/h2>\n\n\n\n<ul class=\"wp-block-list\">\n<li><strong>Kuvanlaatu ja nopeus<\/strong>: Flux on tunnettu korkealaatuisesta kuvantuotannosta ja nopeista k\u00e4sittelyajoista. Se pystyy tuottamaan 1024 x 1024 kuvaa nopeasti, varsinkin kun se on optimoitu tekniikoilla, kuten kvantisointi<\/li>\n\n\n\n<li><strong>Focus<\/strong>: Flux on suunniteltu ensisijaisesti korkealaatuisten kuvien tuottamiseen, jotka usein ylitt\u00e4v\u00e4t muut mallit visuaalisessa uskollisuudessa ja emotionaalisessa syvyydess\u00e4.<\/li>\n\n\n\n<li><strong>Yhteis\u00f6 ja kehitys<\/strong>: Fluxilla on vahva yhteis\u00f6n tuki ja saatavilla on erilaisia optimointeja, kuten FP8-versiot, jotka parantavat sen suorituskyky\u00e4 heikommilla laitteistoilla.<\/li>\n<\/ul>\n\n\n\n<h2 class=\"wp-block-heading\">Vertailupisteet<\/h2>\n\n\n\n<figure class=\"wp-block-table\"><table class=\"has-fixed-layout\"><thead><tr><th>Ominaisuus<\/th><th>Janus Pro<\/th><th>Flux<\/th><\/tr><\/thead><tbody><tr><td><strong>Ensisijainen painopiste<\/strong><\/td><td>Multimodaaliset teht\u00e4v\u00e4t, tekstin ja kuvan vuorovaikutus<\/td><td>Laadukkaiden kuvien tuottaminen<\/td><\/tr><tr><td><strong>Suorituskyky<\/strong><\/td><td>Erinomainen ohjeiden seuraamisessa, multimodaalisissa teht\u00e4viss\u00e4.<\/td><td>Laadukkaat kuvat ja nopeat luontiajat<\/td><\/tr><tr><td><strong>Koulutuskustannukset<\/strong><\/td><td>Suhteellisen pieni budjetti<\/td><td>Ei nimenomaisesti mainittu, todenn\u00e4k\u00f6isesti korkeampi<\/td><\/tr><tr><td><strong>Kuvan tarkkuus<\/strong><\/td><td>Sy\u00f6tt\u00f6: Tulo: 384 x 384 pikseli\u00e4, L\u00e4ht\u00f6: 384 x 384 pikseli\u00e4: 768 x 768<\/td><td>Voi tuottaa jopa 1024 x 1024 pikseli\u00e4<\/td><\/tr><tr><td><strong>Yhteis\u00f6n tuki<\/strong><\/td><td>Avoin l\u00e4hdekoodi, saatavilla Hugging Facessa<\/td><td>Vahva yhteis\u00f6n tuki optimoinneilla<\/td><\/tr><\/tbody><\/table><\/figure>\n\n\n\n<p>Yhteenvetona voidaan todeta, ett\u00e4 Janus Pro on ihanteellinen teht\u00e4viin, joissa tarvitaan tekstin ja kuvien v\u00e4list\u00e4 vuorovaikutusta, kun taas Flux on erinomainen korkealaatuisten kuvien nopeassa tuottamisessa. Valinta n\u00e4iden kahden v\u00e4lill\u00e4 riippuu k\u00e4ytt\u00e4j\u00e4n erityistarpeista.<\/p>\n<\/div><\/div>\n\n<\/div><\/div>\n\n\n<p><\/p>","protected":false},"excerpt":{"rendered":"<p>Flux-mallien kuvanlaatu on parempi kuin Janus Pro, mutta sill\u00e4 ei ole Multimodel-ymm\u00e4rryst\u00e4.Voit kokeilla FLux Devi\u00e4 t\u00e4\u00e4ll\u00e4: Flux Image Generator With Full Power &amp; FAST Janus Pro vs Flux: Vertailu Janus Pro ja Flux ovat molemmat AI-malleja, joita k\u00e4ytet\u00e4\u00e4n kuvien tuottamiseen, mutta niill\u00e4 on erilaiset painopisteet ja ominaisuudet. Janus Pro Flux Vertailu...<\/p>","protected":false},"author":1,"featured_media":0,"parent":0,"menu_order":0,"comment_status":"closed","ping_status":"closed","template":"","meta":{"_kadence_starter_templates_imported_post":false,"_kad_post_transparent":"","_kad_post_title":"","_kad_post_layout":"","_kad_post_sidebar_id":"","_kad_post_content_style":"","_kad_post_vertical_padding":"","_kad_post_feature":"","_kad_post_feature_position":"","_kad_post_header":false,"_kad_post_footer":false,"footnotes":""},"class_list":["post-665","page","type-page","status-publish","hentry"],"_links":{"self":[{"href":"https:\/\/janusai.pro\/fi\/wp-json\/wp\/v2\/pages\/665","targetHints":{"allow":["GET"]}}],"collection":[{"href":"https:\/\/janusai.pro\/fi\/wp-json\/wp\/v2\/pages"}],"about":[{"href":"https:\/\/janusai.pro\/fi\/wp-json\/wp\/v2\/types\/page"}],"author":[{"embeddable":true,"href":"https:\/\/janusai.pro\/fi\/wp-json\/wp\/v2\/users\/1"}],"replies":[{"embeddable":true,"href":"https:\/\/janusai.pro\/fi\/wp-json\/wp\/v2\/comments?post=665"}],"version-history":[{"count":10,"href":"https:\/\/janusai.pro\/fi\/wp-json\/wp\/v2\/pages\/665\/revisions"}],"predecessor-version":[{"id":825,"href":"https:\/\/janusai.pro\/fi\/wp-json\/wp\/v2\/pages\/665\/revisions\/825"}],"wp:attachment":[{"href":"https:\/\/janusai.pro\/fi\/wp-json\/wp\/v2\/media?parent=665"}],"curies":[{"name":"wp","href":"https:\/\/api.w.org\/{rel}","templated":true}]}}