{"id":764,"date":"2025-01-30T16:34:12","date_gmt":"2025-01-30T16:34:12","guid":{"rendered":"https:\/\/janusai.pro\/?page_id=764"},"modified":"2025-01-30T17:01:12","modified_gmt":"2025-01-30T17:01:12","slug":"image-relight-and-background-changing","status":"publish","type":"page","link":"https:\/\/janusai.pro\/fi\/image-relight-and-background-changing\/","title":{"rendered":"Kuvan uudelleen sytytt\u00e4minen ja taustan muuttaminen"},"content":{"rendered":"<style>.kb-row-layout-id764_07059d-04 > .kt-row-column-wrap{align-content:start;}:where(.kb-row-layout-id764_07059d-04 > .kt-row-column-wrap) > .wp-block-kadence-column{justify-content:start;}.kb-row-layout-id764_07059d-04 > .kt-row-column-wrap{column-gap:var(--global-kb-gap-md, 2rem);row-gap:var(--global-kb-gap-md, 2rem);max-width:1080px;margin-left:auto;margin-right:auto;padding-top:var(--global-kb-spacing-sm, 1.5rem);padding-bottom:var(--global-kb-spacing-sm, 1.5rem);grid-template-columns:minmax(0, 1fr);}.kb-row-layout-id764_07059d-04 > .kt-row-layout-overlay{opacity:0.30;}@media all and (max-width: 1024px){.kb-row-layout-id764_07059d-04 > .kt-row-column-wrap{grid-template-columns:minmax(0, 1fr);}}@media all and (max-width: 767px){.kb-row-layout-id764_07059d-04 > .kt-row-column-wrap{grid-template-columns:minmax(0, 1fr);}}<\/style><div class=\"kb-row-layout-wrap kb-row-layout-id764_07059d-04 alignnone wp-block-kadence-rowlayout\"><div class=\"kt-row-column-wrap kt-has-1-columns kt-row-layout-equal kt-tab-layout-inherit kt-mobile-layout-row kt-row-valign-top\">\n<style>.kadence-column764_3e4bb7-cb > .kt-inside-inner-col{display:flex;}.kadence-column764_3e4bb7-cb > .kt-inside-inner-col,.kadence-column764_3e4bb7-cb > .kt-inside-inner-col:before{border-top-left-radius:0px;border-top-right-radius:0px;border-bottom-right-radius:0px;border-bottom-left-radius:0px;}.kadence-column764_3e4bb7-cb > .kt-inside-inner-col{column-gap:var(--global-kb-gap-sm, 1rem);}.kadence-column764_3e4bb7-cb > .kt-inside-inner-col{flex-direction:column;align-items:center;}.kadence-column764_3e4bb7-cb > .kt-inside-inner-col > .kb-image-is-ratio-size{align-self:stretch;}.kadence-column764_3e4bb7-cb > .kt-inside-inner-col > .wp-block-kadence-advancedgallery{align-self:stretch;}.kadence-column764_3e4bb7-cb > .kt-inside-inner-col > .aligncenter{width:100%;}.kadence-column764_3e4bb7-cb > .kt-inside-inner-col:before{opacity:0.3;}.kadence-column764_3e4bb7-cb{position:relative;}@media all and (max-width: 1024px){.kadence-column764_3e4bb7-cb > .kt-inside-inner-col{flex-direction:column;justify-content:center;align-items:center;}}@media all and (max-width: 767px){.kadence-column764_3e4bb7-cb > .kt-inside-inner-col{flex-direction:column;justify-content:center;align-items:center;}}<\/style>\n<div class=\"wp-block-kadence-column kadence-column764_3e4bb7-cb\"><div class=\"kt-inside-inner-col\"><style>.kadence-column764_6ab705-ab > .kt-inside-inner-col{display:flex;}.kadence-column764_6ab705-ab > .kt-inside-inner-col,.kadence-column764_6ab705-ab > .kt-inside-inner-col:before{border-top-left-radius:0px;border-top-right-radius:0px;border-bottom-right-radius:0px;border-bottom-left-radius:0px;}.kadence-column764_6ab705-ab > .kt-inside-inner-col{column-gap:var(--global-kb-gap-sm, 1rem);}.kadence-column764_6ab705-ab > .kt-inside-inner-col{flex-direction:column;align-items:center;}.kadence-column764_6ab705-ab > .kt-inside-inner-col > .kb-image-is-ratio-size{align-self:stretch;}.kadence-column764_6ab705-ab > .kt-inside-inner-col > .wp-block-kadence-advancedgallery{align-self:stretch;}.kadence-column764_6ab705-ab > .kt-inside-inner-col > .aligncenter{width:100%;}.kadence-column764_6ab705-ab > .kt-inside-inner-col:before{opacity:0.3;}.kadence-column764_6ab705-ab{position:relative;}@media all and (max-width: 1024px){.kadence-column764_6ab705-ab > .kt-inside-inner-col{flex-direction:column;justify-content:center;align-items:center;}}@media all and (max-width: 767px){.kadence-column764_6ab705-ab > .kt-inside-inner-col{flex-direction:column;justify-content:center;align-items:center;}}<\/style>\n<div class=\"wp-block-kadence-column kadence-column764_6ab705-ab\"><div class=\"kt-inside-inner-col\">\n<p class=\"has-text-align-center has-large-font-size\">Kuinka k\u00e4ytt\u00e4\u00e4 Image Relight \uff1f<\/p>\n\n\n\n<figure class=\"wp-block-image size-large\"><img loading=\"lazy\" decoding=\"async\" width=\"1024\" height=\"795\" src=\"https:\/\/janusai.pro\/wp-content\/uploads\/2025\/01\/iShot_2025-01-30_23.58.02-1024x795.png\" alt=\"\" class=\"wp-image-768\" srcset=\"https:\/\/janusai.pro\/wp-content\/uploads\/2025\/01\/iShot_2025-01-30_23.58.02-1024x795.png 1024w, https:\/\/janusai.pro\/wp-content\/uploads\/2025\/01\/iShot_2025-01-30_23.58.02-300x233.png 300w, https:\/\/janusai.pro\/wp-content\/uploads\/2025\/01\/iShot_2025-01-30_23.58.02-768x596.png 768w, https:\/\/janusai.pro\/wp-content\/uploads\/2025\/01\/iShot_2025-01-30_23.58.02-1536x1193.png 1536w, https:\/\/janusai.pro\/wp-content\/uploads\/2025\/01\/iShot_2025-01-30_23.58.02-15x12.png 15w, https:\/\/janusai.pro\/wp-content\/uploads\/2025\/01\/iShot_2025-01-30_23.58.02.png 1942w\" sizes=\"auto, (max-width: 1024px) 100vw, 1024px\" \/><\/figure>\n\n\n\n<iframe\n\tsrc=\"https:\/\/lllyasviel-iclight-v2.hf.space\"\n\tframeborder=\"0\"\n\twidth=\"1280px\"\n\theight=\"1050px\"\n><\/iframe>\n<\/div><\/div>\n<\/div><\/div>\n\n<\/div><\/div>","protected":false},"excerpt":{"rendered":"<p>Kuinka k\u00e4ytt\u00e4\u00e4 Image Relight \uff1f<\/p>","protected":false},"author":1,"featured_media":0,"parent":0,"menu_order":0,"comment_status":"closed","ping_status":"closed","template":"","meta":{"_kadence_starter_templates_imported_post":false,"_kad_post_transparent":"","_kad_post_title":"","_kad_post_layout":"","_kad_post_sidebar_id":"","_kad_post_content_style":"","_kad_post_vertical_padding":"","_kad_post_feature":"","_kad_post_feature_position":"","_kad_post_header":false,"_kad_post_footer":false,"footnotes":""},"class_list":["post-764","page","type-page","status-publish","hentry"],"_links":{"self":[{"href":"https:\/\/janusai.pro\/fi\/wp-json\/wp\/v2\/pages\/764","targetHints":{"allow":["GET"]}}],"collection":[{"href":"https:\/\/janusai.pro\/fi\/wp-json\/wp\/v2\/pages"}],"about":[{"href":"https:\/\/janusai.pro\/fi\/wp-json\/wp\/v2\/types\/page"}],"author":[{"embeddable":true,"href":"https:\/\/janusai.pro\/fi\/wp-json\/wp\/v2\/users\/1"}],"replies":[{"embeddable":true,"href":"https:\/\/janusai.pro\/fi\/wp-json\/wp\/v2\/comments?post=764"}],"version-history":[{"count":3,"href":"https:\/\/janusai.pro\/fi\/wp-json\/wp\/v2\/pages\/764\/revisions"}],"predecessor-version":[{"id":769,"href":"https:\/\/janusai.pro\/fi\/wp-json\/wp\/v2\/pages\/764\/revisions\/769"}],"wp:attachment":[{"href":"https:\/\/janusai.pro\/fi\/wp-json\/wp\/v2\/media?parent=764"}],"curies":[{"name":"wp","href":"https:\/\/api.w.org\/{rel}","templated":true}]}}