{"id":813,"date":"2025-02-01T03:48:57","date_gmt":"2025-02-01T03:48:57","guid":{"rendered":"https:\/\/janusai.pro\/?page_id=813"},"modified":"2025-02-01T03:49:32","modified_gmt":"2025-02-01T03:49:32","slug":"813-2","status":"publish","type":"page","link":"https:\/\/janusai.pro\/fi\/813-2\/","title":{"rendered":"Vastuuvapauslauseke"},"content":{"rendered":"<h1 class=\"wp-block-heading\">Vastuuvapauslauseke<\/h1>\n\n\n\n<p>Mukaan janusai.pro 1. helmikuuta 2025<\/p>\n\n\n\n<p>Jos tarvitset lis\u00e4tietoja tai sinulla on kysytt\u00e4v\u00e4\u00e4 sivustomme vastuuvapauslausekkeesta, voit ottaa meihin yhteytt\u00e4 s\u00e4hk\u00f6postitse osoitteeseen wd.gstar@gmail.com.<\/p>\n\n\n\n<h2 class=\"wp-block-heading\">Raads-r-testin vastuuvapauslausekkeet<\/h2>\n\n\n\n<p>Kaikki t\u00e4ll\u00e4 verkkosivustolla -janusai.pro - olevat tiedot julkaistaan hyv\u00e4ss\u00e4 uskossa ja ainoastaan yleiseen tiedottamiseen. raads-r test ei anna mit\u00e4\u00e4n takuita n\u00e4iden tietojen t\u00e4ydellisyydest\u00e4, luotettavuudesta ja tarkkuudesta. Kaikki toimet, jotka teet t\u00e4ll\u00e4 verkkosivustolla (raads-r test) olevien tietojen perusteella, tapahtuvat t\u00e4ysin omalla vastuullasi. raads-r test ei ole vastuussa mist\u00e4\u00e4n tappioista ja\/tai vahingoista, jotka liittyv\u00e4t verkkosivustomme k\u00e4ytt\u00f6\u00f6n. Vastuuvapauslausekkeemme on luotu\u00a0<a href=\"https:\/\/www.privacypolicyonline.com\/disclaimer-generator\/\" target=\"_blank\" rel=\"noreferrer noopener\">Vastuuvapauslausekkeen generaattori<\/a>.<\/p>\n\n\n\n<p>Verkkosivustoltamme voit vierailla muilla verkkosivustoilla seuraamalla hyperlinkkej\u00e4 t\u00e4llaisille ulkoisille sivustoille. Vaikka pyrimme tarjoamaan vain laadukkaita linkkej\u00e4 hy\u00f6dyllisille ja eettisesti hyv\u00e4ksytt\u00e4ville verkkosivustoille, emme voi valvoa n\u00e4iden sivustojen sis\u00e4lt\u00f6\u00e4 ja luonnetta. N\u00e4m\u00e4 linkit muille verkkosivustoille eiv\u00e4t tarkoita, ett\u00e4 suosittelisimme kaikkea n\u00e4ill\u00e4 sivustoilla olevaa sis\u00e4lt\u00f6\u00e4. Sivustojen omistajat ja sis\u00e4lt\u00f6 voivat muuttua ilman ennakkoilmoitusta, ja se voi tapahtua ennen kuin meill\u00e4 on mahdollisuus poistaa linkki, joka on saattanut menn\u00e4 \"pieleen\".<\/p>\n\n\n\n<p>Huomaa my\u00f6s, ett\u00e4 kun poistut verkkosivustoltamme, muilla sivustoilla voi olla erilaiset tietosuojak\u00e4yt\u00e4nn\u00f6t ja -ehdot, joihin emme voi vaikuttaa. Muista tarkistaa n\u00e4iden sivustojen tietosuojak\u00e4yt\u00e4nn\u00f6t sek\u00e4 niiden \"k\u00e4ytt\u00f6ehdot\" ennen kuin ryhdyt liiketoimintaan tai lataat tietoja.<\/p>\n\n\n\n<h2 class=\"wp-block-heading\">Suostumus<\/h2>\n\n\n\n<p>K\u00e4ytt\u00e4m\u00e4ll\u00e4 verkkosivustoamme hyv\u00e4ksyt t\u00e4ten vastuuvapauslausekkeemme ja hyv\u00e4ksyt sen ehdot.<\/p>\n\n\n\n<h2 class=\"wp-block-heading\">P\u00e4ivitys<\/h2>\n\n\n\n<p>Jos p\u00e4ivit\u00e4mme, t\u00e4ydenn\u00e4mme tai teemme muutoksia t\u00e4h\u00e4n asiakirjaan, muutokset ilmoitetaan n\u00e4kyv\u00e4sti t\u00e4\u00e4ll\u00e4.<\/p>","protected":false},"excerpt":{"rendered":"<p>Vastuuvapauslauseke Kirjoittaja janusai.pro 1. helmikuuta 2025 Jos tarvitset lis\u00e4tietoja tai sinulla on kysytt\u00e4v\u00e4\u00e4 sivustomme vastuuvapauslausekkeesta, ota meihin yhteytt\u00e4 s\u00e4hk\u00f6postitse osoitteeseen wd.gstar@gmail.com Vastuuvapauslausekkeet raads-r-testiin Kaikki t\u00e4m\u00e4n verkkosivuston tiedot \u2013 janusai.pro \u2013 julkaistaan hyv\u00e4ss\u00e4 uskossa ja vain yleistietoa varten. raads-r testi tekee\u2026<\/p>","protected":false},"author":1,"featured_media":0,"parent":0,"menu_order":0,"comment_status":"closed","ping_status":"closed","template":"","meta":{"_kadence_starter_templates_imported_post":false,"_kad_post_transparent":"","_kad_post_title":"","_kad_post_layout":"","_kad_post_sidebar_id":"","_kad_post_content_style":"","_kad_post_vertical_padding":"","_kad_post_feature":"","_kad_post_feature_position":"","_kad_post_header":false,"_kad_post_footer":false,"footnotes":""},"class_list":["post-813","page","type-page","status-publish","hentry"],"_links":{"self":[{"href":"https:\/\/janusai.pro\/fi\/wp-json\/wp\/v2\/pages\/813","targetHints":{"allow":["GET"]}}],"collection":[{"href":"https:\/\/janusai.pro\/fi\/wp-json\/wp\/v2\/pages"}],"about":[{"href":"https:\/\/janusai.pro\/fi\/wp-json\/wp\/v2\/types\/page"}],"author":[{"embeddable":true,"href":"https:\/\/janusai.pro\/fi\/wp-json\/wp\/v2\/users\/1"}],"replies":[{"embeddable":true,"href":"https:\/\/janusai.pro\/fi\/wp-json\/wp\/v2\/comments?post=813"}],"version-history":[{"count":3,"href":"https:\/\/janusai.pro\/fi\/wp-json\/wp\/v2\/pages\/813\/revisions"}],"predecessor-version":[{"id":817,"href":"https:\/\/janusai.pro\/fi\/wp-json\/wp\/v2\/pages\/813\/revisions\/817"}],"wp:attachment":[{"href":"https:\/\/janusai.pro\/fi\/wp-json\/wp\/v2\/media?parent=813"}],"curies":[{"name":"wp","href":"https:\/\/api.w.org\/{rel}","templated":true}]}}