{"id":665,"date":"2025-01-29T05:16:18","date_gmt":"2025-01-29T05:16:18","guid":{"rendered":"https:\/\/janusai.pro\/?page_id=665"},"modified":"2025-02-02T00:05:16","modified_gmt":"2025-02-02T00:05:16","slug":"flux-image-generator","status":"publish","type":"page","link":"https:\/\/janusai.pro\/fr\/flux-image-generator\/","title":{"rendered":"G\u00e9n\u00e9rateur d'images de flux"},"content":{"rendered":"<p><\/p>\n\n\n<style>.kb-row-layout-id665_9af544-6e > .kt-row-column-wrap{align-content:start;}:where(.kb-row-layout-id665_9af544-6e > .kt-row-column-wrap) > .wp-block-kadence-column{justify-content:start;}.kb-row-layout-id665_9af544-6e > .kt-row-column-wrap{column-gap:var(--global-kb-gap-md, 2rem);row-gap:var(--global-kb-gap-md, 2rem);max-width:860px;margin-left:auto;margin-right:auto;padding-top:var(--global-kb-spacing-sm, 1.5rem);padding-bottom:var(--global-kb-spacing-sm, 1.5rem);grid-template-columns:minmax(0, 1fr);}.kb-row-layout-id665_9af544-6e > .kt-row-layout-overlay{opacity:0.30;}@media all and (max-width: 1024px){.kb-row-layout-id665_9af544-6e > .kt-row-column-wrap{grid-template-columns:minmax(0, 1fr);}}@media all and (max-width: 767px){.kb-row-layout-id665_9af544-6e > .kt-row-column-wrap{grid-template-columns:minmax(0, 1fr);}}<\/style><div class=\"kb-row-layout-wrap kb-row-layout-id665_9af544-6e alignnone wp-block-kadence-rowlayout\"><div class=\"kt-row-column-wrap kt-has-1-columns kt-row-layout-equal kt-tab-layout-inherit kt-mobile-layout-row kt-row-valign-top\">\n<style>.kadence-column665_e8d3e6-7b > .kt-inside-inner-col,.kadence-column665_e8d3e6-7b > .kt-inside-inner-col:before{border-top-left-radius:0px;border-top-right-radius:0px;border-bottom-right-radius:0px;border-bottom-left-radius:0px;}.kadence-column665_e8d3e6-7b > .kt-inside-inner-col{column-gap:var(--global-kb-gap-sm, 1rem);}.kadence-column665_e8d3e6-7b > .kt-inside-inner-col{flex-direction:column;}.kadence-column665_e8d3e6-7b > .kt-inside-inner-col > .aligncenter{width:100%;}.kadence-column665_e8d3e6-7b > .kt-inside-inner-col:before{opacity:0.3;}.kadence-column665_e8d3e6-7b{position:relative;}@media all and (max-width: 1024px){.kadence-column665_e8d3e6-7b > .kt-inside-inner-col{flex-direction:column;justify-content:center;}}@media all and (max-width: 767px){.kadence-column665_e8d3e6-7b > .kt-inside-inner-col{flex-direction:column;justify-content:center;}}<\/style>\n<div class=\"wp-block-kadence-column kadence-column665_e8d3e6-7b\"><div class=\"kt-inside-inner-col\">\n<p>La qualit\u00e9 de l'image des mod\u00e8les de Flux est meilleure que celle de Janus Pro, mais il n'y a pas de compr\u00e9hension multimod\u00e8le. Vous pouvez essayer FLux Dev ici :<\/p>\n\n\n\n<iframe\n\tsrc=\"https:\/\/black-forest-labs-flux-1-dev.hf.space\"\n\tframeborder=\"0\"\n\twidth=\"850\"\n\theight=\"700\"\n><\/iframe>\n\n\n<style>.kadence-column665_8f213c-33 > .kt-inside-inner-col{display:flex;}.kadence-column665_8f213c-33 > .kt-inside-inner-col,.kadence-column665_8f213c-33 > .kt-inside-inner-col:before{border-top-left-radius:0px;border-top-right-radius:0px;border-bottom-right-radius:0px;border-bottom-left-radius:0px;}.kadence-column665_8f213c-33 > .kt-inside-inner-col{column-gap:var(--global-kb-gap-sm, 1rem);}.kadence-column665_8f213c-33 > .kt-inside-inner-col{flex-direction:column;align-items:center;}.kadence-column665_8f213c-33 > .kt-inside-inner-col > .kb-image-is-ratio-size{align-self:stretch;}.kadence-column665_8f213c-33 > .kt-inside-inner-col > .wp-block-kadence-advancedgallery{align-self:stretch;}.kadence-column665_8f213c-33 > .kt-inside-inner-col > .aligncenter{width:100%;}.kadence-column665_8f213c-33 > .kt-inside-inner-col:before{opacity:0.3;}.kadence-column665_8f213c-33{position:relative;}@media all and (max-width: 1024px){.kadence-column665_8f213c-33 > .kt-inside-inner-col{flex-direction:column;justify-content:center;align-items:center;}}@media all and (max-width: 767px){.kadence-column665_8f213c-33 > .kt-inside-inner-col{flex-direction:column;justify-content:center;align-items:center;}}<\/style>\n<div class=\"wp-block-kadence-column kadence-column665_8f213c-33\"><div class=\"kt-inside-inner-col\">\n<div class=\"wp-block-stackable-button-group stk-block-button-group stk-block stk-121459c\" data-block-id=\"121459c\"><style>.stk-121459c .stk-button-group{flex-direction:row !important;}.stk-121459c {border-top-left-radius:50px !important;border-top-right-radius:50px !important;border-bottom-right-radius:50px !important;border-bottom-left-radius:50px !important;overflow:hidden !important;}@media screen and (max-width: 1023px){.stk-121459c .stk-button-group{flex-direction:row !important;}}@media screen and (max-width: 767px){.stk-121459c .stk-button-group{flex-direction:row !important;}}<\/style><div class=\"stk-row stk-inner-blocks stk-block-content stk-button-group\">\n<div class=\"wp-block-stackable-button stk-block-button has-text-align-center stk-block stk-72efa7e\" data-block-id=\"72efa7e\"><a class=\"stk-link stk-button stk--hover-effect-darken\" href=\"https:\/\/vividhubs.ai\/ai-image-generator?utm_source=janusaiproflux\" target=\"_blank\" rel=\"noreferrer noopener\"><span class=\"stk--svg-wrapper\"><div class=\"stk--inner-svg\"><svg xmlns=\"http:\/\/www.w3.org\/2000\/svg\" viewbox=\"0 0 448 512\" aria-hidden=\"true\" width=\"32\" height=\"32\"><path d=\"M349.4 44.6c5.9-13.7 1.5-29.7-10.6-38.5s-28.6-8-39.9 1.8l-256 224c-10 8.8-13.6 22.9-8.9 35.3S50.7 288 64 288H175.5L98.6 467.4c-5.9 13.7-1.5 29.7 10.6 38.5s28.6 8 39.9-1.8l256-224c10-8.8 13.6-22.9 8.9-35.3s-16.6-20.7-30-20.7H272.5L349.4 44.6z\"><\/path><\/svg><\/div><\/span><span class=\"stk-button__inner-text\">G\u00e9n\u00e9rateur d'images de flux \u00e0 pleine puissance et rapide  <\/span><\/a><\/div>\n<\/div><\/div>\n<\/div><\/div>\n<\/div><\/div>\n\n\n<style>.kadence-column665_f8cb8d-67 > .kt-inside-inner-col,.kadence-column665_f8cb8d-67 > .kt-inside-inner-col:before{border-top-left-radius:0px;border-top-right-radius:0px;border-bottom-right-radius:0px;border-bottom-left-radius:0px;}.kadence-column665_f8cb8d-67 > .kt-inside-inner-col{column-gap:var(--global-kb-gap-sm, 1rem);}.kadence-column665_f8cb8d-67 > .kt-inside-inner-col{flex-direction:column;}.kadence-column665_f8cb8d-67 > .kt-inside-inner-col > .aligncenter{width:100%;}.kadence-column665_f8cb8d-67 > .kt-inside-inner-col:before{opacity:0.3;}.kadence-column665_f8cb8d-67{position:relative;}@media all and (max-width: 1024px){.kadence-column665_f8cb8d-67 > .kt-inside-inner-col{flex-direction:column;justify-content:center;}}@media all and (max-width: 767px){.kadence-column665_f8cb8d-67 > .kt-inside-inner-col{flex-direction:column;justify-content:center;}}<\/style>\n<div class=\"wp-block-kadence-column kadence-column665_f8cb8d-67\"><div class=\"kt-inside-inner-col\">\n<h2 class=\"wp-block-heading\">Janus Pro vs Flux : une comparaison<\/h2>\n\n\n\n<p><strong>Janus Pro<\/strong>&nbsp;et&nbsp;<strong>Flux<\/strong>&nbsp;sont tous deux des mod\u00e8les d'IA utilis\u00e9s pour la g\u00e9n\u00e9ration d'images, mais ils ont des objectifs et des capacit\u00e9s diff\u00e9rents.<\/p>\n\n\n\n<h2 class=\"wp-block-heading\">Janus Pro<\/h2>\n\n\n\n<ul class=\"wp-block-list\">\n<li><strong>Capacit\u00e9s multimodales<\/strong>: Janus Pro est un mod\u00e8le multimodal qui peut traiter \u00e0 la fois du texte et des images. Il excelle dans des t\u00e2ches telles que la conversion d'images d'\u00e9quations math\u00e9matiques en code LaTeX et la g\u00e9n\u00e9ration d'images \u00e0 partir d'invites textuelles d\u00e9taill\u00e9es.<\/li>\n\n\n\n<li><strong>Performance<\/strong>: La version \u00e0 7B param\u00e8tres de Janus Pro a montr\u00e9 de fortes performances dans les tests de r\u00e9f\u00e9rence, surpassant des mod\u00e8les tels que DALL-E 3 et Stable Diffusion dans certaines t\u00e2ches.<\/li>\n\n\n\n<li><strong>Co\u00fbt de la formation<\/strong>: Janus Pro a \u00e9t\u00e9 form\u00e9 avec un budget relativement faible par rapport aux autres mod\u00e8les, en utilisant des puces d'IA plus anciennes. Il a fallu 14 jours pour entra\u00eener le mod\u00e8le \u00e0 7B param\u00e8tres sur une grappe de 32 n\u0153uds \u00e9quip\u00e9s de GPU Nvidia A1001.<\/li>\n\n\n\n<li><strong>Qualit\u00e9 et r\u00e9solution de l'image<\/strong>: Bien que Janus Pro puisse g\u00e9n\u00e9rer des images, son objectif premier n'est pas uniquement la qualit\u00e9 de l'image. Le mod\u00e8le est limit\u00e9 \u00e0 des r\u00e9solutions d'entr\u00e9e de 384 x 384 pixels, bien qu'il puisse produire des images de sortie allant jusqu'\u00e0 768 x 768 pixels dans certaines d\u00e9monstrations.<\/li>\n<\/ul>\n\n\n\n<h2 class=\"wp-block-heading\">Flux<\/h2>\n\n\n\n<ul class=\"wp-block-list\">\n<li><strong>Qualit\u00e9 et rapidit\u00e9 de l'image<\/strong>: Flux est connu pour sa g\u00e9n\u00e9ration d'images de haute qualit\u00e9 et ses temps de traitement rapides. Il peut produire des images de 1024 x 1024 rapidement, surtout lorsqu'il est optimis\u00e9 avec des techniques telles que la quantification.<\/li>\n\n\n\n<li><strong>Focus<\/strong>: Flux est principalement con\u00e7u pour g\u00e9n\u00e9rer des images de haute qualit\u00e9, d\u00e9passant souvent les autres mod\u00e8les en termes de fid\u00e9lit\u00e9 visuelle et de profondeur \u00e9motionnelle.<\/li>\n\n\n\n<li><strong>Communaut\u00e9 et d\u00e9veloppement<\/strong>: Flux b\u00e9n\u00e9ficie d'un soutien important de la part de la communaut\u00e9 et de diverses optimisations disponibles, telles que les versions FP8, qui am\u00e9liorent ses performances sur le mat\u00e9riel bas de gamme.<\/li>\n<\/ul>\n\n\n\n<h2 class=\"wp-block-heading\">Points de comparaison<\/h2>\n\n\n\n<figure class=\"wp-block-table\"><table class=\"has-fixed-layout\"><thead><tr><th>Fonctionnalit\u00e9<\/th><th>Janus Pro<\/th><th>Flux<\/th><\/tr><\/thead><tbody><tr><td><strong>Objectif principal<\/strong><\/td><td>T\u00e2ches multimodales, interaction texte-image<\/td><td>G\u00e9n\u00e9ration d'images de haute qualit\u00e9<\/td><\/tr><tr><td><strong>Performance<\/strong><\/td><td>Exceller dans le suivi des instructions et les t\u00e2ches multimodales<\/td><td>Images de haute qualit\u00e9 avec des temps de g\u00e9n\u00e9ration rapides<\/td><\/tr><tr><td><strong>Co\u00fbt de la formation<\/strong><\/td><td>Budget relativement faible<\/td><td>Pas explicitement indiqu\u00e9, probablement plus \u00e9lev\u00e9<\/td><\/tr><tr><td><strong>R\u00e9solution de l'image<\/strong><\/td><td>Entr\u00e9e : 384 x 384 pixels, sortie : Jusqu'\u00e0 768 x 768<\/td><td>Peut g\u00e9n\u00e9rer jusqu'\u00e0 1024 x 1024 pixels<\/td><\/tr><tr><td><strong>Soutien communautaire<\/strong><\/td><td>Open-source, disponible sur Hugging Face<\/td><td>Soutien important de la communaut\u00e9 avec des optimisations<\/td><\/tr><\/tbody><\/table><\/figure>\n\n\n\n<p>En r\u00e9sum\u00e9, Janus Pro est id\u00e9al pour les t\u00e2ches n\u00e9cessitant une interaction entre le texte et les images, tandis que Flux excelle dans la g\u00e9n\u00e9ration rapide d'images de haute qualit\u00e9. Le choix entre les deux d\u00e9pend des besoins sp\u00e9cifiques de l'utilisateur.<\/p>\n<\/div><\/div>\n\n<\/div><\/div>\n\n\n<p><\/p>","protected":false},"excerpt":{"rendered":"<p>La qualit\u00e9 de l'image des mod\u00e8les Flux est meilleure que celle de Janus Pro, mais il n'a pas de compr\u00e9hension multimod\u00e8le. Vous pouvez essayer FLux Dev ici : Flux Image Generator With Full Power &amp; FAST Janus Pro vs Flux : A Comparison Janus Pro et Flux sont tous deux des mod\u00e8les d'IA utilis\u00e9s pour la g\u00e9n\u00e9ration d'images, mais ils ont des objectifs et des capacit\u00e9s diff\u00e9rents. Janus Pro Comparaison avec Flux...<\/p>","protected":false},"author":1,"featured_media":0,"parent":0,"menu_order":0,"comment_status":"closed","ping_status":"closed","template":"","meta":{"_kadence_starter_templates_imported_post":false,"_kad_post_transparent":"","_kad_post_title":"","_kad_post_layout":"","_kad_post_sidebar_id":"","_kad_post_content_style":"","_kad_post_vertical_padding":"","_kad_post_feature":"","_kad_post_feature_position":"","_kad_post_header":false,"_kad_post_footer":false,"footnotes":""},"class_list":["post-665","page","type-page","status-publish","hentry"],"_links":{"self":[{"href":"https:\/\/janusai.pro\/fr\/wp-json\/wp\/v2\/pages\/665","targetHints":{"allow":["GET"]}}],"collection":[{"href":"https:\/\/janusai.pro\/fr\/wp-json\/wp\/v2\/pages"}],"about":[{"href":"https:\/\/janusai.pro\/fr\/wp-json\/wp\/v2\/types\/page"}],"author":[{"embeddable":true,"href":"https:\/\/janusai.pro\/fr\/wp-json\/wp\/v2\/users\/1"}],"replies":[{"embeddable":true,"href":"https:\/\/janusai.pro\/fr\/wp-json\/wp\/v2\/comments?post=665"}],"version-history":[{"count":10,"href":"https:\/\/janusai.pro\/fr\/wp-json\/wp\/v2\/pages\/665\/revisions"}],"predecessor-version":[{"id":825,"href":"https:\/\/janusai.pro\/fr\/wp-json\/wp\/v2\/pages\/665\/revisions\/825"}],"wp:attachment":[{"href":"https:\/\/janusai.pro\/fr\/wp-json\/wp\/v2\/media?parent=665"}],"curies":[{"name":"wp","href":"https:\/\/api.w.org\/{rel}","templated":true}]}}