{"id":665,"date":"2025-01-29T05:16:18","date_gmt":"2025-01-29T05:16:18","guid":{"rendered":"https:\/\/janusai.pro\/?page_id=665"},"modified":"2025-02-02T00:05:16","modified_gmt":"2025-02-02T00:05:16","slug":"flux-image-generator","status":"publish","type":"page","link":"https:\/\/janusai.pro\/hu\/flux-image-generator\/","title":{"rendered":"Flux k\u00e9pgener\u00e1tor"},"content":{"rendered":"<p><\/p>\n\n\n<style>.kb-row-layout-id665_9af544-6e > .kt-row-column-wrap{align-content:start;}:where(.kb-row-layout-id665_9af544-6e > .kt-row-column-wrap) > .wp-block-kadence-column{justify-content:start;}.kb-row-layout-id665_9af544-6e > .kt-row-column-wrap{column-gap:var(--global-kb-gap-md, 2rem);row-gap:var(--global-kb-gap-md, 2rem);max-width:860px;margin-left:auto;margin-right:auto;padding-top:var(--global-kb-spacing-sm, 1.5rem);padding-bottom:var(--global-kb-spacing-sm, 1.5rem);grid-template-columns:minmax(0, 1fr);}.kb-row-layout-id665_9af544-6e > .kt-row-layout-overlay{opacity:0.30;}@media all and (max-width: 1024px){.kb-row-layout-id665_9af544-6e > .kt-row-column-wrap{grid-template-columns:minmax(0, 1fr);}}@media all and (max-width: 767px){.kb-row-layout-id665_9af544-6e > .kt-row-column-wrap{grid-template-columns:minmax(0, 1fr);}}<\/style><div class=\"kb-row-layout-wrap kb-row-layout-id665_9af544-6e alignnone wp-block-kadence-rowlayout\"><div class=\"kt-row-column-wrap kt-has-1-columns kt-row-layout-equal kt-tab-layout-inherit kt-mobile-layout-row kt-row-valign-top\">\n<style>.kadence-column665_e8d3e6-7b > .kt-inside-inner-col,.kadence-column665_e8d3e6-7b > .kt-inside-inner-col:before{border-top-left-radius:0px;border-top-right-radius:0px;border-bottom-right-radius:0px;border-bottom-left-radius:0px;}.kadence-column665_e8d3e6-7b > .kt-inside-inner-col{column-gap:var(--global-kb-gap-sm, 1rem);}.kadence-column665_e8d3e6-7b > .kt-inside-inner-col{flex-direction:column;}.kadence-column665_e8d3e6-7b > .kt-inside-inner-col > .aligncenter{width:100%;}.kadence-column665_e8d3e6-7b > .kt-inside-inner-col:before{opacity:0.3;}.kadence-column665_e8d3e6-7b{position:relative;}@media all and (max-width: 1024px){.kadence-column665_e8d3e6-7b > .kt-inside-inner-col{flex-direction:column;justify-content:center;}}@media all and (max-width: 767px){.kadence-column665_e8d3e6-7b > .kt-inside-inner-col{flex-direction:column;justify-content:center;}}<\/style>\n<div class=\"wp-block-kadence-column kadence-column665_e8d3e6-7b\"><div class=\"kt-inside-inner-col\">\n<p>A Flux Models k\u00e9pmin\u0151s\u00e9ge jobb, mint az Janus Pro, de nem rendelkezik Multimodel meg\u00e9rt\u00e9ssel.Itt kipr\u00f3b\u00e1lhatja a FLux Dev-et:<\/p>\n\n\n\n<iframe\n\tsrc=\"https:\/\/black-forest-labs-flux-1-dev.hf.space\"\n\tframeborder=\"0\"\n\twidth=\"850\"\n\theight=\"700\"\n><\/iframe>\n\n\n<style>.kadence-column665_8f213c-33 > .kt-inside-inner-col{display:flex;}.kadence-column665_8f213c-33 > .kt-inside-inner-col,.kadence-column665_8f213c-33 > .kt-inside-inner-col:before{border-top-left-radius:0px;border-top-right-radius:0px;border-bottom-right-radius:0px;border-bottom-left-radius:0px;}.kadence-column665_8f213c-33 > .kt-inside-inner-col{column-gap:var(--global-kb-gap-sm, 1rem);}.kadence-column665_8f213c-33 > .kt-inside-inner-col{flex-direction:column;align-items:center;}.kadence-column665_8f213c-33 > .kt-inside-inner-col > .kb-image-is-ratio-size{align-self:stretch;}.kadence-column665_8f213c-33 > .kt-inside-inner-col > .wp-block-kadence-advancedgallery{align-self:stretch;}.kadence-column665_8f213c-33 > .kt-inside-inner-col > .aligncenter{width:100%;}.kadence-column665_8f213c-33 > .kt-inside-inner-col:before{opacity:0.3;}.kadence-column665_8f213c-33{position:relative;}@media all and (max-width: 1024px){.kadence-column665_8f213c-33 > .kt-inside-inner-col{flex-direction:column;justify-content:center;align-items:center;}}@media all and (max-width: 767px){.kadence-column665_8f213c-33 > .kt-inside-inner-col{flex-direction:column;justify-content:center;align-items:center;}}<\/style>\n<div class=\"wp-block-kadence-column kadence-column665_8f213c-33\"><div class=\"kt-inside-inner-col\">\n<div class=\"wp-block-stackable-button-group stk-block-button-group stk-block stk-121459c\" data-block-id=\"121459c\"><style>.stk-121459c .stk-button-group{flex-direction:row !important;}.stk-121459c {border-top-left-radius:50px !important;border-top-right-radius:50px !important;border-bottom-right-radius:50px !important;border-bottom-left-radius:50px !important;overflow:hidden !important;}@media screen and (max-width: 1023px){.stk-121459c .stk-button-group{flex-direction:row !important;}}@media screen and (max-width: 767px){.stk-121459c .stk-button-group{flex-direction:row !important;}}<\/style><div class=\"stk-row stk-inner-blocks stk-block-content stk-button-group\">\n<div class=\"wp-block-stackable-button stk-block-button has-text-align-center stk-block stk-72efa7e\" data-block-id=\"72efa7e\"><a class=\"stk-link stk-button stk--hover-effect-darken\" href=\"https:\/\/vividhubs.ai\/ai-image-generator?utm_source=janusaiproflux\" target=\"_blank\" rel=\"noreferrer noopener\"><span class=\"stk--svg-wrapper\"><div class=\"stk--inner-svg\"><svg xmlns=\"http:\/\/www.w3.org\/2000\/svg\" viewbox=\"0 0 448 512\" aria-hidden=\"true\" width=\"32\" height=\"32\"><path d=\"M349.4 44.6c5.9-13.7 1.5-29.7-10.6-38.5s-28.6-8-39.9 1.8l-256 224c-10 8.8-13.6 22.9-8.9 35.3S50.7 288 64 288H175.5L98.6 467.4c-5.9 13.7-1.5 29.7 10.6 38.5s28.6 8 39.9-1.8l256-224c10-8.8 13.6-22.9 8.9-35.3s-16.6-20.7-30-20.7H272.5L349.4 44.6z\"><\/path><\/svg><\/div><\/span><span class=\"stk-button__inner-text\">Fluxus k\u00e9pgener\u00e1tor teljes teljes\u00edtm\u00e9ny\u0171 \u00e9s FAST  <\/span><\/a><\/div>\n<\/div><\/div>\n<\/div><\/div>\n<\/div><\/div>\n\n\n<style>.kadence-column665_f8cb8d-67 > .kt-inside-inner-col,.kadence-column665_f8cb8d-67 > .kt-inside-inner-col:before{border-top-left-radius:0px;border-top-right-radius:0px;border-bottom-right-radius:0px;border-bottom-left-radius:0px;}.kadence-column665_f8cb8d-67 > .kt-inside-inner-col{column-gap:var(--global-kb-gap-sm, 1rem);}.kadence-column665_f8cb8d-67 > .kt-inside-inner-col{flex-direction:column;}.kadence-column665_f8cb8d-67 > .kt-inside-inner-col > .aligncenter{width:100%;}.kadence-column665_f8cb8d-67 > .kt-inside-inner-col:before{opacity:0.3;}.kadence-column665_f8cb8d-67{position:relative;}@media all and (max-width: 1024px){.kadence-column665_f8cb8d-67 > .kt-inside-inner-col{flex-direction:column;justify-content:center;}}@media all and (max-width: 767px){.kadence-column665_f8cb8d-67 > .kt-inside-inner-col{flex-direction:column;justify-content:center;}}<\/style>\n<div class=\"wp-block-kadence-column kadence-column665_f8cb8d-67\"><div class=\"kt-inside-inner-col\">\n<h2 class=\"wp-block-heading\">Janus Pro vs Flux: \u00f6sszehasonl\u00edt\u00e1s<\/h2>\n\n\n\n<p><strong>Janus Pro<\/strong>&nbsp;\u00e9s&nbsp;<strong>Flux<\/strong>&nbsp;mindkett\u0151 k\u00e9pgener\u00e1l\u00e1sra haszn\u00e1lt mesters\u00e9ges intelligenciamodell, de elt\u00e9r\u0151 f\u00f3kusz\u00faak \u00e9s k\u00e9pess\u00e9g\u0171ek.<\/p>\n\n\n\n<h2 class=\"wp-block-heading\">Janus Pro<\/h2>\n\n\n\n<ul class=\"wp-block-list\">\n<li><strong>Multimod\u00e1lis k\u00e9pess\u00e9gek<\/strong>: Az Janus Pro egy multimod\u00e1lis modell, amely sz\u00f6veggel \u00e9s k\u00e9pekkel egyar\u00e1nt k\u00e9pes b\u00e1nni. Kiv\u00e1l\u00f3an teljes\u00edt olyan feladatokat, mint a matematikai egyenletek k\u00e9p\u00e9nek LaTeX k\u00f3dd\u00e1 alak\u00edt\u00e1sa \u00e9s k\u00e9pek gener\u00e1l\u00e1sa r\u00e9szletes sz\u00f6veges utas\u00edt\u00e1sok alapj\u00e1n.<\/li>\n\n\n\n<li><strong>Teljes\u00edtm\u00e9ny<\/strong>: Az Janus Pro 7B param\u00e9teres v\u00e1ltozata er\u0151s teljes\u00edtm\u00e9nyt mutatott a benchmark teszteken, bizonyos feladatokban fel\u00fclm\u00falva az olyan modelleket, mint a DALL-E 3 \u00e9s a Stable Diffusion.<\/li>\n\n\n\n<li><strong>K\u00e9pz\u00e9si k\u00f6lts\u00e9g<\/strong>: Az Janus Pro-t m\u00e1s modellekhez k\u00e9pest viszonylag alacsony k\u00f6lts\u00e9gvet\u00e9sb\u0151l k\u00e9pezt\u00e9k ki, r\u00e9gebbi AI chipek felhaszn\u00e1l\u00e1s\u00e1val. A 7B param\u00e9teres modell betan\u00edt\u00e1sa 14 napot vett ig\u00e9nybe egy 32 csom\u00f3pontb\u00f3l \u00e1ll\u00f3, Nvidia A100 GPU-kkal felszerelt f\u00fcrt\u00f6n1.<\/li>\n\n\n\n<li><strong>K\u00e9pmin\u0151s\u00e9g \u00e9s felbont\u00e1s<\/strong>: B\u00e1r az Janus Pro k\u00e9pes k\u00e9peket gener\u00e1lni, els\u0151dlegesen nem kiz\u00e1r\u00f3lag a k\u00e9pmin\u0151s\u00e9gre \u00f6sszpontos\u00edt. A modell 384 x 384 pixeles bemeneti felbont\u00e1sra van korl\u00e1tozva, b\u00e1r n\u00e9h\u00e1ny dem\u00f3ban ak\u00e1r 768 x 768 pixeles kimeneti k\u00e9peket is k\u00e9pes el\u0151\u00e1ll\u00edtani.<\/li>\n<\/ul>\n\n\n\n<h2 class=\"wp-block-heading\">Flux<\/h2>\n\n\n\n<ul class=\"wp-block-list\">\n<li><strong>K\u00e9pmin\u0151s\u00e9g \u00e9s sebess\u00e9g<\/strong>: A Flux a kiv\u00e1l\u00f3 min\u0151s\u00e9g\u0171 k\u00e9palkot\u00e1sr\u00f3l \u00e9s a gyors feldolgoz\u00e1si id\u0151kr\u0151l ismert. Gyorsan k\u00e9pes 1024 x 1024 k\u00e9pet el\u0151\u00e1ll\u00edtani, k\u00fcl\u00f6n\u00f6sen, ha olyan technik\u00e1kkal optimaliz\u00e1lj\u00e1k, mint a kvant\u00e1l\u00e1s.<\/li>\n\n\n\n<li><strong>F\u00f3kusz<\/strong>: A Fluxot els\u0151sorban kiv\u00e1l\u00f3 min\u0151s\u00e9g\u0171 k\u00e9pek k\u00e9sz\u00edt\u00e9s\u00e9re tervezt\u00e9k, amelyek gyakran fel\u00fclm\u00falj\u00e1k a t\u00f6bbi modellt a vizu\u00e1lis h\u0171s\u00e9g \u00e9s az \u00e9rzelmi m\u00e9lys\u00e9g tekintet\u00e9ben.<\/li>\n\n\n\n<li><strong>K\u00f6z\u00f6ss\u00e9g \u00e9s fejleszt\u00e9s<\/strong>: A Flux er\u0151s k\u00f6z\u00f6ss\u00e9gi t\u00e1mogat\u00e1ssal rendelkezik, k\u00fcl\u00f6nb\u00f6z\u0151 optimaliz\u00e1ci\u00f3kkal, p\u00e9ld\u00e1ul FP8 verzi\u00f3kkal, amelyek jav\u00edtj\u00e1k a teljes\u00edtm\u00e9nyt alacsonyabb hardvereken.<\/li>\n<\/ul>\n\n\n\n<h2 class=\"wp-block-heading\">\u00d6sszehasonl\u00edt\u00e1si pontok<\/h2>\n\n\n\n<figure class=\"wp-block-table\"><table class=\"has-fixed-layout\"><thead><tr><th>Jellemz\u0151<\/th><th>Janus Pro<\/th><th>Flux<\/th><\/tr><\/thead><tbody><tr><td><strong>Els\u0151dleges f\u00f3kusz<\/strong><\/td><td>Multimod\u00e1lis feladatok, sz\u00f6veg-k\u00e9p interakci\u00f3<\/td><td>Kiv\u00e1l\u00f3 min\u0151s\u00e9g\u0171 k\u00e9pgener\u00e1l\u00e1s<\/td><\/tr><tr><td><strong>Teljes\u00edtm\u00e9ny<\/strong><\/td><td>Kiv\u00e1l\u00f3 az utas\u00edt\u00e1sok k\u00f6vet\u00e9s\u00e9ben, multimod\u00e1lis feladatokban<\/td><td>Kiv\u00e1l\u00f3 min\u0151s\u00e9g\u0171 k\u00e9pek gyors gener\u00e1l\u00e1si id\u0151vel<\/td><\/tr><tr><td><strong>K\u00e9pz\u00e9si k\u00f6lts\u00e9g<\/strong><\/td><td>Viszonylag alacsony k\u00f6lts\u00e9gvet\u00e9s<\/td><td>Nincs kifejezetten meghat\u00e1rozva, val\u00f3sz\u00edn\u0171leg magasabb<\/td><\/tr><tr><td><strong>K\u00e9pfelbont\u00e1s<\/strong><\/td><td>Bemenet: Kimenet: 384 x 384 k\u00e9ppont, 384 x 384 pixel: 768 x 768 pixelig<\/td><td>Ak\u00e1r 1024 x 1024 k\u00e9ppontot is k\u00e9pes l\u00e9trehozni<\/td><\/tr><tr><td><strong>K\u00f6z\u00f6ss\u00e9gi t\u00e1mogat\u00e1s<\/strong><\/td><td>Ny\u00edlt forr\u00e1sk\u00f3d\u00fa, el\u00e9rhet\u0151 a Hugging Face oldalon<\/td><td>Er\u0151s k\u00f6z\u00f6ss\u00e9gi t\u00e1mogat\u00e1s optimaliz\u00e1ci\u00f3kkal<\/td><\/tr><\/tbody><\/table><\/figure>\n\n\n\n<p>\u00d6sszefoglalva, az Janus Pro ide\u00e1lis a sz\u00f6veg \u00e9s a k\u00e9pek k\u00f6z\u00f6tti interakci\u00f3t ig\u00e9nyl\u0151 feladatokhoz, m\u00edg a Flux kiv\u00e1l\u00f3an alkalmas a kiv\u00e1l\u00f3 min\u0151s\u00e9g\u0171 k\u00e9pek gyors el\u0151\u00e1ll\u00edt\u00e1s\u00e1ra. A kett\u0151 k\u00f6z\u00f6tti v\u00e1laszt\u00e1s a felhaszn\u00e1l\u00f3 konkr\u00e9t ig\u00e9nyeit\u0151l f\u00fcgg.<\/p>\n<\/div><\/div>\n\n<\/div><\/div>\n\n\n<p><\/p>","protected":false},"excerpt":{"rendered":"<p>A Flux Models k\u00e9pmin\u0151s\u00e9ge jobb, mint az Janus Pro, de nem rendelkezik Multimodel meg\u00e9rt\u00e9ssel.Itt kipr\u00f3b\u00e1lhatja a FLux Dev-et: Flux Image Generator With Full Power &amp; FAST Janus Pro vs Flux: A Comparison Janus Pro \u00e9s Flux mindkett\u0151 AI modellek k\u00e9pgener\u00e1l\u00e1shoz haszn\u00e1lt, de k\u00fcl\u00f6nb\u00f6z\u0151 f\u00f3kuszokkal \u00e9s k\u00e9pess\u00e9gekkel rendelkeznek. Janus Pro Flux \u00f6sszehasonl\u00edt\u00e1s...<\/p>","protected":false},"author":1,"featured_media":0,"parent":0,"menu_order":0,"comment_status":"closed","ping_status":"closed","template":"","meta":{"_kadence_starter_templates_imported_post":false,"_kad_post_transparent":"","_kad_post_title":"","_kad_post_layout":"","_kad_post_sidebar_id":"","_kad_post_content_style":"","_kad_post_vertical_padding":"","_kad_post_feature":"","_kad_post_feature_position":"","_kad_post_header":false,"_kad_post_footer":false,"footnotes":""},"class_list":["post-665","page","type-page","status-publish","hentry"],"_links":{"self":[{"href":"https:\/\/janusai.pro\/hu\/wp-json\/wp\/v2\/pages\/665","targetHints":{"allow":["GET"]}}],"collection":[{"href":"https:\/\/janusai.pro\/hu\/wp-json\/wp\/v2\/pages"}],"about":[{"href":"https:\/\/janusai.pro\/hu\/wp-json\/wp\/v2\/types\/page"}],"author":[{"embeddable":true,"href":"https:\/\/janusai.pro\/hu\/wp-json\/wp\/v2\/users\/1"}],"replies":[{"embeddable":true,"href":"https:\/\/janusai.pro\/hu\/wp-json\/wp\/v2\/comments?post=665"}],"version-history":[{"count":10,"href":"https:\/\/janusai.pro\/hu\/wp-json\/wp\/v2\/pages\/665\/revisions"}],"predecessor-version":[{"id":825,"href":"https:\/\/janusai.pro\/hu\/wp-json\/wp\/v2\/pages\/665\/revisions\/825"}],"wp:attachment":[{"href":"https:\/\/janusai.pro\/hu\/wp-json\/wp\/v2\/media?parent=665"}],"curies":[{"name":"munkaf\u00fczet","href":"https:\/\/api.w.org\/{rel}","templated":true}]}}