{"id":774,"date":"2025-01-31T05:07:51","date_gmt":"2025-01-31T05:07:51","guid":{"rendered":"https:\/\/janusai.pro\/?page_id=774"},"modified":"2025-01-31T05:09:56","modified_gmt":"2025-01-31T05:09:56","slug":"deepseek-r1-chat-freenologin","status":"publish","type":"page","link":"https:\/\/janusai.pro\/hu\/deepseek-r1-chat-freenologin\/","title":{"rendered":"Deepseek R1 chat Ingyenes|Nologin"},"content":{"rendered":"<style>.kb-row-layout-id774_9f18a4-48 > .kt-row-column-wrap{align-content:start;}:where(.kb-row-layout-id774_9f18a4-48 > .kt-row-column-wrap) > .wp-block-kadence-column{justify-content:start;}.kb-row-layout-id774_9f18a4-48 > .kt-row-column-wrap{column-gap:var(--global-kb-gap-md, 2rem);row-gap:var(--global-kb-gap-md, 2rem);max-width:1080px;margin-left:auto;margin-right:auto;padding-top:var(--global-kb-spacing-sm, 1.5rem);padding-bottom:var(--global-kb-spacing-sm, 1.5rem);grid-template-columns:minmax(0, 1fr);}.kb-row-layout-id774_9f18a4-48 > .kt-row-layout-overlay{opacity:0.30;}@media all and (max-width: 1024px){.kb-row-layout-id774_9f18a4-48 > .kt-row-column-wrap{grid-template-columns:minmax(0, 1fr);}}@media all and (max-width: 767px){.kb-row-layout-id774_9f18a4-48 > .kt-row-column-wrap{grid-template-columns:minmax(0, 1fr);}}<\/style><div class=\"kb-row-layout-wrap kb-row-layout-id774_9f18a4-48 alignnone wp-block-kadence-rowlayout\"><div class=\"kt-row-column-wrap kt-has-1-columns kt-row-layout-equal kt-tab-layout-inherit kt-mobile-layout-row kt-row-valign-top\">\n<style>.kadence-column774_8ac99d-ae > .kt-inside-inner-col,.kadence-column774_8ac99d-ae > .kt-inside-inner-col:before{border-top-left-radius:0px;border-top-right-radius:0px;border-bottom-right-radius:0px;border-bottom-left-radius:0px;}.kadence-column774_8ac99d-ae > .kt-inside-inner-col{column-gap:var(--global-kb-gap-sm, 1rem);}.kadence-column774_8ac99d-ae > .kt-inside-inner-col{flex-direction:column;}.kadence-column774_8ac99d-ae > .kt-inside-inner-col > .aligncenter{width:100%;}.kadence-column774_8ac99d-ae > .kt-inside-inner-col:before{opacity:0.3;}.kadence-column774_8ac99d-ae{position:relative;}@media all and (max-width: 1024px){.kadence-column774_8ac99d-ae > .kt-inside-inner-col{flex-direction:column;justify-content:center;}}@media all and (max-width: 767px){.kadence-column774_8ac99d-ae > .kt-inside-inner-col{flex-direction:column;justify-content:center;}}<\/style>\n<div class=\"wp-block-kadence-column kadence-column774_8ac99d-ae\"><div class=\"kt-inside-inner-col\">\n<h2 class=\"wp-block-heading\">Mi az a Deepseek R1 \uff1f<\/h2>\n\n\n\n<p><strong>DeepSeek-R1<\/strong>&nbsp;egy ny\u00edlt forr\u00e1sk\u00f3d\u00fa nyelvi modell, amelyet a DeepSeek k\u00ednai AI startup c\u00e9g fejlesztett ki. Sz\u00f6vegalap\u00fa feladatok sz\u00e9les sk\u00e1l\u00e1j\u00e1ra tervezt\u00e9k, bele\u00e9rtve a kreat\u00edv \u00edr\u00e1st, az \u00e1ltal\u00e1nos k\u00e9rd\u00e9sekre val\u00f3 v\u00e1laszad\u00e1st, a szerkeszt\u00e9st \u00e9s az \u00f6sszegz\u00e9st. A modell k\u00fcl\u00f6n\u00f6sen \u00fcgyes az olyan \u00e9rvel\u00e9sig\u00e9nyes feladatokban, mint a k\u00f3dgener\u00e1l\u00e1s \u00e9s hibakeres\u00e9s, matematikai sz\u00e1m\u00edt\u00e1sok elv\u00e9gz\u00e9se \u00e9s \u00f6sszetett tudom\u00e1nyos fogalmak magyar\u00e1zata.<\/p>\n<\/div><\/div>\n\n<\/div><\/div>\n\n<style>.kb-row-layout-id774_e4cb27-c4 > .kt-row-column-wrap{align-content:start;}:where(.kb-row-layout-id774_e4cb27-c4 > .kt-row-column-wrap) > .wp-block-kadence-column{justify-content:start;}.kb-row-layout-id774_e4cb27-c4 > .kt-row-column-wrap{column-gap:var(--global-kb-gap-md, 2rem);row-gap:var(--global-kb-gap-md, 2rem);max-width:1080px;margin-left:auto;margin-right:auto;padding-top:var(--global-kb-spacing-sm, 1.5rem);padding-bottom:var(--global-kb-spacing-sm, 1.5rem);grid-template-columns:minmax(0, 1fr);}.kb-row-layout-id774_e4cb27-c4 > .kt-row-layout-overlay{opacity:0.30;}@media all and (max-width: 1024px){.kb-row-layout-id774_e4cb27-c4 > .kt-row-column-wrap{grid-template-columns:minmax(0, 1fr);}}@media all and (max-width: 767px){.kb-row-layout-id774_e4cb27-c4 > .kt-row-column-wrap{grid-template-columns:minmax(0, 1fr);}}<\/style><div class=\"kb-row-layout-wrap kb-row-layout-id774_e4cb27-c4 alignnone wp-block-kadence-rowlayout\"><div class=\"kt-row-column-wrap kt-has-1-columns kt-row-layout-equal kt-tab-layout-inherit kt-mobile-layout-row kt-row-valign-top\">\n<style>.kadence-column774_d74bd5-de > .kt-inside-inner-col{display:flex;}.kadence-column774_d74bd5-de > .kt-inside-inner-col,.kadence-column774_d74bd5-de > .kt-inside-inner-col:before{border-top-left-radius:0px;border-top-right-radius:0px;border-bottom-right-radius:0px;border-bottom-left-radius:0px;}.kadence-column774_d74bd5-de > .kt-inside-inner-col{column-gap:var(--global-kb-gap-sm, 1rem);}.kadence-column774_d74bd5-de > .kt-inside-inner-col{flex-direction:column;align-items:stretch;}.kadence-column774_d74bd5-de > .kt-inside-inner-col > .kb-image-is-ratio-size{align-self:stretch;}.kadence-column774_d74bd5-de > .kt-inside-inner-col > .wp-block-kadence-advancedgallery{align-self:stretch;}.kadence-column774_d74bd5-de > .kt-inside-inner-col > .aligncenter{width:100%;}.kadence-column774_d74bd5-de > .kt-inside-inner-col:before{opacity:0.3;}.kadence-column774_d74bd5-de{position:relative;}@media all and (max-width: 1024px){.kadence-column774_d74bd5-de > .kt-inside-inner-col{flex-direction:column;justify-content:center;align-items:stretch;}}@media all and (max-width: 767px){.kadence-column774_d74bd5-de > .kt-inside-inner-col{flex-direction:column;justify-content:center;align-items:stretch;}}<\/style>\n<div class=\"wp-block-kadence-column kadence-column774_d74bd5-de\"><div class=\"kt-inside-inner-col\"><style>.kadence-column774_016e62-c2 > .kt-inside-inner-col{display:flex;}.kadence-column774_016e62-c2 > .kt-inside-inner-col,.kadence-column774_016e62-c2 > .kt-inside-inner-col:before{border-top-left-radius:0px;border-top-right-radius:0px;border-bottom-right-radius:0px;border-bottom-left-radius:0px;}.kadence-column774_016e62-c2 > .kt-inside-inner-col{column-gap:var(--global-kb-gap-sm, 1rem);}.kadence-column774_016e62-c2 > .kt-inside-inner-col{flex-direction:column;align-items:stretch;}.kadence-column774_016e62-c2 > .kt-inside-inner-col > .kb-image-is-ratio-size{align-self:stretch;}.kadence-column774_016e62-c2 > .kt-inside-inner-col > .wp-block-kadence-advancedgallery{align-self:stretch;}.kadence-column774_016e62-c2 > .kt-inside-inner-col > .aligncenter{width:100%;}.kadence-column774_016e62-c2 > .kt-inside-inner-col:before{opacity:0.3;}.kadence-column774_016e62-c2{position:relative;}@media all and (max-width: 1024px){.kadence-column774_016e62-c2 > .kt-inside-inner-col{flex-direction:column;justify-content:center;align-items:stretch;}}@media all and (max-width: 767px){.kadence-column774_016e62-c2 > .kt-inside-inner-col{flex-direction:column;justify-content:center;align-items:stretch;}}<\/style>\n<div class=\"wp-block-kadence-column kadence-column774_016e62-c2\"><div class=\"kt-inside-inner-col\">\n<iframe\n\tsrc=\"https:\/\/llmhacker-deepseek-ai-deepseek-r1-distill-qwen-1-5b-v2.hf.space\"\n\tframeborder=\"0\"\n\twidth=\"90%\"\n\theight=\"650\"\n><\/iframe>\n<\/div><\/div>\n<\/div><\/div>\n\n<\/div><\/div>\n\n<style>.kb-row-layout-id774_73ac37-6e > .kt-row-column-wrap{align-content:start;}:where(.kb-row-layout-id774_73ac37-6e > .kt-row-column-wrap) > .wp-block-kadence-column{justify-content:start;}.kb-row-layout-id774_73ac37-6e > .kt-row-column-wrap{column-gap:var(--global-kb-gap-md, 2rem);row-gap:var(--global-kb-gap-md, 2rem);max-width:1080px;margin-left:auto;margin-right:auto;padding-top:var(--global-kb-spacing-sm, 1.5rem);padding-bottom:var(--global-kb-spacing-sm, 1.5rem);grid-template-columns:minmax(0, 1fr);}.kb-row-layout-id774_73ac37-6e > .kt-row-layout-overlay{opacity:0.30;}@media all and (max-width: 1024px){.kb-row-layout-id774_73ac37-6e > .kt-row-column-wrap{grid-template-columns:minmax(0, 1fr);}}@media all and (max-width: 767px){.kb-row-layout-id774_73ac37-6e > .kt-row-column-wrap{grid-template-columns:minmax(0, 1fr);}}<\/style><div class=\"kb-row-layout-wrap kb-row-layout-id774_73ac37-6e alignnone wp-block-kadence-rowlayout\"><div class=\"kt-row-column-wrap kt-has-1-columns kt-row-layout-equal kt-tab-layout-inherit kt-mobile-layout-row kt-row-valign-top\">\n<style>.kadence-column774_0fd989-3d > .kt-inside-inner-col,.kadence-column774_0fd989-3d > .kt-inside-inner-col:before{border-top-left-radius:0px;border-top-right-radius:0px;border-bottom-right-radius:0px;border-bottom-left-radius:0px;}.kadence-column774_0fd989-3d > .kt-inside-inner-col{column-gap:var(--global-kb-gap-sm, 1rem);}.kadence-column774_0fd989-3d > .kt-inside-inner-col{flex-direction:column;}.kadence-column774_0fd989-3d > .kt-inside-inner-col > .aligncenter{width:100%;}.kadence-column774_0fd989-3d > .kt-inside-inner-col:before{opacity:0.3;}.kadence-column774_0fd989-3d{position:relative;}@media all and (max-width: 1024px){.kadence-column774_0fd989-3d > .kt-inside-inner-col{flex-direction:column;justify-content:center;}}@media all and (max-width: 767px){.kadence-column774_0fd989-3d > .kt-inside-inner-col{flex-direction:column;justify-content:center;}}<\/style>\n<div class=\"wp-block-kadence-column kadence-column774_0fd989-3d\"><div class=\"kt-inside-inner-col\">\n<h2 class=\"wp-block-heading\">Mi a Deepseek R1 f\u0151 jellemz\u0151je?<\/h2>\n\n\n\n<ul class=\"wp-block-list\">\n<li><strong>Besz\u00e9lget\u00e9si intelligencia<\/strong>: A DeepSeek R1 a g\u00e9pi tanul\u00e1s \u00e9s a term\u00e9szetes nyelvi feldolgoz\u00e1s (NLP) seg\u00edts\u00e9g\u00e9vel k\u00e9pes meg\u00e9rteni \u00e9s reag\u00e1lni az emberi nyelvi parancsokra, hasonl\u00f3an m\u00e1s AI chatbotokhoz, mint p\u00e9ld\u00e1ul a ChatGPT.<\/li>\n\n\n\n<li><strong>Matematikai, logikai \u00e9s probl\u00e9mamegold\u00f3 k\u00e9szs\u00e9gek<\/strong>: Kifejezetten \u00f6sszetett logikai k\u00f6vetkeztet\u00e9si feladatokra k\u00e9pezt\u00e9k ki, \u00edgy ide\u00e1lis az olyan ipar\u00e1gak sz\u00e1m\u00e1ra, mint a jogi technol\u00f3gia, az adatelemz\u00e9s \u00e9s a p\u00e9nz\u00fcgyi tan\u00e1csad\u00e1s.<\/li>\n\n\n\n<li><strong>Ny\u00edlt forr\u00e1sk\u00f3d\u00fa el\u00e9rhet\u0151s\u00e9g<\/strong>: A ny\u00edlt forr\u00e1sk\u00f3d lehet\u0151v\u00e9 teszi a fejleszt\u0151k sz\u00e1m\u00e1ra, hogy a modellt egyedi alkalmaz\u00e1sokhoz igaz\u00edts\u00e1k, n\u00f6velve az \u00e1tl\u00e1that\u00f3s\u00e1got \u00e9s el\u0151seg\u00edtve a k\u00f6z\u00f6ss\u00e9g \u00e1ltal vez\u00e9relt fejleszt\u00e9seket.<\/li>\n\n\n\n<li><strong>Nagy pontoss\u00e1g komplex feladatokhoz<\/strong>: A DeepSeek R1 nagy pontoss\u00e1ggal oldja meg az \u00f6sszetett probl\u00e9m\u00e1kat, hasonl\u00f3an a saj\u00e1t fejleszt\u00e9s\u0171 modellekhez, mint p\u00e9ld\u00e1ul az OpenAI o-1.<\/li>\n\n\n\n<li><strong>Multimod\u00e1lis k\u00e9pess\u00e9gek<\/strong>: Sz\u00f6veget, esetleg k\u00e9peket \u00e9s hangot is k\u00e9pes feldolgozni, \u00edgy k\u00fcl\u00f6nf\u00e9le alkalmaz\u00e1sokhoz alkalmas.<\/li>\n\n\n\n<li><strong>Hat\u00e9konys\u00e1g \u00e9s teljes\u00edtm\u00e9ny<\/strong>: A modell a szak\u00e9rt\u0151k kever\u00e9k\u00e9t (Mixture of Experts - MoE) haszn\u00e1lja, amely a sz\u00e1m\u00edt\u00e1si k\u00f6lts\u00e9gek jelent\u0151s n\u00f6veked\u00e9se n\u00e9lk\u00fcl biztos\u00edtja a nagy hat\u00e9konys\u00e1got \u00e9s a sk\u00e1l\u00e1zhat\u00f3s\u00e1got.<\/li>\n\n\n\n<li><strong>Testreszab\u00e1s \u00e9s finomhangol\u00e1s<\/strong>: A fejleszt\u0151k a DeepSeek R1-et egyedi ig\u00e9nyekhez igaz\u00edthatj\u00e1k, \u00e9s z\u00f6kken\u0151mentesen integr\u00e1lhatj\u00e1k a k\u00fcl\u00f6nb\u00f6z\u0151 projektekbe.<\/li>\n\n\n\n<li><strong>K\u00f6lts\u00e9ghat\u00e9konys\u00e1g<\/strong>: A m\u0171k\u00f6d\u00e9si k\u00f6lts\u00e9gek m\u00e1s modellekhez k\u00e9pest jelent\u0151sen alacsonyabbak, \u00edgy a startupok \u00e9s az akad\u00e9miai laborat\u00f3riumok sz\u00e1m\u00e1ra is el\u00e9rhet\u0151bb\u00e9 v\u00e1lik.<\/li>\n<\/ul>\n\n\n\n<h2 class=\"wp-block-heading\">A deepseek r1 felhaszn\u00e1l\u00e1si esetei<\/h2>\n\n\n\n<p>A DeepSeek R1 fejlett k\u00f6vetkeztet\u00e9si k\u00e9pess\u00e9geinek \u00e9s ny\u00edlt forr\u00e1sk\u00f3d\u00fa jelleg\u00e9nek k\u00f6sz\u00f6nhet\u0151en sz\u00e1mos felhaszn\u00e1l\u00e1si lehet\u0151s\u00e9get k\u00edn\u00e1l a k\u00fcl\u00f6nb\u00f6z\u0151 ipar\u00e1gakban. \u00cdme n\u00e9h\u00e1ny a DeepSeek R1 legfontosabb felhaszn\u00e1l\u00e1si esetei k\u00f6z\u00fcl:<\/p>\n\n\n\n<meta charset=\"UTF-8\">\n    <meta name=\"viewport\" content=\"width=device-width, initial-scale=1.0\">\n    <title>DeepSeek R1 felhaszn\u00e1l\u00e1si esetek<\/title>\n    <style>\n        * {\n            box-sizing: border-box;\n            margin: 0;\n            padding: 0;\n        }\n        \n        body {\n            font-family: Arial, sans-serif;\n            line-height: 1.6;\n            padding: 2rem;\n            background-color: #f5f5f5;\n        }\n        \n        .container {\n            max-width: 1200px;\n            margin: 0 auto;\n        }\n        \n        h1 {\n            text-align: center;\n            margin-bottom: 2rem;\n            color: #333;\n        }\n        \n        .grid-container {\n            display: grid;\n            grid-template-columns: repeat(auto-fit, minmax(300px, 1fr));\n            gap: 1.5rem;\n        }\n        \n        .card {\n            background: white;\n            border-radius: 8px;\n            padding: 1.5rem;\n            box-shadow: 0 2px 4px rgba(0,0,0,0.1);\n        }\n        \n        .card h2 {\n            color: #2c5282;\n            margin-bottom: 1rem;\n            font-size: 1.25rem;\n        }\n        \n        .card ul {\n            list-style-position: inside;\n            padding-left: 0.5rem;\n        }\n        \n        .card li {\n            margin-bottom: 0.5rem;\n            color: #4a5568;\n        }\n    <\/style>\n\n\n    <div class=\"container\">\n        <h1>DeepSeek R1 felhaszn\u00e1l\u00e1si esetek<\/h1>\n        <div class=\"grid-container\">\n            <div class=\"card\">\n                <h2>Tartalomgener\u00e1l\u00e1s \u00e9s marketing<\/h2>\n                <ul>\n                    <li>AI-alap\u00fa blogbejegyz\u00e9sek: Kiv\u00e1l\u00f3 min\u0151s\u00e9g\u0171 \u00edrott tartalmat gener\u00e1l<\/li>\n                    <li>Hirdet\u00e9si sz\u00f6vegek k\u00e9sz\u00edt\u00e9se: Meggy\u0151z\u0151 rekl\u00e1msz\u00f6vegek k\u00e9sz\u00edt\u00e9se<\/li>\n                    <li>K\u00f6z\u00f6ss\u00e9gi m\u00e9dia tartalom: Megragad\u00f3 k\u00f6z\u00f6ss\u00e9gi m\u00e9dia posztok k\u00e9sz\u00edt\u00e9se<\/li>\n                    <li>SEO optimaliz\u00e1l\u00e1s: Seg\u00edt a tartalom kulcsszavak alapj\u00e1n t\u00f6rt\u00e9n\u0151 struktur\u00e1l\u00e1s\u00e1ban<\/li>\n                <\/ul>\n            <\/div>\n            \n            <div class=\"card\">\n                <h2>\u00dcgyf\u00e9lszolg\u00e1lat \u00e9s AI Chatbotok<\/h2>\n                <ul>\n                    <li>Automatiz\u00e1lt v\u00e1laszok: N\u00f6veli az \u00fcgyf\u00e9lszolg\u00e1lat hat\u00e9konys\u00e1g\u00e1t<\/li>\n                    <li>Szem\u00e9lyre szabott interakci\u00f3k: Szem\u00e9lyre szabottabb \u00e9s pontosabb v\u00e1laszokat k\u00edn\u00e1l<\/li>\n                <\/ul>\n            <\/div>\n            \n            <div class=\"card\">\n                <h2>Szoftverfejleszt\u00e9s \u00e9s k\u00f3dgener\u00e1l\u00e1s<\/h2>\n                <ul>\n                    <li>K\u00f3djav\u00edt\u00e1sok: Seg\u00edt a k\u00f3djav\u00edt\u00e1sok javaslat\u00e1ban<\/li>\n                    <li>Hibakeres\u00e9si seg\u00edts\u00e9g: Seg\u00edts\u00e9get ny\u00fajt a hibakeres\u00e9shez<\/li>\n                    <li>Automatiz\u00e1lt dokument\u00e1ci\u00f3: Technikai magyar\u00e1zatokat gener\u00e1l<\/li>\n                <\/ul>\n            <\/div>\n            \n            <div class=\"card\">\n                <h2>Eg\u00e9szs\u00e9g\u00fcgy \u00e9s orvosi kutat\u00e1s<\/h2>\n                <ul>\n                    <li>Orvosi adatelemz\u00e9s: Seg\u00edt az orvosi adatok elemz\u00e9s\u00e9ben<\/li>\n                    <li>Kutat\u00e1si tanulm\u00e1ny fel\u00fclvizsg\u00e1lata: V\u00e9lem\u00e9nyek kutat\u00e1si pap\u00edrok<\/li>\n                    <li>AI-vez\u00e9relt diagnosztika: Diagnosztikai \u00e9s kezel\u00e9si javaslatokat ad<\/li>\n                <\/ul>\n            <\/div>\n            \n            <div class=\"card\">\n                <h2>P\u00e9nz\u00fcgyek \u00e9s adatelemz\u00e9s<\/h2>\n                <ul>\n                    <li>Predikt\u00edv analitika: El\u0151rejelz\u0151 elemz\u00e9st k\u00edn\u00e1l a befektet\u00e9sekhez<\/li>\n                    <li>Kock\u00e1zat\u00e9rt\u00e9kel\u00e9s: Hozz\u00e1j\u00e1rul a kock\u00e1zat\u00e9rt\u00e9kel\u00e9shez \u00e9s a csal\u00e1sok felder\u00edt\u00e9s\u00e9hez<\/li>\n                <\/ul>\n            <\/div>\n            \n            <div class=\"card\">\n                <h2>Oktat\u00e1s \u00e9s korrepet\u00e1l\u00e1s<\/h2>\n                <ul>\n                    <li>Matematika \u00e9s term\u00e9szettudom\u00e1nyok: \u00d6sszetett matematikai feladatok megold\u00e1sa<\/li>\n                    <li>Szem\u00e9lyre szabott tanul\u00e1s: Digit\u00e1lis oktat\u00f3k\u00e9nt m\u0171k\u00f6dik<\/li>\n                <\/ul>\n            <\/div>\n            \n            <div class=\"card\">\n                <h2>J\u00e1t\u00e9k \u00e9s sz\u00f3rakoz\u00e1s<\/h2>\n                <ul>\n                    <li>J\u00e1t\u00e9kfejleszt\u00e9s: K\u00fcl\u00f6nb\u00f6z\u0151 nyelveken haszn\u00e1lhat\u00f3 j\u00e1t\u00e9kok k\u00e9sz\u00edt\u00e9s\u00e9re<\/li>\n                <\/ul>\n            <\/div>\n        <\/div>\n    <\/div>\n\n\n\n<p>A DeepSeek R1 sokoldal\u00fas\u00e1ga \u00e9s k\u00f6lts\u00e9ghat\u00e9konys\u00e1ga \u00e9rt\u00e9kes eszk\u00f6zz\u00e9 teszi e k\u00fcl\u00f6nf\u00e9le alkalmaz\u00e1sokban, \u00e9s versenyk\u00e9pes alternat\u00edv\u00e1t k\u00edn\u00e1l az olyan szabadalmaztatott modellekkel szemben, mint az OpenAI GPT-4o[2][6].<\/p>\n\n\n\n<p>Id\u00e9zetek:<br>[1] https:\/\/fastbots.ai\/blog\/deepseek-r1-explained-features-benefits-and-use-cases<br>[2] https:\/\/fireworks.ai\/blog\/deepseek-r1-deepdive<br>[3] https:\/\/www.vellum.ai\/blog\/the-training-of-deepseek-r1-and-ways-to-use-it<br>[4] https:\/\/builtin.com\/sites\/www.builtin.com\/files\/2025-01\/what-is-deepseek-r1.jpg?sa=X&amp;ved=2ahUKEwizxtnXl5-LAxUapZUCHcbYMNoQ_B16BAgBEAI<br>[5] https:\/\/www.youtube.com\/watch?v=i9kTrcf-gDQ<br>[6] https:\/\/www.datacamp.com\/blog\/deepseek-r1<br>[7] https:\/\/arstechnica.com\/ai\/2025\/01\/how-does-deepseek-r1-really-fare-against-openais-best-reasoning-models\/<br>[8] https:\/\/zapier.com\/blog\/what-is-deepseek\/<\/p>\n\n\n\n<hr class=\"wp-block-separator has-alpha-channel-opacity\"\/>\n\n\n\n<p><\/p>\n<\/div><\/div>\n\n<\/div><\/div>","protected":false},"excerpt":{"rendered":"<p>Mi az a Deepseek R1? A DeepSeek-R1 egy ny\u00edlt forr\u00e1sk\u00f3d\u00fa nyelvi modell, amelyet a DeepSeek k\u00ednai AI startup fejlesztett ki. Sz\u00f6vegalap\u00fa feladatok sz\u00e9les k\u00f6r\u00e9nek elv\u00e9gz\u00e9s\u00e9re k\u00e9sz\u00fclt, bele\u00e9rtve a kreat\u00edv \u00edr\u00e1st, az \u00e1ltal\u00e1nos k\u00e9rd\u00e9sek megv\u00e1laszol\u00e1s\u00e1t, a szerkeszt\u00e9st \u00e9s az \u00f6sszegz\u00e9st. A modell k\u00fcl\u00f6n\u00f6sen \u00fcgyes az okoskod\u00e1st ig\u00e9nyl\u0151 feladatokban, mint p\u00e9ld\u00e1ul k\u00f3d gener\u00e1l\u00e1sa \u00e9s hibakeres\u00e9se, matematikai sz\u00e1m\u00edt\u00e1sok v\u00e9grehajt\u00e1sa \u00e9s \u00f6sszetett tudom\u00e1nyos fogalmak magyar\u00e1zata. Mi a Deepseek R1 f\u0151 jellemz\u0151je?\u2026<\/p>","protected":false},"author":1,"featured_media":0,"parent":0,"menu_order":0,"comment_status":"closed","ping_status":"closed","template":"","meta":{"_kadence_starter_templates_imported_post":false,"_kad_post_transparent":"","_kad_post_title":"","_kad_post_layout":"","_kad_post_sidebar_id":"","_kad_post_content_style":"","_kad_post_vertical_padding":"","_kad_post_feature":"","_kad_post_feature_position":"","_kad_post_header":false,"_kad_post_footer":false,"footnotes":""},"class_list":["post-774","page","type-page","status-publish","hentry"],"_links":{"self":[{"href":"https:\/\/janusai.pro\/hu\/wp-json\/wp\/v2\/pages\/774","targetHints":{"allow":["GET"]}}],"collection":[{"href":"https:\/\/janusai.pro\/hu\/wp-json\/wp\/v2\/pages"}],"about":[{"href":"https:\/\/janusai.pro\/hu\/wp-json\/wp\/v2\/types\/page"}],"author":[{"embeddable":true,"href":"https:\/\/janusai.pro\/hu\/wp-json\/wp\/v2\/users\/1"}],"replies":[{"embeddable":true,"href":"https:\/\/janusai.pro\/hu\/wp-json\/wp\/v2\/comments?post=774"}],"version-history":[{"count":2,"href":"https:\/\/janusai.pro\/hu\/wp-json\/wp\/v2\/pages\/774\/revisions"}],"predecessor-version":[{"id":777,"href":"https:\/\/janusai.pro\/hu\/wp-json\/wp\/v2\/pages\/774\/revisions\/777"}],"wp:attachment":[{"href":"https:\/\/janusai.pro\/hu\/wp-json\/wp\/v2\/media?parent=774"}],"curies":[{"name":"munkaf\u00fczet","href":"https:\/\/api.w.org\/{rel}","templated":true}]}}