{"id":665,"date":"2025-01-29T05:16:18","date_gmt":"2025-01-29T05:16:18","guid":{"rendered":"https:\/\/janusai.pro\/?page_id=665"},"modified":"2025-02-02T00:05:16","modified_gmt":"2025-02-02T00:05:16","slug":"flux-image-generator","status":"publish","type":"page","link":"https:\/\/janusai.pro\/it\/flux-image-generator\/","title":{"rendered":"Generatore di immagini di flusso"},"content":{"rendered":"<p><\/p>\n\n\n<style>.kb-row-layout-id665_9af544-6e > .kt-row-column-wrap{align-content:start;}:where(.kb-row-layout-id665_9af544-6e > .kt-row-column-wrap) > .wp-block-kadence-column{justify-content:start;}.kb-row-layout-id665_9af544-6e > .kt-row-column-wrap{column-gap:var(--global-kb-gap-md, 2rem);row-gap:var(--global-kb-gap-md, 2rem);max-width:860px;margin-left:auto;margin-right:auto;padding-top:var(--global-kb-spacing-sm, 1.5rem);padding-bottom:var(--global-kb-spacing-sm, 1.5rem);grid-template-columns:minmax(0, 1fr);}.kb-row-layout-id665_9af544-6e > .kt-row-layout-overlay{opacity:0.30;}@media all and (max-width: 1024px){.kb-row-layout-id665_9af544-6e > .kt-row-column-wrap{grid-template-columns:minmax(0, 1fr);}}@media all and (max-width: 767px){.kb-row-layout-id665_9af544-6e > .kt-row-column-wrap{grid-template-columns:minmax(0, 1fr);}}<\/style><div class=\"kb-row-layout-wrap kb-row-layout-id665_9af544-6e alignnone wp-block-kadence-rowlayout\"><div class=\"kt-row-column-wrap kt-has-1-columns kt-row-layout-equal kt-tab-layout-inherit kt-mobile-layout-row kt-row-valign-top\">\n<style>.kadence-column665_e8d3e6-7b > .kt-inside-inner-col,.kadence-column665_e8d3e6-7b > .kt-inside-inner-col:before{border-top-left-radius:0px;border-top-right-radius:0px;border-bottom-right-radius:0px;border-bottom-left-radius:0px;}.kadence-column665_e8d3e6-7b > .kt-inside-inner-col{column-gap:var(--global-kb-gap-sm, 1rem);}.kadence-column665_e8d3e6-7b > .kt-inside-inner-col{flex-direction:column;}.kadence-column665_e8d3e6-7b > .kt-inside-inner-col > .aligncenter{width:100%;}.kadence-column665_e8d3e6-7b > .kt-inside-inner-col:before{opacity:0.3;}.kadence-column665_e8d3e6-7b{position:relative;}@media all and (max-width: 1024px){.kadence-column665_e8d3e6-7b > .kt-inside-inner-col{flex-direction:column;justify-content:center;}}@media all and (max-width: 767px){.kadence-column665_e8d3e6-7b > .kt-inside-inner-col{flex-direction:column;justify-content:center;}}<\/style>\n<div class=\"wp-block-kadence-column kadence-column665_e8d3e6-7b\"><div class=\"kt-inside-inner-col\">\n<p>La qualit\u00e0 dell'immagine dei modelli Flux \u00e8 migliore di quella di Janus Pro, ma non \u00e8 in grado di comprendere i modelli multipli:<\/p>\n\n\n\n<iframe\n\tsrc=\"https:\/\/black-forest-labs-flux-1-dev.hf.space\"\n\tframeborder=\"0\"\n\twidth=\"850\"\n\theight=\"700\"\n><\/iframe>\n\n\n<style>.kadence-column665_8f213c-33 > .kt-inside-inner-col{display:flex;}.kadence-column665_8f213c-33 > .kt-inside-inner-col,.kadence-column665_8f213c-33 > .kt-inside-inner-col:before{border-top-left-radius:0px;border-top-right-radius:0px;border-bottom-right-radius:0px;border-bottom-left-radius:0px;}.kadence-column665_8f213c-33 > .kt-inside-inner-col{column-gap:var(--global-kb-gap-sm, 1rem);}.kadence-column665_8f213c-33 > .kt-inside-inner-col{flex-direction:column;align-items:center;}.kadence-column665_8f213c-33 > .kt-inside-inner-col > .kb-image-is-ratio-size{align-self:stretch;}.kadence-column665_8f213c-33 > .kt-inside-inner-col > .wp-block-kadence-advancedgallery{align-self:stretch;}.kadence-column665_8f213c-33 > .kt-inside-inner-col > .aligncenter{width:100%;}.kadence-column665_8f213c-33 > .kt-inside-inner-col:before{opacity:0.3;}.kadence-column665_8f213c-33{position:relative;}@media all and (max-width: 1024px){.kadence-column665_8f213c-33 > .kt-inside-inner-col{flex-direction:column;justify-content:center;align-items:center;}}@media all and (max-width: 767px){.kadence-column665_8f213c-33 > .kt-inside-inner-col{flex-direction:column;justify-content:center;align-items:center;}}<\/style>\n<div class=\"wp-block-kadence-column kadence-column665_8f213c-33\"><div class=\"kt-inside-inner-col\">\n<div class=\"wp-block-stackable-button-group stk-block-button-group stk-block stk-121459c\" data-block-id=\"121459c\"><style>.stk-121459c .stk-button-group{flex-direction:row !important;}.stk-121459c {border-top-left-radius:50px !important;border-top-right-radius:50px !important;border-bottom-right-radius:50px !important;border-bottom-left-radius:50px !important;overflow:hidden !important;}@media screen and (max-width: 1023px){.stk-121459c .stk-button-group{flex-direction:row !important;}}@media screen and (max-width: 767px){.stk-121459c .stk-button-group{flex-direction:row !important;}}<\/style><div class=\"stk-row stk-inner-blocks stk-block-content stk-button-group\">\n<div class=\"wp-block-stackable-button stk-block-button has-text-align-center stk-block stk-72efa7e\" data-block-id=\"72efa7e\"><a class=\"stk-link stk-button stk--hover-effect-darken\" href=\"https:\/\/vividhubs.ai\/ai-image-generator?utm_source=janusaiproflux\" target=\"_blank\" rel=\"noreferrer noopener\"><span class=\"stk--svg-wrapper\"><div class=\"stk--inner-svg\"><svg xmlns=\"http:\/\/www.w3.org\/2000\/svg\" viewbox=\"0 0 448 512\" aria-hidden=\"true\" width=\"32\" height=\"32\"><path d=\"M349.4 44.6c5.9-13.7 1.5-29.7-10.6-38.5s-28.6-8-39.9 1.8l-256 224c-10 8.8-13.6 22.9-8.9 35.3S50.7 288 64 288H175.5L98.6 467.4c-5.9 13.7-1.5 29.7 10.6 38.5s28.6 8 39.9-1.8l256-224c10-8.8 13.6-22.9 8.9-35.3s-16.6-20.7-30-20.7H272.5L349.4 44.6z\"><\/path><\/svg><\/div><\/span><span class=\"stk-button__inner-text\">Generatore di immagini di flusso a piena potenza e veloce  <\/span><\/a><\/div>\n<\/div><\/div>\n<\/div><\/div>\n<\/div><\/div>\n\n\n<style>.kadence-column665_f8cb8d-67 > .kt-inside-inner-col,.kadence-column665_f8cb8d-67 > .kt-inside-inner-col:before{border-top-left-radius:0px;border-top-right-radius:0px;border-bottom-right-radius:0px;border-bottom-left-radius:0px;}.kadence-column665_f8cb8d-67 > .kt-inside-inner-col{column-gap:var(--global-kb-gap-sm, 1rem);}.kadence-column665_f8cb8d-67 > .kt-inside-inner-col{flex-direction:column;}.kadence-column665_f8cb8d-67 > .kt-inside-inner-col > .aligncenter{width:100%;}.kadence-column665_f8cb8d-67 > .kt-inside-inner-col:before{opacity:0.3;}.kadence-column665_f8cb8d-67{position:relative;}@media all and (max-width: 1024px){.kadence-column665_f8cb8d-67 > .kt-inside-inner-col{flex-direction:column;justify-content:center;}}@media all and (max-width: 767px){.kadence-column665_f8cb8d-67 > .kt-inside-inner-col{flex-direction:column;justify-content:center;}}<\/style>\n<div class=\"wp-block-kadence-column kadence-column665_f8cb8d-67\"><div class=\"kt-inside-inner-col\">\n<h2 class=\"wp-block-heading\">Janus Pro vs Flusso: un confronto<\/h2>\n\n\n\n<p><strong>Janus Pro<\/strong>&nbsp;e&nbsp;<strong>Flusso<\/strong>&nbsp;sono entrambi modelli di intelligenza artificiale utilizzati per la generazione di immagini, ma hanno obiettivi e capacit\u00e0 diverse.<\/p>\n\n\n\n<h2 class=\"wp-block-heading\">Janus Pro<\/h2>\n\n\n\n<ul class=\"wp-block-list\">\n<li><strong>Capacit\u00e0 multimodali<\/strong>: Janus Pro \u00e8 un modello multimodale in grado di gestire sia testo che immagini. Eccelle in compiti come la conversione di immagini di equazioni matematiche in codice LaTeX e la generazione di immagini basate su richieste di testo dettagliate.<\/li>\n\n\n\n<li><strong>Prestazioni<\/strong>: La versione a 7B parametri di Janus Pro ha dimostrato ottime prestazioni nei test di benchmark, superando modelli come DALL-E 3 e Stable Diffusion in alcuni compiti.<\/li>\n\n\n\n<li><strong>Costo della formazione<\/strong>: Janus Pro \u00e8 stato addestrato con un budget relativamente basso rispetto ad altri modelli, utilizzando chip AI pi\u00f9 vecchi. Il modello a 7B parametri ha richiesto 14 giorni di addestramento su un cluster di 32 nodi con GPU Nvidia A1001.<\/li>\n\n\n\n<li><strong>Qualit\u00e0 e risoluzione delle immagini<\/strong>: Sebbene l'Janus Pro sia in grado di generare immagini, il suo obiettivo principale non \u00e8 solo la qualit\u00e0 delle immagini. Il modello \u00e8 limitato a risoluzioni di ingresso di 384 x 384 pixel, anche se in alcune dimostrazioni pu\u00f2 produrre immagini in uscita fino a 768 x 768 pixel.<\/li>\n<\/ul>\n\n\n\n<h2 class=\"wp-block-heading\">Flusso<\/h2>\n\n\n\n<ul class=\"wp-block-list\">\n<li><strong>Qualit\u00e0 e velocit\u00e0 dell'immagine<\/strong>: Flux \u00e8 noto per la generazione di immagini di alta qualit\u00e0 e per i tempi di elaborazione rapidi. \u00c8 in grado di produrre rapidamente immagini 1024 x 1024, soprattutto se ottimizzate con tecniche come la quantizzazione.<\/li>\n\n\n\n<li><strong>Focus<\/strong>: Flux \u00e8 stato progettato principalmente per generare immagini di alta qualit\u00e0, spesso superando altri modelli in termini di fedelt\u00e0 visiva e profondit\u00e0 emotiva.<\/li>\n\n\n\n<li><strong>Comunit\u00e0 e sviluppo<\/strong>: Flux gode di un forte supporto da parte della comunit\u00e0 con varie ottimizzazioni disponibili, come le versioni FP8, che ne migliorano le prestazioni su hardware di fascia bassa.<\/li>\n<\/ul>\n\n\n\n<h2 class=\"wp-block-heading\">Punti di confronto<\/h2>\n\n\n\n<figure class=\"wp-block-table\"><table class=\"has-fixed-layout\"><thead><tr><th>Caratteristica<\/th><th>Janus Pro<\/th><th>Flusso<\/th><\/tr><\/thead><tbody><tr><td><strong>Obiettivo primario<\/strong><\/td><td>Compiti multimodali, interazione testo-immagine<\/td><td>Generazione di immagini di alta qualit\u00e0<\/td><\/tr><tr><td><strong>Prestazioni<\/strong><\/td><td>Eccelle nel seguire le istruzioni e nei compiti multimodali.<\/td><td>Immagini di alta qualit\u00e0 con tempi di generazione rapidi<\/td><\/tr><tr><td><strong>Costo della formazione<\/strong><\/td><td>Budget relativamente basso<\/td><td>Non dichiarato esplicitamente, probabilmente pi\u00f9 alto<\/td><\/tr><tr><td><strong>Risoluzione dell'immagine<\/strong><\/td><td>Ingresso: 384 x 384 pixel, uscita: Fino a 768 x 768<\/td><td>Pu\u00f2 generare fino a 1024 x 1024 pixel<\/td><\/tr><tr><td><strong>Sostegno alla comunit\u00e0<\/strong><\/td><td>Open-source, disponibile su Hugging Face<\/td><td>Forte supporto della comunit\u00e0 con ottimizzazioni<\/td><\/tr><\/tbody><\/table><\/figure>\n\n\n\n<p>In sintesi, Janus Pro \u00e8 ideale per le attivit\u00e0 che richiedono l'interazione tra testo e immagini, mentre Flux eccelle nella generazione rapida di immagini di alta qualit\u00e0. La scelta tra i due dipende dalle esigenze specifiche dell'utente.<\/p>\n<\/div><\/div>\n\n<\/div><\/div>\n\n\n<p><\/p>","protected":false},"excerpt":{"rendered":"<p>La qualit\u00e0 dell'immagine dei modelli Flux \u00e8 migliore di quella di Janus Pro, ma non \u00e8 in grado di comprendere i modelli multipli: Flux Image Generator With Full Power &amp; FAST Janus Pro vs Flux: un confronto Janus Pro e Flux sono entrambi modelli AI utilizzati per la generazione di immagini, ma hanno obiettivi e capacit\u00e0 diverse. Janus Pro Flux a confronto...<\/p>","protected":false},"author":1,"featured_media":0,"parent":0,"menu_order":0,"comment_status":"closed","ping_status":"closed","template":"","meta":{"_kadence_starter_templates_imported_post":false,"_kad_post_transparent":"","_kad_post_title":"","_kad_post_layout":"","_kad_post_sidebar_id":"","_kad_post_content_style":"","_kad_post_vertical_padding":"","_kad_post_feature":"","_kad_post_feature_position":"","_kad_post_header":false,"_kad_post_footer":false,"footnotes":""},"class_list":["post-665","page","type-page","status-publish","hentry"],"_links":{"self":[{"href":"https:\/\/janusai.pro\/it\/wp-json\/wp\/v2\/pages\/665","targetHints":{"allow":["GET"]}}],"collection":[{"href":"https:\/\/janusai.pro\/it\/wp-json\/wp\/v2\/pages"}],"about":[{"href":"https:\/\/janusai.pro\/it\/wp-json\/wp\/v2\/types\/page"}],"author":[{"embeddable":true,"href":"https:\/\/janusai.pro\/it\/wp-json\/wp\/v2\/users\/1"}],"replies":[{"embeddable":true,"href":"https:\/\/janusai.pro\/it\/wp-json\/wp\/v2\/comments?post=665"}],"version-history":[{"count":10,"href":"https:\/\/janusai.pro\/it\/wp-json\/wp\/v2\/pages\/665\/revisions"}],"predecessor-version":[{"id":825,"href":"https:\/\/janusai.pro\/it\/wp-json\/wp\/v2\/pages\/665\/revisions\/825"}],"wp:attachment":[{"href":"https:\/\/janusai.pro\/it\/wp-json\/wp\/v2\/media?parent=665"}],"curies":[{"name":"parola chiave","href":"https:\/\/api.w.org\/{rel}","templated":true}]}}