{"id":665,"date":"2025-01-29T05:16:18","date_gmt":"2025-01-29T05:16:18","guid":{"rendered":"https:\/\/janusai.pro\/?page_id=665"},"modified":"2025-02-02T00:05:16","modified_gmt":"2025-02-02T00:05:16","slug":"flux-image-generator","status":"publish","type":"page","link":"https:\/\/janusai.pro\/pl\/flux-image-generator\/","title":{"rendered":"Generator obrazu Flux"},"content":{"rendered":"<p><\/p>\n\n\n<style>.kb-row-layout-id665_9af544-6e > .kt-row-column-wrap{align-content:start;}:where(.kb-row-layout-id665_9af544-6e > .kt-row-column-wrap) > .wp-block-kadence-column{justify-content:start;}.kb-row-layout-id665_9af544-6e > .kt-row-column-wrap{column-gap:var(--global-kb-gap-md, 2rem);row-gap:var(--global-kb-gap-md, 2rem);max-width:860px;margin-left:auto;margin-right:auto;padding-top:var(--global-kb-spacing-sm, 1.5rem);padding-bottom:var(--global-kb-spacing-sm, 1.5rem);grid-template-columns:minmax(0, 1fr);}.kb-row-layout-id665_9af544-6e > .kt-row-layout-overlay{opacity:0.30;}@media all and (max-width: 1024px){.kb-row-layout-id665_9af544-6e > .kt-row-column-wrap{grid-template-columns:minmax(0, 1fr);}}@media all and (max-width: 767px){.kb-row-layout-id665_9af544-6e > .kt-row-column-wrap{grid-template-columns:minmax(0, 1fr);}}<\/style><div class=\"kb-row-layout-wrap kb-row-layout-id665_9af544-6e alignnone wp-block-kadence-rowlayout\"><div class=\"kt-row-column-wrap kt-has-1-columns kt-row-layout-equal kt-tab-layout-inherit kt-mobile-layout-row kt-row-valign-top\">\n<style>.kadence-column665_e8d3e6-7b > .kt-inside-inner-col,.kadence-column665_e8d3e6-7b > .kt-inside-inner-col:before{border-top-left-radius:0px;border-top-right-radius:0px;border-bottom-right-radius:0px;border-bottom-left-radius:0px;}.kadence-column665_e8d3e6-7b > .kt-inside-inner-col{column-gap:var(--global-kb-gap-sm, 1rem);}.kadence-column665_e8d3e6-7b > .kt-inside-inner-col{flex-direction:column;}.kadence-column665_e8d3e6-7b > .kt-inside-inner-col > .aligncenter{width:100%;}.kadence-column665_e8d3e6-7b > .kt-inside-inner-col:before{opacity:0.3;}.kadence-column665_e8d3e6-7b{position:relative;}@media all and (max-width: 1024px){.kadence-column665_e8d3e6-7b > .kt-inside-inner-col{flex-direction:column;justify-content:center;}}@media all and (max-width: 767px){.kadence-column665_e8d3e6-7b > .kt-inside-inner-col{flex-direction:column;justify-content:center;}}<\/style>\n<div class=\"wp-block-kadence-column kadence-column665_e8d3e6-7b\"><div class=\"kt-inside-inner-col\">\n<p>Jako\u015b\u0107 obrazu Flux Models jest lepsza ni\u017c Janus Pro, ale nie ma mo\u017cliwo\u015bci zrozumienia Multimodel. mo\u017cesz wypr\u00f3bowa\u0107 FLux Dev tutaj:<\/p>\n\n\n\n<iframe\n\tsrc=\"https:\/\/black-forest-labs-flux-1-dev.hf.space\"\n\tframeborder=\"0\"\n\twidth=\"850\"\n\theight=\"700\"\n><\/iframe>\n\n\n<style>.kadence-column665_8f213c-33 > .kt-inside-inner-col{display:flex;}.kadence-column665_8f213c-33 > .kt-inside-inner-col,.kadence-column665_8f213c-33 > .kt-inside-inner-col:before{border-top-left-radius:0px;border-top-right-radius:0px;border-bottom-right-radius:0px;border-bottom-left-radius:0px;}.kadence-column665_8f213c-33 > .kt-inside-inner-col{column-gap:var(--global-kb-gap-sm, 1rem);}.kadence-column665_8f213c-33 > .kt-inside-inner-col{flex-direction:column;align-items:center;}.kadence-column665_8f213c-33 > .kt-inside-inner-col > .kb-image-is-ratio-size{align-self:stretch;}.kadence-column665_8f213c-33 > .kt-inside-inner-col > .wp-block-kadence-advancedgallery{align-self:stretch;}.kadence-column665_8f213c-33 > .kt-inside-inner-col > .aligncenter{width:100%;}.kadence-column665_8f213c-33 > .kt-inside-inner-col:before{opacity:0.3;}.kadence-column665_8f213c-33{position:relative;}@media all and (max-width: 1024px){.kadence-column665_8f213c-33 > .kt-inside-inner-col{flex-direction:column;justify-content:center;align-items:center;}}@media all and (max-width: 767px){.kadence-column665_8f213c-33 > .kt-inside-inner-col{flex-direction:column;justify-content:center;align-items:center;}}<\/style>\n<div class=\"wp-block-kadence-column kadence-column665_8f213c-33\"><div class=\"kt-inside-inner-col\">\n<div class=\"wp-block-stackable-button-group stk-block-button-group stk-block stk-121459c\" data-block-id=\"121459c\"><style>.stk-121459c .stk-button-group{flex-direction:row !important;}.stk-121459c {border-top-left-radius:50px !important;border-top-right-radius:50px !important;border-bottom-right-radius:50px !important;border-bottom-left-radius:50px !important;overflow:hidden !important;}@media screen and (max-width: 1023px){.stk-121459c .stk-button-group{flex-direction:row !important;}}@media screen and (max-width: 767px){.stk-121459c .stk-button-group{flex-direction:row !important;}}<\/style><div class=\"stk-row stk-inner-blocks stk-block-content stk-button-group\">\n<div class=\"wp-block-stackable-button stk-block-button has-text-align-center stk-block stk-72efa7e\" data-block-id=\"72efa7e\"><a class=\"stk-link stk-button stk--hover-effect-darken\" href=\"https:\/\/vividhubs.ai\/ai-image-generator?utm_source=janusaiproflux\" target=\"_blank\" rel=\"noreferrer noopener\"><span class=\"stk--svg-wrapper\"><div class=\"stk--inner-svg\"><svg xmlns=\"http:\/\/www.w3.org\/2000\/svg\" viewbox=\"0 0 448 512\" aria-hidden=\"true\" width=\"32\" height=\"32\"><path d=\"M349.4 44.6c5.9-13.7 1.5-29.7-10.6-38.5s-28.6-8-39.9 1.8l-256 224c-10 8.8-13.6 22.9-8.9 35.3S50.7 288 64 288H175.5L98.6 467.4c-5.9 13.7-1.5 29.7 10.6 38.5s28.6 8 39.9-1.8l256-224c10-8.8 13.6-22.9 8.9-35.3s-16.6-20.7-30-20.7H272.5L349.4 44.6z\"><\/path><\/svg><\/div><\/span><span class=\"stk-button__inner-text\">Generator obrazu Flux z pe\u0142n\u0105 moc\u0105 i FAST  <\/span><\/a><\/div>\n<\/div><\/div>\n<\/div><\/div>\n<\/div><\/div>\n\n\n<style>.kadence-column665_f8cb8d-67 > .kt-inside-inner-col,.kadence-column665_f8cb8d-67 > .kt-inside-inner-col:before{border-top-left-radius:0px;border-top-right-radius:0px;border-bottom-right-radius:0px;border-bottom-left-radius:0px;}.kadence-column665_f8cb8d-67 > .kt-inside-inner-col{column-gap:var(--global-kb-gap-sm, 1rem);}.kadence-column665_f8cb8d-67 > .kt-inside-inner-col{flex-direction:column;}.kadence-column665_f8cb8d-67 > .kt-inside-inner-col > .aligncenter{width:100%;}.kadence-column665_f8cb8d-67 > .kt-inside-inner-col:before{opacity:0.3;}.kadence-column665_f8cb8d-67{position:relative;}@media all and (max-width: 1024px){.kadence-column665_f8cb8d-67 > .kt-inside-inner-col{flex-direction:column;justify-content:center;}}@media all and (max-width: 767px){.kadence-column665_f8cb8d-67 > .kt-inside-inner-col{flex-direction:column;justify-content:center;}}<\/style>\n<div class=\"wp-block-kadence-column kadence-column665_f8cb8d-67\"><div class=\"kt-inside-inner-col\">\n<h2 class=\"wp-block-heading\">Janus Pro vs Flux: Por\u00f3wnanie<\/h2>\n\n\n\n<p><strong>Janus Pro<\/strong>&nbsp;oraz&nbsp;<strong>Flux<\/strong>&nbsp;s\u0105 modelami sztucznej inteligencji u\u017cywanymi do generowania obraz\u00f3w, ale maj\u0105 r\u00f3\u017cne cele i mo\u017cliwo\u015bci.<\/p>\n\n\n\n<h2 class=\"wp-block-heading\">Janus Pro<\/h2>\n\n\n\n<ul class=\"wp-block-list\">\n<li><strong>Mo\u017cliwo\u015bci multimodalne<\/strong>: Janus Pro to multimodalny model, kt\u00f3ry mo\u017ce obs\u0142ugiwa\u0107 zar\u00f3wno tekst, jak i obrazy. Doskonale sprawdza si\u0119 w zadaniach takich jak konwertowanie obraz\u00f3w r\u00f3wna\u0144 matematycznych na kod LaTeX i generowanie obraz\u00f3w na podstawie szczeg\u00f3\u0142owych podpowiedzi tekstowych<\/li>\n\n\n\n<li><strong>Wydajno\u015b\u0107<\/strong>: Wersja Janus Pro z parametrem 7B wykaza\u0142a wysok\u0105 wydajno\u015b\u0107 w testach por\u00f3wnawczych, przewy\u017cszaj\u0105c modele takie jak DALL-E 3 i Stable Diffusion w niekt\u00f3rych zadaniach.<\/li>\n\n\n\n<li><strong>Koszt szkolenia<\/strong>: Model Janus Pro zosta\u0142 wytrenowany przy stosunkowo niskim bud\u017cecie w por\u00f3wnaniu do innych modeli, przy u\u017cyciu starszych uk\u0142ad\u00f3w AI. Wytrenowanie modelu o parametrach 7B zaj\u0119\u0142o 14 dni na klastrze 32 w\u0119z\u0142\u00f3w z procesorami graficznymi Nvidia A1001.<\/li>\n\n\n\n<li><strong>Jako\u015b\u0107 i rozdzielczo\u015b\u0107 obrazu<\/strong>: Chocia\u017c Janus Pro mo\u017ce generowa\u0107 obrazy, jego g\u0142\u00f3wnym celem nie jest wy\u0142\u0105cznie jako\u015b\u0107 obrazu. Model jest ograniczony do rozdzielczo\u015bci wej\u015bciowej 384 x 384 pikseli, cho\u0107 w niekt\u00f3rych wersjach demonstracyjnych mo\u017ce generowa\u0107 obrazy wyj\u015bciowe do 768 x 768 pikseli<\/li>\n<\/ul>\n\n\n\n<h2 class=\"wp-block-heading\">Flux<\/h2>\n\n\n\n<ul class=\"wp-block-list\">\n<li><strong>Jako\u015b\u0107 i szybko\u015b\u0107 obrazu<\/strong>: Flux jest znany z wysokiej jako\u015bci generowania obrazu i szybkiego czasu przetwarzania. Mo\u017ce szybko generowa\u0107 obrazy 1024 x 1024, zw\u0142aszcza gdy jest zoptymalizowany za pomoc\u0105 technik takich jak kwantyzacja<\/li>\n\n\n\n<li><strong>Koncentracja<\/strong>: Flux zosta\u0142 zaprojektowany przede wszystkim do generowania wysokiej jako\u015bci obraz\u00f3w, cz\u0119sto przewy\u017cszaj\u0105cych inne modele pod wzgl\u0119dem wierno\u015bci wizualnej i g\u0142\u0119bi emocjonalnej<\/li>\n\n\n\n<li><strong>Spo\u0142eczno\u015b\u0107 i rozw\u00f3j<\/strong>: Flux ma silne wsparcie spo\u0142eczno\u015bci z r\u00f3\u017cnymi dost\u0119pnymi optymalizacjami, takimi jak wersje FP8, kt\u00f3re zwi\u0119kszaj\u0105 jego wydajno\u015b\u0107 na sprz\u0119cie ni\u017cszej klasy.<\/li>\n<\/ul>\n\n\n\n<h2 class=\"wp-block-heading\">Punkty por\u00f3wnawcze<\/h2>\n\n\n\n<figure class=\"wp-block-table\"><table class=\"has-fixed-layout\"><thead><tr><th>Cecha<\/th><th>Janus Pro<\/th><th>Flux<\/th><\/tr><\/thead><tbody><tr><td><strong>G\u0142\u00f3wny cel<\/strong><\/td><td>Zadania multimodalne, interakcja tekst-obraz<\/td><td>Generowanie obrazu wysokiej jako\u015bci<\/td><\/tr><tr><td><strong>Wydajno\u015b\u0107<\/strong><\/td><td>Doskonale radzi sobie z wykonywaniem instrukcji, zadaniami multimodalnymi<\/td><td>Wysokiej jako\u015bci obrazy o kr\u00f3tkim czasie generowania<\/td><\/tr><tr><td><strong>Koszt szkolenia<\/strong><\/td><td>Stosunkowo niski bud\u017cet<\/td><td>Nie okre\u015blono wyra\u017anie, prawdopodobnie wy\u017csza<\/td><\/tr><tr><td><strong>Rozdzielczo\u015b\u0107 obrazu<\/strong><\/td><td>Wej\u015bcie: 384 x 384 pikseli, Wyj\u015bcie: Do 768 x 768<\/td><td>Mo\u017cliwo\u015b\u0107 generowania do 1024 x 1024 pikseli<\/td><\/tr><tr><td><strong>Wsparcie spo\u0142eczno\u015bci<\/strong><\/td><td>Open-source, dost\u0119pny na Hugging Face<\/td><td>Silne wsparcie spo\u0142eczno\u015bci przy optymalizacjach<\/td><\/tr><\/tbody><\/table><\/figure>\n\n\n\n<p>Podsumowuj\u0105c, Janus Pro jest idealny do zada\u0144 wymagaj\u0105cych interakcji mi\u0119dzy tekstem a obrazami, podczas gdy Flux wyr\u00f3\u017cnia si\u0119 szybkim generowaniem obraz\u00f3w wysokiej jako\u015bci. Wyb\u00f3r mi\u0119dzy nimi zale\u017cy od konkretnych potrzeb u\u017cytkownika.<\/p>\n<\/div><\/div>\n\n<\/div><\/div>\n\n\n<p><\/p>","protected":false},"excerpt":{"rendered":"<p>Jako\u015b\u0107 obrazu w modelach Flux jest lepsza ni\u017c w Janus Pro, ale nie obs\u0142uguje on wielu modeli. mo\u017cesz wypr\u00f3bowa\u0107 FLux Dev tutaj: Flux Image Generator With Full Power &amp; FAST Janus Pro vs Flux: A Comparison Janus Pro i Flux s\u0105 modelami sztucznej inteligencji u\u017cywanymi do generowania obraz\u00f3w, ale maj\u0105 r\u00f3\u017cne cele i mo\u017cliwo\u015bci. Janus Pro Por\u00f3wnanie Flux...<\/p>","protected":false},"author":1,"featured_media":0,"parent":0,"menu_order":0,"comment_status":"closed","ping_status":"closed","template":"","meta":{"_kadence_starter_templates_imported_post":false,"_kad_post_transparent":"","_kad_post_title":"","_kad_post_layout":"","_kad_post_sidebar_id":"","_kad_post_content_style":"","_kad_post_vertical_padding":"","_kad_post_feature":"","_kad_post_feature_position":"","_kad_post_header":false,"_kad_post_footer":false,"footnotes":""},"class_list":["post-665","page","type-page","status-publish","hentry"],"_links":{"self":[{"href":"https:\/\/janusai.pro\/pl\/wp-json\/wp\/v2\/pages\/665","targetHints":{"allow":["GET"]}}],"collection":[{"href":"https:\/\/janusai.pro\/pl\/wp-json\/wp\/v2\/pages"}],"about":[{"href":"https:\/\/janusai.pro\/pl\/wp-json\/wp\/v2\/types\/page"}],"author":[{"embeddable":true,"href":"https:\/\/janusai.pro\/pl\/wp-json\/wp\/v2\/users\/1"}],"replies":[{"embeddable":true,"href":"https:\/\/janusai.pro\/pl\/wp-json\/wp\/v2\/comments?post=665"}],"version-history":[{"count":10,"href":"https:\/\/janusai.pro\/pl\/wp-json\/wp\/v2\/pages\/665\/revisions"}],"predecessor-version":[{"id":825,"href":"https:\/\/janusai.pro\/pl\/wp-json\/wp\/v2\/pages\/665\/revisions\/825"}],"wp:attachment":[{"href":"https:\/\/janusai.pro\/pl\/wp-json\/wp\/v2\/media?parent=665"}],"curies":[{"name":"wp","href":"https:\/\/api.w.org\/{rel}","templated":true}]}}