{"id":842,"date":"2025-02-04T12:12:20","date_gmt":"2025-02-04T12:12:20","guid":{"rendered":"https:\/\/janusai.pro\/?page_id=842"},"modified":"2025-02-04T12:12:24","modified_gmt":"2025-02-04T12:12:24","slug":"janus-pro-1b-running-in-your-browser","status":"publish","type":"page","link":"https:\/\/janusai.pro\/pl\/janus-pro-1b-running-in-your-browser\/","title":{"rendered":"Janus Pro 1B dzia\u0142a w przegl\u0105darce"},"content":{"rendered":"<p><mark style=\"background-color:rgba(0, 0, 0, 0)\" class=\"has-inline-color has-theme-palette-9-color\">Safari nie jest jeszcze obs\u0142ugiwane\u3002<\/mark><\/p>\n\n\n<style>.kb-row-layout-id842_d680fa-30 > .kt-row-column-wrap{align-content:start;}:where(.kb-row-layout-id842_d680fa-30 > .kt-row-column-wrap) > .wp-block-kadence-column{justify-content:start;}.kb-row-layout-id842_d680fa-30 > .kt-row-column-wrap{column-gap:var(--global-kb-gap-md, 2rem);row-gap:var(--global-kb-gap-md, 2rem);max-width:1080px;margin-left:auto;margin-right:auto;padding-top:var(--global-kb-spacing-sm, 1.5rem);padding-bottom:var(--global-kb-spacing-sm, 1.5rem);grid-template-columns:minmax(0, 1fr);}.kb-row-layout-id842_d680fa-30 > .kt-row-layout-overlay{opacity:0.30;}@media all and (max-width: 1024px){.kb-row-layout-id842_d680fa-30 > .kt-row-column-wrap{grid-template-columns:minmax(0, 1fr);}}@media all and (max-width: 767px){.kb-row-layout-id842_d680fa-30 > .kt-row-column-wrap{grid-template-columns:minmax(0, 1fr);}}<\/style><div class=\"kb-row-layout-wrap kb-row-layout-id842_d680fa-30 alignnone wp-block-kadence-rowlayout\"><div class=\"kt-row-column-wrap kt-has-1-columns kt-row-layout-equal kt-tab-layout-inherit kt-mobile-layout-row kt-row-valign-top\">\n<style>.kadence-column842_b238b3-a6 > .kt-inside-inner-col,.kadence-column842_b238b3-a6 > .kt-inside-inner-col:before{border-top-left-radius:0px;border-top-right-radius:0px;border-bottom-right-radius:0px;border-bottom-left-radius:0px;}.kadence-column842_b238b3-a6 > .kt-inside-inner-col{column-gap:var(--global-kb-gap-sm, 1rem);}.kadence-column842_b238b3-a6 > .kt-inside-inner-col{flex-direction:column;}.kadence-column842_b238b3-a6 > .kt-inside-inner-col > .aligncenter{width:100%;}.kadence-column842_b238b3-a6 > .kt-inside-inner-col:before{opacity:0.3;}.kadence-column842_b238b3-a6{position:relative;}@media all and (max-width: 1024px){.kadence-column842_b238b3-a6 > .kt-inside-inner-col{flex-direction:column;justify-content:center;}}@media all and (max-width: 767px){.kadence-column842_b238b3-a6 > .kt-inside-inner-col{flex-direction:column;justify-content:center;}}<\/style>\n<div class=\"wp-block-kadence-column kadence-column842_b238b3-a6\"><div class=\"kt-inside-inner-col\">\n<iframe\n\tsrc=\"https:\/\/llmhacker-janus-pro-webgpu.static.hf.space\"\n\tframeborder=\"0\"\n\twidth=\"1080px\"\n\theight=\"850\"\n><\/iframe>\n<\/div><\/div>\n\n<\/div><\/div>\n\n<style>.kb-row-layout-id842_5b506f-d0 > .kt-row-column-wrap{align-content:start;}:where(.kb-row-layout-id842_5b506f-d0 > .kt-row-column-wrap) > .wp-block-kadence-column{justify-content:start;}.kb-row-layout-id842_5b506f-d0 > .kt-row-column-wrap{column-gap:var(--global-kb-gap-md, 2rem);row-gap:var(--global-kb-gap-md, 2rem);max-width:1080px;margin-left:auto;margin-right:auto;padding-top:var(--global-kb-spacing-sm, 1.5rem);padding-bottom:var(--global-kb-spacing-sm, 1.5rem);grid-template-columns:minmax(0, 1fr);}.kb-row-layout-id842_5b506f-d0 > .kt-row-layout-overlay{opacity:0.30;}@media all and (max-width: 1024px){.kb-row-layout-id842_5b506f-d0 > .kt-row-column-wrap{grid-template-columns:minmax(0, 1fr);}}@media all and (max-width: 767px){.kb-row-layout-id842_5b506f-d0 > .kt-row-column-wrap{grid-template-columns:minmax(0, 1fr);}}<\/style><div class=\"kb-row-layout-wrap kb-row-layout-id842_5b506f-d0 alignnone wp-block-kadence-rowlayout\"><div class=\"kt-row-column-wrap kt-has-1-columns kt-row-layout-equal kt-tab-layout-inherit kt-mobile-layout-row kt-row-valign-top\">\n<style>.kadence-column842_3ece6d-66 > .kt-inside-inner-col,.kadence-column842_3ece6d-66 > .kt-inside-inner-col:before{border-top-left-radius:0px;border-top-right-radius:0px;border-bottom-right-radius:0px;border-bottom-left-radius:0px;}.kadence-column842_3ece6d-66 > .kt-inside-inner-col{column-gap:var(--global-kb-gap-sm, 1rem);}.kadence-column842_3ece6d-66 > .kt-inside-inner-col{flex-direction:column;}.kadence-column842_3ece6d-66 > .kt-inside-inner-col > .aligncenter{width:100%;}.kadence-column842_3ece6d-66 > .kt-inside-inner-col:before{opacity:0.3;}.kadence-column842_3ece6d-66{position:relative;}@media all and (max-width: 1024px){.kadence-column842_3ece6d-66 > .kt-inside-inner-col{flex-direction:column;justify-content:center;}}@media all and (max-width: 767px){.kadence-column842_3ece6d-66 > .kt-inside-inner-col{flex-direction:column;justify-content:center;}}<\/style>\n<div class=\"wp-block-kadence-column kadence-column842_3ece6d-66\"><div class=\"kt-inside-inner-col\"><style>.kadence-column842_4dc46a-6d > .kt-inside-inner-col,.kadence-column842_4dc46a-6d > .kt-inside-inner-col:before{border-top-left-radius:0px;border-top-right-radius:0px;border-bottom-right-radius:0px;border-bottom-left-radius:0px;}.kadence-column842_4dc46a-6d > .kt-inside-inner-col{column-gap:var(--global-kb-gap-sm, 1rem);}.kadence-column842_4dc46a-6d > .kt-inside-inner-col{flex-direction:column;}.kadence-column842_4dc46a-6d > .kt-inside-inner-col > .aligncenter{width:100%;}.kadence-column842_4dc46a-6d > .kt-inside-inner-col:before{opacity:0.3;}.kadence-column842_4dc46a-6d{position:relative;}@media all and (max-width: 1024px){.kadence-column842_4dc46a-6d > .kt-inside-inner-col{flex-direction:column;justify-content:center;}}@media all and (max-width: 767px){.kadence-column842_4dc46a-6d > .kt-inside-inner-col{flex-direction:column;justify-content:center;}}<\/style>\n<div class=\"wp-block-kadence-column kadence-column842_4dc46a-6d\"><div class=\"kt-inside-inner-col\">\n<p>Janus Pro WebGPU to najnowocze\u015bniejsza aplikacja zaprojektowana do ujednoliconego multimodalnego rozumienia i generowania w przegl\u0105darce. Wykorzystuje ona model Janus-Pro-1B, kt\u00f3ry jest autoregresyjn\u0105 struktur\u0105 opracowan\u0105 do obs\u0142ugi zar\u00f3wno tekstowych, jak i graficznych danych wej\u015bciowych i wyj\u015bciowych, dzi\u0119ki czemu jest wszechstronnym narz\u0119dziem do r\u00f3\u017cnych zada\u0144 zwi\u0105zanych ze sztuczn\u0105 inteligencj\u0105.<\/p>\n\n\n\n<h2 class=\"wp-block-heading\">Przegl\u0105d Janus Pro WebGPU<\/h2>\n\n\n\n<ul class=\"wp-block-list\">\n<li><strong>Ramy<\/strong>: Aplikacja zosta\u0142a zbudowana przy u\u017cyciu React i Vite, wykorzystuj\u0105c Transformers.js do integracji modeli i WebGPU do akceleracji sprz\u0119towej.<\/li>\n\n\n\n<li><strong>Mo\u017cliwo\u015bci modelu<\/strong>: Janus-Pro-1B wyr\u00f3\u017cnia si\u0119 w zadaniach multimodalnych, umo\u017cliwiaj\u0105c u\u017cytkownikom wprowadzanie obraz\u00f3w i otrzymywanie wygenerowanych obraz\u00f3w lub odpowiedzi tekstowych. Model ten jest szczeg\u00f3lnie godny uwagi ze wzgl\u0119du na jego zdolno\u015b\u0107 do interpretowania i generowania tre\u015bci w oparciu o dane wizualne, prezentuj\u0105c zaawansowane mo\u017cliwo\u015bci zar\u00f3wno w zakresie rozumienia, jak i generowania danych wizualnych.<\/li>\n\n\n\n<li><strong>Wydajno\u015b\u0107<\/strong>: Model dzia\u0142a wydajnie w przegl\u0105darkach internetowych obs\u0142uguj\u0105cych WebGPU, takich jak Chrome. U\u017cytkownicy zg\u0142aszali znaczne korzy\u015bci w zakresie wydajno\u015bci, w tym kr\u00f3tsze czasy wnioskowania w por\u00f3wnaniu z tradycyjnymi konfiguracjami GPU.<\/li>\n<\/ul>\n\n\n\n<h2 class=\"wp-block-heading\">Pierwsze kroki z Janus Pro WebGPU<\/h2>\n\n\n\n<p>Aby skonfigurowa\u0107 i uruchomi\u0107 aplikacj\u0119 Janus Pro WebGPU lokalnie, wykonaj nast\u0119puj\u0105ce kroki:<\/p>\n\n\n\n<ol class=\"wp-block-list\">\n<li><strong>Klonowanie repozytorium<\/strong>:bash<code>git clone https:\/\/github.com\/huggingface\/transformers.js-examples.git<\/code><\/li>\n\n\n\n<li><strong>Przejd\u017a do katalogu projektu<\/strong>:bash<code>cd transformers.js-examples\/janus-webgpu<\/code><\/li>\n\n\n\n<li><strong>Instalowanie zale\u017cno\u015bci<\/strong>:bash<code>npm install<\/code><\/li>\n\n\n\n<li><strong>Uruchomienie serwera deweloperskiego<\/strong>:bash<code>npm run dev <\/code>Po wykonaniu tych polece\u0144 otw\u00f3rz przegl\u0105dark\u0119 i przejd\u017a do strony\u00a0<code>http:\/\/localhost:5173<\/code>\u00a0do interakcji z aplikacj\u0105<\/li>\n<\/ol>\n\n\n\n<h2 class=\"wp-block-heading\">Specyfikacja modelu<\/h2>\n\n\n\n<ul class=\"wp-block-list\">\n<li><strong>Szkolenie<\/strong>: Janus-Pro-1B jest szkolony przy u\u017cyciu lekkiej, rozproszonej struktury szkoleniowej, osi\u0105gaj\u0105c konkurencyjn\u0105 wydajno\u015b\u0107 w r\u00f3\u017cnych testach por\u00f3wnawczych. Posiada unikaln\u0105 architektur\u0119, kt\u00f3ra oddziela \u015bcie\u017cki kodowania wizualnego dla zada\u0144 rozumienia i generowania, zwi\u0119kszaj\u0105c zar\u00f3wno stabilno\u015b\u0107, jak i wydajno\u015b\u0107.<\/li>\n\n\n\n<li><strong>Ograniczenia wej\u015bciowe<\/strong>: Model obs\u0142uguje obrazy wej\u015bciowe o rozdzielczo\u015bci do 384 \u00d7 384 pikseli, co mo\u017ce wp\u0142ywa\u0107 na jego wydajno\u015b\u0107 w szczeg\u00f3\u0142owych zadaniach, takich jak optyczne rozpoznawanie znak\u00f3w (OCR). U\u017cytkownicy mog\u0105 zauwa\u017cy\u0107, \u017ce chocia\u017c wygenerowane obrazy s\u0105 bogate semantycznie, mo\u017ce im brakowa\u0107 drobnych szczeg\u00f3\u0142\u00f3w ze wzgl\u0119du na to ograniczenie rozdzielczo\u015bci<\/li>\n\n\n\n<li><strong>Open Source<\/strong>: Janus Pro jest dost\u0119pny na licencji open-source, umo\u017cliwiaj\u0105c programistom swobodne odkrywanie jego mo\u017cliwo\u015bci przy jednoczesnym przestrzeganiu wytycznych dotycz\u0105cych etycznego u\u017cytkowania.<\/li>\n<\/ul>\n<\/div><\/div>\n<\/div><\/div>\n\n<\/div><\/div>\n\n\n<p><\/p>","protected":false},"excerpt":{"rendered":"<p>Safari nie jest jeszcze obs\u0142ugiwane\u3002 Janus Pro WebGPU to najnowocze\u015bniejsza aplikacja zaprojektowana do ujednoliconego multimodalnego rozumienia i generowania w przegl\u0105darce. Wykorzystuje model Janus-Pro-1B, kt\u00f3ry jest autoregresyjnym frameworkiem opracowanym do obs\u0142ugi zar\u00f3wno danych wej\u015bciowych, jak i wyj\u015bciowych tekstu i obrazu, co czyni go wszechstronnym narz\u0119dziem do r\u00f3\u017cnych zada\u0144 AI. Przegl\u0105d Janus Pro WebGPU Uzyskiwanie\u2026<\/p>","protected":false},"author":1,"featured_media":0,"parent":0,"menu_order":0,"comment_status":"closed","ping_status":"closed","template":"","meta":{"_kadence_starter_templates_imported_post":false,"_kad_post_transparent":"","_kad_post_title":"","_kad_post_layout":"","_kad_post_sidebar_id":"","_kad_post_content_style":"","_kad_post_vertical_padding":"","_kad_post_feature":"","_kad_post_feature_position":"","_kad_post_header":false,"_kad_post_footer":false,"footnotes":""},"class_list":["post-842","page","type-page","status-publish","hentry"],"_links":{"self":[{"href":"https:\/\/janusai.pro\/pl\/wp-json\/wp\/v2\/pages\/842","targetHints":{"allow":["GET"]}}],"collection":[{"href":"https:\/\/janusai.pro\/pl\/wp-json\/wp\/v2\/pages"}],"about":[{"href":"https:\/\/janusai.pro\/pl\/wp-json\/wp\/v2\/types\/page"}],"author":[{"embeddable":true,"href":"https:\/\/janusai.pro\/pl\/wp-json\/wp\/v2\/users\/1"}],"replies":[{"embeddable":true,"href":"https:\/\/janusai.pro\/pl\/wp-json\/wp\/v2\/comments?post=842"}],"version-history":[{"count":1,"href":"https:\/\/janusai.pro\/pl\/wp-json\/wp\/v2\/pages\/842\/revisions"}],"predecessor-version":[{"id":844,"href":"https:\/\/janusai.pro\/pl\/wp-json\/wp\/v2\/pages\/842\/revisions\/844"}],"wp:attachment":[{"href":"https:\/\/janusai.pro\/pl\/wp-json\/wp\/v2\/media?parent=842"}],"curies":[{"name":"wp","href":"https:\/\/api.w.org\/{rel}","templated":true}]}}