{"id":733,"date":"2025-01-30T02:21:18","date_gmt":"2025-01-30T02:21:18","guid":{"rendered":"https:\/\/janusai.pro\/?page_id=733"},"modified":"2025-01-30T02:21:21","modified_gmt":"2025-01-30T02:21:21","slug":"news-about-janus-pro","status":"publish","type":"page","link":"https:\/\/janusai.pro\/pt\/news-about-janus-pro\/","title":{"rendered":"not\u00edcias sobre o Janus Pro"},"content":{"rendered":"<style>\n        * {\n            margin: 0;\n            padding: 0;\n            box-sizing: border-box;\n        }\n        \n        body {\n            font-family: 'Segoe UI', sans-serif;\n            line-height: 1.6;\n            background-color: #f5f8fa;\n            color: #333;\n            padding: 2rem;\n        }\n        \n        .container {\n            max-width: 1000px;\n            margin: 0 auto;\n            background-color: white;\n            border-radius: 12px;\n            box-shadow: 0 2px 15px rgba(0, 0, 0, 0.1);\n            padding: 2rem;\n        }\n        \n        h1 {\n            color: #1a73e8;\n            text-align: center;\n            margin-bottom: 2rem;\n            font-size: 2rem;\n        }\n        \n        .date-section {\n            margin-bottom: 2rem;\n        }\n        \n        .date-header {\n            background-color: #1a73e8;\n            color: white;\n            padding: 0.5rem 1rem;\n            border-radius: 6px;\n            margin-bottom: 1rem;\n            font-size: 1.1rem;\n        }\n        \n        .news-item {\n            display: block;\n            text-decoration: none;\n            background-color: #f8f9fa;\n            border-left: 4px solid #1a73e8;\n            padding: 1rem;\n            margin-bottom: 1rem;\n            border-radius: 0 6px 6px 0;\n            transition: all 0.2s ease;\n            cursor: pointer;\n        }\n        \n        .news-item:hover {\n            transform: translateX(5px);\n            background-color: #e8f0fe;\n            box-shadow: 0 2px 8px rgba(26, 115, 232, 0.1);\n        }\n        \n        .news-title {\n            color: #1a73e8;\n            font-weight: 600;\n            margin-bottom: 0.5rem;\n        }\n        \n        .news-source {\n            color: #666;\n            font-size: 0.9rem;\n        }\n    <\/style>\n \n \n    <div class=\"container\">\n        <h1>Not\u00edcias do DeepSeek Janus Pro<\/h1>\n        \n        <div class=\"date-section\">\n            <div class=\"date-header\">29 de janeiro de 2025<\/div>\n            <a href=\"https:\/\/technode.com\/2025\/01\/30\/deepseek-releases-new-models-janus-pro-and-janusflow-on-lunar-new-years-eve\/\" class=\"news-item\" rel=\"nofollow noopener noreferrer\" target=\"_blank\">\n                <div class=\"news-title\">DeepSeek lan\u00e7a novos modelos Janus-Pro e JanusFlow na v\u00e9spera do Ano Novo Lunar<\/div>\n                <div class=\"news-source\">TechNode<\/div>\n            <\/a>\n            <a href=\"https:\/\/www.springnews.co.th\/digital-tech\/technology\/855674\" class=\"news-item\" rel=\"nofollow noopener noreferrer\" target=\"_blank\">\n                <div class=\"news-title\">DeepSeek \u0e40\u0e1b\u0e34\u0e14\u0e15\u0e31\u0e27 Janus-Pro \u0e42\u0e21\u0e40\u0e14\u0e25 AI \u0e27\u0e34\u0e40\u0e04\u0e23\u0e32\u0e30\u0e2b\u0e4c\u0e41\u0e25\u0e30\u0e2a\u0e23\u0e49\u0e32\u0e07\u0e23\u0e39\u0e1b\u0e20\u0e32\u0e1e\u0e23\u0e38\u0e48\u0e19\u0e43\u0e2b\u0e21\u0e48<\/div>\n                <div class=\"news-source\">Not\u00edcias da primavera<\/div>\n            <\/a>\n            <a href=\"https:\/\/evrimagaci.org\/tpg\/deepseek-launches-januspro7b-ai-model-claiming-performance-revolution-165699\" class=\"news-item\" rel=\"nofollow noopener noreferrer\" target=\"_blank\">\n                <div class=\"news-title\">DeepSeek lan\u00e7a modelo de IA Janus-Pro-7B, alegando revolu\u00e7\u00e3o no desempenho<\/div>\n                <div class=\"news-source\">Evrim A\u011fac\u0131<\/div>\n            <\/a>\n        <\/div>\n        \n        <div class=\"date-section\">\n            <div class=\"date-header\">28 de janeiro de 2025<\/div>\n            <a href=\"https:\/\/www.merca20.com\/what-is-deep-seeks-janus-pro-7b-this-is-how-the-chinese-artificial-intelligence-that-generates-images-works\/\" class=\"news-item\" rel=\"nofollow noopener noreferrer\" target=\"_blank\">\n                <div class=\"news-title\">O que \u00e9 o Janus Pro 7B do Deep Seek? \u00c9 assim que a IA chinesa funciona<\/div>\n                <div class=\"news-source\">Merca20<\/div>\n            <\/a>\n            <a href=\"https:\/\/siliconangle.com\/2025\/01\/28\/deepseek-launches-janus-pro-ai-image-model-claims-can-outperform-dall-e\/\" class=\"news-item\" rel=\"nofollow noopener noreferrer\" target=\"_blank\">\n                <div class=\"news-title\">DeepSeek lan\u00e7a modelo de imagem Janus Pro AI que, segundo ele, pode superar o DALL-E<\/div>\n                <div class=\"news-source\">SiliconANGLE<\/div>\n            <\/a>\n            <a href=\"https:\/\/observervoice.com\/deepseek-unveils-janus-pro-7b-ai-model-91981\/\" class=\"news-item\" rel=\"nofollow noopener noreferrer\" target=\"_blank\">\n                <div class=\"news-title\">DeepSeek revela modelo de IA Janus Pro 7B<\/div>\n                <div class=\"news-source\">Voz do observador<\/div>\n            <\/a>\n            <a href=\"https:\/\/evrimagaci.org\/tpg\/deepseeks-januspro-7b-model-challenges-openais-market-leadership-164998\" class=\"news-item\" rel=\"nofollow noopener noreferrer\" target=\"_blank\">\n                <div class=\"news-title\">O modelo Janus-Pro 7B da DeepSeek desafia a lideran\u00e7a de mercado da OpenAI<\/div>\n                <div class=\"news-source\">Evrim A\u011fac\u0131<\/div>\n            <\/a>\n        <\/div>\n        \n        <div class=\"date-section\">\n            <div class=\"date-header\">27 de janeiro de 2025<\/div>\n            <a href=\"https:\/\/www.theverge.com\/2025\/1\/27\/24353056\/deepseek-says-its-newest-ai-model-janus-pro-can-outperform-stable-diffusion-and-dall-e-3\" class=\"news-item\" rel=\"nofollow noopener noreferrer\" target=\"_blank\">\n                <div class=\"news-title\">A DeepSeek afirma que seu mais novo modelo de IA, o Janus-Pro, pode superar o Stable Diffusion e o DALL-E 3<\/div>\n                <div class=\"news-source\">The Verge<\/div>\n            <\/a>\n        <\/div>\n    <\/div>","protected":false},"excerpt":{"rendered":"<p>Not\u00edcias DeepSeek Janus Pro 29 de janeiro de 2025 DeepSeek lan\u00e7a novos modelos Janus-Pro e JanusFlow na v\u00e9spera do Ano Novo Lunar TechNode DeepSeek \u0e40\u0e1b\u0e34\u0e14\u0e15\u0e31\u0e27 Janus-Pro \u0e42\u0e21\u0e40\u0e14\u0e25 AI Spring News DeepSeek lan\u00e7a modelo Janus-Pro-7B AI, reivindicando revolu\u00e7\u00e3o de desempenho Evrim A\u011fac\u0131 28 de janeiro de 2025 O que \u00e9 Janus Pro 7B do Deep Seek? \u00c9 assim que funciona a IA chinesa\u2026<\/p>","protected":false},"author":1,"featured_media":0,"parent":0,"menu_order":0,"comment_status":"closed","ping_status":"closed","template":"","meta":{"_kadence_starter_templates_imported_post":false,"_kad_post_transparent":"","_kad_post_title":"","_kad_post_layout":"","_kad_post_sidebar_id":"","_kad_post_content_style":"","_kad_post_vertical_padding":"","_kad_post_feature":"","_kad_post_feature_position":"","_kad_post_header":false,"_kad_post_footer":false,"footnotes":""},"class_list":["post-733","page","type-page","status-publish","hentry"],"_links":{"self":[{"href":"https:\/\/janusai.pro\/pt\/wp-json\/wp\/v2\/pages\/733","targetHints":{"allow":["GET"]}}],"collection":[{"href":"https:\/\/janusai.pro\/pt\/wp-json\/wp\/v2\/pages"}],"about":[{"href":"https:\/\/janusai.pro\/pt\/wp-json\/wp\/v2\/types\/page"}],"author":[{"embeddable":true,"href":"https:\/\/janusai.pro\/pt\/wp-json\/wp\/v2\/users\/1"}],"replies":[{"embeddable":true,"href":"https:\/\/janusai.pro\/pt\/wp-json\/wp\/v2\/comments?post=733"}],"version-history":[{"count":1,"href":"https:\/\/janusai.pro\/pt\/wp-json\/wp\/v2\/pages\/733\/revisions"}],"predecessor-version":[{"id":734,"href":"https:\/\/janusai.pro\/pt\/wp-json\/wp\/v2\/pages\/733\/revisions\/734"}],"wp:attachment":[{"href":"https:\/\/janusai.pro\/pt\/wp-json\/wp\/v2\/media?parent=733"}],"curies":[{"name":"wp","href":"https:\/\/api.w.org\/{rel}","templated":true}]}}