{"id":813,"date":"2025-02-01T03:48:57","date_gmt":"2025-02-01T03:48:57","guid":{"rendered":"https:\/\/janusai.pro\/?page_id=813"},"modified":"2025-02-01T03:49:32","modified_gmt":"2025-02-01T03:49:32","slug":"813-2","status":"publish","type":"page","link":"https:\/\/janusai.pro\/pt\/813-2\/","title":{"rendered":"Isen\u00e7\u00e3o de responsabilidade"},"content":{"rendered":"<h1 class=\"wp-block-heading\">Isen\u00e7\u00e3o de responsabilidade<\/h1>\n\n\n\n<p>Por janusai.pro 1 de fevereiro de 2025<\/p>\n\n\n\n<p>Se precisar de mais informa\u00e7\u00f5es ou tiver alguma d\u00favida sobre o aviso de isen\u00e7\u00e3o de responsabilidade do nosso site, entre em contato conosco pelo e-mail wd.gstar@gmail.com<\/p>\n\n\n\n<h2 class=\"wp-block-heading\">Avisos de isen\u00e7\u00e3o de responsabilidade para o teste raads-r<\/h2>\n\n\n\n<p>Todas as informa\u00e7\u00f5es contidas neste site -janusai.pro - s\u00e3o publicadas de boa f\u00e9 e apenas para fins de informa\u00e7\u00e3o geral. O raads-r test n\u00e3o oferece nenhuma garantia quanto \u00e0 integridade, confiabilidade e precis\u00e3o dessas informa\u00e7\u00f5es. Qualquer a\u00e7\u00e3o tomada com base nas informa\u00e7\u00f5es encontradas neste site (raads-r test) \u00e9 estritamente por sua conta e risco. O raads-r test n\u00e3o ser\u00e1 respons\u00e1vel por quaisquer perdas e\/ou danos relacionados ao uso do nosso site. Nossa isen\u00e7\u00e3o de responsabilidade foi gerada com a ajuda do\u00a0<a href=\"https:\/\/www.privacypolicyonline.com\/disclaimer-generator\/\" target=\"_blank\" rel=\"noreferrer noopener\">Gerador de isen\u00e7\u00e3o de responsabilidade<\/a>.<\/p>\n\n\n\n<p>Em nosso site, voc\u00ea pode visitar outros sites seguindo os hiperlinks para esses sites externos. Embora nos esforcemos para fornecer apenas links de qualidade para sites \u00fateis e \u00e9ticos, n\u00e3o temos controle sobre o conte\u00fado e a natureza desses sites. Esses links para outros sites n\u00e3o implicam em uma recomenda\u00e7\u00e3o de todo o conte\u00fado encontrado nesses sites. Os propriet\u00e1rios e o conte\u00fado dos sites podem ser alterados sem aviso pr\u00e9vio e podem ocorrer antes que tenhamos a oportunidade de remover um link que possa ter se tornado \"ruim\".<\/p>\n\n\n\n<p>Esteja ciente tamb\u00e9m de que, ao sair do nosso site, outros sites podem ter pol\u00edticas de privacidade e termos diferentes que est\u00e3o fora do nosso controle. Certifique-se de verificar as Pol\u00edticas de Privacidade desses sites, bem como seus \"Termos de Servi\u00e7o\", antes de se envolver em qualquer neg\u00f3cio ou fazer o upload de qualquer informa\u00e7\u00e3o.<\/p>\n\n\n\n<h2 class=\"wp-block-heading\">Consentimento<\/h2>\n\n\n\n<p>Ao usar nosso site, voc\u00ea concorda com nossa isen\u00e7\u00e3o de responsabilidade e com seus termos.<\/p>\n\n\n\n<h2 class=\"wp-block-heading\">Atualiza\u00e7\u00e3o<\/h2>\n\n\n\n<p>Caso atualizemos, emendemos ou fa\u00e7amos qualquer altera\u00e7\u00e3o neste documento, essas altera\u00e7\u00f5es ser\u00e3o publicadas de forma destacada aqui.<\/p>","protected":false},"excerpt":{"rendered":"<p>Isen\u00e7\u00e3o de responsabilidade Por janusai.pro 1 de fevereiro de 2025 Se precisar de mais informa\u00e7\u00f5es ou tiver alguma d\u00favida sobre a isen\u00e7\u00e3o de responsabilidade do nosso site, entre em contato conosco pelo e-mail wd.gstar@gmail.com Isen\u00e7\u00e3o de responsabilidade para o teste raads-r Todas as informa\u00e7\u00f5es neste site - janusai.pro - s\u00e3o publicadas de boa f\u00e9 e apenas para fins de informa\u00e7\u00e3o geral.<\/p>","protected":false},"author":1,"featured_media":0,"parent":0,"menu_order":0,"comment_status":"closed","ping_status":"closed","template":"","meta":{"_kadence_starter_templates_imported_post":false,"_kad_post_transparent":"","_kad_post_title":"","_kad_post_layout":"","_kad_post_sidebar_id":"","_kad_post_content_style":"","_kad_post_vertical_padding":"","_kad_post_feature":"","_kad_post_feature_position":"","_kad_post_header":false,"_kad_post_footer":false,"footnotes":""},"class_list":["post-813","page","type-page","status-publish","hentry"],"_links":{"self":[{"href":"https:\/\/janusai.pro\/pt\/wp-json\/wp\/v2\/pages\/813","targetHints":{"allow":["GET"]}}],"collection":[{"href":"https:\/\/janusai.pro\/pt\/wp-json\/wp\/v2\/pages"}],"about":[{"href":"https:\/\/janusai.pro\/pt\/wp-json\/wp\/v2\/types\/page"}],"author":[{"embeddable":true,"href":"https:\/\/janusai.pro\/pt\/wp-json\/wp\/v2\/users\/1"}],"replies":[{"embeddable":true,"href":"https:\/\/janusai.pro\/pt\/wp-json\/wp\/v2\/comments?post=813"}],"version-history":[{"count":3,"href":"https:\/\/janusai.pro\/pt\/wp-json\/wp\/v2\/pages\/813\/revisions"}],"predecessor-version":[{"id":817,"href":"https:\/\/janusai.pro\/pt\/wp-json\/wp\/v2\/pages\/813\/revisions\/817"}],"wp:attachment":[{"href":"https:\/\/janusai.pro\/pt\/wp-json\/wp\/v2\/media?parent=813"}],"curies":[{"name":"wp","href":"https:\/\/api.w.org\/{rel}","templated":true}]}}