{"id":665,"date":"2025-01-29T05:16:18","date_gmt":"2025-01-29T05:16:18","guid":{"rendered":"https:\/\/janusai.pro\/?page_id=665"},"modified":"2025-02-02T00:05:16","modified_gmt":"2025-02-02T00:05:16","slug":"flux-image-generator","status":"publish","type":"page","link":"https:\/\/janusai.pro\/ro\/flux-image-generator\/","title":{"rendered":"Flux Generator de imagini"},"content":{"rendered":"<p><\/p>\n\n\n<style>.kb-row-layout-id665_9af544-6e > .kt-row-column-wrap{align-content:start;}:where(.kb-row-layout-id665_9af544-6e > .kt-row-column-wrap) > .wp-block-kadence-column{justify-content:start;}.kb-row-layout-id665_9af544-6e > .kt-row-column-wrap{column-gap:var(--global-kb-gap-md, 2rem);row-gap:var(--global-kb-gap-md, 2rem);max-width:860px;margin-left:auto;margin-right:auto;padding-top:var(--global-kb-spacing-sm, 1.5rem);padding-bottom:var(--global-kb-spacing-sm, 1.5rem);grid-template-columns:minmax(0, 1fr);}.kb-row-layout-id665_9af544-6e > .kt-row-layout-overlay{opacity:0.30;}@media all and (max-width: 1024px){.kb-row-layout-id665_9af544-6e > .kt-row-column-wrap{grid-template-columns:minmax(0, 1fr);}}@media all and (max-width: 767px){.kb-row-layout-id665_9af544-6e > .kt-row-column-wrap{grid-template-columns:minmax(0, 1fr);}}<\/style><div class=\"kb-row-layout-wrap kb-row-layout-id665_9af544-6e alignnone wp-block-kadence-rowlayout\"><div class=\"kt-row-column-wrap kt-has-1-columns kt-row-layout-equal kt-tab-layout-inherit kt-mobile-layout-row kt-row-valign-top\">\n<style>.kadence-column665_e8d3e6-7b > .kt-inside-inner-col,.kadence-column665_e8d3e6-7b > .kt-inside-inner-col:before{border-top-left-radius:0px;border-top-right-radius:0px;border-bottom-right-radius:0px;border-bottom-left-radius:0px;}.kadence-column665_e8d3e6-7b > .kt-inside-inner-col{column-gap:var(--global-kb-gap-sm, 1rem);}.kadence-column665_e8d3e6-7b > .kt-inside-inner-col{flex-direction:column;}.kadence-column665_e8d3e6-7b > .kt-inside-inner-col > .aligncenter{width:100%;}.kadence-column665_e8d3e6-7b > .kt-inside-inner-col:before{opacity:0.3;}.kadence-column665_e8d3e6-7b{position:relative;}@media all and (max-width: 1024px){.kadence-column665_e8d3e6-7b > .kt-inside-inner-col{flex-direction:column;justify-content:center;}}@media all and (max-width: 767px){.kadence-column665_e8d3e6-7b > .kt-inside-inner-col{flex-direction:column;justify-content:center;}}<\/style>\n<div class=\"wp-block-kadence-column kadence-column665_e8d3e6-7b\"><div class=\"kt-inside-inner-col\">\n<p>Flux Models Calitatea imaginii este mai bun\u0103 dec\u00e2t Janus Pro, dar nu are \u00een\u021belegere Multimodel. pute\u021bi \u00eencerca FLux Dev aici:<\/p>\n\n\n\n<iframe\n\tsrc=\"https:\/\/black-forest-labs-flux-1-dev.hf.space\"\n\tframeborder=\"0\"\n\twidth=\"850\"\n\theight=\"700\"\n><\/iframe>\n\n\n<style>.kadence-column665_8f213c-33 > .kt-inside-inner-col{display:flex;}.kadence-column665_8f213c-33 > .kt-inside-inner-col,.kadence-column665_8f213c-33 > .kt-inside-inner-col:before{border-top-left-radius:0px;border-top-right-radius:0px;border-bottom-right-radius:0px;border-bottom-left-radius:0px;}.kadence-column665_8f213c-33 > .kt-inside-inner-col{column-gap:var(--global-kb-gap-sm, 1rem);}.kadence-column665_8f213c-33 > .kt-inside-inner-col{flex-direction:column;align-items:center;}.kadence-column665_8f213c-33 > .kt-inside-inner-col > .kb-image-is-ratio-size{align-self:stretch;}.kadence-column665_8f213c-33 > .kt-inside-inner-col > .wp-block-kadence-advancedgallery{align-self:stretch;}.kadence-column665_8f213c-33 > .kt-inside-inner-col > .aligncenter{width:100%;}.kadence-column665_8f213c-33 > .kt-inside-inner-col:before{opacity:0.3;}.kadence-column665_8f213c-33{position:relative;}@media all and (max-width: 1024px){.kadence-column665_8f213c-33 > .kt-inside-inner-col{flex-direction:column;justify-content:center;align-items:center;}}@media all and (max-width: 767px){.kadence-column665_8f213c-33 > .kt-inside-inner-col{flex-direction:column;justify-content:center;align-items:center;}}<\/style>\n<div class=\"wp-block-kadence-column kadence-column665_8f213c-33\"><div class=\"kt-inside-inner-col\">\n<div class=\"wp-block-stackable-button-group stk-block-button-group stk-block stk-121459c\" data-block-id=\"121459c\"><style>.stk-121459c .stk-button-group{flex-direction:row !important;}.stk-121459c {border-top-left-radius:50px !important;border-top-right-radius:50px !important;border-bottom-right-radius:50px !important;border-bottom-left-radius:50px !important;overflow:hidden !important;}@media screen and (max-width: 1023px){.stk-121459c .stk-button-group{flex-direction:row !important;}}@media screen and (max-width: 767px){.stk-121459c .stk-button-group{flex-direction:row !important;}}<\/style><div class=\"stk-row stk-inner-blocks stk-block-content stk-button-group\">\n<div class=\"wp-block-stackable-button stk-block-button has-text-align-center stk-block stk-72efa7e\" data-block-id=\"72efa7e\"><a class=\"stk-link stk-button stk--hover-effect-darken\" href=\"https:\/\/vividhubs.ai\/ai-image-generator?utm_source=janusaiproflux\" target=\"_blank\" rel=\"noreferrer noopener\"><span class=\"stk--svg-wrapper\"><div class=\"stk--inner-svg\"><svg xmlns=\"http:\/\/www.w3.org\/2000\/svg\" viewbox=\"0 0 448 512\" aria-hidden=\"true\" width=\"32\" height=\"32\"><path d=\"M349.4 44.6c5.9-13.7 1.5-29.7-10.6-38.5s-28.6-8-39.9 1.8l-256 224c-10 8.8-13.6 22.9-8.9 35.3S50.7 288 64 288H175.5L98.6 467.4c-5.9 13.7-1.5 29.7 10.6 38.5s28.6 8 39.9-1.8l256-224c10-8.8 13.6-22.9 8.9-35.3s-16.6-20.7-30-20.7H272.5L349.4 44.6z\"><\/path><\/svg><\/div><\/span><span class=\"stk-button__inner-text\">Generator de imagine Flux cu putere maxim\u0103 \u0219i FAST  <\/span><\/a><\/div>\n<\/div><\/div>\n<\/div><\/div>\n<\/div><\/div>\n\n\n<style>.kadence-column665_f8cb8d-67 > .kt-inside-inner-col,.kadence-column665_f8cb8d-67 > .kt-inside-inner-col:before{border-top-left-radius:0px;border-top-right-radius:0px;border-bottom-right-radius:0px;border-bottom-left-radius:0px;}.kadence-column665_f8cb8d-67 > .kt-inside-inner-col{column-gap:var(--global-kb-gap-sm, 1rem);}.kadence-column665_f8cb8d-67 > .kt-inside-inner-col{flex-direction:column;}.kadence-column665_f8cb8d-67 > .kt-inside-inner-col > .aligncenter{width:100%;}.kadence-column665_f8cb8d-67 > .kt-inside-inner-col:before{opacity:0.3;}.kadence-column665_f8cb8d-67{position:relative;}@media all and (max-width: 1024px){.kadence-column665_f8cb8d-67 > .kt-inside-inner-col{flex-direction:column;justify-content:center;}}@media all and (max-width: 767px){.kadence-column665_f8cb8d-67 > .kt-inside-inner-col{flex-direction:column;justify-content:center;}}<\/style>\n<div class=\"wp-block-kadence-column kadence-column665_f8cb8d-67\"><div class=\"kt-inside-inner-col\">\n<h2 class=\"wp-block-heading\">Janus Pro vs Flux: O compara\u021bie<\/h2>\n\n\n\n<p><strong>Janus Pro<\/strong>&nbsp;\u0219i&nbsp;<strong>Flux<\/strong>&nbsp;sunt ambele modele AI utilizate pentru generarea de imagini, dar au obiective \u0219i capacit\u0103\u021bi diferite.<\/p>\n\n\n\n<h2 class=\"wp-block-heading\">Janus Pro<\/h2>\n\n\n\n<ul class=\"wp-block-list\">\n<li><strong>Capacit\u0103\u021bi multimodale<\/strong>: Janus Pro este un model multimodal care poate gestiona at\u00e2t text, c\u00e2t \u0219i imagini. Acesta exceleaz\u0103 \u00een sarcini precum conversia imaginilor de ecua\u021bii matematice \u00een cod LaTeX \u0219i generarea de imagini pe baza unor indica\u021bii text detaliate<\/li>\n\n\n\n<li><strong>Performan\u021b\u0103<\/strong>: Versiunea cu parametrii 7B a Janus Pro a demonstrat performan\u021be puternice \u00een testele de referin\u021b\u0103, dep\u0103\u0219ind modele precum DALL-E 3 \u0219i Stable Diffusion \u00een anumite sarcini<\/li>\n\n\n\n<li><strong>Costul form\u0103rii<\/strong>: Janus Pro a fost antrenat cu un buget relativ redus \u00een compara\u021bie cu alte modele, folosind cipuri AI mai vechi. Modelul cu 7B parametri a avut nevoie de 14 zile pentru a fi antrenat pe un cluster de 32 de noduri cu GPU Nvidia A1001.<\/li>\n\n\n\n<li><strong>Calitatea \u0219i rezolu\u021bia imaginii<\/strong>: De\u0219i Janus Pro poate genera imagini, obiectivul s\u0103u principal nu este doar calitatea imaginii. Modelul este limitat la rezolu\u021bii de intrare de 384 x 384 pixeli, de\u0219i poate produce imagini de ie\u0219ire de p\u00e2n\u0103 la 768 x 768 pixeli \u00een unele demonstra\u021bii<\/li>\n<\/ul>\n\n\n\n<h2 class=\"wp-block-heading\">Flux<\/h2>\n\n\n\n<ul class=\"wp-block-list\">\n<li><strong>Calitatea \u0219i viteza imaginii<\/strong>: Flux este cunoscut pentru generarea de imagini de \u00eenalt\u0103 calitate \u0219i timpii rapizi de procesare. Acesta poate produce rapid imagini de 1024 x 1024, \u00een special atunci c\u00e2nd este optimizat cu tehnici precum cuantizarea<\/li>\n\n\n\n<li><strong>Concentrare<\/strong>: Flux este conceput \u00een principal pentru a genera imagini de \u00eenalt\u0103 calitate, dep\u0103\u0219ind adesea alte modele \u00een ceea ce prive\u0219te fidelitatea vizual\u0103 \u0219i profunzimea emo\u021bional\u0103<\/li>\n\n\n\n<li><strong>Comunitate \u0219i dezvoltare<\/strong>: Flux beneficiaz\u0103 de un sprijin puternic din partea comunit\u0103\u021bii, cu diverse optimiz\u0103ri disponibile, cum ar fi versiunile FP8, care \u00eei \u00eembun\u0103t\u0103\u021besc performan\u021ba pe hardware-ul inferior<\/li>\n<\/ul>\n\n\n\n<h2 class=\"wp-block-heading\">Puncte de compara\u021bie<\/h2>\n\n\n\n<figure class=\"wp-block-table\"><table class=\"has-fixed-layout\"><thead><tr><th>Caracteristic\u0103<\/th><th>Janus Pro<\/th><th>Flux<\/th><\/tr><\/thead><tbody><tr><td><strong>Obiectivul principal<\/strong><\/td><td>Sarcini multimodale, interac\u021biunea text-imagine<\/td><td>Generarea de imagini de \u00eenalt\u0103 calitate<\/td><\/tr><tr><td><strong>Performan\u021b\u0103<\/strong><\/td><td>exceleaz\u0103 \u00een urm\u0103rirea instruc\u021biunilor, \u00een sarcini multimodale<\/td><td>Imagini de \u00eenalt\u0103 calitate cu timpi rapizi de generare<\/td><\/tr><tr><td><strong>Costul form\u0103rii<\/strong><\/td><td>Buget relativ sc\u0103zut<\/td><td>Nu se men\u021bioneaz\u0103 explicit, probabil mai mare<\/td><\/tr><tr><td><strong>Rezolu\u021bia imaginii<\/strong><\/td><td>Intrare: 384 x 384 pixeli, ie\u0219ire: P\u00e2n\u0103 la 768 x 768<\/td><td>Poate genera p\u00e2n\u0103 la 1024 x 1024 pixeli<\/td><\/tr><tr><td><strong>Sprijin comunitar<\/strong><\/td><td>Open-source, disponibil pe Hugging Face<\/td><td>Sprijin puternic din partea comunit\u0103\u021bii cu optimiz\u0103ri<\/td><\/tr><\/tbody><\/table><\/figure>\n\n\n\n<p>Pe scurt, Janus Pro este ideal pentru sarcinile care necesit\u0103 interac\u021biune \u00eentre text \u0219i imagini, \u00een timp ce Flux exceleaz\u0103 \u00een generarea rapid\u0103 de imagini de \u00eenalt\u0103 calitate. Alegerea \u00eentre cele dou\u0103 depinde de nevoile specifice ale utilizatorului.<\/p>\n<\/div><\/div>\n\n<\/div><\/div>\n\n\n<p><\/p>","protected":false},"excerpt":{"rendered":"<p>Calitatea imaginii modelelor Flux este mai bun\u0103 dec\u00e2t Janus Pro, dar nu are \u00een\u021belegere Multimodel. pute\u021bi \u00eencerca FLux Dev aici: Flux Image Generator With Full Power &amp; FAST Janus Pro vs Flux: O compara\u021bie Janus Pro \u0219i Flux sunt ambele modele AI utilizate pentru generarea de imagini, dar au focusuri \u0219i capabilit\u0103\u021bi diferite. Janus Pro Flux Compara\u021bie...<\/p>","protected":false},"author":1,"featured_media":0,"parent":0,"menu_order":0,"comment_status":"closed","ping_status":"closed","template":"","meta":{"_kadence_starter_templates_imported_post":false,"_kad_post_transparent":"","_kad_post_title":"","_kad_post_layout":"","_kad_post_sidebar_id":"","_kad_post_content_style":"","_kad_post_vertical_padding":"","_kad_post_feature":"","_kad_post_feature_position":"","_kad_post_header":false,"_kad_post_footer":false,"footnotes":""},"class_list":["post-665","page","type-page","status-publish","hentry"],"_links":{"self":[{"href":"https:\/\/janusai.pro\/ro\/wp-json\/wp\/v2\/pages\/665","targetHints":{"allow":["GET"]}}],"collection":[{"href":"https:\/\/janusai.pro\/ro\/wp-json\/wp\/v2\/pages"}],"about":[{"href":"https:\/\/janusai.pro\/ro\/wp-json\/wp\/v2\/types\/page"}],"author":[{"embeddable":true,"href":"https:\/\/janusai.pro\/ro\/wp-json\/wp\/v2\/users\/1"}],"replies":[{"embeddable":true,"href":"https:\/\/janusai.pro\/ro\/wp-json\/wp\/v2\/comments?post=665"}],"version-history":[{"count":10,"href":"https:\/\/janusai.pro\/ro\/wp-json\/wp\/v2\/pages\/665\/revisions"}],"predecessor-version":[{"id":825,"href":"https:\/\/janusai.pro\/ro\/wp-json\/wp\/v2\/pages\/665\/revisions\/825"}],"wp:attachment":[{"href":"https:\/\/janusai.pro\/ro\/wp-json\/wp\/v2\/media?parent=665"}],"curies":[{"name":"wp","href":"https:\/\/api.w.org\/{rel}","templated":true}]}}