{"id":813,"date":"2025-02-01T03:48:57","date_gmt":"2025-02-01T03:48:57","guid":{"rendered":"https:\/\/janusai.pro\/?page_id=813"},"modified":"2025-02-01T03:49:32","modified_gmt":"2025-02-01T03:49:32","slug":"813-2","status":"publish","type":"page","link":"https:\/\/janusai.pro\/ro\/813-2\/","title":{"rendered":"Disclaimer"},"content":{"rendered":"<h1 class=\"wp-block-heading\">Disclaimer<\/h1>\n\n\n\n<p>De janusai.pro Feb 1, 2025<\/p>\n\n\n\n<p>Dac\u0103 ave\u021bi nevoie de informa\u021bii suplimentare sau dac\u0103 ave\u021bi \u00eentreb\u0103ri cu privire la clauza de exonerare de r\u0103spundere a site-ului nostru, nu ezita\u021bi s\u0103 ne contacta\u021bi prin e-mail la wd.gstar@gmail.com<\/p>\n\n\n\n<h2 class=\"wp-block-heading\">Declara\u021bii de nevinov\u0103\u021bie pentru testul raads-r<\/h2>\n\n\n\n<p>Toate informa\u021biile de pe acest site -janusai.pro - sunt publicate cu bun\u0103 credin\u021b\u0103 \u0219i doar \u00een scop de informare general\u0103. raads-r test nu ofer\u0103 nicio garan\u021bie cu privire la exhaustivitatea, fiabilitatea \u0219i acurate\u021bea acestor informa\u021bii. Orice ac\u021biune pe care o \u00eentreprinde\u021bi pe baza informa\u021biilor pe care le g\u0103si\u021bi pe acest site (raads-r test), este strict pe propriul risc. raads-r test nu va fi r\u0103spunz\u0103tor pentru nicio pierdere \u0219i\/sau daun\u0103 \u00een leg\u0103tur\u0103 cu utilizarea site-ului nostru. Disclaimer-ul nostru a fost generat cu ajutorul\u00a0<a href=\"https:\/\/www.privacypolicyonline.com\/disclaimer-generator\/\" target=\"_blank\" rel=\"noreferrer noopener\">Disclaimer Generator<\/a>.<\/p>\n\n\n\n<p>De pe site-ul nostru, pute\u021bi vizita alte site-uri web urm\u00e2nd hiperleg\u0103turile c\u0103tre astfel de site-uri externe. De\u0219i ne str\u0103duim s\u0103 oferim numai linkuri de calitate c\u0103tre site-uri utile \u0219i etice, nu avem niciun control asupra con\u021binutului \u0219i naturii acestor site-uri. Aceste linkuri c\u0103tre alte site-uri nu implic\u0103 o recomandare pentru \u00eentregul con\u021binut g\u0103sit pe aceste site-uri. Proprietarii \u0219i con\u021binutul site-urilor se pot schimba f\u0103r\u0103 notificare prealabil\u0103 \u0219i se poate \u00eent\u00e2mpla \u00eenainte ca noi s\u0103 avem posibilitatea de a elimina un link care ar fi putut deveni \"r\u0103u\".<\/p>\n\n\n\n<p>V\u0103 rug\u0103m s\u0103 fi\u021bi, de asemenea, con\u0219tien\u021bi de faptul c\u0103, atunci c\u00e2nd p\u0103r\u0103si\u021bi site-ul nostru, alte site-uri pot avea politici de confiden\u021bialitate \u0219i termeni diferi\u021bi, care sunt \u00een afara controlului nostru. V\u0103 rug\u0103m s\u0103 v\u0103 asigura\u021bi c\u0103 verifica\u021bi politicile de confiden\u021bialitate ale acestor site-uri, precum \u0219i \"condi\u021biile de serviciu\" ale acestora \u00eenainte de a v\u0103 angaja \u00een orice afacere sau de a \u00eenc\u0103rca orice informa\u021bii.<\/p>\n\n\n\n<h2 class=\"wp-block-heading\">Consim\u021b\u0103m\u00e2nt<\/h2>\n\n\n\n<p>Prin utilizarea site-ului nostru, sunte\u021bi de acord cu declara\u021bia noastr\u0103 de exonerare de r\u0103spundere \u0219i sunte\u021bi de acord cu termenii acesteia.<\/p>\n\n\n\n<h2 class=\"wp-block-heading\">Actualizare<\/h2>\n\n\n\n<p>\u00cen cazul \u00een care actualiz\u0103m, modific\u0103m sau aducem modific\u0103ri la acest document, modific\u0103rile respective vor fi afi\u0219ate aici \u00een mod vizibil.<\/p>","protected":false},"excerpt":{"rendered":"<p>Exonerare de responsabilitate De janusai.pro 1 februarie 2025 Dac\u0103 ave\u021bi nevoie de mai multe informa\u021bii sau ave\u021bi \u00eentreb\u0103ri despre declinarea r\u0103spunderii site-ului nostru, v\u0103 rug\u0103m s\u0103 nu ezita\u021bi s\u0103 ne contacta\u021bi prin e-mail la wd.gstar@gmail.com Exonerari de responsabilitate pentru testul raads-r Toate informa\u021biile de pe acest site \u2013 janusai.pro \u2013 sunt publicate cu bun\u0103-credin\u021b\u0103 \u0219i numai \u00een scop de informare general\u0103. testul raads-r face...<\/p>","protected":false},"author":1,"featured_media":0,"parent":0,"menu_order":0,"comment_status":"closed","ping_status":"closed","template":"","meta":{"_kadence_starter_templates_imported_post":false,"_kad_post_transparent":"","_kad_post_title":"","_kad_post_layout":"","_kad_post_sidebar_id":"","_kad_post_content_style":"","_kad_post_vertical_padding":"","_kad_post_feature":"","_kad_post_feature_position":"","_kad_post_header":false,"_kad_post_footer":false,"footnotes":""},"class_list":["post-813","page","type-page","status-publish","hentry"],"_links":{"self":[{"href":"https:\/\/janusai.pro\/ro\/wp-json\/wp\/v2\/pages\/813","targetHints":{"allow":["GET"]}}],"collection":[{"href":"https:\/\/janusai.pro\/ro\/wp-json\/wp\/v2\/pages"}],"about":[{"href":"https:\/\/janusai.pro\/ro\/wp-json\/wp\/v2\/types\/page"}],"author":[{"embeddable":true,"href":"https:\/\/janusai.pro\/ro\/wp-json\/wp\/v2\/users\/1"}],"replies":[{"embeddable":true,"href":"https:\/\/janusai.pro\/ro\/wp-json\/wp\/v2\/comments?post=813"}],"version-history":[{"count":3,"href":"https:\/\/janusai.pro\/ro\/wp-json\/wp\/v2\/pages\/813\/revisions"}],"predecessor-version":[{"id":817,"href":"https:\/\/janusai.pro\/ro\/wp-json\/wp\/v2\/pages\/813\/revisions\/817"}],"wp:attachment":[{"href":"https:\/\/janusai.pro\/ro\/wp-json\/wp\/v2\/media?parent=813"}],"curies":[{"name":"wp","href":"https:\/\/api.w.org\/{rel}","templated":true}]}}