{"id":665,"date":"2025-01-29T05:16:18","date_gmt":"2025-01-29T05:16:18","guid":{"rendered":"https:\/\/janusai.pro\/?page_id=665"},"modified":"2025-02-02T00:05:16","modified_gmt":"2025-02-02T00:05:16","slug":"flux-image-generator","status":"publish","type":"page","link":"https:\/\/janusai.pro\/sv\/flux-image-generator\/","title":{"rendered":"Flux Bildgenerator"},"content":{"rendered":"<p><\/p>\n\n\n<style>.kb-row-layout-id665_9af544-6e > .kt-row-column-wrap{align-content:start;}:where(.kb-row-layout-id665_9af544-6e > .kt-row-column-wrap) > .wp-block-kadence-column{justify-content:start;}.kb-row-layout-id665_9af544-6e > .kt-row-column-wrap{column-gap:var(--global-kb-gap-md, 2rem);row-gap:var(--global-kb-gap-md, 2rem);max-width:860px;margin-left:auto;margin-right:auto;padding-top:var(--global-kb-spacing-sm, 1.5rem);padding-bottom:var(--global-kb-spacing-sm, 1.5rem);grid-template-columns:minmax(0, 1fr);}.kb-row-layout-id665_9af544-6e > .kt-row-layout-overlay{opacity:0.30;}@media all and (max-width: 1024px){.kb-row-layout-id665_9af544-6e > .kt-row-column-wrap{grid-template-columns:minmax(0, 1fr);}}@media all and (max-width: 767px){.kb-row-layout-id665_9af544-6e > .kt-row-column-wrap{grid-template-columns:minmax(0, 1fr);}}<\/style><div class=\"kb-row-layout-wrap kb-row-layout-id665_9af544-6e alignnone wp-block-kadence-rowlayout\"><div class=\"kt-row-column-wrap kt-has-1-columns kt-row-layout-equal kt-tab-layout-inherit kt-mobile-layout-row kt-row-valign-top\">\n<style>.kadence-column665_e8d3e6-7b > .kt-inside-inner-col,.kadence-column665_e8d3e6-7b > .kt-inside-inner-col:before{border-top-left-radius:0px;border-top-right-radius:0px;border-bottom-right-radius:0px;border-bottom-left-radius:0px;}.kadence-column665_e8d3e6-7b > .kt-inside-inner-col{column-gap:var(--global-kb-gap-sm, 1rem);}.kadence-column665_e8d3e6-7b > .kt-inside-inner-col{flex-direction:column;}.kadence-column665_e8d3e6-7b > .kt-inside-inner-col > .aligncenter{width:100%;}.kadence-column665_e8d3e6-7b > .kt-inside-inner-col:before{opacity:0.3;}.kadence-column665_e8d3e6-7b{position:relative;}@media all and (max-width: 1024px){.kadence-column665_e8d3e6-7b > .kt-inside-inner-col{flex-direction:column;justify-content:center;}}@media all and (max-width: 767px){.kadence-column665_e8d3e6-7b > .kt-inside-inner-col{flex-direction:column;justify-content:center;}}<\/style>\n<div class=\"wp-block-kadence-column kadence-column665_e8d3e6-7b\"><div class=\"kt-inside-inner-col\">\n<p>Flux Models bildkvalitet \u00e4r b\u00e4ttre \u00e4n Janus Pro, men den har inte Multimodel-f\u00f6rst\u00e5else. du kan prova FLux Dev h\u00e4r:<\/p>\n\n\n\n<iframe\n\tsrc=\"https:\/\/black-forest-labs-flux-1-dev.hf.space\"\n\tframeborder=\"0\"\n\twidth=\"850\"\n\theight=\"700\"\n><\/iframe>\n\n\n<style>.kadence-column665_8f213c-33 > .kt-inside-inner-col{display:flex;}.kadence-column665_8f213c-33 > .kt-inside-inner-col,.kadence-column665_8f213c-33 > .kt-inside-inner-col:before{border-top-left-radius:0px;border-top-right-radius:0px;border-bottom-right-radius:0px;border-bottom-left-radius:0px;}.kadence-column665_8f213c-33 > .kt-inside-inner-col{column-gap:var(--global-kb-gap-sm, 1rem);}.kadence-column665_8f213c-33 > .kt-inside-inner-col{flex-direction:column;align-items:center;}.kadence-column665_8f213c-33 > .kt-inside-inner-col > .kb-image-is-ratio-size{align-self:stretch;}.kadence-column665_8f213c-33 > .kt-inside-inner-col > .wp-block-kadence-advancedgallery{align-self:stretch;}.kadence-column665_8f213c-33 > .kt-inside-inner-col > .aligncenter{width:100%;}.kadence-column665_8f213c-33 > .kt-inside-inner-col:before{opacity:0.3;}.kadence-column665_8f213c-33{position:relative;}@media all and (max-width: 1024px){.kadence-column665_8f213c-33 > .kt-inside-inner-col{flex-direction:column;justify-content:center;align-items:center;}}@media all and (max-width: 767px){.kadence-column665_8f213c-33 > .kt-inside-inner-col{flex-direction:column;justify-content:center;align-items:center;}}<\/style>\n<div class=\"wp-block-kadence-column kadence-column665_8f213c-33\"><div class=\"kt-inside-inner-col\">\n<div class=\"wp-block-stackable-button-group stk-block-button-group stk-block stk-121459c\" data-block-id=\"121459c\"><style>.stk-121459c .stk-button-group{flex-direction:row !important;}.stk-121459c {border-top-left-radius:50px !important;border-top-right-radius:50px !important;border-bottom-right-radius:50px !important;border-bottom-left-radius:50px !important;overflow:hidden !important;}@media screen and (max-width: 1023px){.stk-121459c .stk-button-group{flex-direction:row !important;}}@media screen and (max-width: 767px){.stk-121459c .stk-button-group{flex-direction:row !important;}}<\/style><div class=\"stk-row stk-inner-blocks stk-block-content stk-button-group\">\n<div class=\"wp-block-stackable-button stk-block-button has-text-align-center stk-block stk-72efa7e\" data-block-id=\"72efa7e\"><a class=\"stk-link stk-button stk--hover-effect-darken\" href=\"https:\/\/vividhubs.ai\/ai-image-generator?utm_source=janusaiproflux\" target=\"_blank\" rel=\"noreferrer noopener\"><span class=\"stk--svg-wrapper\"><div class=\"stk--inner-svg\"><svg xmlns=\"http:\/\/www.w3.org\/2000\/svg\" viewbox=\"0 0 448 512\" aria-hidden=\"true\" width=\"32\" height=\"32\"><path d=\"M349.4 44.6c5.9-13.7 1.5-29.7-10.6-38.5s-28.6-8-39.9 1.8l-256 224c-10 8.8-13.6 22.9-8.9 35.3S50.7 288 64 288H175.5L98.6 467.4c-5.9 13.7-1.5 29.7 10.6 38.5s28.6 8 39.9-1.8l256-224c10-8.8 13.6-22.9 8.9-35.3s-16.6-20.7-30-20.7H272.5L349.4 44.6z\"><\/path><\/svg><\/div><\/span><span class=\"stk-button__inner-text\">Flux bildgenerator med full effekt &amp; snabb  <\/span><\/a><\/div>\n<\/div><\/div>\n<\/div><\/div>\n<\/div><\/div>\n\n\n<style>.kadence-column665_f8cb8d-67 > .kt-inside-inner-col,.kadence-column665_f8cb8d-67 > .kt-inside-inner-col:before{border-top-left-radius:0px;border-top-right-radius:0px;border-bottom-right-radius:0px;border-bottom-left-radius:0px;}.kadence-column665_f8cb8d-67 > .kt-inside-inner-col{column-gap:var(--global-kb-gap-sm, 1rem);}.kadence-column665_f8cb8d-67 > .kt-inside-inner-col{flex-direction:column;}.kadence-column665_f8cb8d-67 > .kt-inside-inner-col > .aligncenter{width:100%;}.kadence-column665_f8cb8d-67 > .kt-inside-inner-col:before{opacity:0.3;}.kadence-column665_f8cb8d-67{position:relative;}@media all and (max-width: 1024px){.kadence-column665_f8cb8d-67 > .kt-inside-inner-col{flex-direction:column;justify-content:center;}}@media all and (max-width: 767px){.kadence-column665_f8cb8d-67 > .kt-inside-inner-col{flex-direction:column;justify-content:center;}}<\/style>\n<div class=\"wp-block-kadence-column kadence-column665_f8cb8d-67\"><div class=\"kt-inside-inner-col\">\n<h2 class=\"wp-block-heading\">Janus Pro vs Flux: En j\u00e4mf\u00f6relse<\/h2>\n\n\n\n<p><strong>Janus Pro<\/strong>&nbsp;och&nbsp;<strong>Flux<\/strong>&nbsp;\u00e4r b\u00e5da AI-modeller som anv\u00e4nds f\u00f6r bildgenerering, men de har olika fokus och kapacitet.<\/p>\n\n\n\n<h2 class=\"wp-block-heading\">Janus Pro<\/h2>\n\n\n\n<ul class=\"wp-block-list\">\n<li><strong>Multimodal kapacitet<\/strong>: Janus Pro \u00e4r en multimodal modell som kan hantera b\u00e5de text och bilder. Den utm\u00e4rker sig i uppgifter som att konvertera bilder av matematiska ekvationer till LaTeX-kod och generera bilder baserat p\u00e5 detaljerade textmeddelanden<\/li>\n\n\n\n<li><strong>Prestanda<\/strong>: 7B-parameterversionen av Janus Pro har visat stark prestanda i benchmark-tester och \u00f6vertr\u00e4ffar modeller som DALL-E 3 och Stable Diffusion i vissa uppgifter<\/li>\n\n\n\n<li><strong>Kostnad f\u00f6r utbildning<\/strong>: Janus Pro tr\u00e4nades med en relativt l\u00e5g budget j\u00e4mf\u00f6rt med andra modeller, med hj\u00e4lp av \u00e4ldre AI-chip. Modellen med 7B parametrar tog 14 dagar att tr\u00e4na p\u00e5 ett kluster med 32 noder med Nvidia A100 GPU:er1.<\/li>\n\n\n\n<li><strong>Bildkvalitet och uppl\u00f6sning<\/strong>: Janus Pro kan generera bilder, men dess prim\u00e4ra fokus ligger inte enbart p\u00e5 bildkvalitet. Modellen \u00e4r begr\u00e4nsad till inmatningsuppl\u00f6sningar p\u00e5 384 x 384 pixlar, \u00e4ven om den kan producera utmatningsbilder p\u00e5 upp till 768 x 768 pixlar i vissa demos<\/li>\n<\/ul>\n\n\n\n<h2 class=\"wp-block-heading\">Flux<\/h2>\n\n\n\n<ul class=\"wp-block-list\">\n<li><strong>Bildkvalitet och hastighet<\/strong>: Flux \u00e4r k\u00e4nt f\u00f6r sin h\u00f6gkvalitativa bildgenerering och snabba bearbetningstider. Det kan producera 1024 x 1024 bilder snabbt, s\u00e4rskilt n\u00e4r det optimeras med tekniker som kvantisering<\/li>\n\n\n\n<li><strong>Fokus<\/strong>: Flux \u00e4r fr\u00e4mst utformad f\u00f6r att generera h\u00f6gkvalitativa bilder, som ofta \u00f6vertr\u00e4ffar andra modeller n\u00e4r det g\u00e4ller visuell trohet och k\u00e4nslom\u00e4ssigt djup<\/li>\n\n\n\n<li><strong>Gemenskap och utveckling<\/strong>: Flux har ett starkt community-st\u00f6d med olika tillg\u00e4ngliga optimeringar, t.ex. FP8-versioner, som f\u00f6rb\u00e4ttrar prestandan p\u00e5 enklare h\u00e5rdvara<\/li>\n<\/ul>\n\n\n\n<h2 class=\"wp-block-heading\">J\u00e4mf\u00f6relsepunkter<\/h2>\n\n\n\n<figure class=\"wp-block-table\"><table class=\"has-fixed-layout\"><thead><tr><th>Funktion<\/th><th>Janus Pro<\/th><th>Flux<\/th><\/tr><\/thead><tbody><tr><td><strong>Prim\u00e4rt fokus<\/strong><\/td><td>Multimodala uppgifter, interaktion mellan text och bild<\/td><td>H\u00f6gkvalitativ bildgenerering<\/td><\/tr><tr><td><strong>Prestanda<\/strong><\/td><td>Utm\u00e4rkt f\u00f6rm\u00e5ga att f\u00f6lja instruktioner, multimodala uppgifter<\/td><td>H\u00f6gkvalitativa bilder med snabba genereringstider<\/td><\/tr><tr><td><strong>Kostnad f\u00f6r utbildning<\/strong><\/td><td>Relativt l\u00e5g budget<\/td><td>Inte uttryckligen angivet, sannolikt h\u00f6gre<\/td><\/tr><tr><td><strong>Bilduppl\u00f6sning<\/strong><\/td><td>Ing\u00e5ng: 384 x 384 pixlar, Utg\u00e5ng: Upp till 768 x 768<\/td><td>Kan generera upp till 1024 x 1024 pixlar<\/td><\/tr><tr><td><strong>Gemenskapens st\u00f6d<\/strong><\/td><td>\u00d6ppen k\u00e4llkod, tillg\u00e4nglig p\u00e5 Hugging Face<\/td><td>Starkt st\u00f6d fr\u00e5n samh\u00e4llet f\u00f6r optimeringar<\/td><\/tr><\/tbody><\/table><\/figure>\n\n\n\n<p>Sammanfattningsvis \u00e4r Janus Pro perfekt f\u00f6r uppgifter som kr\u00e4ver interaktion mellan text och bild, medan Flux utm\u00e4rker sig f\u00f6r att snabbt generera h\u00f6gkvalitativa bilder. Valet mellan de tv\u00e5 beror p\u00e5 anv\u00e4ndarens specifika behov.<\/p>\n<\/div><\/div>\n\n<\/div><\/div>\n\n\n<p><\/p>","protected":false},"excerpt":{"rendered":"<p>Flux Models Bildkvaliteten \u00e4r b\u00e4ttre \u00e4n Janus Pro, men den har inte multimodellf\u00f6rst\u00e5else. du kan prova FLux Dev h\u00e4r: Flux Image Generator With Full Power &amp; FAST Janus Pro vs Flux: En j\u00e4mf\u00f6relse Janus Pro och Flux \u00e4r b\u00e5da AI-modeller som anv\u00e4nds f\u00f6r bildgenerering, men de har olika fokus och kapacitet. Janus Pro Flux j\u00e4mf\u00f6relse ...<\/p>","protected":false},"author":1,"featured_media":0,"parent":0,"menu_order":0,"comment_status":"closed","ping_status":"closed","template":"","meta":{"_kadence_starter_templates_imported_post":false,"_kad_post_transparent":"","_kad_post_title":"","_kad_post_layout":"","_kad_post_sidebar_id":"","_kad_post_content_style":"","_kad_post_vertical_padding":"","_kad_post_feature":"","_kad_post_feature_position":"","_kad_post_header":false,"_kad_post_footer":false,"footnotes":""},"class_list":["post-665","page","type-page","status-publish","hentry"],"_links":{"self":[{"href":"https:\/\/janusai.pro\/sv\/wp-json\/wp\/v2\/pages\/665","targetHints":{"allow":["GET"]}}],"collection":[{"href":"https:\/\/janusai.pro\/sv\/wp-json\/wp\/v2\/pages"}],"about":[{"href":"https:\/\/janusai.pro\/sv\/wp-json\/wp\/v2\/types\/page"}],"author":[{"embeddable":true,"href":"https:\/\/janusai.pro\/sv\/wp-json\/wp\/v2\/users\/1"}],"replies":[{"embeddable":true,"href":"https:\/\/janusai.pro\/sv\/wp-json\/wp\/v2\/comments?post=665"}],"version-history":[{"count":10,"href":"https:\/\/janusai.pro\/sv\/wp-json\/wp\/v2\/pages\/665\/revisions"}],"predecessor-version":[{"id":825,"href":"https:\/\/janusai.pro\/sv\/wp-json\/wp\/v2\/pages\/665\/revisions\/825"}],"wp:attachment":[{"href":"https:\/\/janusai.pro\/sv\/wp-json\/wp\/v2\/media?parent=665"}],"curies":[{"name":"wp","href":"https:\/\/api.w.org\/{rel}","templated":true}]}}