{"id":774,"date":"2025-01-31T05:07:51","date_gmt":"2025-01-31T05:07:51","guid":{"rendered":"https:\/\/janusai.pro\/?page_id=774"},"modified":"2025-01-31T05:09:56","modified_gmt":"2025-01-31T05:09:56","slug":"deepseek-r1-chat-freenologin","status":"publish","type":"page","link":"https:\/\/janusai.pro\/sv\/deepseek-r1-chat-freenologin\/","title":{"rendered":"Deepseek R1 chatt Gratis|Nologin"},"content":{"rendered":"<style>.kb-row-layout-id774_9f18a4-48 > .kt-row-column-wrap{align-content:start;}:where(.kb-row-layout-id774_9f18a4-48 > .kt-row-column-wrap) > .wp-block-kadence-column{justify-content:start;}.kb-row-layout-id774_9f18a4-48 > .kt-row-column-wrap{column-gap:var(--global-kb-gap-md, 2rem);row-gap:var(--global-kb-gap-md, 2rem);max-width:1080px;margin-left:auto;margin-right:auto;padding-top:var(--global-kb-spacing-sm, 1.5rem);padding-bottom:var(--global-kb-spacing-sm, 1.5rem);grid-template-columns:minmax(0, 1fr);}.kb-row-layout-id774_9f18a4-48 > .kt-row-layout-overlay{opacity:0.30;}@media all and (max-width: 1024px){.kb-row-layout-id774_9f18a4-48 > .kt-row-column-wrap{grid-template-columns:minmax(0, 1fr);}}@media all and (max-width: 767px){.kb-row-layout-id774_9f18a4-48 > .kt-row-column-wrap{grid-template-columns:minmax(0, 1fr);}}<\/style><div class=\"kb-row-layout-wrap kb-row-layout-id774_9f18a4-48 alignnone wp-block-kadence-rowlayout\"><div class=\"kt-row-column-wrap kt-has-1-columns kt-row-layout-equal kt-tab-layout-inherit kt-mobile-layout-row kt-row-valign-top\">\n<style>.kadence-column774_8ac99d-ae > .kt-inside-inner-col,.kadence-column774_8ac99d-ae > .kt-inside-inner-col:before{border-top-left-radius:0px;border-top-right-radius:0px;border-bottom-right-radius:0px;border-bottom-left-radius:0px;}.kadence-column774_8ac99d-ae > .kt-inside-inner-col{column-gap:var(--global-kb-gap-sm, 1rem);}.kadence-column774_8ac99d-ae > .kt-inside-inner-col{flex-direction:column;}.kadence-column774_8ac99d-ae > .kt-inside-inner-col > .aligncenter{width:100%;}.kadence-column774_8ac99d-ae > .kt-inside-inner-col:before{opacity:0.3;}.kadence-column774_8ac99d-ae{position:relative;}@media all and (max-width: 1024px){.kadence-column774_8ac99d-ae > .kt-inside-inner-col{flex-direction:column;justify-content:center;}}@media all and (max-width: 767px){.kadence-column774_8ac99d-ae > .kt-inside-inner-col{flex-direction:column;justify-content:center;}}<\/style>\n<div class=\"wp-block-kadence-column kadence-column774_8ac99d-ae\"><div class=\"kt-inside-inner-col\">\n<h2 class=\"wp-block-heading\">Vad \u00e4r Deepseek R1\uff1f<\/h2>\n\n\n\n<p><strong>DeepSeek-R1<\/strong>&nbsp;\u00e4r en spr\u00e5kmodell med \u00f6ppen k\u00e4llkod som utvecklats av det kinesiska AI-startupf\u00f6retaget DeepSeek. Den \u00e4r utformad f\u00f6r att utf\u00f6ra ett brett spektrum av textbaserade uppgifter, inklusive kreativt skrivande, svar p\u00e5 allm\u00e4nna fr\u00e5gor, redigering och sammanfattning. Modellen \u00e4r s\u00e4rskilt skicklig p\u00e5 resonemangsintensiva uppgifter som att generera och fels\u00f6ka kod, utf\u00f6ra matematiska ber\u00e4kningar och f\u00f6rklara komplexa vetenskapliga begrepp<\/p>\n<\/div><\/div>\n\n<\/div><\/div>\n\n<style>.kb-row-layout-id774_e4cb27-c4 > .kt-row-column-wrap{align-content:start;}:where(.kb-row-layout-id774_e4cb27-c4 > .kt-row-column-wrap) > .wp-block-kadence-column{justify-content:start;}.kb-row-layout-id774_e4cb27-c4 > .kt-row-column-wrap{column-gap:var(--global-kb-gap-md, 2rem);row-gap:var(--global-kb-gap-md, 2rem);max-width:1080px;margin-left:auto;margin-right:auto;padding-top:var(--global-kb-spacing-sm, 1.5rem);padding-bottom:var(--global-kb-spacing-sm, 1.5rem);grid-template-columns:minmax(0, 1fr);}.kb-row-layout-id774_e4cb27-c4 > .kt-row-layout-overlay{opacity:0.30;}@media all and (max-width: 1024px){.kb-row-layout-id774_e4cb27-c4 > .kt-row-column-wrap{grid-template-columns:minmax(0, 1fr);}}@media all and (max-width: 767px){.kb-row-layout-id774_e4cb27-c4 > .kt-row-column-wrap{grid-template-columns:minmax(0, 1fr);}}<\/style><div class=\"kb-row-layout-wrap kb-row-layout-id774_e4cb27-c4 alignnone wp-block-kadence-rowlayout\"><div class=\"kt-row-column-wrap kt-has-1-columns kt-row-layout-equal kt-tab-layout-inherit kt-mobile-layout-row kt-row-valign-top\">\n<style>.kadence-column774_d74bd5-de > .kt-inside-inner-col{display:flex;}.kadence-column774_d74bd5-de > .kt-inside-inner-col,.kadence-column774_d74bd5-de > .kt-inside-inner-col:before{border-top-left-radius:0px;border-top-right-radius:0px;border-bottom-right-radius:0px;border-bottom-left-radius:0px;}.kadence-column774_d74bd5-de > .kt-inside-inner-col{column-gap:var(--global-kb-gap-sm, 1rem);}.kadence-column774_d74bd5-de > .kt-inside-inner-col{flex-direction:column;align-items:stretch;}.kadence-column774_d74bd5-de > .kt-inside-inner-col > .kb-image-is-ratio-size{align-self:stretch;}.kadence-column774_d74bd5-de > .kt-inside-inner-col > .wp-block-kadence-advancedgallery{align-self:stretch;}.kadence-column774_d74bd5-de > .kt-inside-inner-col > .aligncenter{width:100%;}.kadence-column774_d74bd5-de > .kt-inside-inner-col:before{opacity:0.3;}.kadence-column774_d74bd5-de{position:relative;}@media all and (max-width: 1024px){.kadence-column774_d74bd5-de > .kt-inside-inner-col{flex-direction:column;justify-content:center;align-items:stretch;}}@media all and (max-width: 767px){.kadence-column774_d74bd5-de > .kt-inside-inner-col{flex-direction:column;justify-content:center;align-items:stretch;}}<\/style>\n<div class=\"wp-block-kadence-column kadence-column774_d74bd5-de\"><div class=\"kt-inside-inner-col\"><style>.kadence-column774_016e62-c2 > .kt-inside-inner-col{display:flex;}.kadence-column774_016e62-c2 > .kt-inside-inner-col,.kadence-column774_016e62-c2 > .kt-inside-inner-col:before{border-top-left-radius:0px;border-top-right-radius:0px;border-bottom-right-radius:0px;border-bottom-left-radius:0px;}.kadence-column774_016e62-c2 > .kt-inside-inner-col{column-gap:var(--global-kb-gap-sm, 1rem);}.kadence-column774_016e62-c2 > .kt-inside-inner-col{flex-direction:column;align-items:stretch;}.kadence-column774_016e62-c2 > .kt-inside-inner-col > .kb-image-is-ratio-size{align-self:stretch;}.kadence-column774_016e62-c2 > .kt-inside-inner-col > .wp-block-kadence-advancedgallery{align-self:stretch;}.kadence-column774_016e62-c2 > .kt-inside-inner-col > .aligncenter{width:100%;}.kadence-column774_016e62-c2 > .kt-inside-inner-col:before{opacity:0.3;}.kadence-column774_016e62-c2{position:relative;}@media all and (max-width: 1024px){.kadence-column774_016e62-c2 > .kt-inside-inner-col{flex-direction:column;justify-content:center;align-items:stretch;}}@media all and (max-width: 767px){.kadence-column774_016e62-c2 > .kt-inside-inner-col{flex-direction:column;justify-content:center;align-items:stretch;}}<\/style>\n<div class=\"wp-block-kadence-column kadence-column774_016e62-c2\"><div class=\"kt-inside-inner-col\">\n<iframe\n\tsrc=\"https:\/\/llmhacker-deepseek-ai-deepseek-r1-distill-qwen-1-5b-v2.hf.space\"\n\tframeborder=\"0\"\n\twidth=\"90%\"\n\theight=\"650\"\n><\/iframe>\n<\/div><\/div>\n<\/div><\/div>\n\n<\/div><\/div>\n\n<style>.kb-row-layout-id774_73ac37-6e > .kt-row-column-wrap{align-content:start;}:where(.kb-row-layout-id774_73ac37-6e > .kt-row-column-wrap) > .wp-block-kadence-column{justify-content:start;}.kb-row-layout-id774_73ac37-6e > .kt-row-column-wrap{column-gap:var(--global-kb-gap-md, 2rem);row-gap:var(--global-kb-gap-md, 2rem);max-width:1080px;margin-left:auto;margin-right:auto;padding-top:var(--global-kb-spacing-sm, 1.5rem);padding-bottom:var(--global-kb-spacing-sm, 1.5rem);grid-template-columns:minmax(0, 1fr);}.kb-row-layout-id774_73ac37-6e > .kt-row-layout-overlay{opacity:0.30;}@media all and (max-width: 1024px){.kb-row-layout-id774_73ac37-6e > .kt-row-column-wrap{grid-template-columns:minmax(0, 1fr);}}@media all and (max-width: 767px){.kb-row-layout-id774_73ac37-6e > .kt-row-column-wrap{grid-template-columns:minmax(0, 1fr);}}<\/style><div class=\"kb-row-layout-wrap kb-row-layout-id774_73ac37-6e alignnone wp-block-kadence-rowlayout\"><div class=\"kt-row-column-wrap kt-has-1-columns kt-row-layout-equal kt-tab-layout-inherit kt-mobile-layout-row kt-row-valign-top\">\n<style>.kadence-column774_0fd989-3d > .kt-inside-inner-col,.kadence-column774_0fd989-3d > .kt-inside-inner-col:before{border-top-left-radius:0px;border-top-right-radius:0px;border-bottom-right-radius:0px;border-bottom-left-radius:0px;}.kadence-column774_0fd989-3d > .kt-inside-inner-col{column-gap:var(--global-kb-gap-sm, 1rem);}.kadence-column774_0fd989-3d > .kt-inside-inner-col{flex-direction:column;}.kadence-column774_0fd989-3d > .kt-inside-inner-col > .aligncenter{width:100%;}.kadence-column774_0fd989-3d > .kt-inside-inner-col:before{opacity:0.3;}.kadence-column774_0fd989-3d{position:relative;}@media all and (max-width: 1024px){.kadence-column774_0fd989-3d > .kt-inside-inner-col{flex-direction:column;justify-content:center;}}@media all and (max-width: 767px){.kadence-column774_0fd989-3d > .kt-inside-inner-col{flex-direction:column;justify-content:center;}}<\/style>\n<div class=\"wp-block-kadence-column kadence-column774_0fd989-3d\"><div class=\"kt-inside-inner-col\">\n<h2 class=\"wp-block-heading\">Vad \u00e4r huvudfunktionen i Deepseek R1?<\/h2>\n\n\n\n<ul class=\"wp-block-list\">\n<li><strong>Intelligens i konversationer<\/strong>: DeepSeek R1 drivs av maskininl\u00e4rning och bearbetning av naturligt spr\u00e5k (NLP), vilket g\u00f6r att den kan f\u00f6rst\u00e5 och svara p\u00e5 kommandon p\u00e5 m\u00e4nskligt spr\u00e5k, i likhet med andra AI-chatbots som ChatGPT.<\/li>\n\n\n\n<li><strong>Matematik, logik och probleml\u00f6sningsf\u00f6rm\u00e5ga<\/strong>: Den \u00e4r s\u00e4rskilt tr\u00e4nad f\u00f6r komplexa logiska resonemang, vilket g\u00f6r den idealisk f\u00f6r branscher som legal tech, dataanalys och finansiell r\u00e5dgivning.<\/li>\n\n\n\n<li><strong>Tillg\u00e4nglighet f\u00f6r \u00f6ppen k\u00e4llkod<\/strong>: Den \u00f6ppna k\u00e4llkoden g\u00f6r det m\u00f6jligt f\u00f6r utvecklare att anpassa modellen f\u00f6r specifika till\u00e4mpningar, vilket \u00f6kar transparensen och fr\u00e4mjar f\u00f6rb\u00e4ttringar som drivs av samh\u00e4llet.<\/li>\n\n\n\n<li><strong>H\u00f6g noggrannhet f\u00f6r komplexa uppgifter<\/strong>: DeepSeek R1 erbjuder h\u00f6g noggrannhet n\u00e4r det g\u00e4ller att l\u00f6sa komplexa problem, j\u00e4mf\u00f6rbart med egenutvecklade modeller som OpenAI:s o-1.<\/li>\n\n\n\n<li><strong>Multimodal kapacitet<\/strong>: Den kan bearbeta text och eventuellt bilder och ljud, vilket g\u00f6r den l\u00e4mplig f\u00f6r olika applikationer.<\/li>\n\n\n\n<li><strong>Effektivitet och prestanda<\/strong>: Modellen anv\u00e4nder ett MoE-ramverk (Mixture of Experts), vilket s\u00e4kerst\u00e4ller h\u00f6g effektivitet och skalbarhet utan betydande \u00f6kningar av ber\u00e4kningskostnaderna.<\/li>\n\n\n\n<li><strong>Anpassning och finjustering<\/strong>: Utvecklare kan anpassa DeepSeek R1 till specifika behov och integrera det s\u00f6ml\u00f6st i olika projekt.<\/li>\n\n\n\n<li><strong>Kostnadseffektivitet<\/strong>: Driftskostnaderna \u00e4r betydligt l\u00e4gre j\u00e4mf\u00f6rt med andra modeller, vilket g\u00f6r den mer tillg\u00e4nglig f\u00f6r nystartade f\u00f6retag och akademiska laboratorier<\/li>\n<\/ul>\n\n\n\n<h2 class=\"wp-block-heading\">Anv\u00e4ndningsfall f\u00f6r deepseek r1<\/h2>\n\n\n\n<p>DeepSeek R1 erbjuder ett brett utbud av anv\u00e4ndningsomr\u00e5den i olika branscher tack vare dess avancerade resonemangsfunktioner och \u00f6ppna k\u00e4llkod. H\u00e4r \u00e4r n\u00e5gra av de viktigaste anv\u00e4ndningsomr\u00e5dena f\u00f6r DeepSeek R1:<\/p>\n\n\n\n<meta charset=\"UTF-8\">\n    <meta name=\"viewport\" content=\"width=device-width, initial-scale=1.0\">\n    <title>DeepSeek R1 Anv\u00e4ndningsfall<\/title>\n    <style>\n        * {\n            box-sizing: border-box;\n            margin: 0;\n            padding: 0;\n        }\n        \n        body {\n            font-family: Arial, sans-serif;\n            line-height: 1.6;\n            padding: 2rem;\n            background-color: #f5f5f5;\n        }\n        \n        .container {\n            max-width: 1200px;\n            margin: 0 auto;\n        }\n        \n        h1 {\n            text-align: center;\n            margin-bottom: 2rem;\n            color: #333;\n        }\n        \n        .grid-container {\n            display: grid;\n            grid-template-columns: repeat(auto-fit, minmax(300px, 1fr));\n            gap: 1.5rem;\n        }\n        \n        .card {\n            background: white;\n            border-radius: 8px;\n            padding: 1.5rem;\n            box-shadow: 0 2px 4px rgba(0,0,0,0.1);\n        }\n        \n        .card h2 {\n            color: #2c5282;\n            margin-bottom: 1rem;\n            font-size: 1.25rem;\n        }\n        \n        .card ul {\n            list-style-position: inside;\n            padding-left: 0.5rem;\n        }\n        \n        .card li {\n            margin-bottom: 0.5rem;\n            color: #4a5568;\n        }\n    <\/style>\n\n\n    <div class=\"container\">\n        <h1>DeepSeek R1 Anv\u00e4ndningsfall<\/h1>\n        <div class=\"grid-container\">\n            <div class=\"card\">\n                <h2>Inneh\u00e5llsgenerering &amp; marknadsf\u00f6ring<\/h2>\n                <ul>\n                    <li>AI-drivna blogginl\u00e4gg: Genererar skriftligt inneh\u00e5ll av h\u00f6g kvalitet<\/li>\n                    <li>Skapande av annonstexter: Skapar \u00f6vertygande annonstexter<\/li>\n                    <li>Inneh\u00e5ll i sociala medier: Producerar engagerande inl\u00e4gg i sociala medier<\/li>\n                    <li>SEO-optimering: Hj\u00e4lper till att strukturera inneh\u00e5ll baserat p\u00e5 nyckelord<\/li>\n                <\/ul>\n            <\/div>\n            \n            <div class=\"card\">\n                <h2>Kundtj\u00e4nst &amp; AI Chatbots<\/h2>\n                <ul>\n                    <li>Automatiserade svar: F\u00f6rb\u00e4ttrar effektiviteten i kundsupporten<\/li>\n                    <li>Personliga interaktioner: Erbjuder mer personliga och korrekta svar<\/li>\n                <\/ul>\n            <\/div>\n            \n            <div class=\"card\">\n                <h2>Programvaruutveckling &amp; kodgenerering<\/h2>\n                <ul>\n                    <li>F\u00f6rb\u00e4ttringar av koden: Hj\u00e4lper till att f\u00f6resl\u00e5 f\u00f6rb\u00e4ttringar av koden<\/li>\n                    <li>Hj\u00e4lp med fels\u00f6kning: Ger hj\u00e4lp med fels\u00f6kning<\/li>\n                    <li>Automatiserad dokumentation: Skapar tekniska f\u00f6rklaringar<\/li>\n                <\/ul>\n            <\/div>\n            \n            <div class=\"card\">\n                <h2>H\u00e4lso- och sjukv\u00e5rd samt medicinsk forskning<\/h2>\n                <ul>\n                    <li>Analys av medicinska data: Hj\u00e4lper till att analysera medicinska data<\/li>\n                    <li>Granskning av forskningspapper: Recensioner av forskningsrapporter<\/li>\n                    <li>AI-driven diagnostik: Ger diagnostik och behandlingsrekommendationer<\/li>\n                <\/ul>\n            <\/div>\n            \n            <div class=\"card\">\n                <h2>Ekonomi &amp; dataanalys<\/h2>\n                <ul>\n                    <li>Prediktiv analys: Erbjuder prediktiv analys f\u00f6r investeringar<\/li>\n                    <li>Riskbed\u00f6mning: Bidrar till riskbed\u00f6mning och uppt\u00e4ckt av bedr\u00e4gerier<\/li>\n                <\/ul>\n            <\/div>\n            \n            <div class=\"card\">\n                <h2>Utbildning &amp; handledning<\/h2>\n                <ul>\n                    <li>Matematik och naturvetenskap: L\u00f6ser komplexa matematiska problem<\/li>\n                    <li>Personanpassat l\u00e4rande: Fungerar som en digital handledare<\/li>\n                <\/ul>\n            <\/div>\n            \n            <div class=\"card\">\n                <h2>Spel och underh\u00e5llning<\/h2>\n                <ul>\n                    <li>Spelutveckling: Kan anv\u00e4ndas f\u00f6r att bygga spel p\u00e5 olika spr\u00e5k<\/li>\n                <\/ul>\n            <\/div>\n        <\/div>\n    <\/div>\n\n\n\n<p>DeepSeek R1:s m\u00e5ngsidighet och kostnadseffektivitet g\u00f6r den till ett v\u00e4rdefullt verktyg f\u00f6r dessa olika till\u00e4mpningar och ett konkurrenskraftigt alternativ till egenutvecklade modeller som OpenAI:s GPT-4o[2][6].<\/p>\n\n\n\n<p>Citat:<br>[1] https:\/\/fastbots.ai\/blog\/deepseek-r1-explained-features-benefits-and-use-cases<br>[2] https:\/\/fireworks.ai\/blog\/deepseek-r1-deepdive<br>[3] https:\/\/www.vellum.ai\/blog\/the-training-of-deepseek-r1-and-ways-to-use-it<br>[4] https:\/\/builtin.com\/sites\/www.builtin.com\/files\/2025-01\/what-is-deepseek-r1.jpg?sa=X&amp;ved=2ahUKEwizxtnXl5-LAxUapZUCHcbYMNoQ_B16BAgBEAI<br>[5] https:\/\/www.youtube.com\/watch?v=i9kTrcf-gDQ<br>[6] https:\/\/www.datacamp.com\/blog\/deepseek-r1<br>[7] https:\/\/arstechnica.com\/ai\/2025\/01\/how-does-deepseek-r1-really-fare-against-openais-best-reasoning-models\/<br>[8] https:\/\/zapier.com\/blog\/what-is-deepseek\/<\/p>\n\n\n\n<hr class=\"wp-block-separator has-alpha-channel-opacity\"\/>\n\n\n\n<p><\/p>\n<\/div><\/div>\n\n<\/div><\/div>","protected":false},"excerpt":{"rendered":"<p>Vad \u00e4r Deepseek R1\uff1f DeepSeek-R1 \u00e4r en spr\u00e5kmodell med \u00f6ppen k\u00e4llkod som utvecklats av den kinesiska AI-startupen DeepSeek. Den \u00e4r utformad f\u00f6r att utf\u00f6ra ett brett spektrum av textbaserade uppgifter, inklusive kreativt skrivande, allm\u00e4nna fr\u00e5gesvar, redigering och sammanfattning. Modellen \u00e4r s\u00e4rskilt skicklig p\u00e5 resonemangsintensiva uppgifter som att generera och fels\u00f6ka kod, utf\u00f6ra matematiska ber\u00e4kningar och f\u00f6rklara komplexa vetenskapliga begrepp Vad \u00e4r huvudfunktionen i Deepseek R1?...<\/p>","protected":false},"author":1,"featured_media":0,"parent":0,"menu_order":0,"comment_status":"closed","ping_status":"closed","template":"","meta":{"_kadence_starter_templates_imported_post":false,"_kad_post_transparent":"","_kad_post_title":"","_kad_post_layout":"","_kad_post_sidebar_id":"","_kad_post_content_style":"","_kad_post_vertical_padding":"","_kad_post_feature":"","_kad_post_feature_position":"","_kad_post_header":false,"_kad_post_footer":false,"footnotes":""},"class_list":["post-774","page","type-page","status-publish","hentry"],"_links":{"self":[{"href":"https:\/\/janusai.pro\/sv\/wp-json\/wp\/v2\/pages\/774","targetHints":{"allow":["GET"]}}],"collection":[{"href":"https:\/\/janusai.pro\/sv\/wp-json\/wp\/v2\/pages"}],"about":[{"href":"https:\/\/janusai.pro\/sv\/wp-json\/wp\/v2\/types\/page"}],"author":[{"embeddable":true,"href":"https:\/\/janusai.pro\/sv\/wp-json\/wp\/v2\/users\/1"}],"replies":[{"embeddable":true,"href":"https:\/\/janusai.pro\/sv\/wp-json\/wp\/v2\/comments?post=774"}],"version-history":[{"count":2,"href":"https:\/\/janusai.pro\/sv\/wp-json\/wp\/v2\/pages\/774\/revisions"}],"predecessor-version":[{"id":777,"href":"https:\/\/janusai.pro\/sv\/wp-json\/wp\/v2\/pages\/774\/revisions\/777"}],"wp:attachment":[{"href":"https:\/\/janusai.pro\/sv\/wp-json\/wp\/v2\/media?parent=774"}],"curies":[{"name":"wp","href":"https:\/\/api.w.org\/{rel}","templated":true}]}}