{"id":813,"date":"2025-02-01T03:48:57","date_gmt":"2025-02-01T03:48:57","guid":{"rendered":"https:\/\/janusai.pro\/?page_id=813"},"modified":"2025-02-01T03:49:32","modified_gmt":"2025-02-01T03:49:32","slug":"813-2","status":"publish","type":"page","link":"https:\/\/janusai.pro\/sv\/813-2\/","title":{"rendered":"Ansvarsfriskrivning"},"content":{"rendered":"<h1 class=\"wp-block-heading\">Ansvarsfriskrivning<\/h1>\n\n\n\n<p>Av janusai.pro 1 februari 2025<\/p>\n\n\n\n<p>Om du beh\u00f6ver mer information eller har n\u00e5gra fr\u00e5gor om ansvarsfriskrivningen p\u00e5 v\u00e5r webbplats \u00e4r du v\u00e4lkommen att kontakta oss via e-post p\u00e5 wd.gstar@gmail.com<\/p>\n\n\n\n<h2 class=\"wp-block-heading\">Friskrivningsklausuler f\u00f6r raads-r-test<\/h2>\n\n\n\n<p>All information p\u00e5 denna webbplats -janusai.pro - publiceras i god tro och endast f\u00f6r allm\u00e4nt informations\u00e4ndam\u00e5l. raads-r test ger inga garantier f\u00f6r fullst\u00e4ndigheten, tillf\u00f6rlitligheten och riktigheten i denna information. Alla \u00e5tg\u00e4rder som du vidtar p\u00e5 grundval av den information du hittar p\u00e5 denna webbplats (raads-r test) sker strikt p\u00e5 egen risk. raads-r test ansvarar inte f\u00f6r f\u00f6rluster och\/eller skador i samband med anv\u00e4ndningen av v\u00e5r webbplats. V\u00e5r ansvarsfriskrivning genererades med hj\u00e4lp av\u00a0<a href=\"https:\/\/www.privacypolicyonline.com\/disclaimer-generator\/\" target=\"_blank\" rel=\"noreferrer noopener\">Generator f\u00f6r ansvarsfriskrivning<\/a>.<\/p>\n\n\n\n<p>Fr\u00e5n v\u00e5r webbplats kan du bes\u00f6ka andra webbplatser genom att f\u00f6lja hyperl\u00e4nkar till s\u00e5dana externa webbplatser. \u00c4ven om vi str\u00e4var efter att endast tillhandah\u00e5lla kvalitetsl\u00e4nkar till anv\u00e4ndbara och etiska webbplatser, har vi ingen kontroll \u00f6ver inneh\u00e5llet och karakt\u00e4ren p\u00e5 dessa webbplatser. Dessa l\u00e4nkar till andra webbplatser inneb\u00e4r inte en rekommendation f\u00f6r allt inneh\u00e5ll som finns p\u00e5 dessa webbplatser. Webbplats\u00e4gare och inneh\u00e5ll kan \u00e4ndras utan f\u00f6reg\u00e5ende meddelande och kan intr\u00e4ffa innan vi har m\u00f6jlighet att ta bort en l\u00e4nk som kan ha blivit \"d\u00e5lig\".<\/p>\n\n\n\n<p>Var ocks\u00e5 medveten om att n\u00e4r du l\u00e4mnar v\u00e5r webbplats kan andra webbplatser ha andra sekretesspolicyer och villkor som ligger utanf\u00f6r v\u00e5r kontroll. Var noga med att kontrollera sekretesspolicyn f\u00f6r dessa webbplatser samt deras \"anv\u00e4ndarvillkor\" innan du g\u00f6r aff\u00e4rer eller laddar upp information.<\/p>\n\n\n\n<h2 class=\"wp-block-heading\">Samtycke<\/h2>\n\n\n\n<p>Genom att anv\u00e4nda v\u00e5r webbplats godk\u00e4nner du h\u00e4rmed v\u00e5r ansvarsfriskrivning och samtycker till dess villkor.<\/p>\n\n\n\n<h2 class=\"wp-block-heading\">Uppdatering<\/h2>\n\n\n\n<p>Om vi uppdaterar, kompletterar eller g\u00f6r \u00e4ndringar i detta dokument kommer dessa \u00e4ndringar att publiceras h\u00e4r p\u00e5 ett tydligt s\u00e4tt.<\/p>","protected":false},"excerpt":{"rendered":"<p>Ansvarsfriskrivning Av janusai.pro 1 februari 2025 Om du beh\u00f6ver mer information eller har n\u00e5gra fr\u00e5gor om v\u00e5r webbplatss ansvarsfriskrivning, \u00e4r du v\u00e4lkommen att kontakta oss via e-post p\u00e5 wd.gstar@gmail.com Friskrivningar f\u00f6r raads-r-test All information p\u00e5 denna webbplats \u2013janusai.pro \u2013 publiceras i god tro och endast i allm\u00e4nt informationssyfte. raads-r test g\u00f6r...<\/p>","protected":false},"author":1,"featured_media":0,"parent":0,"menu_order":0,"comment_status":"closed","ping_status":"closed","template":"","meta":{"_kadence_starter_templates_imported_post":false,"_kad_post_transparent":"","_kad_post_title":"","_kad_post_layout":"","_kad_post_sidebar_id":"","_kad_post_content_style":"","_kad_post_vertical_padding":"","_kad_post_feature":"","_kad_post_feature_position":"","_kad_post_header":false,"_kad_post_footer":false,"footnotes":""},"class_list":["post-813","page","type-page","status-publish","hentry"],"_links":{"self":[{"href":"https:\/\/janusai.pro\/sv\/wp-json\/wp\/v2\/pages\/813","targetHints":{"allow":["GET"]}}],"collection":[{"href":"https:\/\/janusai.pro\/sv\/wp-json\/wp\/v2\/pages"}],"about":[{"href":"https:\/\/janusai.pro\/sv\/wp-json\/wp\/v2\/types\/page"}],"author":[{"embeddable":true,"href":"https:\/\/janusai.pro\/sv\/wp-json\/wp\/v2\/users\/1"}],"replies":[{"embeddable":true,"href":"https:\/\/janusai.pro\/sv\/wp-json\/wp\/v2\/comments?post=813"}],"version-history":[{"count":3,"href":"https:\/\/janusai.pro\/sv\/wp-json\/wp\/v2\/pages\/813\/revisions"}],"predecessor-version":[{"id":817,"href":"https:\/\/janusai.pro\/sv\/wp-json\/wp\/v2\/pages\/813\/revisions\/817"}],"wp:attachment":[{"href":"https:\/\/janusai.pro\/sv\/wp-json\/wp\/v2\/media?parent=813"}],"curies":[{"name":"wp","href":"https:\/\/api.w.org\/{rel}","templated":true}]}}