{"id":560,"date":"2025-01-28T06:32:00","date_gmt":"2025-01-28T06:32:00","guid":{"rendered":"https:\/\/janusai.pro\/?page_id=560"},"modified":"2025-01-30T09:15:43","modified_gmt":"2025-01-30T09:15:43","slug":"janus-pro-paper","status":"publish","type":"page","link":"https:\/\/janusai.pro\/tr\/janus-pro-paper\/","title":{"rendered":"Janus Pro ka\u011f\u0131t"},"content":{"rendered":"<div data-wp-interactive=\"core\/file\" class=\"wp-block-file\"><object data-wp-bind--hidden=\"!state.hasPdfPreview\" hidden class=\"wp-block-file__embed\" data=\"https:\/\/janusai.pro\/wp-content\/uploads\/2025\/01\/janus_pro_tech_report.pdf\" type=\"application\/pdf\" style=\"width:100%;height:810px\" aria-label=\"janus_pro_tech_report g\u00f6m\u00fcs\u00fc.\"><\/object><a id=\"wp-block-file--media-c274cf76-d0c6-4c42-b29a-eb3ee299668c\" href=\"https:\/\/janusai.pro\/wp-content\/uploads\/2025\/01\/janus_pro_tech_report.pdf\">janus_pro_tech_report<\/a><a href=\"https:\/\/janusai.pro\/wp-content\/uploads\/2025\/01\/janus_pro_tech_report.pdf\" class=\"wp-block-file__button wp-element-button\" download aria-describedby=\"wp-block-file--media-c274cf76-d0c6-4c42-b29a-eb3ee299668c\">\u0130ndir<\/a><\/div>","protected":false},"excerpt":{"rendered":"","protected":false},"author":1,"featured_media":0,"parent":0,"menu_order":0,"comment_status":"closed","ping_status":"closed","template":"","meta":{"_kadence_starter_templates_imported_post":false,"_kad_post_transparent":"","_kad_post_title":"","_kad_post_layout":"","_kad_post_sidebar_id":"","_kad_post_content_style":"","_kad_post_vertical_padding":"","_kad_post_feature":"","_kad_post_feature_position":"","_kad_post_header":false,"_kad_post_footer":false,"footnotes":""},"class_list":["post-560","page","type-page","status-publish","hentry"],"_links":{"self":[{"href":"https:\/\/janusai.pro\/tr\/wp-json\/wp\/v2\/pages\/560","targetHints":{"allow":["GET"]}}],"collection":[{"href":"https:\/\/janusai.pro\/tr\/wp-json\/wp\/v2\/pages"}],"about":[{"href":"https:\/\/janusai.pro\/tr\/wp-json\/wp\/v2\/types\/page"}],"author":[{"embeddable":true,"href":"https:\/\/janusai.pro\/tr\/wp-json\/wp\/v2\/users\/1"}],"replies":[{"embeddable":true,"href":"https:\/\/janusai.pro\/tr\/wp-json\/wp\/v2\/comments?post=560"}],"version-history":[{"count":2,"href":"https:\/\/janusai.pro\/tr\/wp-json\/wp\/v2\/pages\/560\/revisions"}],"predecessor-version":[{"id":742,"href":"https:\/\/janusai.pro\/tr\/wp-json\/wp\/v2\/pages\/560\/revisions\/742"}],"wp:attachment":[{"href":"https:\/\/janusai.pro\/tr\/wp-json\/wp\/v2\/media?parent=560"}],"curies":[{"name":"wp","href":"https:\/\/api.w.org\/{rel}","templated":true}]}}