{"id":665,"date":"2025-01-29T05:16:18","date_gmt":"2025-01-29T05:16:18","guid":{"rendered":"https:\/\/janusai.pro\/?page_id=665"},"modified":"2025-02-02T00:05:16","modified_gmt":"2025-02-02T00:05:16","slug":"flux-image-generator","status":"publish","type":"page","link":"https:\/\/janusai.pro\/tr\/flux-image-generator\/","title":{"rendered":"Flux G\u00f6r\u00fcnt\u00fc olu\u015fturucu"},"content":{"rendered":"<p><\/p>\n\n\n<style>.kb-row-layout-id665_9af544-6e > .kt-row-column-wrap{align-content:start;}:where(.kb-row-layout-id665_9af544-6e > .kt-row-column-wrap) > .wp-block-kadence-column{justify-content:start;}.kb-row-layout-id665_9af544-6e > .kt-row-column-wrap{column-gap:var(--global-kb-gap-md, 2rem);row-gap:var(--global-kb-gap-md, 2rem);max-width:860px;margin-left:auto;margin-right:auto;padding-top:var(--global-kb-spacing-sm, 1.5rem);padding-bottom:var(--global-kb-spacing-sm, 1.5rem);grid-template-columns:minmax(0, 1fr);}.kb-row-layout-id665_9af544-6e > .kt-row-layout-overlay{opacity:0.30;}@media all and (max-width: 1024px){.kb-row-layout-id665_9af544-6e > .kt-row-column-wrap{grid-template-columns:minmax(0, 1fr);}}@media all and (max-width: 767px){.kb-row-layout-id665_9af544-6e > .kt-row-column-wrap{grid-template-columns:minmax(0, 1fr);}}<\/style><div class=\"kb-row-layout-wrap kb-row-layout-id665_9af544-6e alignnone wp-block-kadence-rowlayout\"><div class=\"kt-row-column-wrap kt-has-1-columns kt-row-layout-equal kt-tab-layout-inherit kt-mobile-layout-row kt-row-valign-top\">\n<style>.kadence-column665_e8d3e6-7b > .kt-inside-inner-col,.kadence-column665_e8d3e6-7b > .kt-inside-inner-col:before{border-top-left-radius:0px;border-top-right-radius:0px;border-bottom-right-radius:0px;border-bottom-left-radius:0px;}.kadence-column665_e8d3e6-7b > .kt-inside-inner-col{column-gap:var(--global-kb-gap-sm, 1rem);}.kadence-column665_e8d3e6-7b > .kt-inside-inner-col{flex-direction:column;}.kadence-column665_e8d3e6-7b > .kt-inside-inner-col > .aligncenter{width:100%;}.kadence-column665_e8d3e6-7b > .kt-inside-inner-col:before{opacity:0.3;}.kadence-column665_e8d3e6-7b{position:relative;}@media all and (max-width: 1024px){.kadence-column665_e8d3e6-7b > .kt-inside-inner-col{flex-direction:column;justify-content:center;}}@media all and (max-width: 767px){.kadence-column665_e8d3e6-7b > .kt-inside-inner-col{flex-direction:column;justify-content:center;}}<\/style>\n<div class=\"wp-block-kadence-column kadence-column665_e8d3e6-7b\"><div class=\"kt-inside-inner-col\">\n<p>Flux Modelleri G\u00f6r\u00fcnt\u00fc Kalitesi Janus Pro'den daha iyidir, ancak Multimodel anlay\u0131\u015f\u0131na sahip de\u011fildir. FLux Dev'i buradan deneyebilirsiniz:<\/p>\n\n\n\n<iframe\n\tsrc=\"https:\/\/black-forest-labs-flux-1-dev.hf.space\"\n\tframeborder=\"0\"\n\twidth=\"850\"\n\theight=\"700\"\n><\/iframe>\n\n\n<style>.kadence-column665_8f213c-33 > .kt-inside-inner-col{display:flex;}.kadence-column665_8f213c-33 > .kt-inside-inner-col,.kadence-column665_8f213c-33 > .kt-inside-inner-col:before{border-top-left-radius:0px;border-top-right-radius:0px;border-bottom-right-radius:0px;border-bottom-left-radius:0px;}.kadence-column665_8f213c-33 > .kt-inside-inner-col{column-gap:var(--global-kb-gap-sm, 1rem);}.kadence-column665_8f213c-33 > .kt-inside-inner-col{flex-direction:column;align-items:center;}.kadence-column665_8f213c-33 > .kt-inside-inner-col > .kb-image-is-ratio-size{align-self:stretch;}.kadence-column665_8f213c-33 > .kt-inside-inner-col > .wp-block-kadence-advancedgallery{align-self:stretch;}.kadence-column665_8f213c-33 > .kt-inside-inner-col > .aligncenter{width:100%;}.kadence-column665_8f213c-33 > .kt-inside-inner-col:before{opacity:0.3;}.kadence-column665_8f213c-33{position:relative;}@media all and (max-width: 1024px){.kadence-column665_8f213c-33 > .kt-inside-inner-col{flex-direction:column;justify-content:center;align-items:center;}}@media all and (max-width: 767px){.kadence-column665_8f213c-33 > .kt-inside-inner-col{flex-direction:column;justify-content:center;align-items:center;}}<\/style>\n<div class=\"wp-block-kadence-column kadence-column665_8f213c-33\"><div class=\"kt-inside-inner-col\">\n<div class=\"wp-block-stackable-button-group stk-block-button-group stk-block stk-121459c\" data-block-id=\"121459c\"><style>.stk-121459c .stk-button-group{flex-direction:row !important;}.stk-121459c {border-top-left-radius:50px !important;border-top-right-radius:50px !important;border-bottom-right-radius:50px !important;border-bottom-left-radius:50px !important;overflow:hidden !important;}@media screen and (max-width: 1023px){.stk-121459c .stk-button-group{flex-direction:row !important;}}@media screen and (max-width: 767px){.stk-121459c .stk-button-group{flex-direction:row !important;}}<\/style><div class=\"stk-row stk-inner-blocks stk-block-content stk-button-group\">\n<div class=\"wp-block-stackable-button stk-block-button has-text-align-center stk-block stk-72efa7e\" data-block-id=\"72efa7e\"><a class=\"stk-link stk-button stk--hover-effect-darken\" href=\"https:\/\/vividhubs.ai\/ai-image-generator?utm_source=janusaiproflux\" target=\"_blank\" rel=\"noreferrer noopener\"><span class=\"stk--svg-wrapper\"><div class=\"stk--inner-svg\"><svg xmlns=\"http:\/\/www.w3.org\/2000\/svg\" viewbox=\"0 0 448 512\" aria-hidden=\"true\" width=\"32\" height=\"32\"><path d=\"M349.4 44.6c5.9-13.7 1.5-29.7-10.6-38.5s-28.6-8-39.9 1.8l-256 224c-10 8.8-13.6 22.9-8.9 35.3S50.7 288 64 288H175.5L98.6 467.4c-5.9 13.7-1.5 29.7 10.6 38.5s28.6 8 39.9-1.8l256-224c10-8.8 13.6-22.9 8.9-35.3s-16.6-20.7-30-20.7H272.5L349.4 44.6z\"><\/path><\/svg><\/div><\/span><span class=\"stk-button__inner-text\">Tam G\u00fc\u00e7 ve HIZLI Ak\u0131 G\u00f6r\u00fcnt\u00fc Jenerat\u00f6r\u00fc  <\/span><\/a><\/div>\n<\/div><\/div>\n<\/div><\/div>\n<\/div><\/div>\n\n\n<style>.kadence-column665_f8cb8d-67 > .kt-inside-inner-col,.kadence-column665_f8cb8d-67 > .kt-inside-inner-col:before{border-top-left-radius:0px;border-top-right-radius:0px;border-bottom-right-radius:0px;border-bottom-left-radius:0px;}.kadence-column665_f8cb8d-67 > .kt-inside-inner-col{column-gap:var(--global-kb-gap-sm, 1rem);}.kadence-column665_f8cb8d-67 > .kt-inside-inner-col{flex-direction:column;}.kadence-column665_f8cb8d-67 > .kt-inside-inner-col > .aligncenter{width:100%;}.kadence-column665_f8cb8d-67 > .kt-inside-inner-col:before{opacity:0.3;}.kadence-column665_f8cb8d-67{position:relative;}@media all and (max-width: 1024px){.kadence-column665_f8cb8d-67 > .kt-inside-inner-col{flex-direction:column;justify-content:center;}}@media all and (max-width: 767px){.kadence-column665_f8cb8d-67 > .kt-inside-inner-col{flex-direction:column;justify-content:center;}}<\/style>\n<div class=\"wp-block-kadence-column kadence-column665_f8cb8d-67\"><div class=\"kt-inside-inner-col\">\n<h2 class=\"wp-block-heading\">Janus Pro vs Flux: Bir Kar\u015f\u0131la\u015ft\u0131rma<\/h2>\n\n\n\n<p><strong>Janus Pro<\/strong>&nbsp;ve&nbsp;<strong>Ak\u0131<\/strong>&nbsp;her ikisi de g\u00f6r\u00fcnt\u00fc \u00fcretimi i\u00e7in kullan\u0131lan yapay zeka modelleridir, ancak farkl\u0131 odaklara ve yeteneklere sahiptirler.<\/p>\n\n\n\n<h2 class=\"wp-block-heading\">Janus Pro<\/h2>\n\n\n\n<ul class=\"wp-block-list\">\n<li><strong>Multimodal Yetenekler<\/strong>: Janus Pro hem metin hem de g\u00f6r\u00fcnt\u00fcleri i\u015fleyebilen \u00e7ok modlu bir modeldir. Matematiksel denklemlerin g\u00f6r\u00fcnt\u00fclerini LaTeX koduna d\u00f6n\u00fc\u015ft\u00fcrmek ve ayr\u0131nt\u0131l\u0131 metin istemlerine dayal\u0131 g\u00f6r\u00fcnt\u00fcler olu\u015fturmak gibi g\u00f6revlerde m\u00fckemmeldir<\/li>\n\n\n\n<li><strong>Performans<\/strong>: Janus Pro'nin 7B parametreli versiyonu benchmark testlerinde g\u00fc\u00e7l\u00fc performans g\u00f6stermi\u015f, belirli g\u00f6revlerde DALL-E 3 ve Stable Diffusion gibi modellerden daha iyi performans g\u00f6stermi\u015ftir<\/li>\n\n\n\n<li><strong>E\u011fitim Maliyeti<\/strong>: Janus Pro, eski yapay zeka \u00e7ipleri kullan\u0131larak di\u011fer modellere k\u0131yasla nispeten d\u00fc\u015f\u00fck bir b\u00fct\u00e7eyle e\u011fitilmi\u015ftir. 7B parametreli modelin Nvidia A100 GPU'lar\u01311 ile 32 d\u00fc\u011f\u00fcmden olu\u015fan bir k\u00fcmede e\u011fitilmesi 14 g\u00fcn s\u00fcrm\u00fc\u015ft\u00fcr.<\/li>\n\n\n\n<li><strong>G\u00f6r\u00fcnt\u00fc Kalitesi ve \u00c7\u00f6z\u00fcn\u00fcrl\u00fck<\/strong>: Janus Pro g\u00f6r\u00fcnt\u00fc \u00fcretebilse de, birincil odak noktas\u0131 yaln\u0131zca g\u00f6r\u00fcnt\u00fc kalitesi de\u011fildir. Model 384 x 384 piksel giri\u015f \u00e7\u00f6z\u00fcn\u00fcrl\u00fckleriyle s\u0131n\u0131rl\u0131d\u0131r, ancak baz\u0131 demolarda 768 x 768 piksele kadar \u00e7\u0131kt\u0131 g\u00f6r\u00fcnt\u00fcleri \u00fcretebilir<\/li>\n<\/ul>\n\n\n\n<h2 class=\"wp-block-heading\">Ak\u0131<\/h2>\n\n\n\n<ul class=\"wp-block-list\">\n<li><strong>G\u00f6r\u00fcnt\u00fc Kalitesi ve H\u0131z\u0131<\/strong>: Flux, y\u00fcksek kaliteli g\u00f6r\u00fcnt\u00fc \u00fcretimi ve h\u0131zl\u0131 i\u015flem s\u00fcreleriyle bilinir. \u00d6zellikle niceleme gibi tekniklerle optimize edildi\u011finde 1024 x 1024 g\u00f6r\u00fcnt\u00fcy\u00fc h\u0131zl\u0131 bir \u015fekilde \u00fcretebilir<\/li>\n\n\n\n<li><strong>Odaklanma<\/strong>: Flux \u00f6ncelikle y\u00fcksek kaliteli g\u00f6r\u00fcnt\u00fcler \u00fcretmek i\u00e7in tasarlanm\u0131\u015ft\u0131r ve genellikle g\u00f6rsel do\u011fruluk ve duygusal derinlik a\u00e7\u0131s\u0131ndan di\u011fer modelleri geride b\u0131rak\u0131r<\/li>\n\n\n\n<li><strong>Toplum ve Kalk\u0131nma<\/strong>: Flux, alt u\u00e7 donan\u0131mlarda performans\u0131n\u0131 art\u0131ran FP8 s\u00fcr\u00fcmleri gibi \u00e7e\u015fitli optimizasyonlarla g\u00fc\u00e7l\u00fc bir topluluk deste\u011fine sahiptir<\/li>\n<\/ul>\n\n\n\n<h2 class=\"wp-block-heading\">Kar\u015f\u0131la\u015ft\u0131rma Noktalar\u0131<\/h2>\n\n\n\n<figure class=\"wp-block-table\"><table class=\"has-fixed-layout\"><thead><tr><th>\u00d6zellik<\/th><th>Janus Pro<\/th><th>Ak\u0131<\/th><\/tr><\/thead><tbody><tr><td><strong>Birincil Odak<\/strong><\/td><td>\u00c7ok modlu g\u00f6revler, metin-g\u00f6r\u00fcnt\u00fc etkile\u015fimi<\/td><td>Y\u00fcksek kaliteli g\u00f6r\u00fcnt\u00fc \u00fcretimi<\/td><\/tr><tr><td><strong>Performans<\/strong><\/td><td>Talimat takibinde, \u00e7ok modlu g\u00f6revlerde ba\u015far\u0131l\u0131d\u0131r<\/td><td>H\u0131zl\u0131 \u00fcretim s\u00fcreleri ile y\u00fcksek kaliteli g\u00f6r\u00fcnt\u00fcler<\/td><\/tr><tr><td><strong>E\u011fitim Maliyeti<\/strong><\/td><td>Nispeten d\u00fc\u015f\u00fck b\u00fct\u00e7e<\/td><td>A\u00e7\u0131k\u00e7a belirtilmemi\u015f, muhtemelen daha y\u00fcksek<\/td><\/tr><tr><td><strong>G\u00f6r\u00fcnt\u00fc \u00c7\u00f6z\u00fcn\u00fcrl\u00fc\u011f\u00fc<\/strong><\/td><td>Giri\u015f: 384 x 384 piksel, \u00c7\u0131k\u0131\u015f: 768 x 768'e kadar<\/td><td>1024 x 1024 piksele kadar \u00fcretebilir<\/td><\/tr><tr><td><strong>Toplum Deste\u011fi<\/strong><\/td><td>A\u00e7\u0131k kaynak, Hugging Face'te mevcut<\/td><td>Optimizasyonlarla g\u00fc\u00e7l\u00fc topluluk deste\u011fi<\/td><\/tr><\/tbody><\/table><\/figure>\n\n\n\n<p>\u00d6zetle, Janus Pro metin ve g\u00f6r\u00fcnt\u00fcler aras\u0131nda etkile\u015fim gerektiren g\u00f6revler i\u00e7in idealdir, Flux ise h\u0131zl\u0131 bir \u015fekilde y\u00fcksek kaliteli g\u00f6r\u00fcnt\u00fcler \u00fcretmede \u00fcst\u00fcnd\u00fcr. \u0130kisi aras\u0131ndaki se\u00e7im kullan\u0131c\u0131n\u0131n \u00f6zel ihtiya\u00e7lar\u0131na ba\u011fl\u0131d\u0131r.<\/p>\n<\/div><\/div>\n\n<\/div><\/div>\n\n\n<p><\/p>","protected":false},"excerpt":{"rendered":"<p>Flux Modelleri G\u00f6r\u00fcnt\u00fc Kalitesi Janus Pro'den daha iyidir, ancak Multimodel anlay\u0131\u015f\u0131na sahip de\u011fildir. FLux Dev'i buradan deneyebilirsiniz: Tam G\u00fc\u00e7l\u00fc ve HIZLI Flux G\u00f6r\u00fcnt\u00fc Olu\u015fturucu Janus Pro vs Flux: Bir Kar\u015f\u0131la\u015ft\u0131rma Janus Pro ve Flux, g\u00f6r\u00fcnt\u00fc olu\u015fturmak i\u00e7in kullan\u0131lan AI modelleridir, ancak farkl\u0131 odak noktalar\u0131 ve yetenekleri vard\u0131r. Janus Pro Flux Kar\u015f\u0131la\u015ft\u0131rmas\u0131...<\/p>","protected":false},"author":1,"featured_media":0,"parent":0,"menu_order":0,"comment_status":"closed","ping_status":"closed","template":"","meta":{"_kadence_starter_templates_imported_post":false,"_kad_post_transparent":"","_kad_post_title":"","_kad_post_layout":"","_kad_post_sidebar_id":"","_kad_post_content_style":"","_kad_post_vertical_padding":"","_kad_post_feature":"","_kad_post_feature_position":"","_kad_post_header":false,"_kad_post_footer":false,"footnotes":""},"class_list":["post-665","page","type-page","status-publish","hentry"],"_links":{"self":[{"href":"https:\/\/janusai.pro\/tr\/wp-json\/wp\/v2\/pages\/665","targetHints":{"allow":["GET"]}}],"collection":[{"href":"https:\/\/janusai.pro\/tr\/wp-json\/wp\/v2\/pages"}],"about":[{"href":"https:\/\/janusai.pro\/tr\/wp-json\/wp\/v2\/types\/page"}],"author":[{"embeddable":true,"href":"https:\/\/janusai.pro\/tr\/wp-json\/wp\/v2\/users\/1"}],"replies":[{"embeddable":true,"href":"https:\/\/janusai.pro\/tr\/wp-json\/wp\/v2\/comments?post=665"}],"version-history":[{"count":10,"href":"https:\/\/janusai.pro\/tr\/wp-json\/wp\/v2\/pages\/665\/revisions"}],"predecessor-version":[{"id":825,"href":"https:\/\/janusai.pro\/tr\/wp-json\/wp\/v2\/pages\/665\/revisions\/825"}],"wp:attachment":[{"href":"https:\/\/janusai.pro\/tr\/wp-json\/wp\/v2\/media?parent=665"}],"curies":[{"name":"wp","href":"https:\/\/api.w.org\/{rel}","templated":true}]}}