{"id":774,"date":"2025-01-31T05:07:51","date_gmt":"2025-01-31T05:07:51","guid":{"rendered":"https:\/\/janusai.pro\/?page_id=774"},"modified":"2025-01-31T05:09:56","modified_gmt":"2025-01-31T05:09:56","slug":"deepseek-r1-chat-freenologin","status":"publish","type":"page","link":"https:\/\/janusai.pro\/tr\/deepseek-r1-chat-freenologin\/","title":{"rendered":"Deepseek R1 sohbet \u00dccretsiz|Nologin"},"content":{"rendered":"<style>.kb-row-layout-id774_9f18a4-48 > .kt-row-column-wrap{align-content:start;}:where(.kb-row-layout-id774_9f18a4-48 > .kt-row-column-wrap) > .wp-block-kadence-column{justify-content:start;}.kb-row-layout-id774_9f18a4-48 > .kt-row-column-wrap{column-gap:var(--global-kb-gap-md, 2rem);row-gap:var(--global-kb-gap-md, 2rem);max-width:1080px;margin-left:auto;margin-right:auto;padding-top:var(--global-kb-spacing-sm, 1.5rem);padding-bottom:var(--global-kb-spacing-sm, 1.5rem);grid-template-columns:minmax(0, 1fr);}.kb-row-layout-id774_9f18a4-48 > .kt-row-layout-overlay{opacity:0.30;}@media all and (max-width: 1024px){.kb-row-layout-id774_9f18a4-48 > .kt-row-column-wrap{grid-template-columns:minmax(0, 1fr);}}@media all and (max-width: 767px){.kb-row-layout-id774_9f18a4-48 > .kt-row-column-wrap{grid-template-columns:minmax(0, 1fr);}}<\/style><div class=\"kb-row-layout-wrap kb-row-layout-id774_9f18a4-48 alignnone wp-block-kadence-rowlayout\"><div class=\"kt-row-column-wrap kt-has-1-columns kt-row-layout-equal kt-tab-layout-inherit kt-mobile-layout-row kt-row-valign-top\">\n<style>.kadence-column774_8ac99d-ae > .kt-inside-inner-col,.kadence-column774_8ac99d-ae > .kt-inside-inner-col:before{border-top-left-radius:0px;border-top-right-radius:0px;border-bottom-right-radius:0px;border-bottom-left-radius:0px;}.kadence-column774_8ac99d-ae > .kt-inside-inner-col{column-gap:var(--global-kb-gap-sm, 1rem);}.kadence-column774_8ac99d-ae > .kt-inside-inner-col{flex-direction:column;}.kadence-column774_8ac99d-ae > .kt-inside-inner-col > .aligncenter{width:100%;}.kadence-column774_8ac99d-ae > .kt-inside-inner-col:before{opacity:0.3;}.kadence-column774_8ac99d-ae{position:relative;}@media all and (max-width: 1024px){.kadence-column774_8ac99d-ae > .kt-inside-inner-col{flex-direction:column;justify-content:center;}}@media all and (max-width: 767px){.kadence-column774_8ac99d-ae > .kt-inside-inner-col{flex-direction:column;justify-content:center;}}<\/style>\n<div class=\"wp-block-kadence-column kadence-column774_8ac99d-ae\"><div class=\"kt-inside-inner-col\">\n<h2 class=\"wp-block-heading\">Deepseek R1 nedir\uff1f<\/h2>\n\n\n\n<p><strong>DeepSeek-R1<\/strong>&nbsp;\u00c7inli yapay zeka giri\u015fimi DeepSeek taraf\u0131ndan geli\u015ftirilen a\u00e7\u0131k kaynakl\u0131 bir dil modelidir. Yarat\u0131c\u0131 yazma, genel soru yan\u0131tlama, d\u00fczenleme ve \u00f6zetleme dahil olmak \u00fczere \u00e7ok \u00e7e\u015fitli metin tabanl\u0131 g\u00f6revleri yerine getirmek \u00fczere tasarlanm\u0131\u015ft\u0131r. Model \u00f6zellikle kod olu\u015fturma ve hata ay\u0131klama, matematiksel hesaplamalar yapma ve karma\u015f\u0131k bilimsel kavramlar\u0131 a\u00e7\u0131klama gibi muhakeme yo\u011fun g\u00f6revlerde ustad\u0131r<\/p>\n<\/div><\/div>\n\n<\/div><\/div>\n\n<style>.kb-row-layout-id774_e4cb27-c4 > .kt-row-column-wrap{align-content:start;}:where(.kb-row-layout-id774_e4cb27-c4 > .kt-row-column-wrap) > .wp-block-kadence-column{justify-content:start;}.kb-row-layout-id774_e4cb27-c4 > .kt-row-column-wrap{column-gap:var(--global-kb-gap-md, 2rem);row-gap:var(--global-kb-gap-md, 2rem);max-width:1080px;margin-left:auto;margin-right:auto;padding-top:var(--global-kb-spacing-sm, 1.5rem);padding-bottom:var(--global-kb-spacing-sm, 1.5rem);grid-template-columns:minmax(0, 1fr);}.kb-row-layout-id774_e4cb27-c4 > .kt-row-layout-overlay{opacity:0.30;}@media all and (max-width: 1024px){.kb-row-layout-id774_e4cb27-c4 > .kt-row-column-wrap{grid-template-columns:minmax(0, 1fr);}}@media all and (max-width: 767px){.kb-row-layout-id774_e4cb27-c4 > .kt-row-column-wrap{grid-template-columns:minmax(0, 1fr);}}<\/style><div class=\"kb-row-layout-wrap kb-row-layout-id774_e4cb27-c4 alignnone wp-block-kadence-rowlayout\"><div class=\"kt-row-column-wrap kt-has-1-columns kt-row-layout-equal kt-tab-layout-inherit kt-mobile-layout-row kt-row-valign-top\">\n<style>.kadence-column774_d74bd5-de > .kt-inside-inner-col{display:flex;}.kadence-column774_d74bd5-de > .kt-inside-inner-col,.kadence-column774_d74bd5-de > .kt-inside-inner-col:before{border-top-left-radius:0px;border-top-right-radius:0px;border-bottom-right-radius:0px;border-bottom-left-radius:0px;}.kadence-column774_d74bd5-de > .kt-inside-inner-col{column-gap:var(--global-kb-gap-sm, 1rem);}.kadence-column774_d74bd5-de > .kt-inside-inner-col{flex-direction:column;align-items:stretch;}.kadence-column774_d74bd5-de > .kt-inside-inner-col > .kb-image-is-ratio-size{align-self:stretch;}.kadence-column774_d74bd5-de > .kt-inside-inner-col > .wp-block-kadence-advancedgallery{align-self:stretch;}.kadence-column774_d74bd5-de > .kt-inside-inner-col > .aligncenter{width:100%;}.kadence-column774_d74bd5-de > .kt-inside-inner-col:before{opacity:0.3;}.kadence-column774_d74bd5-de{position:relative;}@media all and (max-width: 1024px){.kadence-column774_d74bd5-de > .kt-inside-inner-col{flex-direction:column;justify-content:center;align-items:stretch;}}@media all and (max-width: 767px){.kadence-column774_d74bd5-de > .kt-inside-inner-col{flex-direction:column;justify-content:center;align-items:stretch;}}<\/style>\n<div class=\"wp-block-kadence-column kadence-column774_d74bd5-de\"><div class=\"kt-inside-inner-col\"><style>.kadence-column774_016e62-c2 > .kt-inside-inner-col{display:flex;}.kadence-column774_016e62-c2 > .kt-inside-inner-col,.kadence-column774_016e62-c2 > .kt-inside-inner-col:before{border-top-left-radius:0px;border-top-right-radius:0px;border-bottom-right-radius:0px;border-bottom-left-radius:0px;}.kadence-column774_016e62-c2 > .kt-inside-inner-col{column-gap:var(--global-kb-gap-sm, 1rem);}.kadence-column774_016e62-c2 > .kt-inside-inner-col{flex-direction:column;align-items:stretch;}.kadence-column774_016e62-c2 > .kt-inside-inner-col > .kb-image-is-ratio-size{align-self:stretch;}.kadence-column774_016e62-c2 > .kt-inside-inner-col > .wp-block-kadence-advancedgallery{align-self:stretch;}.kadence-column774_016e62-c2 > .kt-inside-inner-col > .aligncenter{width:100%;}.kadence-column774_016e62-c2 > .kt-inside-inner-col:before{opacity:0.3;}.kadence-column774_016e62-c2{position:relative;}@media all and (max-width: 1024px){.kadence-column774_016e62-c2 > .kt-inside-inner-col{flex-direction:column;justify-content:center;align-items:stretch;}}@media all and (max-width: 767px){.kadence-column774_016e62-c2 > .kt-inside-inner-col{flex-direction:column;justify-content:center;align-items:stretch;}}<\/style>\n<div class=\"wp-block-kadence-column kadence-column774_016e62-c2\"><div class=\"kt-inside-inner-col\">\n<iframe\n\tsrc=\"https:\/\/llmhacker-deepseek-ai-deepseek-r1-distill-qwen-1-5b-v2.hf.space\"\n\tframeborder=\"0\"\n\twidth=\"90%\"\n\theight=\"650\"\n><\/iframe>\n<\/div><\/div>\n<\/div><\/div>\n\n<\/div><\/div>\n\n<style>.kb-row-layout-id774_73ac37-6e > .kt-row-column-wrap{align-content:start;}:where(.kb-row-layout-id774_73ac37-6e > .kt-row-column-wrap) > .wp-block-kadence-column{justify-content:start;}.kb-row-layout-id774_73ac37-6e > .kt-row-column-wrap{column-gap:var(--global-kb-gap-md, 2rem);row-gap:var(--global-kb-gap-md, 2rem);max-width:1080px;margin-left:auto;margin-right:auto;padding-top:var(--global-kb-spacing-sm, 1.5rem);padding-bottom:var(--global-kb-spacing-sm, 1.5rem);grid-template-columns:minmax(0, 1fr);}.kb-row-layout-id774_73ac37-6e > .kt-row-layout-overlay{opacity:0.30;}@media all and (max-width: 1024px){.kb-row-layout-id774_73ac37-6e > .kt-row-column-wrap{grid-template-columns:minmax(0, 1fr);}}@media all and (max-width: 767px){.kb-row-layout-id774_73ac37-6e > .kt-row-column-wrap{grid-template-columns:minmax(0, 1fr);}}<\/style><div class=\"kb-row-layout-wrap kb-row-layout-id774_73ac37-6e alignnone wp-block-kadence-rowlayout\"><div class=\"kt-row-column-wrap kt-has-1-columns kt-row-layout-equal kt-tab-layout-inherit kt-mobile-layout-row kt-row-valign-top\">\n<style>.kadence-column774_0fd989-3d > .kt-inside-inner-col,.kadence-column774_0fd989-3d > .kt-inside-inner-col:before{border-top-left-radius:0px;border-top-right-radius:0px;border-bottom-right-radius:0px;border-bottom-left-radius:0px;}.kadence-column774_0fd989-3d > .kt-inside-inner-col{column-gap:var(--global-kb-gap-sm, 1rem);}.kadence-column774_0fd989-3d > .kt-inside-inner-col{flex-direction:column;}.kadence-column774_0fd989-3d > .kt-inside-inner-col > .aligncenter{width:100%;}.kadence-column774_0fd989-3d > .kt-inside-inner-col:before{opacity:0.3;}.kadence-column774_0fd989-3d{position:relative;}@media all and (max-width: 1024px){.kadence-column774_0fd989-3d > .kt-inside-inner-col{flex-direction:column;justify-content:center;}}@media all and (max-width: 767px){.kadence-column774_0fd989-3d > .kt-inside-inner-col{flex-direction:column;justify-content:center;}}<\/style>\n<div class=\"wp-block-kadence-column kadence-column774_0fd989-3d\"><div class=\"kt-inside-inner-col\">\n<h2 class=\"wp-block-heading\">Deepseek R1'in ana \u00f6zelli\u011fi nedir?<\/h2>\n\n\n\n<ul class=\"wp-block-list\">\n<li><strong>Diyalo\u011fa Dayal\u0131 Zeka<\/strong>: DeepSeek R1, makine \u00f6\u011frenimi ve do\u011fal dil i\u015fleme (NLP) ile desteklenerek ChatGPT gibi di\u011fer AI sohbet robotlar\u0131na benzer \u015fekilde insan dili komutlar\u0131n\u0131 anlamas\u0131n\u0131 ve bunlara yan\u0131t vermesini sa\u011flar.<\/li>\n\n\n\n<li><strong>Matematik, Mant\u0131k ve Problem \u00c7\u00f6zme Becerileri<\/strong>: Karma\u015f\u0131k mant\u0131ksal ak\u0131l y\u00fcr\u00fctme g\u00f6revleri i\u00e7in \u00f6zel olarak e\u011fitilmi\u015ftir, bu da onu hukuk teknolojisi, veri analizi ve finansal dan\u0131\u015fmanl\u0131k hizmetleri gibi sekt\u00f6rler i\u00e7in ideal k\u0131lar.<\/li>\n\n\n\n<li><strong>A\u00e7\u0131k Kaynak Kullan\u0131labilirli\u011fi<\/strong>: A\u00e7\u0131k kaynak olmas\u0131, geli\u015ftiricilerin modeli belirli uygulamalar i\u00e7in \u00f6zelle\u015ftirmesine olanak tan\u0131yarak \u015feffafl\u0131\u011f\u0131 art\u0131r\u0131r ve topluluk odakl\u0131 iyile\u015ftirmeleri te\u015fvik eder.<\/li>\n\n\n\n<li><strong>Karma\u015f\u0131k G\u00f6revler i\u00e7in Y\u00fcksek Do\u011fruluk<\/strong>: DeepSeek R1, OpenAI'nin o-1'i gibi tescilli modellerle kar\u015f\u0131la\u015ft\u0131r\u0131labilir, karma\u015f\u0131k problemleri \u00e7\u00f6zmede y\u00fcksek do\u011fruluk sunar.<\/li>\n\n\n\n<li><strong>Multimodal Yetenekler<\/strong>: Metni ve potansiyel olarak g\u00f6r\u00fcnt\u00fcleri ve sesi i\u015fleyebilir, bu da onu \u00e7e\u015fitli uygulamalar i\u00e7in uygun hale getirir.<\/li>\n\n\n\n<li><strong>Verimlilik ve Performans<\/strong>: Model, hesaplama maliyetlerinde \u00f6nemli art\u0131\u015flar olmadan y\u00fcksek verimlilik ve \u00f6l\u00e7eklenebilirlik sa\u011flayan bir Uzmanlar Kar\u0131\u015f\u0131m\u0131 (MoE) \u00e7er\u00e7evesi kullanmaktad\u0131r.<\/li>\n\n\n\n<li><strong>\u00d6zelle\u015ftirme ve \u0130nce Ayar<\/strong>: Geli\u015ftiriciler DeepSeek R1'i \u00f6zel ihtiya\u00e7lara g\u00f6re uyarlayabilir ve \u00e7e\u015fitli projelere sorunsuz bir \u015fekilde entegre edebilirler.<\/li>\n\n\n\n<li><strong>Maliyet Verimlili\u011fi<\/strong>: Operasyonel maliyetler di\u011fer modellere k\u0131yasla \u00f6nemli \u00f6l\u00e7\u00fcde d\u00fc\u015f\u00fckt\u00fcr, bu da onu yeni ba\u015flayanlar ve akademik laboratuvarlar i\u00e7in daha eri\u015filebilir hale getirir<\/li>\n<\/ul>\n\n\n\n<h2 class=\"wp-block-heading\">Deepseek r1'in Kullan\u0131m Alanlar\u0131<\/h2>\n\n\n\n<p>DeepSeek R1, geli\u015fmi\u015f muhakeme yetenekleri ve a\u00e7\u0131k kaynak yap\u0131s\u0131 sayesinde \u00e7e\u015fitli sekt\u00f6rlerde geni\u015f bir kullan\u0131m alan\u0131 sunmaktad\u0131r. DeepSeek R1 i\u00e7in baz\u0131 temel kullan\u0131m \u00f6rnekleri a\u015fa\u011f\u0131da verilmi\u015ftir:<\/p>\n\n\n\n<meta charset=\"UTF-8\">\n    <meta name=\"viewport\" content=\"width=device-width, initial-scale=1.0\">\n    <title>DeepSeek R1 Kullan\u0131m \u00d6rnekleri<\/title>\n    <style>\n        * {\n            box-sizing: border-box;\n            margin: 0;\n            padding: 0;\n        }\n        \n        body {\n            font-family: Arial, sans-serif;\n            line-height: 1.6;\n            padding: 2rem;\n            background-color: #f5f5f5;\n        }\n        \n        .container {\n            max-width: 1200px;\n            margin: 0 auto;\n        }\n        \n        h1 {\n            text-align: center;\n            margin-bottom: 2rem;\n            color: #333;\n        }\n        \n        .grid-container {\n            display: grid;\n            grid-template-columns: repeat(auto-fit, minmax(300px, 1fr));\n            gap: 1.5rem;\n        }\n        \n        .card {\n            background: white;\n            border-radius: 8px;\n            padding: 1.5rem;\n            box-shadow: 0 2px 4px rgba(0,0,0,0.1);\n        }\n        \n        .card h2 {\n            color: #2c5282;\n            margin-bottom: 1rem;\n            font-size: 1.25rem;\n        }\n        \n        .card ul {\n            list-style-position: inside;\n            padding-left: 0.5rem;\n        }\n        \n        .card li {\n            margin-bottom: 0.5rem;\n            color: #4a5568;\n        }\n    <\/style>\n\n\n    <div class=\"container\">\n        <h1>DeepSeek R1 Kullan\u0131m \u00d6rnekleri<\/h1>\n        <div class=\"grid-container\">\n            <div class=\"card\">\n                <h2>\u0130\u00e7erik \u00dcretimi ve Pazarlama<\/h2>\n                <ul>\n                    <li>Yapay Zeka Destekli Blog Yaz\u0131lar\u0131: Y\u00fcksek kaliteli yaz\u0131l\u0131 i\u00e7erik \u00fcretir<\/li>\n                    <li>Reklam Metni Olu\u015fturma: Etkileyici reklam metni olu\u015fturma<\/li>\n                    <li>Sosyal Medya \u0130\u00e7eri\u011fi: \u0130lgi \u00e7ekici sosyal medya payla\u015f\u0131mlar\u0131 \u00fcretir<\/li>\n                    <li>SEO Optimizasyonu: \u0130\u00e7eri\u011fin anahtar kelimelere g\u00f6re yap\u0131land\u0131r\u0131lmas\u0131na yard\u0131mc\u0131 olur<\/li>\n                <\/ul>\n            <\/div>\n            \n            <div class=\"card\">\n                <h2>M\u00fc\u015fteri Deste\u011fi ve Yapay Zeka Chatbotlar\u0131<\/h2>\n                <ul>\n                    <li>Otomatik Yan\u0131tlar: M\u00fc\u015fteri destek verimlili\u011fini art\u0131r\u0131r<\/li>\n                    <li>Ki\u015fiselle\u015ftirilmi\u015f Etkile\u015fimler: Daha ki\u015fiselle\u015ftirilmi\u015f ve do\u011fru yan\u0131tlar sunar<\/li>\n                <\/ul>\n            <\/div>\n            \n            <div class=\"card\">\n                <h2>Yaz\u0131l\u0131m Geli\u015ftirme ve Kod \u00dcretimi<\/h2>\n                <ul>\n                    <li>Kod \u0130yile\u015ftirmeleri: Kod iyile\u015ftirmelerinin \u00f6nerilmesine yard\u0131mc\u0131 olur<\/li>\n                    <li>Hata Ay\u0131klama Yard\u0131m\u0131: Hata ay\u0131klama yard\u0131m\u0131 sa\u011flar<\/li>\n                    <li>Otomatik Dok\u00fcmantasyon: Teknik a\u00e7\u0131klamalar olu\u015fturur<\/li>\n                <\/ul>\n            <\/div>\n            \n            <div class=\"card\">\n                <h2>Sa\u011fl\u0131k Hizmetleri ve T\u0131bbi Ara\u015ft\u0131rma<\/h2>\n                <ul>\n                    <li>T\u0131bbi Veri Analizi: T\u0131bbi verilerin analiz edilmesine yard\u0131mc\u0131 olur<\/li>\n                    <li>Ara\u015ft\u0131rma Makalesi \u0130ncelemesi: Ara\u015ft\u0131rma makalelerini inceler<\/li>\n                    <li>Yapay Zeka G\u00fcd\u00fcml\u00fc Te\u015fhis: Te\u015fhis ve tedavi \u00f6nerileri sa\u011flar<\/li>\n                <\/ul>\n            <\/div>\n            \n            <div class=\"card\">\n                <h2>Finans ve Veri Analizi<\/h2>\n                <ul>\n                    <li>Tahmine Dayal\u0131 Analitik: Yat\u0131r\u0131mlar i\u00e7in tahmine dayal\u0131 analitik sunar<\/li>\n                    <li>Risk De\u011ferlendirmesi: Risk de\u011ferlendirmesi ve doland\u0131r\u0131c\u0131l\u0131k tespitine katk\u0131da bulunur<\/li>\n                <\/ul>\n            <\/div>\n            \n            <div class=\"card\">\n                <h2>E\u011fitim &amp; \u00d6zel Ders<\/h2>\n                <ul>\n                    <li>Matematik ve Fen Bilimleri: Karma\u015f\u0131k matematik problemlerini \u00e7\u00f6zer<\/li>\n                    <li>Ki\u015fiselle\u015ftirilmi\u015f \u00d6\u011frenme: Dijital bir \u00f6\u011fretmen gibi davran\u0131r<\/li>\n                <\/ul>\n            <\/div>\n            \n            <div class=\"card\">\n                <h2>Oyun ve E\u011flence<\/h2>\n                <ul>\n                    <li>Oyun Geli\u015ftirme: Farkl\u0131 dillerde oyun geli\u015ftirmek i\u00e7in kullan\u0131labilir<\/li>\n                <\/ul>\n            <\/div>\n        <\/div>\n    <\/div>\n\n\n\n<p>DeepSeek R1'in \u00e7ok y\u00f6nl\u00fcl\u00fc\u011f\u00fc ve maliyet etkinli\u011fi, onu bu \u00e7e\u015fitli uygulamalarda de\u011ferli bir ara\u00e7 haline getirmekte ve OpenAI'nin GPT-4o[2][6] gibi tescilli modellere rekabet\u00e7i bir alternatif sunmaktad\u0131r.<\/p>\n\n\n\n<p>Al\u0131nt\u0131lar:<br>[1] https:\/\/fastbots.ai\/blog\/deepseek-r1-explained-features-benefits-and-use-cases<br>[2] https:\/\/fireworks.ai\/blog\/deepseek-r1-deepdive<br>[3] https:\/\/www.vellum.ai\/blog\/the-training-of-deepseek-r1-and-ways-to-use-it<br>[4] https:\/\/builtin.com\/sites\/www.builtin.com\/files\/2025-01\/what-is-deepseek-r1.jpg?sa=X&amp;ved=2ahUKEwizxtnXl5-LAxUapZUCHcbYMNoQ_B16BAgBEAI<br>[5] https:\/\/www.youtube.com\/watch?v=i9kTrcf-gDQ<br>[6] https:\/\/www.datacamp.com\/blog\/deepseek-r1<br>[7] https:\/\/arstechnica.com\/ai\/2025\/01\/how-does-deepseek-r1-really-fare-against-openais-best-reasoning-models\/<br>[8] https:\/\/zapier.com\/blog\/what-is-deepseek\/<\/p>\n\n\n\n<hr class=\"wp-block-separator has-alpha-channel-opacity\"\/>\n\n\n\n<p><\/p>\n<\/div><\/div>\n\n<\/div><\/div>","protected":false},"excerpt":{"rendered":"<p>Deepseek R1 nedir\uff1f DeepSeek-R1, \u00c7inli yapay zeka giri\u015fimi DeepSeek taraf\u0131ndan geli\u015ftirilen a\u00e7\u0131k kaynakl\u0131 bir dil modelidir. Yarat\u0131c\u0131 yazma, genel soru yan\u0131tlama, d\u00fczenleme ve \u00f6zetleme dahil olmak \u00fczere \u00e7ok \u00e7e\u015fitli metin tabanl\u0131 g\u00f6revleri ger\u00e7ekle\u015ftirmek i\u00e7in tasarlanm\u0131\u015ft\u0131r. Model \u00f6zellikle kod olu\u015fturma ve hata ay\u0131klama, matematiksel hesaplamalar yapma ve karma\u015f\u0131k bilimsel kavramlar\u0131 a\u00e7\u0131klama gibi ak\u0131l y\u00fcr\u00fctme yo\u011fun g\u00f6revlerde ustad\u0131r. Deepseek R1'in ana \u00f6zelli\u011fi nedir?<\/p>","protected":false},"author":1,"featured_media":0,"parent":0,"menu_order":0,"comment_status":"closed","ping_status":"closed","template":"","meta":{"_kadence_starter_templates_imported_post":false,"_kad_post_transparent":"","_kad_post_title":"","_kad_post_layout":"","_kad_post_sidebar_id":"","_kad_post_content_style":"","_kad_post_vertical_padding":"","_kad_post_feature":"","_kad_post_feature_position":"","_kad_post_header":false,"_kad_post_footer":false,"footnotes":""},"class_list":["post-774","page","type-page","status-publish","hentry"],"_links":{"self":[{"href":"https:\/\/janusai.pro\/tr\/wp-json\/wp\/v2\/pages\/774","targetHints":{"allow":["GET"]}}],"collection":[{"href":"https:\/\/janusai.pro\/tr\/wp-json\/wp\/v2\/pages"}],"about":[{"href":"https:\/\/janusai.pro\/tr\/wp-json\/wp\/v2\/types\/page"}],"author":[{"embeddable":true,"href":"https:\/\/janusai.pro\/tr\/wp-json\/wp\/v2\/users\/1"}],"replies":[{"embeddable":true,"href":"https:\/\/janusai.pro\/tr\/wp-json\/wp\/v2\/comments?post=774"}],"version-history":[{"count":2,"href":"https:\/\/janusai.pro\/tr\/wp-json\/wp\/v2\/pages\/774\/revisions"}],"predecessor-version":[{"id":777,"href":"https:\/\/janusai.pro\/tr\/wp-json\/wp\/v2\/pages\/774\/revisions\/777"}],"wp:attachment":[{"href":"https:\/\/janusai.pro\/tr\/wp-json\/wp\/v2\/media?parent=774"}],"curies":[{"name":"wp","href":"https:\/\/api.w.org\/{rel}","templated":true}]}}