{"id":813,"date":"2025-02-01T03:48:57","date_gmt":"2025-02-01T03:48:57","guid":{"rendered":"https:\/\/janusai.pro\/?page_id=813"},"modified":"2025-02-01T03:49:32","modified_gmt":"2025-02-01T03:49:32","slug":"813-2","status":"publish","type":"page","link":"https:\/\/janusai.pro\/tr\/813-2\/","title":{"rendered":"Sorumluluk Reddi"},"content":{"rendered":"<h1 class=\"wp-block-heading\">Sorumluluk Reddi<\/h1>\n\n\n\n<p>Janusai.pro taraf\u0131ndan 1 \u015eubat 2025<\/p>\n\n\n\n<p>Daha fazla bilgiye ihtiyac\u0131n\u0131z varsa veya sitemizin sorumluluk reddi ile ilgili herhangi bir sorunuz varsa, l\u00fctfen wd.gstar@gmail.com adresine e-posta g\u00f6ndererek bizimle ileti\u015fime ge\u00e7mekten \u00e7ekinmeyin.<\/p>\n\n\n\n<h2 class=\"wp-block-heading\">Raads-r testi i\u00e7in sorumluluk reddi beyanlar\u0131<\/h2>\n\n\n\n<p>Bu web sitesindeki -janusai.pro - t\u00fcm bilgiler iyi niyetle ve yaln\u0131zca genel bilgi ama\u00e7l\u0131 olarak yay\u0131nlanmaktad\u0131r. raads-r test, bu bilgilerin eksiksizli\u011fi, g\u00fcvenilirli\u011fi ve do\u011frulu\u011fu hakk\u0131nda herhangi bir garanti vermez. Bu web sitesinde (raads-r test) buldu\u011funuz bilgilere dayanarak yapt\u0131\u011f\u0131n\u0131z herhangi bir i\u015flemin riski kesinlikle size aittir. raads-r test, web sitemizin kullan\u0131m\u0131yla ba\u011flant\u0131l\u0131 olarak herhangi bir kay\u0131p ve \/ veya zarardan sorumlu olmayacakt\u0131r. Feragatnamemiz, bu web sitesinin\u00a0<a href=\"https:\/\/www.privacypolicyonline.com\/disclaimer-generator\/\" target=\"_blank\" rel=\"noreferrer noopener\">Sorumluluk Reddi Jenerat\u00f6r\u00fc<\/a>.<\/p>\n\n\n\n<p>Web sitemizden, bu t\u00fcr harici sitelere giden k\u00f6pr\u00fcleri takip ederek di\u011fer web sitelerini ziyaret edebilirsiniz. Yararl\u0131 ve etik web sitelerine yaln\u0131zca kaliteli ba\u011flant\u0131lar sa\u011flamaya \u00e7al\u0131\u015fsak da, bu sitelerin i\u00e7eri\u011fi ve yap\u0131s\u0131 \u00fczerinde hi\u00e7bir kontrol\u00fcm\u00fcz yoktur. Di\u011fer web sitelerine verilen bu ba\u011flant\u0131lar, bu sitelerde bulunan t\u00fcm i\u00e7erik i\u00e7in bir tavsiye anlam\u0131na gelmez. Site sahipleri ve i\u00e7erikleri \u00f6nceden haber verilmeksizin de\u011fi\u015febilir ve bu durum bizim 'k\u00f6t\u00fc' olabilecek bir ba\u011flant\u0131y\u0131 kald\u0131rma f\u0131rsat\u0131m\u0131z olmadan \u00f6nce ger\u00e7ekle\u015febilir.<\/p>\n\n\n\n<p>Web sitemizden ayr\u0131ld\u0131\u011f\u0131n\u0131zda, di\u011fer sitelerin bizim kontrol\u00fcm\u00fcz d\u0131\u015f\u0131nda farkl\u0131 gizlilik politikalar\u0131 ve \u015fartlar\u0131 olabilece\u011fini de l\u00fctfen unutmay\u0131n. L\u00fctfen herhangi bir i\u015f yapmadan veya herhangi bir bilgi y\u00fcklemeden \u00f6nce bu sitelerin Gizlilik Politikalar\u0131n\u0131 ve \"Hizmet \u015eartlar\u0131n\u0131\" kontrol etti\u011finizden emin olun.<\/p>\n\n\n\n<h2 class=\"wp-block-heading\">R\u0131za<\/h2>\n\n\n\n<p>Web sitemizi kullanarak, feragatnamemizi onaylam\u0131\u015f ve \u015fartlar\u0131n\u0131 kabul etmi\u015f olursunuz.<\/p>\n\n\n\n<h2 class=\"wp-block-heading\">G\u00fcncelleme<\/h2>\n\n\n\n<p>Bu belgeyi g\u00fcncellememiz, de\u011fi\u015ftirmemiz veya bu belgede herhangi bir de\u011fi\u015fiklik yapmam\u0131z halinde, bu de\u011fi\u015fiklikler burada belirgin bir \u015fekilde yay\u0131nlanacakt\u0131r.<\/p>","protected":false},"excerpt":{"rendered":"<p>Yasal Uyar\u0131 janusai.pro taraf\u0131ndan 1 \u015eubat 2025 Sitemizin yasal uyar\u0131s\u0131 hakk\u0131nda daha fazla bilgiye ihtiyac\u0131n\u0131z varsa veya sorular\u0131n\u0131z varsa, l\u00fctfen wd.gstar@gmail.com adresinden bize e-posta g\u00f6ndermekten \u00e7ekinmeyin. raads-r test i\u00e7in yasal uyar\u0131lar Bu web sitesindeki t\u00fcm bilgiler \u2013janusai.pro\u2013 iyi niyetle ve yaln\u0131zca genel bilgilendirme amac\u0131yla yay\u0131nlanmaktad\u0131r. raads-r test\u2026<\/p>","protected":false},"author":1,"featured_media":0,"parent":0,"menu_order":0,"comment_status":"closed","ping_status":"closed","template":"","meta":{"_kadence_starter_templates_imported_post":false,"_kad_post_transparent":"","_kad_post_title":"","_kad_post_layout":"","_kad_post_sidebar_id":"","_kad_post_content_style":"","_kad_post_vertical_padding":"","_kad_post_feature":"","_kad_post_feature_position":"","_kad_post_header":false,"_kad_post_footer":false,"footnotes":""},"class_list":["post-813","page","type-page","status-publish","hentry"],"_links":{"self":[{"href":"https:\/\/janusai.pro\/tr\/wp-json\/wp\/v2\/pages\/813","targetHints":{"allow":["GET"]}}],"collection":[{"href":"https:\/\/janusai.pro\/tr\/wp-json\/wp\/v2\/pages"}],"about":[{"href":"https:\/\/janusai.pro\/tr\/wp-json\/wp\/v2\/types\/page"}],"author":[{"embeddable":true,"href":"https:\/\/janusai.pro\/tr\/wp-json\/wp\/v2\/users\/1"}],"replies":[{"embeddable":true,"href":"https:\/\/janusai.pro\/tr\/wp-json\/wp\/v2\/comments?post=813"}],"version-history":[{"count":3,"href":"https:\/\/janusai.pro\/tr\/wp-json\/wp\/v2\/pages\/813\/revisions"}],"predecessor-version":[{"id":817,"href":"https:\/\/janusai.pro\/tr\/wp-json\/wp\/v2\/pages\/813\/revisions\/817"}],"wp:attachment":[{"href":"https:\/\/janusai.pro\/tr\/wp-json\/wp\/v2\/media?parent=813"}],"curies":[{"name":"wp","href":"https:\/\/api.w.org\/{rel}","templated":true}]}}