{"id":842,"date":"2025-02-04T12:12:20","date_gmt":"2025-02-04T12:12:20","guid":{"rendered":"https:\/\/janusai.pro\/?page_id=842"},"modified":"2025-02-04T12:12:24","modified_gmt":"2025-02-04T12:12:24","slug":"janus-pro-1b-running-in-your-browser","status":"publish","type":"page","link":"https:\/\/janusai.pro\/tr\/janus-pro-1b-running-in-your-browser\/","title":{"rendered":"Janus Pro 1B Taray\u0131c\u0131n\u0131zda \u00c7al\u0131\u015f\u0131yor"},"content":{"rendered":"<p><mark style=\"background-color:rgba(0, 0, 0, 0)\" class=\"has-inline-color has-theme-palette-9-color\">Safari hen\u00fcz desteklenmiyor\u3002<\/mark><\/p>\n\n\n<style>.kb-row-layout-id842_d680fa-30 > .kt-row-column-wrap{align-content:start;}:where(.kb-row-layout-id842_d680fa-30 > .kt-row-column-wrap) > .wp-block-kadence-column{justify-content:start;}.kb-row-layout-id842_d680fa-30 > .kt-row-column-wrap{column-gap:var(--global-kb-gap-md, 2rem);row-gap:var(--global-kb-gap-md, 2rem);max-width:1080px;margin-left:auto;margin-right:auto;padding-top:var(--global-kb-spacing-sm, 1.5rem);padding-bottom:var(--global-kb-spacing-sm, 1.5rem);grid-template-columns:minmax(0, 1fr);}.kb-row-layout-id842_d680fa-30 > .kt-row-layout-overlay{opacity:0.30;}@media all and (max-width: 1024px){.kb-row-layout-id842_d680fa-30 > .kt-row-column-wrap{grid-template-columns:minmax(0, 1fr);}}@media all and (max-width: 767px){.kb-row-layout-id842_d680fa-30 > .kt-row-column-wrap{grid-template-columns:minmax(0, 1fr);}}<\/style><div class=\"kb-row-layout-wrap kb-row-layout-id842_d680fa-30 alignnone wp-block-kadence-rowlayout\"><div class=\"kt-row-column-wrap kt-has-1-columns kt-row-layout-equal kt-tab-layout-inherit kt-mobile-layout-row kt-row-valign-top\">\n<style>.kadence-column842_b238b3-a6 > .kt-inside-inner-col,.kadence-column842_b238b3-a6 > .kt-inside-inner-col:before{border-top-left-radius:0px;border-top-right-radius:0px;border-bottom-right-radius:0px;border-bottom-left-radius:0px;}.kadence-column842_b238b3-a6 > .kt-inside-inner-col{column-gap:var(--global-kb-gap-sm, 1rem);}.kadence-column842_b238b3-a6 > .kt-inside-inner-col{flex-direction:column;}.kadence-column842_b238b3-a6 > .kt-inside-inner-col > .aligncenter{width:100%;}.kadence-column842_b238b3-a6 > .kt-inside-inner-col:before{opacity:0.3;}.kadence-column842_b238b3-a6{position:relative;}@media all and (max-width: 1024px){.kadence-column842_b238b3-a6 > .kt-inside-inner-col{flex-direction:column;justify-content:center;}}@media all and (max-width: 767px){.kadence-column842_b238b3-a6 > .kt-inside-inner-col{flex-direction:column;justify-content:center;}}<\/style>\n<div class=\"wp-block-kadence-column kadence-column842_b238b3-a6\"><div class=\"kt-inside-inner-col\">\n<iframe\n\tsrc=\"https:\/\/llmhacker-janus-pro-webgpu.static.hf.space\"\n\tframeborder=\"0\"\n\twidth=\"1080px\"\n\theight=\"850\"\n><\/iframe>\n<\/div><\/div>\n\n<\/div><\/div>\n\n<style>.kb-row-layout-id842_5b506f-d0 > .kt-row-column-wrap{align-content:start;}:where(.kb-row-layout-id842_5b506f-d0 > .kt-row-column-wrap) > .wp-block-kadence-column{justify-content:start;}.kb-row-layout-id842_5b506f-d0 > .kt-row-column-wrap{column-gap:var(--global-kb-gap-md, 2rem);row-gap:var(--global-kb-gap-md, 2rem);max-width:1080px;margin-left:auto;margin-right:auto;padding-top:var(--global-kb-spacing-sm, 1.5rem);padding-bottom:var(--global-kb-spacing-sm, 1.5rem);grid-template-columns:minmax(0, 1fr);}.kb-row-layout-id842_5b506f-d0 > .kt-row-layout-overlay{opacity:0.30;}@media all and (max-width: 1024px){.kb-row-layout-id842_5b506f-d0 > .kt-row-column-wrap{grid-template-columns:minmax(0, 1fr);}}@media all and (max-width: 767px){.kb-row-layout-id842_5b506f-d0 > .kt-row-column-wrap{grid-template-columns:minmax(0, 1fr);}}<\/style><div class=\"kb-row-layout-wrap kb-row-layout-id842_5b506f-d0 alignnone wp-block-kadence-rowlayout\"><div class=\"kt-row-column-wrap kt-has-1-columns kt-row-layout-equal kt-tab-layout-inherit kt-mobile-layout-row kt-row-valign-top\">\n<style>.kadence-column842_3ece6d-66 > .kt-inside-inner-col,.kadence-column842_3ece6d-66 > .kt-inside-inner-col:before{border-top-left-radius:0px;border-top-right-radius:0px;border-bottom-right-radius:0px;border-bottom-left-radius:0px;}.kadence-column842_3ece6d-66 > .kt-inside-inner-col{column-gap:var(--global-kb-gap-sm, 1rem);}.kadence-column842_3ece6d-66 > .kt-inside-inner-col{flex-direction:column;}.kadence-column842_3ece6d-66 > .kt-inside-inner-col > .aligncenter{width:100%;}.kadence-column842_3ece6d-66 > .kt-inside-inner-col:before{opacity:0.3;}.kadence-column842_3ece6d-66{position:relative;}@media all and (max-width: 1024px){.kadence-column842_3ece6d-66 > .kt-inside-inner-col{flex-direction:column;justify-content:center;}}@media all and (max-width: 767px){.kadence-column842_3ece6d-66 > .kt-inside-inner-col{flex-direction:column;justify-content:center;}}<\/style>\n<div class=\"wp-block-kadence-column kadence-column842_3ece6d-66\"><div class=\"kt-inside-inner-col\"><style>.kadence-column842_4dc46a-6d > .kt-inside-inner-col,.kadence-column842_4dc46a-6d > .kt-inside-inner-col:before{border-top-left-radius:0px;border-top-right-radius:0px;border-bottom-right-radius:0px;border-bottom-left-radius:0px;}.kadence-column842_4dc46a-6d > .kt-inside-inner-col{column-gap:var(--global-kb-gap-sm, 1rem);}.kadence-column842_4dc46a-6d > .kt-inside-inner-col{flex-direction:column;}.kadence-column842_4dc46a-6d > .kt-inside-inner-col > .aligncenter{width:100%;}.kadence-column842_4dc46a-6d > .kt-inside-inner-col:before{opacity:0.3;}.kadence-column842_4dc46a-6d{position:relative;}@media all and (max-width: 1024px){.kadence-column842_4dc46a-6d > .kt-inside-inner-col{flex-direction:column;justify-content:center;}}@media all and (max-width: 767px){.kadence-column842_4dc46a-6d > .kt-inside-inner-col{flex-direction:column;justify-content:center;}}<\/style>\n<div class=\"wp-block-kadence-column kadence-column842_4dc46a-6d\"><div class=\"kt-inside-inner-col\">\n<p>Janus Pro WebGPU, taray\u0131c\u0131 i\u00e7i birle\u015fik multimodal anlama ve olu\u015fturma i\u00e7in tasarlanm\u0131\u015f son teknoloji bir uygulamad\u0131r. Hem metin hem de g\u00f6r\u00fcnt\u00fc girdilerini ve \u00e7\u0131kt\u0131lar\u0131n\u0131 i\u015flemek i\u00e7in geli\u015ftirilmi\u015f otoregresif bir \u00e7er\u00e7eve olan Janus-Pro-1B modelinden yararlanarak \u00e7e\u015fitli yapay zeka g\u00f6revleri i\u00e7in \u00e7ok y\u00f6nl\u00fc bir ara\u00e7 haline getirir.<\/p>\n\n\n\n<h2 class=\"wp-block-heading\">Janus Pro WebGPU'ya Genel Bak\u0131\u015f<\/h2>\n\n\n\n<ul class=\"wp-block-list\">\n<li><strong>\u00c7er\u00e7eve<\/strong>: Uygulama, React ve Vite kullan\u0131larak, model entegrasyonu i\u00e7in Transformers.js ve donan\u0131m h\u0131zland\u0131rma i\u00e7in WebGPU kullan\u0131larak olu\u015fturulmu\u015ftur.<\/li>\n\n\n\n<li><strong>Model Yetenekleri<\/strong>: Janus-Pro-1B, kullan\u0131c\u0131lar\u0131n g\u00f6r\u00fcnt\u00fc girmesine ve olu\u015fturulan g\u00f6r\u00fcnt\u00fcleri veya metin tabanl\u0131 yan\u0131tlar\u0131 almas\u0131na olanak tan\u0131yan \u00e7ok modlu g\u00f6revlerde m\u00fckemmeldir. Bu model \u00f6zellikle g\u00f6rsel girdileri yorumlama ve bunlara dayal\u0131 i\u00e7erik \u00fcretme becerisiyle dikkat \u00e7ekmekte ve hem g\u00f6rsel verileri anlama hem de \u00fcretme konusunda geli\u015fmi\u015f yetenekler sergilemektedir.<\/li>\n\n\n\n<li><strong>Performans<\/strong>: Model, Chrome gibi WebGPU'yu destekleyen web taray\u0131c\u0131lar\u0131nda verimli bir \u015fekilde \u00e7al\u0131\u015f\u0131r. Kullan\u0131c\u0131lar, geleneksel GPU kurulumlar\u0131na k\u0131yasla daha h\u0131zl\u0131 \u00e7\u0131kar\u0131m s\u00fcreleri de dahil olmak \u00fczere \u00f6nemli performans avantajlar\u0131 bildirmi\u015flerdir.<\/li>\n<\/ul>\n\n\n\n<h2 class=\"wp-block-heading\">Janus Pro WebGPU ile Ba\u015flarken<\/h2>\n\n\n\n<p>Janus Pro WebGPU uygulamas\u0131n\u0131 yerel olarak kurmak ve \u00e7al\u0131\u015ft\u0131rmak i\u00e7in a\u015fa\u011f\u0131daki ad\u0131mlar\u0131 izleyin:<\/p>\n\n\n\n<ol class=\"wp-block-list\">\n<li><strong>Depoyu Klonlama<\/strong>:bash<code>git clone https:\/\/github.com\/huggingface\/transformers.js-examples.git<\/code><\/li>\n\n\n\n<li><strong>Proje Dizinine gidin<\/strong>:bash<code>cd transformers.js-examples\/janus-webgpu<\/code><\/li>\n\n\n\n<li><strong>Ba\u011f\u0131ml\u0131l\u0131klar\u0131 Y\u00fckleyin<\/strong>:bash<code>npm kurulumu<\/code><\/li>\n\n\n\n<li><strong>Geli\u015ftirme Sunucusunu \u00c7al\u0131\u015ft\u0131rma<\/strong>:bash<code>npm run dev <\/code>Bu komutlar\u0131 \u00e7al\u0131\u015ft\u0131rd\u0131ktan sonra taray\u0131c\u0131n\u0131z\u0131 a\u00e7\u0131n ve \u015fu adrese gidin\u00a0<code>http:\/\/localhost:5173<\/code>\u00a0uygulama ile etkile\u015fim kurmak i\u00e7in<\/li>\n<\/ol>\n\n\n\n<h2 class=\"wp-block-heading\">Model \u00d6zellikleri<\/h2>\n\n\n\n<ul class=\"wp-block-list\">\n<li><strong>E\u011fitim<\/strong>: Janus-Pro-1B, hafif bir da\u011f\u0131t\u0131lm\u0131\u015f e\u011fitim \u00e7er\u00e7evesi kullan\u0131larak e\u011fitilmi\u015f ve \u00e7e\u015fitli k\u0131yaslamalarda rekabet\u00e7i performans elde etmi\u015ftir. Anlama ve \u00fcretme g\u00f6revleri i\u00e7in g\u00f6rsel kodlama yollar\u0131n\u0131 ay\u0131rarak hem kararl\u0131l\u0131\u011f\u0131 hem de performans\u0131 art\u0131ran benzersiz bir mimariye sahiptir<\/li>\n\n\n\n<li><strong>Girdi S\u0131n\u0131rlamalar\u0131<\/strong>: Model 384 \u00d7 384 piksele kadar g\u00f6r\u00fcnt\u00fc giri\u015flerini desteklemektedir, bu da optik karakter tan\u0131ma (OCR) gibi ayr\u0131nt\u0131l\u0131 g\u00f6revlerdeki performans\u0131n\u0131 etkileyebilir. Kullan\u0131c\u0131lar, olu\u015fturulan g\u00f6r\u00fcnt\u00fclerin anlamsal olarak zengin olmas\u0131na ra\u011fmen, bu \u00e7\u00f6z\u00fcn\u00fcrl\u00fck s\u0131n\u0131rlamas\u0131 nedeniyle ince ayr\u0131nt\u0131lardan yoksun olabilece\u011fini fark edebilir<\/li>\n\n\n\n<li><strong>A\u00e7\u0131k Kaynak<\/strong>: Janus Pro, geli\u015ftiricilerin etik kullan\u0131m y\u00f6nergelerine ba\u011fl\u0131 kalarak yeteneklerini \u00f6zg\u00fcrce ke\u015ffetmelerine olanak tan\u0131yan a\u00e7\u0131k kaynakl\u0131 bir lisans alt\u0131nda mevcuttur<\/li>\n<\/ul>\n<\/div><\/div>\n<\/div><\/div>\n\n<\/div><\/div>\n\n\n<p><\/p>","protected":false},"excerpt":{"rendered":"<p>Safari hen\u00fcz desteklenmiyor\u3002 Janus Pro WebGPU, taray\u0131c\u0131 i\u00e7i birle\u015fik \u00e7ok modlu anlay\u0131\u015f ve \u00fcretim i\u00e7in tasarlanm\u0131\u015f son teknoloji bir uygulamad\u0131r. Hem metin hem de g\u00f6r\u00fcnt\u00fc giri\u015f ve \u00e7\u0131k\u0131\u015flar\u0131n\u0131 i\u015flemek i\u00e7in geli\u015ftirilen bir otoregresif \u00e7er\u00e7eve olan Janus-Pro-1B modelinden yararlan\u0131r ve bu da onu \u00e7e\u015fitli AI g\u00f6revleri i\u00e7in \u00e7ok y\u00f6nl\u00fc bir ara\u00e7 haline getirir. Janus Pro WebGPU&#039;ya Genel Bak\u0131\u015f Ba\u015flarken\u2026<\/p>","protected":false},"author":1,"featured_media":0,"parent":0,"menu_order":0,"comment_status":"closed","ping_status":"closed","template":"","meta":{"_kadence_starter_templates_imported_post":false,"_kad_post_transparent":"","_kad_post_title":"","_kad_post_layout":"","_kad_post_sidebar_id":"","_kad_post_content_style":"","_kad_post_vertical_padding":"","_kad_post_feature":"","_kad_post_feature_position":"","_kad_post_header":false,"_kad_post_footer":false,"footnotes":""},"class_list":["post-842","page","type-page","status-publish","hentry"],"_links":{"self":[{"href":"https:\/\/janusai.pro\/tr\/wp-json\/wp\/v2\/pages\/842","targetHints":{"allow":["GET"]}}],"collection":[{"href":"https:\/\/janusai.pro\/tr\/wp-json\/wp\/v2\/pages"}],"about":[{"href":"https:\/\/janusai.pro\/tr\/wp-json\/wp\/v2\/types\/page"}],"author":[{"embeddable":true,"href":"https:\/\/janusai.pro\/tr\/wp-json\/wp\/v2\/users\/1"}],"replies":[{"embeddable":true,"href":"https:\/\/janusai.pro\/tr\/wp-json\/wp\/v2\/comments?post=842"}],"version-history":[{"count":1,"href":"https:\/\/janusai.pro\/tr\/wp-json\/wp\/v2\/pages\/842\/revisions"}],"predecessor-version":[{"id":844,"href":"https:\/\/janusai.pro\/tr\/wp-json\/wp\/v2\/pages\/842\/revisions\/844"}],"wp:attachment":[{"href":"https:\/\/janusai.pro\/tr\/wp-json\/wp\/v2\/media?parent=842"}],"curies":[{"name":"wp","href":"https:\/\/api.w.org\/{rel}","templated":true}]}}